{"id":3837,"date":"2020-10-27T12:50:51","date_gmt":"2020-10-27T15:50:51","guid":{"rendered":"http:\/\/www2.unifap.br\/nti\/?page_id=3837"},"modified":"2020-10-27T21:35:35","modified_gmt":"2020-10-28T00:35:35","slug":"duvidas-g-suite","status":"publish","type":"page","link":"https:\/\/www2.unifap.br\/nti\/duvidas-g-suite\/","title":{"rendered":"D\u00favidas G-Suite"},"content":{"rendered":"<p style=\"font-weight: 500;\"><strong style=\"font-weight: 800;\">Como acesso minha nova conta?<br \/>\n<\/strong>No endere\u00e7o:&nbsp;<a href=\"http:\/\/webmail.unifap.br\">http:\/\/webmail.unifap.br<\/a>&nbsp;<span style=\"font-weight: inherit !important;\">ou no site do&nbsp;<a href=\"https:\/\/gmail.com\/\">GMail<\/a><\/span>&nbsp;<\/p>\n<p style=\"font-weight: 500;\"><strong style=\"font-weight: 800;\">Quem tem direito ao G Suite?<br \/>\n<\/strong>As pessoas que possuem v\u00ednculo com a Unifap e t\u00eam autoriza\u00e7\u00e3o para utilizar o e-mail institucional.&nbsp;<\/p>\n<p style=\"font-weight: 500;\"><strong style=\"font-weight: 800;\">Porque tenho que usar o e-mail @unifap.br?<br \/>\n<\/strong>O e-mail @unifap.br \u00e9 sua conta institucional, todos os comunicados oficiais e sistemas utilizam este endere\u00e7o para comunica\u00e7\u00e3o com toda a comunidade da Unifap.&nbsp;<\/p>\n<p style=\"font-weight: 500;\"><strong style=\"font-weight: 800;\">Posso utilizar um cliente de e-mail para acesso ao meu novo e-mail institucional?<br \/>\n<\/strong>Sim, mas este uso n\u00e3o \u00e9 indicado. Recomendamos o uso do webmail, dispon\u00edvel em:&nbsp;<a href=\"http:\/\/email.unesp.br\/\">http:\/\/webemail.unifap.br.<br \/>\n<\/a><span style=\"font-weight: inherit !important;\">Mais informa\u00e7\u00f5es de configura\u00e7\u00e3o podem ser encontradas&nbsp;<\/span><a href=\"https:\/\/support.google.com\/a\/answer\/12103?hl=pt-BR\">neste tutorial<\/a><span style=\"font-weight: inherit !important;\">.<\/span><\/p>\n<p style=\"font-weight: 500;\"><strong style=\"font-weight: 800;\">J\u00e1 possuo uma conta @gmail.com. O que acontece depois dessa migra\u00e7\u00e3o?<br \/>\n<\/strong>Nada. As duas contas n\u00e3o est\u00e3o relacionadas.<\/p>\n<p style=\"font-weight: 500;\"><strong style=\"font-weight: 800;\">Posso acessar meu novo e-mail institucional no meu celular ou tablet?<br \/>\n<\/strong>Sim. Basta instalar o aplicativo do Gmail atrav\u00e9s do Google Play ou AppStore.<\/p>\n<p style=\"font-weight: 500;\"><strong style=\"font-weight: 800;\">As minhas mensagens est\u00e3o fora de ordem, como arrumar?<br \/>\n<\/strong>Por padr\u00e3o o Gmail agrupa as mensagens por assunto (conversa). Se quiser desativar esta fun\u00e7\u00e3o siga&nbsp;<a href=\"https:\/\/support.google.com\/mail\/answer\/5900?co=GENIE.Platform%3DDesktop&amp;hl=pt-BR\">esse tutorial<\/a>.&nbsp;<\/p>\n<p style=\"font-weight: 500;\"><strong style=\"font-weight: 800;\">Como fa\u00e7o para encontrar dicas e aprender a utilizar os aplicativos do G Suite for Education?<br \/>\n<\/strong>O Google disponibiliza um&nbsp;<a style=\"font-weight: inherit;\" href=\"https:\/\/gsuite.google.com.br\/intl\/pt-BR\/training\/\">Centro de Aprendizagem<\/a>&nbsp;on-line com boas dicas de uso dos Apps dispon\u00edveis. Acesse&nbsp;<a style=\"font-weight: inherit;\" href=\"https:\/\/gsuite.google.com.br\/intl\/pt-BR\/training\/\">este site<\/a><\/p>\n","protected":false},"excerpt":{"rendered":"<p>Como acesso minha nova conta? No endere\u00e7o:&nbsp;http:\/\/webmail.unifap.br&nbsp;ou no site do&nbsp;GMail&nbsp; Quem tem direito ao G Suite? As pessoas que possuem v\u00ednculo com a Unifap e t\u00eam autoriza\u00e7\u00e3o para utilizar o e-mail institucional.&nbsp; Porque tenho que usar o e-mail @unifap.br? O e-mail @unifap.br \u00e9 sua conta institucional, todos os comunicados oficiais e sistemas utilizam este endere\u00e7o&#8230;<\/p>\n","protected":false},"author":942,"featured_media":0,"parent":0,"menu_order":0,"comment_status":"closed","ping_status":"closed","template":"","meta":{"inline_featured_image":false,"ngg_post_thumbnail":0,"footnotes":""},"class_list":["post-3837","page","type-page","status-publish","hentry","entry"],"_links":{"self":[{"href":"https:\/\/www2.unifap.br\/nti\/wp-json\/wp\/v2\/pages\/3837","targetHints":{"allow":["GET"]}}],"collection":[{"href":"https:\/\/www2.unifap.br\/nti\/wp-json\/wp\/v2\/pages"}],"about":[{"href":"https:\/\/www2.unifap.br\/nti\/wp-json\/wp\/v2\/types\/page"}],"author":[{"embeddable":true,"href":"https:\/\/www2.unifap.br\/nti\/wp-json\/wp\/v2\/users\/942"}],"replies":[{"embeddable":true,"href":"https:\/\/www2.unifap.br\/nti\/wp-json\/wp\/v2\/comments?post=3837"}],"version-history":[{"count":3,"href":"https:\/\/www2.unifap.br\/nti\/wp-json\/wp\/v2\/pages\/3837\/revisions"}],"predecessor-version":[{"id":3853,"href":"https:\/\/www2.unifap.br\/nti\/wp-json\/wp\/v2\/pages\/3837\/revisions\/3853"}],"wp:attachment":[{"href":"https:\/\/www2.unifap.br\/nti\/wp-json\/wp\/v2\/media?parent=3837"}],"curies":[{"name":"wp","href":"https:\/\/api.w.org\/{rel}","templated":true}]}}