{"id":48,"date":"2011-11-16T11:06:39","date_gmt":"2011-11-16T14:06:39","guid":{"rendered":"http:\/\/www2.unifap.br\/dinfo\/?page_id=48"},"modified":"2014-04-29T17:35:28","modified_gmt":"2014-04-29T20:35:28","slug":"missao","status":"publish","type":"page","link":"https:\/\/www2.unifap.br\/nti\/nti\/missao\/","title":{"rendered":"Miss\u00e3o"},"content":{"rendered":"<blockquote><p><strong><em>&#8220;Identificar, desenvolver, implantar e gerenciar solu\u00e7\u00f5es que utilizem a tecnologia da informa\u00e7\u00e3o e comunica\u00e7\u00e3o como ferramenta para a UNIFAP desempenhar melhor suas atividades de ensino, pesquisa e extens\u00e3o&#8221;. <\/em><\/strong><\/p><\/blockquote>\n<p>&nbsp;<\/p>\n","protected":false},"excerpt":{"rendered":"<p>&#8220;Identificar, desenvolver, implantar e gerenciar solu\u00e7\u00f5es que utilizem a tecnologia da informa\u00e7\u00e3o e comunica\u00e7\u00e3o como ferramenta para a UNIFAP desempenhar melhor suas atividades de ensino, pesquisa e extens\u00e3o&#8221;. &nbsp;<\/p>\n","protected":false},"author":1,"featured_media":0,"parent":87,"menu_order":2,"comment_status":"closed","ping_status":"closed","template":"template-twocolumns-left.php","meta":{"inline_featured_image":false,"ngg_post_thumbnail":0,"footnotes":""},"class_list":["post-48","page","type-page","status-publish","hentry","entry"],"_links":{"self":[{"href":"https:\/\/www2.unifap.br\/nti\/wp-json\/wp\/v2\/pages\/48","targetHints":{"allow":["GET"]}}],"collection":[{"href":"https:\/\/www2.unifap.br\/nti\/wp-json\/wp\/v2\/pages"}],"about":[{"href":"https:\/\/www2.unifap.br\/nti\/wp-json\/wp\/v2\/types\/page"}],"author":[{"embeddable":true,"href":"https:\/\/www2.unifap.br\/nti\/wp-json\/wp\/v2\/users\/1"}],"replies":[{"embeddable":true,"href":"https:\/\/www2.unifap.br\/nti\/wp-json\/wp\/v2\/comments?post=48"}],"version-history":[{"count":7,"href":"https:\/\/www2.unifap.br\/nti\/wp-json\/wp\/v2\/pages\/48\/revisions"}],"predecessor-version":[{"id":713,"href":"https:\/\/www2.unifap.br\/nti\/wp-json\/wp\/v2\/pages\/48\/revisions\/713"}],"up":[{"embeddable":true,"href":"https:\/\/www2.unifap.br\/nti\/wp-json\/wp\/v2\/pages\/87"}],"wp:attachment":[{"href":"https:\/\/www2.unifap.br\/nti\/wp-json\/wp\/v2\/media?parent=48"}],"curies":[{"name":"wp","href":"https:\/\/api.w.org\/{rel}","templated":true}]}}