{"id":642,"date":"2013-09-10T16:47:35","date_gmt":"2013-09-10T19:47:35","guid":{"rendered":"http:\/\/www2.unifap.br\/nti\/?page_id=642"},"modified":"2014-11-10T19:41:25","modified_gmt":"2014-11-10T22:41:25","slug":"estatisticas","status":"publish","type":"page","link":"https:\/\/www2.unifap.br\/nti\/nti\/estatisticas\/","title":{"rendered":"Estat\u00edsticas"},"content":{"rendered":"<p><a href=\"http:\/\/www2.unifap.br\/nti\/nti\/estatisticas\/chamados-sigu\/\">CHAMADOS<\/a><\/p>\n<p><a href=\"http:\/\/www2.unifap.br\/nti\/nti\/estatisticas\/laboratorios\/\">LABORAT\u00d3RIOS DE INFORM\u00c1TICA DA UNIFAP<\/a><\/p>\n<p><a href=\"http:\/\/www2.unifap.br\/nti\/nti\/estatisticas\/aquisicao-de-equipamentos\/\">AQUISI\u00c7\u00c3O DE EQUIPAMENTOS<\/a><\/p>\n","protected":false},"excerpt":{"rendered":"<p>CHAMADOS LABORAT\u00d3RIOS DE INFORM\u00c1TICA DA UNIFAP AQUISI\u00c7\u00c3O DE EQUIPAMENTOS<\/p>\n","protected":false},"author":1,"featured_media":0,"parent":87,"menu_order":6,"comment_status":"closed","ping_status":"closed","template":"","meta":{"inline_featured_image":false,"ngg_post_thumbnail":0,"footnotes":""},"class_list":["post-642","page","type-page","status-publish","hentry","entry"],"_links":{"self":[{"href":"https:\/\/www2.unifap.br\/nti\/wp-json\/wp\/v2\/pages\/642","targetHints":{"allow":["GET"]}}],"collection":[{"href":"https:\/\/www2.unifap.br\/nti\/wp-json\/wp\/v2\/pages"}],"about":[{"href":"https:\/\/www2.unifap.br\/nti\/wp-json\/wp\/v2\/types\/page"}],"author":[{"embeddable":true,"href":"https:\/\/www2.unifap.br\/nti\/wp-json\/wp\/v2\/users\/1"}],"replies":[{"embeddable":true,"href":"https:\/\/www2.unifap.br\/nti\/wp-json\/wp\/v2\/comments?post=642"}],"version-history":[{"count":10,"href":"https:\/\/www2.unifap.br\/nti\/wp-json\/wp\/v2\/pages\/642\/revisions"}],"predecessor-version":[{"id":644,"href":"https:\/\/www2.unifap.br\/nti\/wp-json\/wp\/v2\/pages\/642\/revisions\/644"}],"up":[{"embeddable":true,"href":"https:\/\/www2.unifap.br\/nti\/wp-json\/wp\/v2\/pages\/87"}],"wp:attachment":[{"href":"https:\/\/www2.unifap.br\/nti\/wp-json\/wp\/v2\/media?parent=642"}],"curies":[{"name":"wp","href":"https:\/\/api.w.org\/{rel}","templated":true}]}}