{"id":65,"date":"2011-11-16T11:09:42","date_gmt":"2011-11-16T14:09:42","guid":{"rendered":"http:\/\/www2.unifap.br\/dinfo\/?page_id=65"},"modified":"2016-04-12T08:51:06","modified_gmt":"2016-04-12T11:51:06","slug":"contato","status":"publish","type":"page","link":"https:\/\/www2.unifap.br\/nti\/contato\/","title":{"rendered":"Contato"},"content":{"rendered":"<p><strong><span style=\"color: #ff0000;\">SOLICITA\u00c7\u00c3O DE ATENDIMENTO: <a href=\"http:\/\/www2.unifap.br\/nti\/atendimento\/\" target=\"_blank\">Clique aqui<\/a><\/span>.<\/strong><\/p>\n<h3><strong>N\u00facleo de Tecnologia da Informa\u00e7\u00e3o da UNIFAP<\/strong><\/h3>\n<p><span style=\"line-height: 1.5em;\"><strong>Endere\u00e7o:<\/strong> Rodovia Juscelino Kubstichek, s\/n. Bairro Universidade &#8211; CEP 68902-280<\/span><\/p>\n<p><strong>Email<\/strong>: <a href=\"mailto:nti@unifap.br\">nti@unifap.br<\/a><\/p>\n<p><strong>Fone<\/strong>:\u00a0(96) 3312-1733<\/p>\n<p><strong>Localiza\u00e7\u00e3o:<\/strong><br \/>\n<iframe style=\"border: 0;\" src=\"https:\/\/www.google.com\/maps\/embed?pb=!1m18!1m12!1m3!1d3236.1624606566484!2d-51.086898185246824!3d-0.00604969999558257!2m3!1f0!2f0!3f0!3m2!1i1024!2i768!4f13.1!3m3!1m2!1s0x929e1e1ac58e8edf%3A0x298af248839cc644!2sN%C3%BAcleo+de+Tecnologia+da+Informa%C3%A7%C3%A3o+-+UNIFAP!5e1!3m2!1spt-BR!2sbr!4v1460461174518\" height=\"450\" width=\"600\" allowfullscreen=\"\" frameborder=\"0\"><\/iframe><\/p>\n","protected":false},"excerpt":{"rendered":"<p>SOLICITA\u00c7\u00c3O DE ATENDIMENTO: Clique aqui. N\u00facleo de Tecnologia da Informa\u00e7\u00e3o da UNIFAP Endere\u00e7o: Rodovia Juscelino Kubstichek, s\/n. Bairro Universidade &#8211; CEP 68902-280 Email: nti@unifap.br Fone:\u00a0(96) 3312-1733 Localiza\u00e7\u00e3o:<\/p>\n","protected":false},"author":1,"featured_media":0,"parent":0,"menu_order":9,"comment_status":"closed","ping_status":"closed","template":"","meta":{"inline_featured_image":false,"ngg_post_thumbnail":0,"footnotes":""},"class_list":["post-65","page","type-page","status-publish","hentry","entry"],"_links":{"self":[{"href":"https:\/\/www2.unifap.br\/nti\/wp-json\/wp\/v2\/pages\/65","targetHints":{"allow":["GET"]}}],"collection":[{"href":"https:\/\/www2.unifap.br\/nti\/wp-json\/wp\/v2\/pages"}],"about":[{"href":"https:\/\/www2.unifap.br\/nti\/wp-json\/wp\/v2\/types\/page"}],"author":[{"embeddable":true,"href":"https:\/\/www2.unifap.br\/nti\/wp-json\/wp\/v2\/users\/1"}],"replies":[{"embeddable":true,"href":"https:\/\/www2.unifap.br\/nti\/wp-json\/wp\/v2\/comments?post=65"}],"version-history":[{"count":38,"href":"https:\/\/www2.unifap.br\/nti\/wp-json\/wp\/v2\/pages\/65\/revisions"}],"predecessor-version":[{"id":2028,"href":"https:\/\/www2.unifap.br\/nti\/wp-json\/wp\/v2\/pages\/65\/revisions\/2028"}],"wp:attachment":[{"href":"https:\/\/www2.unifap.br\/nti\/wp-json\/wp\/v2\/media?parent=65"}],"curies":[{"name":"wp","href":"https:\/\/api.w.org\/{rel}","templated":true}]}}