{"id":1075,"date":"2020-09-25T00:55:26","date_gmt":"2020-09-25T00:55:26","guid":{"rendered":"http:\/\/www2.unifap.br\/nuphce\/?page_id=1075"},"modified":"2023-12-31T19:10:36","modified_gmt":"2023-12-31T19:10:36","slug":"projeto-de-extensao-2","status":"publish","type":"page","link":"https:\/\/www2.unifap.br\/nuphce\/projetos-de-extensao\/projeto-de-extensao-2\/","title":{"rendered":"Projeto de Extens\u00e3o 2: Hist\u00f3ria da Matem\u00e1tica sem Fronteira &#8211; PROHMAF"},"content":{"rendered":"<p style=\"text-align: center\"><a href=\"http:\/\/www2.unifap.br\/nuphce\/files\/2023\/12\/Projeto-de-extensao-2.png\"><img fetchpriority=\"high\" decoding=\"async\" class=\"aligncenter size-full wp-image-1888\" src=\"http:\/\/www2.unifap.br\/nuphce\/files\/2023\/12\/Projeto-de-extensao-2.png\" alt=\"\" width=\"824\" height=\"735\" srcset=\"https:\/\/www2.unifap.br\/nuphce\/files\/2023\/12\/Projeto-de-extensao-2.png 824w, https:\/\/www2.unifap.br\/nuphce\/files\/2023\/12\/Projeto-de-extensao-2-300x268.png 300w, https:\/\/www2.unifap.br\/nuphce\/files\/2023\/12\/Projeto-de-extensao-2-768x685.png 768w\" sizes=\"(max-width: 824px) 100vw, 824px\" \/><\/a><\/p>\n<p>Fonte: VASQUEZ, Eliane Leal. Relat\u00f3rio final do projeto de extens\u00e3o &#8220;Hist\u00f3ria da Matem\u00e1tica sem fronteira&#8221;. Macap\u00e1, 28 de janeiro de 2020.<br \/>\nNota: As fotografias foram produzidos durante o projeto e est\u00e3o armarzenadas no Google Drive do NUPHCE\/UNIFAP.<\/p>\n<p>Apoio:<\/p>\n<p><a href=\"http:\/\/www2.unifap.br\/nuphce\/files\/2023\/12\/Brasao_UNIFAP.png\"><img decoding=\"async\" class=\"wp-image-1889 alignleft\" src=\"http:\/\/www2.unifap.br\/nuphce\/files\/2023\/12\/Brasao_UNIFAP.png\" alt=\"\" width=\"42\" height=\"42\" srcset=\"https:\/\/www2.unifap.br\/nuphce\/files\/2023\/12\/Brasao_UNIFAP.png 600w, https:\/\/www2.unifap.br\/nuphce\/files\/2023\/12\/Brasao_UNIFAP-300x300.png 300w, https:\/\/www2.unifap.br\/nuphce\/files\/2023\/12\/Brasao_UNIFAP-150x150.png 150w, https:\/\/www2.unifap.br\/nuphce\/files\/2023\/12\/Brasao_UNIFAP-70x70.png 70w\" sizes=\"(max-width: 42px) 100vw, 42px\" \/><\/a><\/p>\n<p><a href=\"http:\/\/www2.unifap.br\/nuphce\/files\/2020\/09\/Dex.png\"><img decoding=\"async\" class=\"alignleft wp-image-1099\" src=\"http:\/\/www2.unifap.br\/nuphce\/files\/2020\/09\/Dex.png\" alt=\"\" width=\"35\" height=\"35\" srcset=\"https:\/\/www2.unifap.br\/nuphce\/files\/2020\/09\/Dex.png 135w, https:\/\/www2.unifap.br\/nuphce\/files\/2020\/09\/Dex-70x70.png 70w\" sizes=\"(max-width: 35px) 100vw, 35px\" \/><\/a><\/p>\n<p>&nbsp;<\/p>\n<p>&nbsp;<\/p>\n<p>&nbsp;<\/p>\n<p style=\"text-align: right\"><em>Postagem: Equipe do NUPHCE\u00a0<\/em><\/p>\n","protected":false},"excerpt":{"rendered":"<p>Fonte: VASQUEZ, Eliane Leal. Relat\u00f3rio final do projeto de extens\u00e3o &#8220;Hist\u00f3ria da Matem\u00e1tica sem fronteira&#8221;. Macap\u00e1, 28 de janeiro de 2020. Nota: As fotografias foram produzidos durante o projeto e est\u00e3o armarzenadas no Google Drive do NUPHCE\/UNIFAP. Apoio: &nbsp; &nbsp;&hellip; <\/p>\n<p><a href=\"https:\/\/www2.unifap.br\/nuphce\/projetos-de-extensao\/projeto-de-extensao-2\/\" class=\"readmore-button\">Continue Reading<\/a><\/p>\n","protected":false},"author":606,"featured_media":0,"parent":28,"menu_order":1,"comment_status":"closed","ping_status":"closed","template":"","meta":{"inline_featured_image":false,"ngg_post_thumbnail":0,"footnotes":""},"class_list":["post-1075","page","type-page","status-publish","hentry"],"_links":{"self":[{"href":"https:\/\/www2.unifap.br\/nuphce\/wp-json\/wp\/v2\/pages\/1075","targetHints":{"allow":["GET"]}}],"collection":[{"href":"https:\/\/www2.unifap.br\/nuphce\/wp-json\/wp\/v2\/pages"}],"about":[{"href":"https:\/\/www2.unifap.br\/nuphce\/wp-json\/wp\/v2\/types\/page"}],"author":[{"embeddable":true,"href":"https:\/\/www2.unifap.br\/nuphce\/wp-json\/wp\/v2\/users\/606"}],"replies":[{"embeddable":true,"href":"https:\/\/www2.unifap.br\/nuphce\/wp-json\/wp\/v2\/comments?post=1075"}],"version-history":[{"count":21,"href":"https:\/\/www2.unifap.br\/nuphce\/wp-json\/wp\/v2\/pages\/1075\/revisions"}],"predecessor-version":[{"id":1893,"href":"https:\/\/www2.unifap.br\/nuphce\/wp-json\/wp\/v2\/pages\/1075\/revisions\/1893"}],"up":[{"embeddable":true,"href":"https:\/\/www2.unifap.br\/nuphce\/wp-json\/wp\/v2\/pages\/28"}],"wp:attachment":[{"href":"https:\/\/www2.unifap.br\/nuphce\/wp-json\/wp\/v2\/media?parent=1075"}],"curies":[{"name":"wp","href":"https:\/\/api.w.org\/{rel}","templated":true}]}}