{"id":108,"date":"2015-08-01T20:59:11","date_gmt":"2015-08-01T20:59:11","guid":{"rendered":"http:\/\/www2.unifap.br\/nuphce\/?page_id=108"},"modified":"2021-11-01T21:57:19","modified_gmt":"2021-11-01T21:57:19","slug":"yyyy","status":"publish","type":"page","link":"https:\/\/www2.unifap.br\/nuphce\/pagina-exemplo\/yyyy\/","title":{"rendered":"Equipe"},"content":{"rendered":"<p>O recurso humano do\u00a0NUPHCE \u00e9 formado por pesquisadores, professores e estudantes da Universidade Federal do Amap\u00e1 e de outras institui\u00e7\u00f5es, que em colabora\u00e7\u00e3o desenvolvem projetos de pesquisa e extens\u00e3o.<\/p>\n<p><strong>\u00a0<\/strong><\/p>\n","protected":false},"excerpt":{"rendered":"<p>O recurso humano do\u00a0NUPHCE \u00e9 formado por pesquisadores, professores e estudantes da Universidade Federal do Amap\u00e1 e de outras institui\u00e7\u00f5es, que em colabora\u00e7\u00e3o desenvolvem projetos de pesquisa e extens\u00e3o. \u00a0<\/p>\n","protected":false},"author":606,"featured_media":0,"parent":2,"menu_order":3,"comment_status":"open","ping_status":"open","template":"","meta":{"inline_featured_image":false,"ngg_post_thumbnail":0,"footnotes":""},"class_list":["post-108","page","type-page","status-publish","hentry"],"_links":{"self":[{"href":"https:\/\/www2.unifap.br\/nuphce\/wp-json\/wp\/v2\/pages\/108","targetHints":{"allow":["GET"]}}],"collection":[{"href":"https:\/\/www2.unifap.br\/nuphce\/wp-json\/wp\/v2\/pages"}],"about":[{"href":"https:\/\/www2.unifap.br\/nuphce\/wp-json\/wp\/v2\/types\/page"}],"author":[{"embeddable":true,"href":"https:\/\/www2.unifap.br\/nuphce\/wp-json\/wp\/v2\/users\/606"}],"replies":[{"embeddable":true,"href":"https:\/\/www2.unifap.br\/nuphce\/wp-json\/wp\/v2\/comments?post=108"}],"version-history":[{"count":8,"href":"https:\/\/www2.unifap.br\/nuphce\/wp-json\/wp\/v2\/pages\/108\/revisions"}],"predecessor-version":[{"id":346,"href":"https:\/\/www2.unifap.br\/nuphce\/wp-json\/wp\/v2\/pages\/108\/revisions\/346"}],"up":[{"embeddable":true,"href":"https:\/\/www2.unifap.br\/nuphce\/wp-json\/wp\/v2\/pages\/2"}],"wp:attachment":[{"href":"https:\/\/www2.unifap.br\/nuphce\/wp-json\/wp\/v2\/media?parent=108"}],"curies":[{"name":"wp","href":"https:\/\/api.w.org\/{rel}","templated":true}]}}