{"id":1107,"date":"2020-09-25T02:31:00","date_gmt":"2020-09-25T02:31:00","guid":{"rendered":"http:\/\/www2.unifap.br\/nuphce\/?page_id=1107"},"modified":"2023-12-31T22:26:23","modified_gmt":"2023-12-31T22:26:23","slug":"projeto-de-extensao-3","status":"publish","type":"page","link":"https:\/\/www2.unifap.br\/nuphce\/projetos-de-extensao\/projeto-de-extensao-3\/","title":{"rendered":"Projeto de Extens\u00e3o 3 &#8211; Unic\u00e1rcere em A\u00e7\u00e3o Extensionista: Apredizagem ativa nas pr\u00e1ticas de educativas e de leitura"},"content":{"rendered":"<p style=\"text-align: right\"><em><a href=\"http:\/\/www2.unifap.br\/nuphce\/files\/2023\/12\/Projeto-de-extensao3.png\"><img fetchpriority=\"high\" decoding=\"async\" class=\"aligncenter size-full wp-image-1894\" src=\"http:\/\/www2.unifap.br\/nuphce\/files\/2023\/12\/Projeto-de-extensao3.png\" alt=\"\" width=\"1333\" height=\"2000\" srcset=\"https:\/\/www2.unifap.br\/nuphce\/files\/2023\/12\/Projeto-de-extensao3.png 1333w, https:\/\/www2.unifap.br\/nuphce\/files\/2023\/12\/Projeto-de-extensao3-200x300.png 200w, https:\/\/www2.unifap.br\/nuphce\/files\/2023\/12\/Projeto-de-extensao3-682x1024.png 682w, https:\/\/www2.unifap.br\/nuphce\/files\/2023\/12\/Projeto-de-extensao3-768x1152.png 768w, https:\/\/www2.unifap.br\/nuphce\/files\/2023\/12\/Projeto-de-extensao3-1024x1536.png 1024w\" sizes=\"(max-width: 1333px) 100vw, 1333px\" \/><\/a><\/em><\/p>\n<pre>Fonte: Infogr\u00e1fico elaborado por Eliane Leal Vasquez (2023).\r\nNota: As fotografias foram produzidas durante as duas oficinas de dezembro de 2023.<\/pre>\n<p>&nbsp;<\/p>\n<p style=\"text-align: right\"><em>Postagem: Equipe do NUPHCE\u00a0<\/em><\/p>\n","protected":false},"excerpt":{"rendered":"<p>Fonte: Infogr\u00e1fico elaborado por Eliane Leal Vasquez (2023). Nota: As fotografias foram produzidas durante as duas oficinas de dezembro de 2023. &nbsp; Postagem: Equipe do NUPHCE\u00a0<\/p>\n","protected":false},"author":606,"featured_media":0,"parent":28,"menu_order":2,"comment_status":"closed","ping_status":"closed","template":"","meta":{"inline_featured_image":false,"ngg_post_thumbnail":0,"footnotes":""},"class_list":["post-1107","page","type-page","status-publish","hentry"],"_links":{"self":[{"href":"https:\/\/www2.unifap.br\/nuphce\/wp-json\/wp\/v2\/pages\/1107","targetHints":{"allow":["GET"]}}],"collection":[{"href":"https:\/\/www2.unifap.br\/nuphce\/wp-json\/wp\/v2\/pages"}],"about":[{"href":"https:\/\/www2.unifap.br\/nuphce\/wp-json\/wp\/v2\/types\/page"}],"author":[{"embeddable":true,"href":"https:\/\/www2.unifap.br\/nuphce\/wp-json\/wp\/v2\/users\/606"}],"replies":[{"embeddable":true,"href":"https:\/\/www2.unifap.br\/nuphce\/wp-json\/wp\/v2\/comments?post=1107"}],"version-history":[{"count":19,"href":"https:\/\/www2.unifap.br\/nuphce\/wp-json\/wp\/v2\/pages\/1107\/revisions"}],"predecessor-version":[{"id":1904,"href":"https:\/\/www2.unifap.br\/nuphce\/wp-json\/wp\/v2\/pages\/1107\/revisions\/1904"}],"up":[{"embeddable":true,"href":"https:\/\/www2.unifap.br\/nuphce\/wp-json\/wp\/v2\/pages\/28"}],"wp:attachment":[{"href":"https:\/\/www2.unifap.br\/nuphce\/wp-json\/wp\/v2\/media?parent=1107"}],"curies":[{"name":"wp","href":"https:\/\/api.w.org\/{rel}","templated":true}]}}