{"id":111,"date":"2015-08-01T21:07:07","date_gmt":"2015-08-01T21:07:07","guid":{"rendered":"http:\/\/www2.unifap.br\/nuphce\/?page_id=111"},"modified":"2016-04-14T21:43:31","modified_gmt":"2016-04-14T21:43:31","slug":"projeto-de-pesquisa-1","status":"publish","type":"page","link":"https:\/\/www2.unifap.br\/nuphce\/projeto-de-pesquisa\/projeto-de-pesquisa-1\/","title":{"rendered":"Projeto de Pesquisa 1"},"content":{"rendered":"<div>\n<div><b>O &#8220;Projeto de Pesquisa:\u00a0<\/b><strong>O Curso de Licenciatura Intercultural Ind\u00edgena da Universidade Federal do Amap\u00e1: Do marco te\u00f3rico-filos\u00f3fico para sua cria\u00e7\u00e3o&#8221; foi \u00a0apreciado pelo Colegiado do Curso de Lic. Intercultural Ind\u00edgena\/Campus Binacional de Oiapoque e\u00a0<strong>registrado com o\u00a0n<sup>o<\/sup>\u00a00555\/2014 pelo Departamento de Pesquisa<\/strong><\/strong>.<b><br \/>\n<\/b><strong><\/strong><\/div>\n<div><\/div>\n<div><strong style=\"line-height: 1.5em\">Descri\u00e7\u00e3o:<\/strong><\/div>\n<\/div>\n<div>\n<div><\/div>\n<div>O referido projeto \u00e9 vinculado ao N\u00facleo de Pesquisa de Hist\u00f3ria da Ci\u00eancia e Ensino, linha: Hist\u00f3ria da Ci\u00eancia, Institui\u00e7\u00e3o e Cultura. O objetivo \u00e9 investigar o marco-te\u00f3rico filos\u00f3fico que influenciou na cria\u00e7\u00e3o do Curso de Licenciatura Intercultural Ind\u00edgena da Universidade Federal do Amap\u00e1, bem como as suas implica\u00e7\u00f5es para o desenvolvimento das atividades de ensino e pesquisa.<\/div>\n<div><\/div>\n<div><\/div>\n<div><strong>Palavra-chave<\/strong>: Hist\u00f3ria da Ci\u00eancia &#8211; Educa\u00e7\u00e3o Superior Ind\u00edgena &#8211; \u00a0Universidade Federal do Amap\u00e1 &#8211;\u00a0Transdisciplinaridade &#8211; Interculturalidade.<\/div>\n<div><\/div>\n<\/div>\n<div>\n<div><\/div>\n<div><strong>Equipe Executora:<\/strong><\/div>\n<div><\/div>\n<div><\/div>\n<div>\u00a0Eliane Leal Vasquez (Coordenadora), Jussara de Pinho Barreiros, Myriam Regina Zapaterra Mendes, Maria Jacinta Xon Riquiac e Ubiratan D&#8217;Ambrosio (Colaboradores).<\/div>\n<div><\/div>\n<div><\/div>\n<div><strong>Equipe de estudantes<\/strong>: Gradua\u00e7\u00e3o: (2)<\/div>\n<div><\/div>\n<div>Samuel Apalai e Frankselma dos Santos Barroso\u00a0(UNIFAP\/CCLII).<\/div>\n<div><\/div>\n<div><strong>E-mail<\/strong>:\u00a0nuphce@unifap.br<\/div>\n<div><\/div>\n<div><strong>*Apoio: \u00a0<\/strong>Programa Aux\u00edlio ao Pesquisador &#8211; Edital N\u00ba 015\/2015 PROPESPG\/UNIFAP.<\/div>\n<div><span style=\"line-height: 1.5em\">\u00a0<\/span><\/div>\n<\/div>\n","protected":false},"excerpt":{"rendered":"<p>O &#8220;Projeto de Pesquisa:\u00a0O Curso de Licenciatura Intercultural Ind\u00edgena da Universidade Federal do Amap\u00e1: Do marco te\u00f3rico-filos\u00f3fico para sua cria\u00e7\u00e3o&#8221; foi \u00a0apreciado pelo Colegiado do Curso de Lic. Intercultural Ind\u00edgena\/Campus Binacional de Oiapoque e\u00a0registrado com o\u00a0no\u00a00555\/2014 pelo Departamento de Pesquisa.&hellip; <\/p>\n<p><a href=\"https:\/\/www2.unifap.br\/nuphce\/projeto-de-pesquisa\/projeto-de-pesquisa-1\/\" class=\"readmore-button\">Continue Reading<\/a><\/p>\n","protected":false},"author":606,"featured_media":0,"parent":35,"menu_order":0,"comment_status":"open","ping_status":"open","template":"","meta":{"inline_featured_image":false,"ngg_post_thumbnail":0,"footnotes":""},"class_list":["post-111","page","type-page","status-publish","hentry"],"_links":{"self":[{"href":"https:\/\/www2.unifap.br\/nuphce\/wp-json\/wp\/v2\/pages\/111","targetHints":{"allow":["GET"]}}],"collection":[{"href":"https:\/\/www2.unifap.br\/nuphce\/wp-json\/wp\/v2\/pages"}],"about":[{"href":"https:\/\/www2.unifap.br\/nuphce\/wp-json\/wp\/v2\/types\/page"}],"author":[{"embeddable":true,"href":"https:\/\/www2.unifap.br\/nuphce\/wp-json\/wp\/v2\/users\/606"}],"replies":[{"embeddable":true,"href":"https:\/\/www2.unifap.br\/nuphce\/wp-json\/wp\/v2\/comments?post=111"}],"version-history":[{"count":17,"href":"https:\/\/www2.unifap.br\/nuphce\/wp-json\/wp\/v2\/pages\/111\/revisions"}],"predecessor-version":[{"id":822,"href":"https:\/\/www2.unifap.br\/nuphce\/wp-json\/wp\/v2\/pages\/111\/revisions\/822"}],"up":[{"embeddable":true,"href":"https:\/\/www2.unifap.br\/nuphce\/wp-json\/wp\/v2\/pages\/35"}],"wp:attachment":[{"href":"https:\/\/www2.unifap.br\/nuphce\/wp-json\/wp\/v2\/media?parent=111"}],"curies":[{"name":"wp","href":"https:\/\/api.w.org\/{rel}","templated":true}]}}