{"id":1175,"date":"2020-09-25T20:38:44","date_gmt":"2020-09-25T20:38:44","guid":{"rendered":"http:\/\/www2.unifap.br\/nuphce\/?page_id=1175"},"modified":"2022-06-03T21:39:41","modified_gmt":"2022-06-03T21:39:41","slug":"capitulo-de-livro","status":"publish","type":"page","link":"https:\/\/www2.unifap.br\/nuphce\/producao\/capitulo-de-livro\/","title":{"rendered":"Cap\u00edtulo de Livro"},"content":{"rendered":"<p>&nbsp;<\/p>\n<p><span style=\"color: #0000ff\"><span style=\"color: #000000\"><a href=\"http:\/\/www2.unifap.br\/nuphce\/files\/2022\/05\/Livro-2022.png\"><img decoding=\"async\" class=\"wp-image-1718 alignleft\" src=\"http:\/\/www2.unifap.br\/nuphce\/files\/2022\/05\/Livro-2022.png\" alt=\"\" width=\"117\" height=\"163\" \/><\/a> <\/span><\/span><\/p>\n<p>&nbsp;<\/p>\n<p><span style=\"color: #0000ff\"><span style=\"color: #000000\">VASQUEZ, Eliane Leal; SILVA, Erasmo Jos\u00e9 da; NICOLETTI, Luciana Paula Santos. Ensino de Hist\u00f3ria nas Escolas das Pris\u00f5es no Brasil: Um levantamento preliminar de fontes. In: LOBATO, Sidney; VASQUEZ, Eliane Leal; MARTINS, Carmentilla das Chagas. (Org.). <a href=\"https:\/\/www.editoracrv.com.br\/produtos\/detalhes\/36671-curriculo-e-concepcoes-da-historia-ensinada-brbrcolecao-aprender-historia-volume-1\"><em><strong>Curr\u00edculo e Concep\u00e7\u00f5es da Hist\u00f3ria Ensinada<\/strong><\/em><\/a>. 1. ed.\u00a0 Curitiba: CRV, 2022. p. 105-130. (Cole\u00e7\u00e3o Aprender Hist\u00f3ria, Vol. 1).\u00a0<\/span><\/span><\/p>\n<p><span style=\"color: #0000ff\"><span style=\"color: #000000\"> \u00a0 \u00a0<\/span><\/span><\/p>\n<p>&nbsp;<\/p>\n<p>&nbsp;<\/p>\n<p><img decoding=\"async\" class=\"alignleft wp-image-1284\" src=\"http:\/\/www2.unifap.br\/nuphce\/files\/2021\/03\/Interfaces-Educativas-680x1024.jpg\" alt=\"\" width=\"98\" height=\"148\" srcset=\"https:\/\/www2.unifap.br\/nuphce\/files\/2021\/03\/Interfaces-Educativas-680x1024.jpg 680w, https:\/\/www2.unifap.br\/nuphce\/files\/2021\/03\/Interfaces-Educativas-199x300.jpg 199w, https:\/\/www2.unifap.br\/nuphce\/files\/2021\/03\/Interfaces-Educativas.jpg 688w\" sizes=\"(max-width: 98px) 100vw, 98px\" \/><\/p>\n<p>&nbsp;<\/p>\n<p>SANTOS, Naldos dos; VASQUEZ, Eliane Leal. O que representam as marcas Galibi-Marworno ao paj\u00e9 e aos artes\u00e3os ind\u00edgenas? In: MATTOS, Sandra Maria Nascimento de; MATTOS, Jos\u00e9 Roberto Linhares de; SILVA, Romario Antonio. (Org.). <strong><em><a href=\"http:\/\/www2.unifap.br\/nuphce\/files\/2021\/11\/Interfaces-Educativas-e-Cotidianas-Povos-ind\u00edgenas.pdf\">Interfaces Educativas e Cotidianas Povos ind\u00edgenas<\/a><\/em><\/strong>. Macap\u00e1: EDIFAP, 2021. p. 123-147. (Cole\u00e7\u00e3o Povos Tradicionais, Vol. 2).<\/p>\n<p>&nbsp;<\/p>\n<p>&nbsp;<\/p>\n<p>&nbsp;<\/p>\n<p><a href=\"http:\/\/www2.unifap.br\/nuphce\/files\/2021\/03\/Capa-atual.png\"><img decoding=\"async\" class=\"alignleft wp-image-1267\" src=\"http:\/\/www2.unifap.br\/nuphce\/files\/2021\/03\/Capa-atual.png\" alt=\"\" width=\"102\" height=\"147\" \/><\/a><\/p>\n<p>&nbsp;<\/p>\n<p>STUDIER, Charlotte Marques; VASQUEZ, Eliane Leal; CROMIANSKI, Solange Regina. A Pena de Multa como Situa\u00e7\u00e3o Problema para Escola da Pris\u00e3o: Uma sequ\u00eancia did\u00e1tica de matem\u00e1tica. In: SILVA, Am\u00e9rico Junior Nunes da, FRAN\u00c7A, Thiago Alves; AMARAL, Tayron Sousa. <a href=\"https:\/\/www.atenaeditora.com.br\/post-artigo\/48747\"><strong><em><span style=\"color: #0000ff\">A Educa\u00e7\u00e3o dos Prim\u00f3rdios ao S\u00e9culo XXI: Perspectivas, rumos e desafios<\/span><\/em><\/strong><\/a>. Ponta Grossa: Atena, 2021. p. 63-86.<\/p>\n<p>&nbsp;<\/p>\n<p>&nbsp;<\/p>\n<p>&nbsp;<\/p>\n<p><a href=\"http:\/\/www2.unifap.br\/nuphce\/files\/2020\/09\/Capa_Santos.jpg\"><img loading=\"lazy\" decoding=\"async\" class=\"alignleft wp-image-1186\" src=\"http:\/\/www2.unifap.br\/nuphce\/files\/2020\/09\/Capa_Santos.jpg\" alt=\"\" width=\"102\" height=\"145\" srcset=\"https:\/\/www2.unifap.br\/nuphce\/files\/2020\/09\/Capa_Santos.jpg 1273w, https:\/\/www2.unifap.br\/nuphce\/files\/2020\/09\/Capa_Santos-212x300.jpg 212w, https:\/\/www2.unifap.br\/nuphce\/files\/2020\/09\/Capa_Santos-724x1024.jpg 724w, https:\/\/www2.unifap.br\/nuphce\/files\/2020\/09\/Capa_Santos-768x1086.jpg 768w, https:\/\/www2.unifap.br\/nuphce\/files\/2020\/09\/Capa_Santos-1086x1536.jpg 1086w\" sizes=\"(max-width: 102px) 100vw, 102px\" \/><\/a><\/p>\n<p>&nbsp;<\/p>\n<p>SANTOS, Cristiane Santos dos; PACHECO, Karen Vanessa Silva; VASQUEZ, Eliane Leal. A Modelagem Matem\u00e1tica como Estrat\u00e9gia para Planejar e Resolver Avalia\u00e7\u00f5es na UNIFAP: Uma experi\u00eancia de ensino intercultural. In: SANTOS, Jos\u00e9 Elyton Batista dos. (Org.). <a href=\"https:\/\/www.atenaeditora.com.br\/post-artigo\/36754\"><em><strong>Ensino de Ci\u00eancias e Educa\u00e7\u00e3o Matem\u00e1tica 5<\/strong><\/em>\u00a0<\/a>. 1.ed. Ponta Grossa: Atena Editora, 2020. p. 107-124. Vol. 5.<\/p>\n<p>&nbsp;<\/p>\n<p>&nbsp;<\/p>\n<p><a href=\"http:\/\/www2.unifap.br\/nuphce\/files\/2020\/09\/Capa_2020b.png\"><img loading=\"lazy\" decoding=\"async\" class=\"alignleft wp-image-1196\" src=\"http:\/\/www2.unifap.br\/nuphce\/files\/2020\/09\/Capa_2020b.png\" alt=\"\" width=\"107\" height=\"155\" srcset=\"https:\/\/www2.unifap.br\/nuphce\/files\/2020\/09\/Capa_2020b.png 909w, https:\/\/www2.unifap.br\/nuphce\/files\/2020\/09\/Capa_2020b-208x300.png 208w, https:\/\/www2.unifap.br\/nuphce\/files\/2020\/09\/Capa_2020b-709x1024.png 709w, https:\/\/www2.unifap.br\/nuphce\/files\/2020\/09\/Capa_2020b-768x1109.png 768w\" sizes=\"(max-width: 107px) 100vw, 107px\" \/><\/a><\/p>\n<p>&nbsp;<\/p>\n<p>CARVALHO, Lucid\u00e9a Portal Melo de; VASQUEZ, Eliane Leal. Trajet\u00f3ria profissional de mulheres negras e professoras da educa\u00e7\u00e3o penitenci\u00e1ria. In: FREITAS, Daniela Carla Gomes et. al. (Org.). <strong>Mulheres Negras<\/strong>: Protagonismo feminino, trajet\u00f3rias e desafios. 1.ed. Rio de Janeiro: Autografia, 2020. p. 41-56.<\/p>\n<p>&nbsp;<\/p>\n<p>&nbsp;<\/p>\n<p>&nbsp;<\/p>\n<p><a href=\"http:\/\/www2.unifap.br\/nuphce\/files\/2020\/09\/Capa_2019.jpg\"><img loading=\"lazy\" decoding=\"async\" class=\"wp-image-1188 alignleft\" src=\"http:\/\/www2.unifap.br\/nuphce\/files\/2020\/09\/Capa_2019.jpg\" alt=\"\" width=\"106\" height=\"149\" \/><\/a><\/p>\n<p>&nbsp;<\/p>\n<p>AGUIAR, Julimar da Silva; VASQUEZ, Eliane Leal. Leonhard\u00a0 Euler (1707-1783) e Estudo da F\u00f3rmula de Poliedros no Ensino M\u00e9dio. In: SILVA, Eliel Constantino. (Org.). <a href=\"https:\/\/www.atenaeditora.com.br\/post-artigo\/18182\"><em><strong>Ensino Aprendizagem de Matem\u00e1tica<\/strong><\/em><\/a>. 1.ed. PontaGrossa: Atena Editora, 2019.\u00a0 p. 98-115. Vol. 1.<\/p>\n<p>&nbsp;<\/p>\n<p>&nbsp;<\/p>\n<p>&nbsp;<\/p>\n<p>&nbsp;<\/p>\n<p><a href=\"http:\/\/www2.unifap.br\/nuphce\/files\/2020\/09\/Capa_2017a.jpg\"><img loading=\"lazy\" decoding=\"async\" class=\"alignleft wp-image-1192\" src=\"http:\/\/www2.unifap.br\/nuphce\/files\/2020\/09\/Capa_2017a.jpg\" alt=\"\" width=\"100\" height=\"143\" \/><\/a><\/p>\n<p>&nbsp;<\/p>\n<p>SILVA, Dilene K\u00e1tia Costa da; VASQUEZ, Eliane Leal; FEIO, Leila do Socorro Rodrigues. Saberes Matem\u00e1ticos e Pr\u00e1ticas Docentes: Narrativas de professoras dos anos iniciais do ensino fundamental. GON\u00c7ALVES, Terezinha Valim Oliver; FRAIHA-MARTINS, France. (Org.). <strong><em>Saberes docentes em Ci\u00eancias e Matem\u00e1ticas na Amaz\u00f4nia Brasileira: Pesquisa, Ensino e Forma\u00e7\u00e3o de Professores<\/em><\/strong>. 1.ed. S\u00e3o Paulo: Ed. Livraria da F\u00edsica, 2017.\u00a0 p. 303-322. Vol. 1.<\/p>\n<p>&nbsp;<\/p>\n<p>&nbsp;<\/p>\n<p>&nbsp;<\/p>\n<p><a href=\"http:\/\/www2.unifap.br\/nuphce\/files\/2021\/11\/Livro-Louren\u00e7o-e-Onofre.jpg\"><img loading=\"lazy\" decoding=\"async\" class=\" wp-image-1659 alignleft\" src=\"http:\/\/www2.unifap.br\/nuphce\/files\/2021\/11\/Livro-Louren\u00e7o-e-Onofre.jpg\" alt=\"\" width=\"101\" height=\"152\" srcset=\"https:\/\/www2.unifap.br\/nuphce\/files\/2021\/11\/Livro-Louren\u00e7o-e-Onofre.jpg 334w, https:\/\/www2.unifap.br\/nuphce\/files\/2021\/11\/Livro-Louren\u00e7o-e-Onofre-200x300.jpg 200w\" sizes=\"(max-width: 101px) 100vw, 101px\" \/><\/a><\/p>\n<p>&nbsp;<\/p>\n<p>VASQUEZ, Eliane Leal. Educa\u00e7\u00e3o prisional no Brasil: Pr\u00e1ticas, discursos e culturas. LOUREN\u00c7O, A. S.; ONOFRE, E. M. C. (Org.). <strong><em>O Espa\u00e7o da Pris\u00e3o e suas Pr\u00e1ticas Educativas: Enfoques e perspectivas contempor\u00e2neas<\/em><\/strong>. 1.ed. S\u00e3o Carlos: EDUFScar, 2011. p. 11-33. Vol. 1.<\/p>\n<p>&nbsp;<\/p>\n<p>&nbsp;<\/p>\n<p style=\"text-align: right\">Postagem:<\/p>\n<p><a href=\"http:\/\/www2.unifap.br\/nuphce\/files\/2020\/09\/Nuphce_salvo.png\"><img loading=\"lazy\" decoding=\"async\" class=\" wp-image-1222 alignright\" src=\"http:\/\/www2.unifap.br\/nuphce\/files\/2020\/09\/Nuphce_salvo.png\" alt=\"\" width=\"119\" height=\"119\" srcset=\"https:\/\/www2.unifap.br\/nuphce\/files\/2020\/09\/Nuphce_salvo.png 177w, https:\/\/www2.unifap.br\/nuphce\/files\/2020\/09\/Nuphce_salvo-150x150.png 150w, https:\/\/www2.unifap.br\/nuphce\/files\/2020\/09\/Nuphce_salvo-70x70.png 70w\" sizes=\"(max-width: 119px) 100vw, 119px\" \/><\/a><\/p>\n","protected":false},"excerpt":{"rendered":"<p>&nbsp; &nbsp; VASQUEZ, Eliane Leal; SILVA, Erasmo Jos\u00e9 da; NICOLETTI, Luciana Paula Santos. Ensino de Hist\u00f3ria nas Escolas das Pris\u00f5es no Brasil: Um levantamento preliminar de fontes. In: LOBATO, Sidney; VASQUEZ, Eliane Leal; MARTINS, Carmentilla das Chagas. (Org.). Curr\u00edculo e&hellip; <\/p>\n<p><a href=\"https:\/\/www2.unifap.br\/nuphce\/producao\/capitulo-de-livro\/\" class=\"readmore-button\">Continue Reading<\/a><\/p>\n","protected":false},"author":606,"featured_media":0,"parent":197,"menu_order":4,"comment_status":"closed","ping_status":"closed","template":"","meta":{"inline_featured_image":false,"ngg_post_thumbnail":0,"footnotes":""},"class_list":["post-1175","page","type-page","status-publish","hentry"],"_links":{"self":[{"href":"https:\/\/www2.unifap.br\/nuphce\/wp-json\/wp\/v2\/pages\/1175","targetHints":{"allow":["GET"]}}],"collection":[{"href":"https:\/\/www2.unifap.br\/nuphce\/wp-json\/wp\/v2\/pages"}],"about":[{"href":"https:\/\/www2.unifap.br\/nuphce\/wp-json\/wp\/v2\/types\/page"}],"author":[{"embeddable":true,"href":"https:\/\/www2.unifap.br\/nuphce\/wp-json\/wp\/v2\/users\/606"}],"replies":[{"embeddable":true,"href":"https:\/\/www2.unifap.br\/nuphce\/wp-json\/wp\/v2\/comments?post=1175"}],"version-history":[{"count":52,"href":"https:\/\/www2.unifap.br\/nuphce\/wp-json\/wp\/v2\/pages\/1175\/revisions"}],"predecessor-version":[{"id":1722,"href":"https:\/\/www2.unifap.br\/nuphce\/wp-json\/wp\/v2\/pages\/1175\/revisions\/1722"}],"up":[{"embeddable":true,"href":"https:\/\/www2.unifap.br\/nuphce\/wp-json\/wp\/v2\/pages\/197"}],"wp:attachment":[{"href":"https:\/\/www2.unifap.br\/nuphce\/wp-json\/wp\/v2\/media?parent=1175"}],"curies":[{"name":"wp","href":"https:\/\/api.w.org\/{rel}","templated":true}]}}