{"id":1470,"date":"2021-11-01T07:17:12","date_gmt":"2021-11-01T07:17:12","guid":{"rendered":"http:\/\/www2.unifap.br\/nuphce\/?page_id=1470"},"modified":"2022-05-31T11:29:41","modified_gmt":"2022-05-31T11:29:41","slug":"livro","status":"publish","type":"page","link":"https:\/\/www2.unifap.br\/nuphce\/producao\/livro\/","title":{"rendered":"Livro"},"content":{"rendered":"<p><strong>Preprint\u00a0 \u00a0 <\/strong>(Em breve a postagem).<\/p>\n<p>&nbsp;<\/p>\n<p>&nbsp;<\/p>\n<p><a href=\"http:\/\/www2.unifap.br\/nuphce\/files\/2022\/05\/Livro-2022.png\"><img decoding=\"async\" class=\" wp-image-1718 alignleft\" src=\"http:\/\/www2.unifap.br\/nuphce\/files\/2022\/05\/Livro-2022.png\" alt=\"\" width=\"125\" height=\"175\" \/><\/a><\/p>\n<p>&nbsp;<\/p>\n<p>LOBATO, Sidney; VASQUEZ, Eliane Leal; MARTINS, CarmentiLla das Chagas. (Org.)<strong>.<\/strong> <a href=\"https:\/\/drive.google.com\/file\/d\/14I1lG1cPe7Mtqof4BBBOTBA5B31RCHUF\/view\"><strong>Curr\u00edculo e Concep\u00e7\u00f5es da Hist\u00f3ria Ensinada<\/strong><\/a>. 1. ed. Curitiba: CRV, 2022. (Cole\u00e7\u00e3o Aprender Hist\u00f3ria, Vol. 1).<\/p>\n<p>&nbsp;<\/p>\n<p>&nbsp;<\/p>\n<p>&nbsp;<\/p>\n<p>&nbsp;<\/p>\n<p><a href=\"http:\/\/www2.unifap.br\/nuphce\/files\/2021\/11\/Capa-de-livro-digital.png\"><img decoding=\"async\" class=\" wp-image-1688 alignleft\" src=\"http:\/\/www2.unifap.br\/nuphce\/files\/2021\/11\/Capa-de-livro-digital-202x300.png\" alt=\"\" width=\"114\" height=\"169\" srcset=\"https:\/\/www2.unifap.br\/nuphce\/files\/2021\/11\/Capa-de-livro-digital-202x300.png 202w, https:\/\/www2.unifap.br\/nuphce\/files\/2021\/11\/Capa-de-livro-digital-688x1024.png 688w, https:\/\/www2.unifap.br\/nuphce\/files\/2021\/11\/Capa-de-livro-digital.png 693w\" sizes=\"(max-width: 114px) 100vw, 114px\" \/><\/a><\/p>\n<p>&nbsp;<\/p>\n<p>VASQUEZ, Eliane Leal; ABREU, Almiro Alves de; FEIO, Leila do Socorro Rodrigues. (Org.). <strong><a href=\"https:\/\/www.editoranavegando.com\/livro-educa\u00e7\u00e3o-pris\u00f5es\">Educa\u00e7\u00e3o Penitenci\u00e1ria Amapaense: Demandas recorrentes e formula\u00e7\u00e3o da pol\u00edtica educacional<\/a><\/strong><span style=\"color: #000000\">.<\/span> Uberl\u00e2ndia: Navegando Publica\u00e7\u00f5es, 2020. (Cole\u00e7\u00e3o Educar na Pris\u00e3o e Escola, Vol. 1).<\/p>\n<p>&nbsp;<\/p>\n<p>&nbsp;<\/p>\n<p>&nbsp;<\/p>\n<p><a href=\"http:\/\/www2.unifap.br\/nuphce\/files\/2021\/11\/Sociedade-Cativa.png\"><img decoding=\"async\" class=\"alignleft wp-image-1477\" src=\"http:\/\/www2.unifap.br\/nuphce\/files\/2021\/11\/Sociedade-Cativa-209x300.png\" alt=\"\" width=\"119\" height=\"170\" srcset=\"https:\/\/www2.unifap.br\/nuphce\/files\/2021\/11\/Sociedade-Cativa-209x300.png 209w, https:\/\/www2.unifap.br\/nuphce\/files\/2021\/11\/Sociedade-Cativa.png 547w\" sizes=\"(max-width: 119px) 100vw, 119px\" \/><\/a><\/p>\n<p>&nbsp;<\/p>\n<p>&nbsp;<\/p>\n<p>VASQUEZ, Eliane Leal Vasquez. <strong><em>Sociedade Cativa. Entre Cultura Escolar e Cultura Prisional: Uma incurs\u00e3o pela ci\u00eancia penitenci\u00e1ria<\/em><\/strong>.\u00a0 2.ed rev. Rio de Janeiro: CBJE, 2015.<\/p>\n<p>&nbsp;<\/p>\n<p>&nbsp;<\/p>\n<p>&nbsp;<\/p>\n<p>&nbsp;<\/p>\n<p><a href=\"http:\/\/www2.unifap.br\/nuphce\/files\/2020\/09\/Capa_Ju.png\"><img loading=\"lazy\" decoding=\"async\" class=\"alignleft wp-image-1210\" src=\"http:\/\/www2.unifap.br\/nuphce\/files\/2020\/09\/Capa_Ju-214x300.png\" alt=\"\" width=\"114\" height=\"160\" srcset=\"https:\/\/www2.unifap.br\/nuphce\/files\/2020\/09\/Capa_Ju-214x300.png 214w, https:\/\/www2.unifap.br\/nuphce\/files\/2020\/09\/Capa_Ju-731x1024.png 731w, https:\/\/www2.unifap.br\/nuphce\/files\/2020\/09\/Capa_Ju-768x1075.png 768w, https:\/\/www2.unifap.br\/nuphce\/files\/2020\/09\/Capa_Ju.png 1035w\" sizes=\"(max-width: 114px) 100vw, 114px\" \/><\/a><\/p>\n<p>&nbsp;<\/p>\n<p>BARREIROS, Jussara de Pinho. <strong><em>Identidade,Territ\u00f3rio e Pol\u00edticas Socioambientais: Estudo de caso da etnia Karipuna, na aldeia Manga, no munic\u00edpio do Oiapoque-Amap\u00e1<\/em><\/strong>. 1.ed. Saarbr\u00fccken: Novas Edi\u00e7\u00f5es Acad\u00eamicas, 2016.<\/p>\n<p>&nbsp;<\/p>\n<p>&nbsp;<\/p>\n<p>&nbsp;<\/p>\n<p style=\"text-align: right\">Postagem:<\/p>\n<p style=\"text-align: right\"><a href=\"http:\/\/www2.unifap.br\/nuphce\/files\/2021\/11\/NUPHCE-para-canal-2.png\"><img loading=\"lazy\" decoding=\"async\" class=\" wp-image-1572 alignright\" src=\"http:\/\/www2.unifap.br\/nuphce\/files\/2021\/11\/NUPHCE-para-canal-2.png\" alt=\"\" width=\"76\" height=\"76\" srcset=\"https:\/\/www2.unifap.br\/nuphce\/files\/2021\/11\/NUPHCE-para-canal-2.png 150w, https:\/\/www2.unifap.br\/nuphce\/files\/2021\/11\/NUPHCE-para-canal-2-70x70.png 70w\" sizes=\"(max-width: 76px) 100vw, 76px\" \/><\/a><\/p>\n","protected":false},"excerpt":{"rendered":"<p>Preprint\u00a0 \u00a0 (Em breve a postagem). &nbsp; &nbsp; &nbsp; LOBATO, Sidney; VASQUEZ, Eliane Leal; MARTINS, CarmentiLla das Chagas. (Org.). Curr\u00edculo e Concep\u00e7\u00f5es da Hist\u00f3ria Ensinada. 1. ed. Curitiba: CRV, 2022. (Cole\u00e7\u00e3o Aprender Hist\u00f3ria, Vol. 1). &nbsp; &nbsp; &nbsp; &nbsp; &nbsp;&hellip; <\/p>\n<p><a href=\"https:\/\/www2.unifap.br\/nuphce\/producao\/livro\/\" class=\"readmore-button\">Continue Reading<\/a><\/p>\n","protected":false},"author":606,"featured_media":0,"parent":197,"menu_order":6,"comment_status":"closed","ping_status":"closed","template":"","meta":{"inline_featured_image":false,"ngg_post_thumbnail":0,"footnotes":""},"class_list":["post-1470","page","type-page","status-publish","hentry"],"_links":{"self":[{"href":"https:\/\/www2.unifap.br\/nuphce\/wp-json\/wp\/v2\/pages\/1470","targetHints":{"allow":["GET"]}}],"collection":[{"href":"https:\/\/www2.unifap.br\/nuphce\/wp-json\/wp\/v2\/pages"}],"about":[{"href":"https:\/\/www2.unifap.br\/nuphce\/wp-json\/wp\/v2\/types\/page"}],"author":[{"embeddable":true,"href":"https:\/\/www2.unifap.br\/nuphce\/wp-json\/wp\/v2\/users\/606"}],"replies":[{"embeddable":true,"href":"https:\/\/www2.unifap.br\/nuphce\/wp-json\/wp\/v2\/comments?post=1470"}],"version-history":[{"count":11,"href":"https:\/\/www2.unifap.br\/nuphce\/wp-json\/wp\/v2\/pages\/1470\/revisions"}],"predecessor-version":[{"id":1719,"href":"https:\/\/www2.unifap.br\/nuphce\/wp-json\/wp\/v2\/pages\/1470\/revisions\/1719"}],"up":[{"embeddable":true,"href":"https:\/\/www2.unifap.br\/nuphce\/wp-json\/wp\/v2\/pages\/197"}],"wp:attachment":[{"href":"https:\/\/www2.unifap.br\/nuphce\/wp-json\/wp\/v2\/media?parent=1470"}],"curies":[{"name":"wp","href":"https:\/\/api.w.org\/{rel}","templated":true}]}}