{"id":1490,"date":"2021-11-01T22:07:05","date_gmt":"2021-11-01T22:07:05","guid":{"rendered":"http:\/\/www2.unifap.br\/nuphce\/?page_id=1490"},"modified":"2022-01-31T13:56:13","modified_gmt":"2022-01-31T13:56:13","slug":"contato","status":"publish","type":"page","link":"https:\/\/www2.unifap.br\/nuphce\/contato\/","title":{"rendered":"Contato, Certifica\u00e7\u00e3o e Localiza\u00e7\u00e3o"},"content":{"rendered":"<ul>\n<li><strong>Endere\u00e7o postal<\/strong>:<\/li>\n<\/ul>\n<p>Rodovia Juscelino Kubitschek, km 02, Bairro: Jardim Marco Zero, Macap\u00e1-AP, CEP: 68903-419, Bloco P, Sala P2.<\/p>\n<p>&nbsp;<\/p>\n<ul>\n<li><strong>Endere\u00e7o eletr\u00f4nico<\/strong>:<\/li>\n<\/ul>\n<p>nuphce@unifap.br<\/p>\n<p>&nbsp;<\/p>\n<ul>\n<li><strong>Certifica\u00e7\u00e3o no Diret\u00f3rio de Grupos de Pesquisas no Brasil<\/strong>:<\/li>\n<\/ul>\n<p>Acesso:\u00a0<a href=\"http:\/\/dgp.cnpq.br\/dgp\/espelhorh\/2391390992585658\">http:\/\/dgp.cnpq.br\/dgp\/espelhorh\/2391390992585658<\/a><\/p>\n<p>&nbsp;<\/p>\n<ul>\n<li><strong>Localiza\u00e7\u00e3o do NUPHCE\/UNIFAP\/Campus Marco Zero do Equador<\/strong>:<\/li>\n<\/ul>\n<p style=\"text-align: left\"><a href=\"http:\/\/www2.unifap.br\/nuphce\/files\/2021\/11\/Locali\u00e7\u00e3o-1.png\"><img fetchpriority=\"high\" decoding=\"async\" class=\"aligncenter wp-image-1510\" src=\"http:\/\/www2.unifap.br\/nuphce\/files\/2021\/11\/Locali\u00e7\u00e3o-1.png\" alt=\"\" width=\"837\" height=\"480\" srcset=\"https:\/\/www2.unifap.br\/nuphce\/files\/2021\/11\/Locali\u00e7\u00e3o-1.png 1016w, https:\/\/www2.unifap.br\/nuphce\/files\/2021\/11\/Locali\u00e7\u00e3o-1-300x172.png 300w, https:\/\/www2.unifap.br\/nuphce\/files\/2021\/11\/Locali\u00e7\u00e3o-1-768x440.png 768w\" sizes=\"(max-width: 837px) 100vw, 837px\" \/><\/a><\/p>\n<p style=\"text-align: center\">Fonte: (GOOGLE MAPS, 2021).<\/p>\n","protected":false},"excerpt":{"rendered":"<p>Endere\u00e7o postal: Rodovia Juscelino Kubitschek, km 02, Bairro: Jardim Marco Zero, Macap\u00e1-AP, CEP: 68903-419, Bloco P, Sala P2. &nbsp; Endere\u00e7o eletr\u00f4nico: nuphce@unifap.br &nbsp; Certifica\u00e7\u00e3o no Diret\u00f3rio de Grupos de Pesquisas no Brasil: Acesso:\u00a0http:\/\/dgp.cnpq.br\/dgp\/espelhorh\/2391390992585658 &nbsp; Localiza\u00e7\u00e3o do NUPHCE\/UNIFAP\/Campus Marco Zero do&hellip; <\/p>\n<p><a href=\"https:\/\/www2.unifap.br\/nuphce\/contato\/\" class=\"readmore-button\">Continue Reading<\/a><\/p>\n","protected":false},"author":606,"featured_media":0,"parent":0,"menu_order":8,"comment_status":"closed","ping_status":"closed","template":"","meta":{"inline_featured_image":false,"ngg_post_thumbnail":0,"footnotes":""},"class_list":["post-1490","page","type-page","status-publish","hentry"],"_links":{"self":[{"href":"https:\/\/www2.unifap.br\/nuphce\/wp-json\/wp\/v2\/pages\/1490","targetHints":{"allow":["GET"]}}],"collection":[{"href":"https:\/\/www2.unifap.br\/nuphce\/wp-json\/wp\/v2\/pages"}],"about":[{"href":"https:\/\/www2.unifap.br\/nuphce\/wp-json\/wp\/v2\/types\/page"}],"author":[{"embeddable":true,"href":"https:\/\/www2.unifap.br\/nuphce\/wp-json\/wp\/v2\/users\/606"}],"replies":[{"embeddable":true,"href":"https:\/\/www2.unifap.br\/nuphce\/wp-json\/wp\/v2\/comments?post=1490"}],"version-history":[{"count":7,"href":"https:\/\/www2.unifap.br\/nuphce\/wp-json\/wp\/v2\/pages\/1490\/revisions"}],"predecessor-version":[{"id":1711,"href":"https:\/\/www2.unifap.br\/nuphce\/wp-json\/wp\/v2\/pages\/1490\/revisions\/1711"}],"wp:attachment":[{"href":"https:\/\/www2.unifap.br\/nuphce\/wp-json\/wp\/v2\/media?parent=1490"}],"curies":[{"name":"wp","href":"https:\/\/api.w.org\/{rel}","templated":true}]}}