{"id":1539,"date":"2021-11-02T02:24:03","date_gmt":"2021-11-02T02:24:03","guid":{"rendered":"http:\/\/www2.unifap.br\/nuphce\/?page_id=1539"},"modified":"2023-12-31T02:14:54","modified_gmt":"2023-12-31T02:14:54","slug":"egressos","status":"publish","type":"page","link":"https:\/\/www2.unifap.br\/nuphce\/pagina-exemplo\/yyyy\/egressos\/","title":{"rendered":"Estudantes da Gradua\u00e7\u00e3o em Licenciatura Intercultural Ind\u00edgena"},"content":{"rendered":"<p><strong>* Egressos do NUPHCE\/UNIFAP\/Campus Binacional de Oiapoque<\/strong>:<\/p>\n<p>&nbsp;<\/p>\n<p style=\"text-align: left\"><strong><a href=\"http:\/\/www2.unifap.br\/nuphce\/files\/2021\/11\/Alencar-Santos-rotated.jpg\"><img decoding=\"async\" class=\"wp-image-1557 alignleft\" src=\"http:\/\/www2.unifap.br\/nuphce\/files\/2021\/11\/Alencar-Santos-149x150.jpg\" alt=\"\" width=\"96\" height=\"97\" srcset=\"https:\/\/www2.unifap.br\/nuphce\/files\/2021\/11\/Alencar-Santos-149x150.jpg 149w, https:\/\/www2.unifap.br\/nuphce\/files\/2021\/11\/Alencar-Santos-70x70.jpg 70w\" sizes=\"(max-width: 96px) 100vw, 96px\" \/><\/a><\/strong><\/p>\n<p>&nbsp;<\/p>\n<p>&nbsp;<\/p>\n<p style=\"text-align: left\"><strong>Alencar Campos dos Santos <\/strong>&#8211; (Estudante do Curso de Lic. Intercultural Ind\u00edgena &#8211; CLII\/UNIFAP)<\/p>\n<p><strong>Curr\u00edculo Lattes<\/strong>:\u00a0<a href=\"http:\/\/lattes.cnpq.br\/5060941606263956\">http:\/\/lattes.cnpq.br\/5060941606263956<\/a><\/p>\n<p><strong>\u00c1rea de habilita\u00e7\u00e3o<\/strong>: Ci\u00eancias Exatas e da Natureza<\/p>\n<p>&nbsp;<\/p>\n<p>&nbsp;<\/p>\n<p>&nbsp;<\/p>\n<p><strong><a href=\"http:\/\/www2.unifap.br\/nuphce\/files\/2021\/11\/Alarcidio3.png\"><img decoding=\"async\" class=\" wp-image-1562 alignleft\" src=\"http:\/\/www2.unifap.br\/nuphce\/files\/2021\/11\/Alarcidio3.png\" alt=\"\" width=\"78\" height=\"115\" \/><\/a><\/strong><\/p>\n<p>&nbsp;<\/p>\n<p>&nbsp;<\/p>\n<p><strong>Alarcidio Figueiredo Narciso <\/strong>&#8211; (Estudante do Curso de Lic. Intercultural Ind\u00edgena &#8211; CLII\/UNIFAP)<\/p>\n<p><strong>Curr\u00edculo Lattes<\/strong>:\u00a0<a href=\"http:\/\/lattes.cnpq.br\/8954410858390877\">http:\/\/lattes.cnpq.br\/8954410858390877<\/a><\/p>\n<p><strong>\u00c1rea de habilita\u00e7\u00e3o<\/strong>: Ci\u00eancias Exatas e da Natureza<\/p>\n<p>&nbsp;<\/p>\n<p>&nbsp;<\/p>\n<p>&nbsp;<\/p>\n<p><strong><a href=\"http:\/\/www2.unifap.br\/nuphce\/files\/2021\/11\/Ereu-Apalai.jpg\"><img decoding=\"async\" class=\" wp-image-1558 alignleft\" src=\"http:\/\/www2.unifap.br\/nuphce\/files\/2021\/11\/Ereu-Apalai-150x150.jpg\" alt=\"\" width=\"94\" height=\"94\" srcset=\"https:\/\/www2.unifap.br\/nuphce\/files\/2021\/11\/Ereu-Apalai-150x150.jpg 150w, https:\/\/www2.unifap.br\/nuphce\/files\/2021\/11\/Ereu-Apalai-70x70.jpg 70w\" sizes=\"(max-width: 94px) 100vw, 94px\" \/><\/a><\/strong><\/p>\n<p>&nbsp;<\/p>\n<p>&nbsp;<\/p>\n<p><strong>Ereu Apalai<\/strong>\u00a0 &#8211; (Estudante do Curso de Lic. Intercultural Ind\u00edgena &#8211; CLII\/UNIFAP)<\/p>\n<p><strong>Curr\u00edculo Lattes<\/strong>:\u00a0<a href=\"http:\/\/lattes.cnpq.br\/9143709361755211\">http:\/\/lattes.cnpq.br\/9143709361755211<\/a><\/p>\n<p><strong>\u00c1rea de habilita\u00e7\u00e3o<\/strong>: Ci\u00eancias das Linguagens e C\u00f3digos.<\/p>\n<p>&nbsp;<\/p>\n<p>&nbsp;<\/p>\n<p>&nbsp;<\/p>\n<p><strong><a href=\"http:\/\/www2.unifap.br\/nuphce\/files\/2021\/11\/Frankselma.jpg\"><img loading=\"lazy\" decoding=\"async\" class=\" wp-image-1559 alignleft\" src=\"http:\/\/www2.unifap.br\/nuphce\/files\/2021\/11\/Frankselma-150x150.jpg\" alt=\"\" width=\"97\" height=\"97\" srcset=\"https:\/\/www2.unifap.br\/nuphce\/files\/2021\/11\/Frankselma-150x150.jpg 150w, https:\/\/www2.unifap.br\/nuphce\/files\/2021\/11\/Frankselma-70x70.jpg 70w\" sizes=\"(max-width: 97px) 100vw, 97px\" \/><\/a><\/strong><\/p>\n<p>&nbsp;<\/p>\n<p>&nbsp;<\/p>\n<p><strong>Frankselma dos Santos Barroso <\/strong>&#8211; (Estudante do Curso de Lic. Intercultural Ind\u00edgena &#8211; CLII\/UNIFAP)<\/p>\n<p><strong>Curr\u00edculo Lattes<\/strong>:\u00a0<a href=\"http:\/\/lattes.cnpq.br\/3753193163043710\">http:\/\/lattes.cnpq.br\/3753193163043710<\/a><\/p>\n<p><strong>\u00c1rea de habilita\u00e7\u00e3o<\/strong>: Ci\u00eancias Exatas e da Natureza.<\/p>\n<p>&nbsp;<\/p>\n<p>&nbsp;<\/p>\n<p>&nbsp;<\/p>\n<p><strong><a href=\"http:\/\/www2.unifap.br\/nuphce\/files\/2021\/11\/Jaizinho.jpg\"><img loading=\"lazy\" decoding=\"async\" class=\"wp-image-1560 alignnone\" src=\"http:\/\/www2.unifap.br\/nuphce\/files\/2021\/11\/Jaizinho-150x150.jpg\" alt=\"\" width=\"85\" height=\"85\" srcset=\"https:\/\/www2.unifap.br\/nuphce\/files\/2021\/11\/Jaizinho-150x150.jpg 150w, https:\/\/www2.unifap.br\/nuphce\/files\/2021\/11\/Jaizinho-300x300.jpg 300w, https:\/\/www2.unifap.br\/nuphce\/files\/2021\/11\/Jaizinho-768x769.jpg 768w, https:\/\/www2.unifap.br\/nuphce\/files\/2021\/11\/Jaizinho-70x70.jpg 70w, https:\/\/www2.unifap.br\/nuphce\/files\/2021\/11\/Jaizinho.jpg 975w\" sizes=\"(max-width: 85px) 100vw, 85px\" \/> \u00a0 <\/a>Jaizinho Maur\u00edcio Monteiro <\/strong>&#8211; (Estudante do Curso de Lic. Intercultural Ind\u00edgena e da Especializa\u00e7\u00e3o em Ensino de Matem\u00e1tica para o Ensino M\u00e9dio &#8211; CLII\/UNIFAP)<\/p>\n<p><strong>Curr\u00edculo Lattes<\/strong>:\u00a0<a href=\"http:\/\/lattes.cnpq.br\/7047056650032076\">http:\/\/lattes.cnpq.br\/7047056650032076<\/a><\/p>\n<p><strong>\u00c1rea de habilita\u00e7\u00e3o<\/strong>: Ci\u00eancias Exatas e da Natureza.<\/p>\n<p>&nbsp;<\/p>\n<p>&nbsp;<\/p>\n<p>&nbsp;<\/p>\n<p><strong><a href=\"http:\/\/www2.unifap.br\/nuphce\/files\/2021\/11\/Joesio.jpg\"><img loading=\"lazy\" decoding=\"async\" class=\" wp-image-1561 alignnone\" src=\"http:\/\/www2.unifap.br\/nuphce\/files\/2021\/11\/Joesio-150x150.jpg\" alt=\"\" width=\"88\" height=\"88\" srcset=\"https:\/\/www2.unifap.br\/nuphce\/files\/2021\/11\/Joesio-150x150.jpg 150w, https:\/\/www2.unifap.br\/nuphce\/files\/2021\/11\/Joesio-70x70.jpg 70w\" sizes=\"(max-width: 88px) 100vw, 88px\" \/> <\/a>\u00a0 Joesio Charles<\/strong>\u00a0 &#8211; \u00a0(Estudante do Curso de Lic. Intercultural Ind\u00edgena &#8211; CLII\/UNIFAP)<\/p>\n<p><strong>Curr\u00edculo Lattes<\/strong>:\u00a0<a href=\"http:\/\/lattes.cnpq.br\/3177983210082283\">http:\/\/lattes.cnpq.br\/3177983210082283<\/a><\/p>\n<p><strong>\u00c1rea de habilita\u00e7\u00e3o<\/strong>: Ci\u00eancias Exatas e da Natureza.<\/p>\n<p>&nbsp;<\/p>\n<p>&nbsp;<\/p>\n<p><strong>Maria S\u00f4nia Anik\u00e1 <\/strong>&#8211; (Estudante do Curso de Lic. Intercultural Ind\u00edgena &#8211; CLII\/UNIFAP)<\/p>\n<p><strong>Curr\u00edculo Lattes<\/strong>:\u00a0<a href=\"http:\/\/lattes.cnpq.br\/8005143166719612\">http:\/\/lattes.cnpq.br\/8005143166719612<\/a><\/p>\n<p><strong>\u00c1rea de habilita\u00e7\u00e3o<\/strong>: Ci\u00eancias das Linguagens e C\u00f3digos.<\/p>\n<p>&nbsp;<\/p>\n<p>&nbsp;<\/p>\n<p><strong>Samuel Apalai <\/strong>&#8211; (Estudante do Curso de Lic. Intercultural Ind\u00edgena &#8211; CLII\/UNIFAP)<\/p>\n<p><strong>\u00c1rea de habilita\u00e7\u00e3o<\/strong>: Ci\u00eancias Exatas e da Natureza.<\/p>\n<p>&nbsp;<\/p>\n<p style=\"text-align: right\">Postagem:<\/p>\n<p style=\"text-align: right\"><a href=\"http:\/\/www2.unifap.br\/nuphce\/files\/2021\/11\/NUPHCE-para-canal.png\"><img loading=\"lazy\" decoding=\"async\" class=\" wp-image-1540 alignright\" src=\"http:\/\/www2.unifap.br\/nuphce\/files\/2021\/11\/NUPHCE-para-canal.png\" alt=\"\" width=\"94\" height=\"94\" srcset=\"https:\/\/www2.unifap.br\/nuphce\/files\/2021\/11\/NUPHCE-para-canal.png 150w, https:\/\/www2.unifap.br\/nuphce\/files\/2021\/11\/NUPHCE-para-canal-70x70.png 70w\" sizes=\"(max-width: 94px) 100vw, 94px\" \/><\/a><\/p>\n<p>&nbsp;<\/p>\n","protected":false},"excerpt":{"rendered":"<p>* Egressos do NUPHCE\/UNIFAP\/Campus Binacional de Oiapoque: &nbsp; &nbsp; &nbsp; Alencar Campos dos Santos &#8211; (Estudante do Curso de Lic. Intercultural Ind\u00edgena &#8211; CLII\/UNIFAP) Curr\u00edculo Lattes:\u00a0http:\/\/lattes.cnpq.br\/5060941606263956 \u00c1rea de habilita\u00e7\u00e3o: Ci\u00eancias Exatas e da Natureza &nbsp; &nbsp; &nbsp; &nbsp; &nbsp; Alarcidio&hellip; <\/p>\n<p><a href=\"https:\/\/www2.unifap.br\/nuphce\/pagina-exemplo\/yyyy\/egressos\/\" class=\"readmore-button\">Continue Reading<\/a><\/p>\n","protected":false},"author":606,"featured_media":0,"parent":108,"menu_order":1,"comment_status":"closed","ping_status":"closed","template":"","meta":{"inline_featured_image":false,"ngg_post_thumbnail":0,"footnotes":""},"class_list":["post-1539","page","type-page","status-publish","hentry"],"_links":{"self":[{"href":"https:\/\/www2.unifap.br\/nuphce\/wp-json\/wp\/v2\/pages\/1539","targetHints":{"allow":["GET"]}}],"collection":[{"href":"https:\/\/www2.unifap.br\/nuphce\/wp-json\/wp\/v2\/pages"}],"about":[{"href":"https:\/\/www2.unifap.br\/nuphce\/wp-json\/wp\/v2\/types\/page"}],"author":[{"embeddable":true,"href":"https:\/\/www2.unifap.br\/nuphce\/wp-json\/wp\/v2\/users\/606"}],"replies":[{"embeddable":true,"href":"https:\/\/www2.unifap.br\/nuphce\/wp-json\/wp\/v2\/comments?post=1539"}],"version-history":[{"count":10,"href":"https:\/\/www2.unifap.br\/nuphce\/wp-json\/wp\/v2\/pages\/1539\/revisions"}],"predecessor-version":[{"id":1860,"href":"https:\/\/www2.unifap.br\/nuphce\/wp-json\/wp\/v2\/pages\/1539\/revisions\/1860"}],"up":[{"embeddable":true,"href":"https:\/\/www2.unifap.br\/nuphce\/wp-json\/wp\/v2\/pages\/108"}],"wp:attachment":[{"href":"https:\/\/www2.unifap.br\/nuphce\/wp-json\/wp\/v2\/media?parent=1539"}],"curies":[{"name":"wp","href":"https:\/\/api.w.org\/{rel}","templated":true}]}}