{"id":1549,"date":"2021-11-02T04:37:08","date_gmt":"2021-11-02T04:37:08","guid":{"rendered":"http:\/\/www2.unifap.br\/nuphce\/?page_id=1549"},"modified":"2023-12-31T04:42:23","modified_gmt":"2023-12-31T04:42:23","slug":"monografia","status":"publish","type":"page","link":"https:\/\/www2.unifap.br\/nuphce\/producao\/monografia\/","title":{"rendered":"Monografia"},"content":{"rendered":"<p><strong>Monografias do Curso de Lic. Intercultural Ind\u00edgena da UNIFAP (2011-2016), \u00e1reas de Ci\u00eancias Exatas e da Natureza \/ Ci\u00eancias das Linguagens e C\u00f3digos:<\/strong><\/p>\n<p>&nbsp;<\/p>\n<ul>\n<li>SANTOS, Naldo dos. <strong>Marcas Ind\u00edgenas do Povo Galibi-Marworno:\u00a0O despertar do ensino da matem\u00e1tica na escola ind\u00edgena<\/strong>. Monografia. (Gradua\u00e7\u00e3o em Licenciatura Intercultural Ind\u00edgena) &#8211; Universidade Federal do Amap\u00e1. Oiapoque, 2011.<\/li>\n<\/ul>\n<p>&nbsp;<\/p>\n<ul>\n<li>APALAI, Aturapoty. <strong>Arte Ind\u00edgena Apalai: A utiliza\u00e7\u00e3o da flauta como instrumento musical na Aldeia Bona &#8211; Terra Ind\u00edgena Rio Paru d&#8217; Leste<\/strong>. Monografia. (Gradua\u00e7\u00e3o em Licenciatura Intercultural Ind\u00edgena) &#8211; Universidade Federal do Amap\u00e1. Oiapoque, 2013.<\/li>\n<\/ul>\n<p>&nbsp;<\/p>\n<ul>\n<li>APALAI, Ereu. <strong>Artesanato Aparai: O uso dos grafismos nas cestarias dos Povos da Terra Ind\u00edgena Rio Paru de Leste\/norte do Par\u00e1<\/strong>. Monografia. (Gradua\u00e7\u00e3o em Licenciatura Intercultural Ind\u00edgena) &#8211; Universidade Federal do Amap\u00e1. Oiapoque, 2014.<\/li>\n<\/ul>\n<p>&nbsp;<\/p>\n<ul>\n<li>ANIK\u00c1, Maria S\u00f4nia.<strong>\u00a0Arte Ind\u00edgena Karipuna: Um estudo do grafismo kuah\u00ed, na cuia e no corpo na aldeia Manga<\/strong>. Monografia. (Gradua\u00e7\u00e3o em Licenciatura Intercultural Ind\u00edgena) -Universidade Federal do Amap\u00e1. Oiapoque, 2014.<\/li>\n<\/ul>\n<p>&nbsp;<\/p>\n<ul>\n<li>NARCISO, Alarcidio Figueiredo. <strong>Sistema de Medidas Diferenciado utilizado em Pr\u00e1ticas Laborais pelo Povo Galibi-Marworno: Uma pesquisa em\u00a0etnomatem\u00e1tica<\/strong>. Monografia. (Gradua\u00e7\u00e3o em Licenciatura Intercultural Ind\u00edgena) &#8211; Universidade Federal do Amap\u00e1, Oiapoque, 2014.<\/li>\n<\/ul>\n<p>&nbsp;<\/p>\n<ul>\n<li>MONTEIRO, Jaizinho Maur\u00edcio; SANTOS, Izardes Charles dos. <strong>Geometria Plana e Marcas Ind\u00edgenas da Cultura Galibi-Marworno: Reflex\u00f5es sobre materiais did\u00e1ticos<\/strong>. Monografia. (Gradua\u00e7\u00e3o em Licenciatura Intercultural Ind\u00edgena) &#8211; Universidade Federal do Amap\u00e1, Oiapoque, 2014.<\/li>\n<\/ul>\n<p>&nbsp;<\/p>\n<ul>\n<li>APALAI, Samuel; BARROSO, Frankselma dos Santos.\u00a0 <strong>Ci\u00eancias Exatas e da Natureza na Educa\u00e7\u00e3o Superior Ind\u00edgena: Um estudo na interface hist\u00f3ria da universidade e da ci\u00eancia<\/strong>. Monografia. (Gradua\u00e7\u00e3o em Licenciatura Intercultural Ind\u00edgena) -Universidade Federal do Amap\u00e1, Macap\u00e1, 2016.<\/li>\n<\/ul>\n<p>&nbsp;<\/p>\n<ul>\n<li>CHARLES, Joesio; SANTOS, Alencar Campos dos. <strong>Modelagem Matem\u00e1tica para Educa\u00e7\u00e3o Escolar Ind\u00edgena: \u00a0Produ\u00e7\u00e3o de farinha como situa\u00e7\u00e3o-problema para o ensino de matem\u00e1tica<\/strong>. Monografia. (Gradua\u00e7\u00e3o em Licenciatura Intercultural Ind\u00edgena) &#8211; Universidade Federal do Amap\u00e1, Oiapoque, 2016.<\/li>\n<\/ul>\n<p>&nbsp;<\/p>\n<ul>\n<li>MACIEL, Gelson Pastana. <strong>Adornos Corporais utilizados na Dan\u00e7a Tur\u00e9 pelos Galibi-Marworno<\/strong>. Monografia. (Gradua\u00e7\u00e3o em Licenciatura Intercultural Ind\u00edgena) &#8211; Universidade Federal do Amap\u00e1. Macap\u00e1, 2016.<\/li>\n<\/ul>\n<p>&nbsp;<\/p>\n<ul>\n<li>WAJ\u00c3PI, Seki. <strong>O Ensino e Aprendizagem de Matem\u00e1tica nas aldeias \u00a0Okora&#8217;yry e Aramir\u00e3: Uma discuss\u00e3o sobre a proposta curricular para as escolas Waj\u00e3pi<\/strong>. Monografia. (Gradua\u00e7\u00e3o em Licenciatura Intercultural Ind\u00edgena) &#8211; Universidade Federal do Amap\u00e1. Macap\u00e1, 2016.<\/li>\n<\/ul>\n<p>&nbsp;<\/p>\n<p><strong>Monografia do Curso de Gradua\u00e7\u00e3o em Matem\u00e1tica (UNIFAP)<\/strong>:<\/p>\n<p>&nbsp;<\/p>\n<ul>\n<li>NUNES, Rafael Rodrigues. <strong>A Experi\u00eancia de uma Oficina Online de Aritm\u00e9tica Bin\u00e1ria no Ensino Superior: Uma abordagem hist\u00f3rica e com uso de tecnologia digital<\/strong>. Monografia (Gradua\u00e7\u00e3o em Matem\u00e1tica) &#8211; Universidade Federal do Amap\u00e1, Macap\u00e1, 2021.<\/li>\n<\/ul>\n<p>&nbsp;<\/p>\n<ul>\n<li>CAMBUY, Tarcisio da Silva.\u00a0<strong>Webquest de Estat\u00edstica para o Ensino Carcer\u00e1rio: Uma proposta para uma escola p\u00fablica no norte do Brasil<\/strong>. Monografia (Gradua\u00e7\u00e3o em Matem\u00e1tica) &#8211; Universidade Federal do Amap\u00e1, Macap\u00e1, 2023.<\/li>\n<\/ul>\n<p>&nbsp;<\/p>\n<p>&nbsp;<\/p>\n<p style=\"text-align: right\">Postagem:<\/p>\n<p><a href=\"http:\/\/www2.unifap.br\/nuphce\/files\/2021\/11\/NUPHCE-para-canal.png\"><img decoding=\"async\" class=\" wp-image-1540 alignright\" src=\"http:\/\/www2.unifap.br\/nuphce\/files\/2021\/11\/NUPHCE-para-canal.png\" alt=\"\" width=\"88\" height=\"88\" srcset=\"https:\/\/www2.unifap.br\/nuphce\/files\/2021\/11\/NUPHCE-para-canal.png 150w, https:\/\/www2.unifap.br\/nuphce\/files\/2021\/11\/NUPHCE-para-canal-70x70.png 70w\" sizes=\"(max-width: 88px) 100vw, 88px\" \/><\/a><\/p>\n<p style=\"text-align: right\">\n","protected":false},"excerpt":{"rendered":"<p>Monografias do Curso de Lic. Intercultural Ind\u00edgena da UNIFAP (2011-2016), \u00e1reas de Ci\u00eancias Exatas e da Natureza \/ Ci\u00eancias das Linguagens e C\u00f3digos: &nbsp; SANTOS, Naldo dos. Marcas Ind\u00edgenas do Povo Galibi-Marworno:\u00a0O despertar do ensino da matem\u00e1tica na escola ind\u00edgena.&hellip; <\/p>\n<p><a href=\"https:\/\/www2.unifap.br\/nuphce\/producao\/monografia\/\" class=\"readmore-button\">Continue Reading<\/a><\/p>\n","protected":false},"author":606,"featured_media":0,"parent":197,"menu_order":6,"comment_status":"closed","ping_status":"closed","template":"","meta":{"inline_featured_image":false,"ngg_post_thumbnail":0,"footnotes":""},"class_list":["post-1549","page","type-page","status-publish","hentry"],"_links":{"self":[{"href":"https:\/\/www2.unifap.br\/nuphce\/wp-json\/wp\/v2\/pages\/1549","targetHints":{"allow":["GET"]}}],"collection":[{"href":"https:\/\/www2.unifap.br\/nuphce\/wp-json\/wp\/v2\/pages"}],"about":[{"href":"https:\/\/www2.unifap.br\/nuphce\/wp-json\/wp\/v2\/types\/page"}],"author":[{"embeddable":true,"href":"https:\/\/www2.unifap.br\/nuphce\/wp-json\/wp\/v2\/users\/606"}],"replies":[{"embeddable":true,"href":"https:\/\/www2.unifap.br\/nuphce\/wp-json\/wp\/v2\/comments?post=1549"}],"version-history":[{"count":5,"href":"https:\/\/www2.unifap.br\/nuphce\/wp-json\/wp\/v2\/pages\/1549\/revisions"}],"predecessor-version":[{"id":1878,"href":"https:\/\/www2.unifap.br\/nuphce\/wp-json\/wp\/v2\/pages\/1549\/revisions\/1878"}],"up":[{"embeddable":true,"href":"https:\/\/www2.unifap.br\/nuphce\/wp-json\/wp\/v2\/pages\/197"}],"wp:attachment":[{"href":"https:\/\/www2.unifap.br\/nuphce\/wp-json\/wp\/v2\/media?parent=1549"}],"curies":[{"name":"wp","href":"https:\/\/api.w.org\/{rel}","templated":true}]}}