{"id":1571,"date":"2021-11-02T15:23:46","date_gmt":"2021-11-02T15:23:46","guid":{"rendered":"http:\/\/www2.unifap.br\/nuphce\/?page_id=1571"},"modified":"2021-11-03T02:18:03","modified_gmt":"2021-11-03T02:18:03","slug":"sala-virtual-de-orientacao","status":"publish","type":"page","link":"https:\/\/www2.unifap.br\/nuphce\/orientacao-de-pesquisa\/sala-virtual-de-orientacao\/","title":{"rendered":"Sala Virtual de Orienta\u00e7\u00e3o"},"content":{"rendered":"<ul>\n<li><strong>Orientadora<\/strong>: Dra Eliane Leal Vasquez<\/li>\n<\/ul>\n<p style=\"text-align: left\"><a href=\"http:\/\/www2.unifap.br\/nuphce\/files\/2021\/11\/Nhanhy-Vasquez.png\"><img decoding=\"async\" class=\"wp-image-1592 alignnone\" src=\"http:\/\/www2.unifap.br\/nuphce\/files\/2021\/11\/Nhanhy-Vasquez.png\" alt=\"\" width=\"96\" height=\"111\" \/><\/a><\/p>\n<ul>\n<li><strong>Sala virtual para reuni\u00e3o de orienta\u00e7\u00e3o<\/strong>:\u00a0<a href=\"http:\/\/meet.google.com\/zwj-gjvg-ths\">http:\/\/meet.google.com\/zwj-gjvg-ths<\/a><\/li>\n<\/ul>\n<p>&nbsp;<\/p>\n<ul>\n<li><strong>Supervis\u00e3o das atividades ass\u00edncronas<\/strong>: O convite \u00e9 enviado ao e-mail dos orientando(a)s do ProfHist\u00f3ria e da Matem\u00e1tica para acessarem o <em>Google Classroom<\/em>.<\/li>\n<\/ul>\n<p>&nbsp;<\/p>\n<ul>\n<li><strong>Agenda e hor\u00e1rio<\/strong>: No Semestre 2021.01 (18\/10 at\u00e9 18\/02\/2021), as reuni\u00f5es ocorrer\u00e3o \u00e0s quintas-feiras e iniciar\u00e3o \u00e0s 19h. Os orientado(a)s dever\u00e3o acessar a sala virtual pelo <em>Google Meet<\/em>. Aguardo voc\u00eas!<\/li>\n<\/ul>\n<p>&nbsp;<\/p>\n<p style=\"text-align: right\">Postagem:<\/p>\n<p><a href=\"http:\/\/www2.unifap.br\/nuphce\/files\/2021\/11\/NUPHCE-para-canal-1.png\"><img decoding=\"async\" class=\" wp-image-1550 alignright\" src=\"http:\/\/www2.unifap.br\/nuphce\/files\/2021\/11\/NUPHCE-para-canal-1.png\" alt=\"\" width=\"101\" height=\"101\" srcset=\"https:\/\/www2.unifap.br\/nuphce\/files\/2021\/11\/NUPHCE-para-canal-1.png 150w, https:\/\/www2.unifap.br\/nuphce\/files\/2021\/11\/NUPHCE-para-canal-1-70x70.png 70w\" sizes=\"(max-width: 101px) 100vw, 101px\" \/><\/a><\/p>\n<p>&nbsp;<\/p>\n","protected":false},"excerpt":{"rendered":"<p>Orientadora: Dra Eliane Leal Vasquez Sala virtual para reuni\u00e3o de orienta\u00e7\u00e3o:\u00a0http:\/\/meet.google.com\/zwj-gjvg-ths &nbsp; Supervis\u00e3o das atividades ass\u00edncronas: O convite \u00e9 enviado ao e-mail dos orientando(a)s do ProfHist\u00f3ria e da Matem\u00e1tica para acessarem o Google Classroom. &nbsp; Agenda e hor\u00e1rio: No Semestre&hellip; <\/p>\n<p><a href=\"https:\/\/www2.unifap.br\/nuphce\/orientacao-de-pesquisa\/sala-virtual-de-orientacao\/\" class=\"readmore-button\">Continue Reading<\/a><\/p>\n","protected":false},"author":606,"featured_media":0,"parent":745,"menu_order":3,"comment_status":"closed","ping_status":"closed","template":"","meta":{"inline_featured_image":false,"ngg_post_thumbnail":0,"footnotes":""},"class_list":["post-1571","page","type-page","status-publish","hentry"],"_links":{"self":[{"href":"https:\/\/www2.unifap.br\/nuphce\/wp-json\/wp\/v2\/pages\/1571","targetHints":{"allow":["GET"]}}],"collection":[{"href":"https:\/\/www2.unifap.br\/nuphce\/wp-json\/wp\/v2\/pages"}],"about":[{"href":"https:\/\/www2.unifap.br\/nuphce\/wp-json\/wp\/v2\/types\/page"}],"author":[{"embeddable":true,"href":"https:\/\/www2.unifap.br\/nuphce\/wp-json\/wp\/v2\/users\/606"}],"replies":[{"embeddable":true,"href":"https:\/\/www2.unifap.br\/nuphce\/wp-json\/wp\/v2\/comments?post=1571"}],"version-history":[{"count":8,"href":"https:\/\/www2.unifap.br\/nuphce\/wp-json\/wp\/v2\/pages\/1571\/revisions"}],"predecessor-version":[{"id":1596,"href":"https:\/\/www2.unifap.br\/nuphce\/wp-json\/wp\/v2\/pages\/1571\/revisions\/1596"}],"up":[{"embeddable":true,"href":"https:\/\/www2.unifap.br\/nuphce\/wp-json\/wp\/v2\/pages\/745"}],"wp:attachment":[{"href":"https:\/\/www2.unifap.br\/nuphce\/wp-json\/wp\/v2\/media?parent=1571"}],"curies":[{"name":"wp","href":"https:\/\/api.w.org\/{rel}","templated":true}]}}