{"id":166,"date":"2015-08-02T03:25:44","date_gmt":"2015-08-02T03:25:44","guid":{"rendered":"http:\/\/www2.unifap.br\/nuphce\/?page_id=166"},"modified":"2024-06-26T15:03:01","modified_gmt":"2024-06-26T15:03:01","slug":"estudantes","status":"publish","type":"page","link":"https:\/\/www2.unifap.br\/nuphce\/pagina-exemplo\/yyyy\/estudantes\/","title":{"rendered":"Estudantes de gradua\u00e7\u00e3o em Matem\u00e1tica e do mestrado profissional em Ensino de Hist\u00f3ria"},"content":{"rendered":"<p><strong>* Estudantes da Gradua\u00e7\u00e3o em Matem\u00e1tica e do PROFHIST\u00d3RIA, que participaram da equipe e projetos do NUPHCE\/UNIFAP:<\/strong><\/p>\n<p>&nbsp;<\/p>\n<p><a href=\"http:\/\/www2.unifap.br\/nuphce\/files\/2024\/06\/Aroldo.jpg\"><img decoding=\"async\" class=\" wp-image-1988 alignleft\" src=\"http:\/\/www2.unifap.br\/nuphce\/files\/2024\/06\/Aroldo.jpg\" alt=\"\" width=\"61\" height=\"81\" \/><\/a><\/p>\n<p>&nbsp;<\/p>\n<p><strong>Aroldo Vieira da Silva<\/strong> &#8211; (Mestrando do Programa de P\u00f3s-Gradua\u00e7\u00e3o em Ensino de Hist\u00f3ria em Rede Nacional &#8211; PROFHIST\u00d3RIA\/UNIFAP) &#8211; Curr\u00edculo lattes: <a href=\"http:\/\/lattes.cnpq.br\/7440940601265947\">http:\/\/lattes.cnpq.br\/7440940601265947<\/a><\/p>\n<p>&nbsp;<\/p>\n<p>&nbsp;<\/p>\n<p><a href=\"http:\/\/www2.unifap.br\/nuphce\/files\/2024\/06\/Leonardo4.jpg\"><img decoding=\"async\" class=\" wp-image-1994 alignleft\" src=\"http:\/\/www2.unifap.br\/nuphce\/files\/2024\/06\/Leonardo4.jpg\" alt=\"\" width=\"68\" height=\"78\" \/><\/a><\/p>\n<p>&nbsp;<\/p>\n<p><strong>Leonardo da Silva Souza<\/strong> &#8211; (Mestrando do Programa de P\u00f3s-Gradua\u00e7\u00e3o em Ensino de Hist\u00f3ria em Rede Nacional &#8211; PROFHIST\u00d3RIA\/UNIFAP) &#8211; Curr\u00edculo lattes: <a href=\"https:\/\/lattes.cnpq.br\/3474437782872440\">http:\/\/lattes.cnpq.br\/3474437782872440<\/a><\/p>\n<p>&nbsp;<\/p>\n<p>&nbsp;<\/p>\n<p><a href=\"http:\/\/www2.unifap.br\/nuphce\/files\/2020\/09\/Erasmo-Silva.png\"><img decoding=\"async\" class=\"alignleft wp-image-1044\" src=\"http:\/\/www2.unifap.br\/nuphce\/files\/2020\/09\/Erasmo-Silva-150x150.png\" alt=\"\" width=\"76\" height=\"76\" srcset=\"https:\/\/www2.unifap.br\/nuphce\/files\/2020\/09\/Erasmo-Silva-150x150.png 150w, https:\/\/www2.unifap.br\/nuphce\/files\/2020\/09\/Erasmo-Silva-70x70.png 70w\" sizes=\"(max-width: 76px) 100vw, 76px\" \/><\/a><\/p>\n<p>&nbsp;<\/p>\n<p><strong>Erasmo Jos\u00e9 da Silva <\/strong>&#8211; (Mestrando do Programa de P\u00f3s-Gradua\u00e7\u00e3o em Ensino de Hist\u00f3ria em Rede Nacional &#8211; PROFHIST\u00d3RIA\/UNIFAP) &#8211; Curr\u00edculo lattes:\u00a0<a href=\"http:\/\/lattes.cnpq.br\/4978288193697836\">http:\/\/lattes.cnpq.br\/4978288193697836<\/a><\/p>\n<p>&nbsp;<\/p>\n<p>&nbsp;<\/p>\n<p><a href=\"http:\/\/www2.unifap.br\/nuphce\/files\/2020\/09\/Luciana-Nicoletti.jpg\"><img loading=\"lazy\" decoding=\"async\" class=\"alignleft wp-image-1048\" src=\"http:\/\/www2.unifap.br\/nuphce\/files\/2020\/09\/Luciana-Nicoletti-150x150.jpg\" alt=\"\" width=\"76\" height=\"76\" srcset=\"https:\/\/www2.unifap.br\/nuphce\/files\/2020\/09\/Luciana-Nicoletti-150x150.jpg 150w, https:\/\/www2.unifap.br\/nuphce\/files\/2020\/09\/Luciana-Nicoletti-70x70.jpg 70w\" sizes=\"(max-width: 76px) 100vw, 76px\" \/><\/a><\/p>\n<p>&nbsp;<\/p>\n<p><strong>Luciana Paula Santos Nicoletti <\/strong>&#8211; (Mestranda do Programa de P\u00f3s-Gradua\u00e7\u00e3o em Ensino de Hist\u00f3ria em Rede Nacional &#8211; PROFHIST\u00d3RIA\/UNIFAP)\u00a0 &#8211;\u00a0 Curr\u00edculo Lattes:\u00a0<a href=\"http:\/\/lattes.cnpq.br\/3154115105573111\">http:\/\/lattes.cnpq.br\/3154115105573111<\/a><\/p>\n<p>&nbsp;<\/p>\n<p>&nbsp;<\/p>\n<p><strong><a href=\"http:\/\/www2.unifap.br\/nuphce\/files\/2019\/05\/Israel2.jpg\"><img loading=\"lazy\" decoding=\"async\" class=\"alignnone wp-image-1032\" src=\"http:\/\/www2.unifap.br\/nuphce\/files\/2019\/05\/Israel2-150x150.jpg\" alt=\"\" width=\"76\" height=\"76\" srcset=\"https:\/\/www2.unifap.br\/nuphce\/files\/2019\/05\/Israel2-150x150.jpg 150w, https:\/\/www2.unifap.br\/nuphce\/files\/2019\/05\/Israel2-70x70.jpg 70w\" sizes=\"(max-width: 76px) 100vw, 76px\" \/> <\/a>Israel da Silva Braga<\/strong> &#8211; (Estudante da Gradua\u00e7\u00e3o em Matem\u00e1tica &#8211; UNIFAP) &#8211; Curr\u00edculo Lattes:\u00a0<a href=\"http:\/\/lattes.cnpq.br\/2270307524209324\">http:\/\/lattes.cnpq.br\/2270307524209324<\/a><\/p>\n<p>&nbsp;<\/p>\n<p>&nbsp;<\/p>\n<p><a href=\"http:\/\/www2.unifap.br\/nuphce\/files\/2019\/05\/Higor.jpg\"><img loading=\"lazy\" decoding=\"async\" class=\"alignleft wp-image-1001\" src=\"http:\/\/www2.unifap.br\/nuphce\/files\/2019\/05\/Higor-150x150.jpg\" alt=\"\" width=\"81\" height=\"81\" srcset=\"https:\/\/www2.unifap.br\/nuphce\/files\/2019\/05\/Higor-150x150.jpg 150w, https:\/\/www2.unifap.br\/nuphce\/files\/2019\/05\/Higor-70x70.jpg 70w\" sizes=\"(max-width: 81px) 100vw, 81px\" \/><\/a><\/p>\n<p>&nbsp;<\/p>\n<p><strong>Higor Rafael Araujo<\/strong> &#8211; (Estudante da Gradua\u00e7\u00e3o em Matem\u00e1tica &#8211; UNIFAP) &#8211; Curr\u00edculo Lattes:\u00a0<a href=\"http:\/\/lattes.cnpq.br\/3686646218366757\">http:\/\/lattes.cnpq.br\/3686646218366757<\/a><\/p>\n<p>&nbsp;<\/p>\n<p>&nbsp;<\/p>\n<p><a href=\"http:\/\/www2.unifap.br\/nuphce\/files\/2021\/11\/Mylena2.jpg\"><img loading=\"lazy\" decoding=\"async\" class=\" wp-image-1535 alignleft\" src=\"http:\/\/www2.unifap.br\/nuphce\/files\/2021\/11\/Mylena2-238x300.jpg\" alt=\"\" width=\"66\" height=\"84\" srcset=\"https:\/\/www2.unifap.br\/nuphce\/files\/2021\/11\/Mylena2-238x300.jpg 238w, https:\/\/www2.unifap.br\/nuphce\/files\/2021\/11\/Mylena2.jpg 395w\" sizes=\"(max-width: 66px) 100vw, 66px\" \/><\/a><\/p>\n<p>&nbsp;<\/p>\n<p><strong>Mylena do Nascimento Silva<\/strong> &#8211; (Estudante da Gradua\u00e7\u00e3o em Matem\u00e1tica &#8211; UNIFAP) &#8211; Curr\u00edculo Lattes:\u00a0<a href=\"http:\/\/lattes.cnpq.br\/3909367109959985\">http:\/\/lattes.cnpq.br\/3909367109959985<\/a><\/p>\n<p>&nbsp;<\/p>\n<p>&nbsp;<\/p>\n<p><strong><a href=\"http:\/\/www2.unifap.br\/nuphce\/files\/2023\/12\/Cambuy2.png\"><img loading=\"lazy\" decoding=\"async\" class=\"alignnone wp-image-1853\" src=\"http:\/\/www2.unifap.br\/nuphce\/files\/2023\/12\/Cambuy2-150x150.png\" alt=\"\" width=\"74\" height=\"74\" srcset=\"https:\/\/www2.unifap.br\/nuphce\/files\/2023\/12\/Cambuy2-150x150.png 150w, https:\/\/www2.unifap.br\/nuphce\/files\/2023\/12\/Cambuy2-70x70.png 70w\" sizes=\"(max-width: 74px) 100vw, 74px\" \/><\/a><a href=\"http:\/\/www2.unifap.br\/nuphce\/files\/2021\/11\/Cambuy.jpg\">\u00a0<\/a>Tarcisio da Silva Cambuy &#8211; <\/strong>(Estudante da Gradua\u00e7\u00e3o em Matem\u00e1tica &#8211; UNIFAP) &#8211; <strong>Curr\u00edculo Lattes<\/strong>:\u00a0\u00a0<a href=\"http:\/\/lattes.cnpq.br\/1792944643807088\">http:\/\/lattes.cnpq.br\/1792944643807088<\/a><\/p>\n<p>&nbsp;<\/p>\n<p>&nbsp;<\/p>\n<p style=\"text-align: right\">Postagem:<\/p>\n<p style=\"text-align: right\"><a href=\"http:\/\/www2.unifap.br\/nuphce\/files\/2020\/09\/Nuphce_salvo.png\"><img loading=\"lazy\" decoding=\"async\" class=\" wp-image-1222 alignright\" src=\"http:\/\/www2.unifap.br\/nuphce\/files\/2020\/09\/Nuphce_salvo-150x150.png\" alt=\"\" width=\"92\" height=\"92\" srcset=\"https:\/\/www2.unifap.br\/nuphce\/files\/2020\/09\/Nuphce_salvo-150x150.png 150w, https:\/\/www2.unifap.br\/nuphce\/files\/2020\/09\/Nuphce_salvo-70x70.png 70w, https:\/\/www2.unifap.br\/nuphce\/files\/2020\/09\/Nuphce_salvo.png 177w\" sizes=\"(max-width: 92px) 100vw, 92px\" \/><\/a><\/p>\n<p><strong>\u00a0<\/strong><\/p>\n<p>&nbsp;<\/p>\n","protected":false},"excerpt":{"rendered":"<p>* Estudantes da Gradua\u00e7\u00e3o em Matem\u00e1tica e do PROFHIST\u00d3RIA, que participaram da equipe e projetos do NUPHCE\/UNIFAP: &nbsp; &nbsp; Aroldo Vieira da Silva &#8211; (Mestrando do Programa de P\u00f3s-Gradua\u00e7\u00e3o em Ensino de Hist\u00f3ria em Rede Nacional &#8211; PROFHIST\u00d3RIA\/UNIFAP) &#8211; Curr\u00edculo&hellip; <\/p>\n<p><a href=\"https:\/\/www2.unifap.br\/nuphce\/pagina-exemplo\/yyyy\/estudantes\/\" class=\"readmore-button\">Continue Reading<\/a><\/p>\n","protected":false},"author":606,"featured_media":0,"parent":108,"menu_order":2,"comment_status":"open","ping_status":"open","template":"","meta":{"inline_featured_image":false,"ngg_post_thumbnail":0,"footnotes":""},"class_list":["post-166","page","type-page","status-publish","hentry"],"_links":{"self":[{"href":"https:\/\/www2.unifap.br\/nuphce\/wp-json\/wp\/v2\/pages\/166","targetHints":{"allow":["GET"]}}],"collection":[{"href":"https:\/\/www2.unifap.br\/nuphce\/wp-json\/wp\/v2\/pages"}],"about":[{"href":"https:\/\/www2.unifap.br\/nuphce\/wp-json\/wp\/v2\/types\/page"}],"author":[{"embeddable":true,"href":"https:\/\/www2.unifap.br\/nuphce\/wp-json\/wp\/v2\/users\/606"}],"replies":[{"embeddable":true,"href":"https:\/\/www2.unifap.br\/nuphce\/wp-json\/wp\/v2\/comments?post=166"}],"version-history":[{"count":54,"href":"https:\/\/www2.unifap.br\/nuphce\/wp-json\/wp\/v2\/pages\/166\/revisions"}],"predecessor-version":[{"id":1996,"href":"https:\/\/www2.unifap.br\/nuphce\/wp-json\/wp\/v2\/pages\/166\/revisions\/1996"}],"up":[{"embeddable":true,"href":"https:\/\/www2.unifap.br\/nuphce\/wp-json\/wp\/v2\/pages\/108"}],"wp:attachment":[{"href":"https:\/\/www2.unifap.br\/nuphce\/wp-json\/wp\/v2\/media?parent=166"}],"curies":[{"name":"wp","href":"https:\/\/api.w.org\/{rel}","templated":true}]}}