{"id":1678,"date":"2021-11-04T13:35:57","date_gmt":"2021-11-04T13:35:57","guid":{"rendered":"http:\/\/www2.unifap.br\/nuphce\/?page_id=1678"},"modified":"2021-11-04T13:35:57","modified_gmt":"2021-11-04T13:35:57","slug":"defesa-publica-de-clailton-correa-carvalho","status":"publish","type":"page","link":"https:\/\/www2.unifap.br\/nuphce\/memoria-visual\/defesa-publica-de-clailton-correa-carvalho\/","title":{"rendered":"Defesa p\u00fablica de Clailton Corr\u00eaa Carvalho"},"content":{"rendered":"<p>Registro fotogr\u00e1fico da defesa p\u00fablica de monografia de Clailton Corr\u00eaa Carvalho (estudante do Curso de Especializa\u00e7\u00e3o em Ensino de Matem\u00e1tica para o Ensino M\u00e9dio do DEAD\/UNIFAP), com o tema:\u00a0 <strong>HIST\u00d3RIA DA MATEM\u00c1TICA NO ENSINO M\u00c9DIO: Conhecendo tr\u00eas m\u00e9todos para resolver a equa\u00e7\u00e3o do 2\u00ba grau<\/strong>. A defesa aconteceu em 27 de novembro de 2018, na cidade de Macap\u00e1.<\/p>\n<p style=\"text-align: center\"><a href=\"http:\/\/www2.unifap.br\/nuphce\/files\/2021\/11\/Foto-da-defesa-do-Clayton.jpg\"><img fetchpriority=\"high\" decoding=\"async\" class=\"aligncenter  wp-image-1679\" src=\"http:\/\/www2.unifap.br\/nuphce\/files\/2021\/11\/Foto-da-defesa-do-Clayton-300x200.jpg\" alt=\"\" width=\"410\" height=\"274\" srcset=\"https:\/\/www2.unifap.br\/nuphce\/files\/2021\/11\/Foto-da-defesa-do-Clayton-300x200.jpg 300w, https:\/\/www2.unifap.br\/nuphce\/files\/2021\/11\/Foto-da-defesa-do-Clayton-768x512.jpg 768w, https:\/\/www2.unifap.br\/nuphce\/files\/2021\/11\/Foto-da-defesa-do-Clayton.jpg 1024w\" sizes=\"(max-width: 410px) 100vw, 410px\" \/><\/a><\/p>\n<p>Participaram da banca examinadora,\u00a0 a professora Eliane Leal Vasquez (orientadora), a professora Regina Solange Cromianski (examinadora), os quais comp\u00f5e o corpo docente do Curso de Licenciatura em Matem\u00e1tica (UNIFAP\/Campus Marco Zero do Equador) e a professora Quele Daiane Ferreira Rodrigues (examinadora), que faz parte do corpo docente do Curso de Engenharia Civil (UNIFAP\/Campus Marco Zero do Equador).<\/p>\n<p>&nbsp;<\/p>\n<p>Fonte:<\/p>\n<p>Clailton Corr\u00eaa Carvalho. Fotografia de arquivo pessoal. Macap\u00e1, 2018.<\/p>\n<p>&nbsp;<\/p>\n<p style=\"text-align: right\">Postagem:<\/p>\n<p style=\"text-align: right\"><a href=\"http:\/\/www2.unifap.br\/nuphce\/files\/2021\/11\/NUPHCE-para-canal-2.png\"><img decoding=\"async\" class=\" wp-image-1572 alignright\" src=\"http:\/\/www2.unifap.br\/nuphce\/files\/2021\/11\/NUPHCE-para-canal-2.png\" alt=\"\" width=\"74\" height=\"74\" srcset=\"https:\/\/www2.unifap.br\/nuphce\/files\/2021\/11\/NUPHCE-para-canal-2.png 150w, https:\/\/www2.unifap.br\/nuphce\/files\/2021\/11\/NUPHCE-para-canal-2-70x70.png 70w\" sizes=\"(max-width: 74px) 100vw, 74px\" \/><\/a><\/p>\n<p>&nbsp;<\/p>\n","protected":false},"excerpt":{"rendered":"<p>Registro fotogr\u00e1fico da defesa p\u00fablica de monografia de Clailton Corr\u00eaa Carvalho (estudante do Curso de Especializa\u00e7\u00e3o em Ensino de Matem\u00e1tica para o Ensino M\u00e9dio do DEAD\/UNIFAP), com o tema:\u00a0 HIST\u00d3RIA DA MATEM\u00c1TICA NO ENSINO M\u00c9DIO: Conhecendo tr\u00eas m\u00e9todos para resolver&hellip; <\/p>\n<p><a href=\"https:\/\/www2.unifap.br\/nuphce\/memoria-visual\/defesa-publica-de-clailton-correa-carvalho\/\" class=\"readmore-button\">Continue Reading<\/a><\/p>\n","protected":false},"author":606,"featured_media":0,"parent":1663,"menu_order":4,"comment_status":"closed","ping_status":"closed","template":"","meta":{"inline_featured_image":false,"ngg_post_thumbnail":0,"footnotes":""},"class_list":["post-1678","page","type-page","status-publish","hentry"],"_links":{"self":[{"href":"https:\/\/www2.unifap.br\/nuphce\/wp-json\/wp\/v2\/pages\/1678","targetHints":{"allow":["GET"]}}],"collection":[{"href":"https:\/\/www2.unifap.br\/nuphce\/wp-json\/wp\/v2\/pages"}],"about":[{"href":"https:\/\/www2.unifap.br\/nuphce\/wp-json\/wp\/v2\/types\/page"}],"author":[{"embeddable":true,"href":"https:\/\/www2.unifap.br\/nuphce\/wp-json\/wp\/v2\/users\/606"}],"replies":[{"embeddable":true,"href":"https:\/\/www2.unifap.br\/nuphce\/wp-json\/wp\/v2\/comments?post=1678"}],"version-history":[{"count":1,"href":"https:\/\/www2.unifap.br\/nuphce\/wp-json\/wp\/v2\/pages\/1678\/revisions"}],"predecessor-version":[{"id":1680,"href":"https:\/\/www2.unifap.br\/nuphce\/wp-json\/wp\/v2\/pages\/1678\/revisions\/1680"}],"up":[{"embeddable":true,"href":"https:\/\/www2.unifap.br\/nuphce\/wp-json\/wp\/v2\/pages\/1663"}],"wp:attachment":[{"href":"https:\/\/www2.unifap.br\/nuphce\/wp-json\/wp\/v2\/media?parent=1678"}],"curies":[{"name":"wp","href":"https:\/\/api.w.org\/{rel}","templated":true}]}}