{"id":172,"date":"2015-08-02T03:36:35","date_gmt":"2015-08-02T03:36:35","guid":{"rendered":"http:\/\/www2.unifap.br\/nuphce\/?page_id=172"},"modified":"2023-12-31T17:48:59","modified_gmt":"2023-12-31T17:48:59","slug":"projeto-de-extensao-1","status":"publish","type":"page","link":"https:\/\/www2.unifap.br\/nuphce\/projetos-de-extensao\/projeto-de-extensao-1\/","title":{"rendered":"Projeto de Extens\u00e3o 1: Cole\u00e7\u00e3o Monografia: Divulgando a produ\u00e7\u00e3o discente"},"content":{"rendered":"<p style=\"text-align: center\"><a href=\"http:\/\/www2.unifap.br\/nuphce\/files\/2023\/12\/Projeto-de-extensao-piloto.png\"><img fetchpriority=\"high\" decoding=\"async\" class=\"aligncenter size-full wp-image-1884\" src=\"http:\/\/www2.unifap.br\/nuphce\/files\/2023\/12\/Projeto-de-extensao-piloto.png\" alt=\"\" width=\"818\" height=\"626\" srcset=\"https:\/\/www2.unifap.br\/nuphce\/files\/2023\/12\/Projeto-de-extensao-piloto.png 818w, https:\/\/www2.unifap.br\/nuphce\/files\/2023\/12\/Projeto-de-extensao-piloto-300x230.png 300w, https:\/\/www2.unifap.br\/nuphce\/files\/2023\/12\/Projeto-de-extensao-piloto-768x588.png 768w\" sizes=\"(max-width: 818px) 100vw, 818px\" \/><\/a><\/p>\n<p>Nota:<\/p>\n<p><strong>* I Etapa\u00a0<\/strong><strong>do projeto<\/strong>:\u00a0<a href=\"http:\/\/www.unifap.br\/public\/index\/view\/categoria\/6\/tag_postagem\/4\/page\/1\/id\/6275\">Edital n. 008\/2014-DEX\/PROEAC\/UNIFAP, prorroga\u00e7\u00e3o de prazo, resultado final da sele\u00e7\u00e3o de artigos da primeira etapa, altera\u00e7\u00e3o do cronograma de atividade<\/a>.<\/p>\n<p><strong>** II- Etapa<\/strong><strong>\u00a0<\/strong><strong>do projeto<\/strong>:\u00a0<a href=\"http:\/\/www2.unifap.br\/dex\/files\/2015\/11\/EDITAL-no-038_2015.pdf\">Edital 038\/2015-DEX\/PROEAC\/UNIFAP<\/a><\/p>\n<p style=\"text-align: right\"><em>Postagem: Equipe do NUPHCE<\/em><\/p>\n","protected":false},"excerpt":{"rendered":"<p>Nota: * I Etapa\u00a0do projeto:\u00a0Edital n. 008\/2014-DEX\/PROEAC\/UNIFAP, prorroga\u00e7\u00e3o de prazo, resultado final da sele\u00e7\u00e3o de artigos da primeira etapa, altera\u00e7\u00e3o do cronograma de atividade. ** II- Etapa\u00a0do projeto:\u00a0Edital 038\/2015-DEX\/PROEAC\/UNIFAP Postagem: Equipe do NUPHCE<\/p>\n","protected":false},"author":606,"featured_media":0,"parent":28,"menu_order":0,"comment_status":"open","ping_status":"open","template":"","meta":{"inline_featured_image":false,"ngg_post_thumbnail":0,"footnotes":""},"class_list":["post-172","page","type-page","status-publish","hentry"],"_links":{"self":[{"href":"https:\/\/www2.unifap.br\/nuphce\/wp-json\/wp\/v2\/pages\/172","targetHints":{"allow":["GET"]}}],"collection":[{"href":"https:\/\/www2.unifap.br\/nuphce\/wp-json\/wp\/v2\/pages"}],"about":[{"href":"https:\/\/www2.unifap.br\/nuphce\/wp-json\/wp\/v2\/types\/page"}],"author":[{"embeddable":true,"href":"https:\/\/www2.unifap.br\/nuphce\/wp-json\/wp\/v2\/users\/606"}],"replies":[{"embeddable":true,"href":"https:\/\/www2.unifap.br\/nuphce\/wp-json\/wp\/v2\/comments?post=172"}],"version-history":[{"count":44,"href":"https:\/\/www2.unifap.br\/nuphce\/wp-json\/wp\/v2\/pages\/172\/revisions"}],"predecessor-version":[{"id":1073,"href":"https:\/\/www2.unifap.br\/nuphce\/wp-json\/wp\/v2\/pages\/172\/revisions\/1073"}],"up":[{"embeddable":true,"href":"https:\/\/www2.unifap.br\/nuphce\/wp-json\/wp\/v2\/pages\/28"}],"wp:attachment":[{"href":"https:\/\/www2.unifap.br\/nuphce\/wp-json\/wp\/v2\/media?parent=172"}],"curies":[{"name":"wp","href":"https:\/\/api.w.org\/{rel}","templated":true}]}}