{"id":1861,"date":"2023-12-31T02:19:41","date_gmt":"2023-12-31T02:19:41","guid":{"rendered":"https:\/\/www2.unifap.br\/nuphce\/?page_id=1861"},"modified":"2024-01-23T07:12:51","modified_gmt":"2024-01-23T07:12:51","slug":"dissertacao","status":"publish","type":"page","link":"https:\/\/www2.unifap.br\/nuphce\/producao\/dissertacao\/","title":{"rendered":"Disserta\u00e7\u00e3o e Produto Educacional"},"content":{"rendered":"<p><strong>Disserta\u00e7\u00e3o<\/strong>:<\/p>\n<p><a href=\"http:\/\/www2.unifap.br\/nuphce\/files\/2024\/01\/Dissertacao-de-Luciana-Paula-Santos-Nicoletti.pdf\">NICOLETTI, Luciana Paula Santos. Ensino de Hist\u00f3ria na Escola da Pris\u00e3o: Sequ\u00eancia did\u00e1tica para o ensino de uma obra liter\u00e1ria nas aulas de Hist\u00f3ria. 164f. Disserta\u00e7\u00e3o (Mestrado em Ensino de Hist\u00f3ria) &#8211; Programa de P\u00f3s-Gradua\u00e7\u00e3o Profissional em Ensino de Hist\u00f3ria em Rede Nacional, Universidade Federal do Amap\u00e1, Macap\u00e1, 2023.<\/a><\/p>\n<p><a href=\"http:\/\/www2.unifap.br\/nuphce\/files\/2024\/01\/Dissertacao-de-Erasmo-Jose-da-Silva_2023.pdf\">SILVA, Erasmo Jos\u00e9 da. <strong>Educa\u00e7\u00e3o Penitenci\u00e1ria e Ensino de Hist\u00f3ria: Podcasts sobre a expedi\u00e7\u00e3o cient\u00edfica Alem\u00e3 realizada no Jari (1935-1937)<\/strong>. 160f. Disserta\u00e7\u00e3o (Mestrado em Ensino de Hist\u00f3ria) &#8211; Programa de P\u00f3s-Gradua\u00e7\u00e3o em Ensino de Hisst\u00f3ria em Rede Nacional, Universidade Federal do Amap\u00e1, Macap\u00e1, 2023<\/a>.<\/p>\n<p>&nbsp;<\/p>\n<p><strong>Produto educacional<\/strong>:<\/p>\n<p>CAMPOS, Alexandre. Coment\u00e1rio ao produto educacional de Luciana Nicoletti. In: <a href=\"http:\/\/www2.unifap.br\/nuphce\/files\/2023\/12\/Produto-educacional-de-Luciana-Nicoletti-2023.pdf\">NICOLETTI, Luciana Paulo Santos. <strong>Como aprender hist\u00f3ria utilizando uma obra liter\u00e1ria na educa\u00e7\u00e3o penitenci\u00e1ria?<\/strong> Macap\u00e1, 2023<\/a>. (Contra capa).<\/p>\n<p><a href=\"http:\/\/www2.unifap.br\/nuphce\/files\/2023\/12\/Produto-educacional-de-Luciana-Nicoletti-2023.pdf\">NICOLETTI, Luciana Paulo Santos. <strong>Como aprender hist\u00f3ria utilizando uma obra liter\u00e1ria na educa\u00e7\u00e3o penitenci\u00e1ria?<\/strong> Macap\u00e1, 2023<\/a>.<\/p>\n<p><a href=\"http:\/\/www2.unifap.br\/nuphce\/files\/2024\/01\/Produto-educacional-de-Erasmo-Jose-da-Silva.pdf\">SILVA, Erasmo Jos\u00e9 da. <strong>Guia de Produ\u00e7\u00e3o de Podcast para o Ensino Carcer\u00e1rio<\/strong>. Macap\u00e1, 2023<\/a>.<\/p>\n<p>VASQUEZ, Eliane Leal. Apresenta\u00e7\u00e3o. In:\u00a0<a href=\"http:\/\/www2.unifap.br\/nuphce\/files\/2023\/12\/Produto-educacional-de-Luciana-Nicoletti-2023.pdf\">NICOLETTI, Luciana Paulo Santos. <strong>Como aprender hist\u00f3ria utilizando uma obra liter\u00e1ria na educa\u00e7\u00e3o penitenci\u00e1ria?<\/strong> Macap\u00e1, 2023. p. 5-6<\/a>.<\/p>\n<p>VASQUEZ, Eliane Leal. Apresenta\u00e7\u00e3o. In: <a href=\"http:\/\/www2.unifap.br\/nuphce\/files\/2024\/01\/Produto-educacional-de-Erasmo-Jose-da-Silva.pdf\">SILVA, Erasmo Jos\u00e9 da. <strong>Guia de Produ\u00e7\u00e3o de Podcast para o Ensino Carcer\u00e1rio<\/strong>. Macap\u00e1, 2023. p. 5<\/a>.<\/p>\n<p>&nbsp;<\/p>\n<p>Realiza\u00e7\u00e3o:<\/p>\n<p><a href=\"http:\/\/www2.unifap.br\/nuphce\/files\/2023\/12\/Brasao_UNIFAP.png\"><img decoding=\"async\" class=\" wp-image-1889 alignleft\" src=\"http:\/\/www2.unifap.br\/nuphce\/files\/2023\/12\/Brasao_UNIFAP.png\" alt=\"\" width=\"98\" height=\"98\" srcset=\"https:\/\/www2.unifap.br\/nuphce\/files\/2023\/12\/Brasao_UNIFAP.png 600w, https:\/\/www2.unifap.br\/nuphce\/files\/2023\/12\/Brasao_UNIFAP-300x300.png 300w, https:\/\/www2.unifap.br\/nuphce\/files\/2023\/12\/Brasao_UNIFAP-150x150.png 150w, https:\/\/www2.unifap.br\/nuphce\/files\/2023\/12\/Brasao_UNIFAP-70x70.png 70w\" sizes=\"(max-width: 98px) 100vw, 98px\" \/><\/a><\/p>\n<p><a href=\"http:\/\/www2.unifap.br\/nuphce\/files\/2024\/01\/PROFHISTORIA.png\"><img decoding=\"async\" class=\" wp-image-1907 alignleft\" src=\"http:\/\/www2.unifap.br\/nuphce\/files\/2024\/01\/PROFHISTORIA.png\" alt=\"\" width=\"130\" height=\"97\" \/><\/a><\/p>\n<p><a href=\"http:\/\/www2.unifap.br\/nuphce\/files\/2021\/11\/NUPHCE-para-canal-2.png\"><img decoding=\"async\" class=\" wp-image-1572 alignleft\" src=\"http:\/\/www2.unifap.br\/nuphce\/files\/2021\/11\/NUPHCE-para-canal-2.png\" alt=\"\" width=\"94\" height=\"94\" srcset=\"https:\/\/www2.unifap.br\/nuphce\/files\/2021\/11\/NUPHCE-para-canal-2.png 150w, https:\/\/www2.unifap.br\/nuphce\/files\/2021\/11\/NUPHCE-para-canal-2-70x70.png 70w\" sizes=\"(max-width: 94px) 100vw, 94px\" \/><\/a><\/p>\n","protected":false},"excerpt":{"rendered":"<p>Disserta\u00e7\u00e3o: NICOLETTI, Luciana Paula Santos. Ensino de Hist\u00f3ria na Escola da Pris\u00e3o: Sequ\u00eancia did\u00e1tica para o ensino de uma obra liter\u00e1ria nas aulas de Hist\u00f3ria. 164f. Disserta\u00e7\u00e3o (Mestrado em Ensino de Hist\u00f3ria) &#8211; Programa de P\u00f3s-Gradua\u00e7\u00e3o Profissional em Ensino de&hellip; <\/p>\n<p><a href=\"https:\/\/www2.unifap.br\/nuphce\/producao\/dissertacao\/\" class=\"readmore-button\">Continue Reading<\/a><\/p>\n","protected":false},"author":606,"featured_media":0,"parent":197,"menu_order":5,"comment_status":"closed","ping_status":"closed","template":"","meta":{"inline_featured_image":false,"ngg_post_thumbnail":0,"footnotes":""},"class_list":["post-1861","page","type-page","status-publish","hentry"],"_links":{"self":[{"href":"https:\/\/www2.unifap.br\/nuphce\/wp-json\/wp\/v2\/pages\/1861","targetHints":{"allow":["GET"]}}],"collection":[{"href":"https:\/\/www2.unifap.br\/nuphce\/wp-json\/wp\/v2\/pages"}],"about":[{"href":"https:\/\/www2.unifap.br\/nuphce\/wp-json\/wp\/v2\/types\/page"}],"author":[{"embeddable":true,"href":"https:\/\/www2.unifap.br\/nuphce\/wp-json\/wp\/v2\/users\/606"}],"replies":[{"embeddable":true,"href":"https:\/\/www2.unifap.br\/nuphce\/wp-json\/wp\/v2\/comments?post=1861"}],"version-history":[{"count":19,"href":"https:\/\/www2.unifap.br\/nuphce\/wp-json\/wp\/v2\/pages\/1861\/revisions"}],"predecessor-version":[{"id":1914,"href":"https:\/\/www2.unifap.br\/nuphce\/wp-json\/wp\/v2\/pages\/1861\/revisions\/1914"}],"up":[{"embeddable":true,"href":"https:\/\/www2.unifap.br\/nuphce\/wp-json\/wp\/v2\/pages\/197"}],"wp:attachment":[{"href":"https:\/\/www2.unifap.br\/nuphce\/wp-json\/wp\/v2\/media?parent=1861"}],"curies":[{"name":"wp","href":"https:\/\/api.w.org\/{rel}","templated":true}]}}