{"id":246,"date":"2015-08-02T07:09:34","date_gmt":"2015-08-02T07:09:34","guid":{"rendered":"http:\/\/www2.unifap.br\/nuphce\/?page_id=246"},"modified":"2022-05-31T11:55:50","modified_gmt":"2022-05-31T11:55:50","slug":"perodico","status":"publish","type":"page","link":"https:\/\/www2.unifap.br\/nuphce\/orientacao-de-pesquisa\/perodico\/","title":{"rendered":"Biblioteca Digital Clic\u00e1vel"},"content":{"rendered":"<ul>\n<li><strong>Biblioteca Digital Clic\u00e1vel, organizada pelo mestrando Erasmo Jos\u00e9 da Silva<\/strong>:<\/li>\n<\/ul>\n<p>&nbsp;<\/p>\n<p>&nbsp;<\/p>\n<p>&nbsp;<\/p>\n<p>&nbsp;<\/p>\n<ul>\n<li><strong>Biblioteca Digital Clic\u00e1vel, organizada pela mestranda Luciana Nicoletti<\/strong>:<\/li>\n<\/ul>\n<p>&nbsp;<\/p>\n<p>&nbsp;<\/p>\n<p>&nbsp;<\/p>\n<p>&nbsp;<\/p>\n<p>&nbsp;<\/p>\n<p>&nbsp;<\/p>\n<p>&nbsp;<\/p>\n<p>&nbsp;<\/p>\n<p><span style=\"text-align: right\">Postagem:<\/span><\/p>\n<p style=\"text-align: right\"><a href=\"http:\/\/www2.unifap.br\/nuphce\/files\/2020\/09\/Nuphce_salvo.png\"><img decoding=\"async\" class=\" wp-image-1222 alignright\" src=\"http:\/\/www2.unifap.br\/nuphce\/files\/2020\/09\/Nuphce_salvo.png\" alt=\"\" width=\"69\" height=\"69\" srcset=\"https:\/\/www2.unifap.br\/nuphce\/files\/2020\/09\/Nuphce_salvo.png 177w, https:\/\/www2.unifap.br\/nuphce\/files\/2020\/09\/Nuphce_salvo-150x150.png 150w, https:\/\/www2.unifap.br\/nuphce\/files\/2020\/09\/Nuphce_salvo-70x70.png 70w\" sizes=\"(max-width: 69px) 100vw, 69px\" \/><\/a><\/p>\n<p><span style=\"line-height: 1.5em\">\u00a0<\/span><\/p>\n<p>&nbsp;<\/p>\n<p>&nbsp;<\/p>\n<p>&nbsp;<\/p>\n","protected":false},"excerpt":{"rendered":"<p>Biblioteca Digital Clic\u00e1vel, organizada pelo mestrando Erasmo Jos\u00e9 da Silva: &nbsp; &nbsp; &nbsp; &nbsp; Biblioteca Digital Clic\u00e1vel, organizada pela mestranda Luciana Nicoletti: &nbsp; &nbsp; &nbsp; &nbsp; &nbsp; &nbsp; &nbsp; &nbsp; Postagem: \u00a0 &nbsp; &nbsp; &nbsp;<\/p>\n","protected":false},"author":606,"featured_media":0,"parent":745,"menu_order":0,"comment_status":"open","ping_status":"open","template":"","meta":{"inline_featured_image":false,"ngg_post_thumbnail":0,"footnotes":""},"class_list":["post-246","page","type-page","status-publish","hentry"],"_links":{"self":[{"href":"https:\/\/www2.unifap.br\/nuphce\/wp-json\/wp\/v2\/pages\/246","targetHints":{"allow":["GET"]}}],"collection":[{"href":"https:\/\/www2.unifap.br\/nuphce\/wp-json\/wp\/v2\/pages"}],"about":[{"href":"https:\/\/www2.unifap.br\/nuphce\/wp-json\/wp\/v2\/types\/page"}],"author":[{"embeddable":true,"href":"https:\/\/www2.unifap.br\/nuphce\/wp-json\/wp\/v2\/users\/606"}],"replies":[{"embeddable":true,"href":"https:\/\/www2.unifap.br\/nuphce\/wp-json\/wp\/v2\/comments?post=246"}],"version-history":[{"count":37,"href":"https:\/\/www2.unifap.br\/nuphce\/wp-json\/wp\/v2\/pages\/246\/revisions"}],"predecessor-version":[{"id":1721,"href":"https:\/\/www2.unifap.br\/nuphce\/wp-json\/wp\/v2\/pages\/246\/revisions\/1721"}],"up":[{"embeddable":true,"href":"https:\/\/www2.unifap.br\/nuphce\/wp-json\/wp\/v2\/pages\/745"}],"wp:attachment":[{"href":"https:\/\/www2.unifap.br\/nuphce\/wp-json\/wp\/v2\/media?parent=246"}],"curies":[{"name":"wp","href":"https:\/\/api.w.org\/{rel}","templated":true}]}}