{"id":324,"date":"2015-08-04T01:28:34","date_gmt":"2015-08-04T01:28:34","guid":{"rendered":"http:\/\/www2.unifap.br\/nuphce\/?page_id=324"},"modified":"2023-12-23T17:50:35","modified_gmt":"2023-12-23T17:50:35","slug":"orientacao-em-andamento","status":"publish","type":"page","link":"https:\/\/www2.unifap.br\/nuphce\/orientacao-de-pesquisa\/orientacao-em-andamento\/","title":{"rendered":"Orienta\u00e7\u00e3o em andamento"},"content":{"rendered":"<p>&nbsp;<\/p>\n<table>\n<tbody>\n<tr>\n<td width=\"147\">\n<p style=\"text-align: center\"><strong>Tema de Pesquisa<\/strong><\/p>\n<\/td>\n<td style=\"text-align: center\" width=\"147\"><strong>Orientando<\/strong><\/td>\n<td style=\"text-align: center\" width=\"147\"><strong>Orientadora<\/strong><\/td>\n<td width=\"147\">\n<p style=\"text-align: center\"><strong>Per\u00edodo<\/strong><strong>\u00a0<\/strong><\/p>\n<\/td>\n<\/tr>\n<tr>\n<td width=\"147\"><\/td>\n<td style=\"text-align: center\" width=\"147\"><\/td>\n<td style=\"text-align: center\" width=\"147\"><\/td>\n<td style=\"text-align: center\" width=\"147\"><\/td>\n<\/tr>\n<tr>\n<td width=\"147\">\n<p style=\"text-align: center\">Educa\u00e7\u00e3o de Adultos e Ensino de Hist\u00f3ria do Amap\u00e1: As experi\u00eancias de oficinas do projeto &#8220;Unic\u00e1rce em a\u00e7\u00e3o extensionista&#8221;<\/p>\n<\/td>\n<td style=\"text-align: center\" width=\"147\">Aroldo Vieira da Silva<\/td>\n<td style=\"text-align: center\" width=\"147\">&nbsp;<\/p>\n<p>Eliane Leal<\/p>\n<p>Vasquez<\/td>\n<td width=\"147\">\n<p style=\"text-align: center\">\u00a0 Jan. 2022 &#8211; Atual<\/p>\n<\/td>\n<\/tr>\n<tr>\n<td style=\"text-align: center\" width=\"147\">Sistema Socioeducativo e Ensino de Hist\u00f3ria: O processo criativo de produ\u00e7\u00e3o de um fotolivro na aula de hist\u00f3ria<\/td>\n<td style=\"text-align: center\" width=\"147\">Paulo Roberto\u00a0Braga dos Santos<\/td>\n<td style=\"text-align: center\" width=\"147\">&nbsp;<\/p>\n<p>Eliane Leal<\/p>\n<p>Vasquez<\/td>\n<td width=\"147\">\n<p style=\"text-align: center\">\u00a0 Jan. 2022 &#8211; Atual<\/p>\n<\/td>\n<\/tr>\n<\/tbody>\n<\/table>\n","protected":false},"excerpt":{"rendered":"<p>&nbsp; Tema de Pesquisa Orientando Orientadora Per\u00edodo\u00a0 Educa\u00e7\u00e3o de Adultos e Ensino de Hist\u00f3ria do Amap\u00e1: As experi\u00eancias de oficinas do projeto &#8220;Unic\u00e1rce em a\u00e7\u00e3o extensionista&#8221; Aroldo Vieira da Silva &nbsp; Eliane Leal Vasquez \u00a0 Jan. 2022 &#8211; Atual Sistema&hellip; <\/p>\n<p><a href=\"https:\/\/www2.unifap.br\/nuphce\/orientacao-de-pesquisa\/orientacao-em-andamento\/\" class=\"readmore-button\">Continue Reading<\/a><\/p>\n","protected":false},"author":606,"featured_media":0,"parent":745,"menu_order":0,"comment_status":"open","ping_status":"open","template":"","meta":{"inline_featured_image":false,"ngg_post_thumbnail":0,"footnotes":""},"class_list":["post-324","page","type-page","status-publish","hentry"],"_links":{"self":[{"href":"https:\/\/www2.unifap.br\/nuphce\/wp-json\/wp\/v2\/pages\/324","targetHints":{"allow":["GET"]}}],"collection":[{"href":"https:\/\/www2.unifap.br\/nuphce\/wp-json\/wp\/v2\/pages"}],"about":[{"href":"https:\/\/www2.unifap.br\/nuphce\/wp-json\/wp\/v2\/types\/page"}],"author":[{"embeddable":true,"href":"https:\/\/www2.unifap.br\/nuphce\/wp-json\/wp\/v2\/users\/606"}],"replies":[{"embeddable":true,"href":"https:\/\/www2.unifap.br\/nuphce\/wp-json\/wp\/v2\/comments?post=324"}],"version-history":[{"count":32,"href":"https:\/\/www2.unifap.br\/nuphce\/wp-json\/wp\/v2\/pages\/324\/revisions"}],"predecessor-version":[{"id":1833,"href":"https:\/\/www2.unifap.br\/nuphce\/wp-json\/wp\/v2\/pages\/324\/revisions\/1833"}],"up":[{"embeddable":true,"href":"https:\/\/www2.unifap.br\/nuphce\/wp-json\/wp\/v2\/pages\/745"}],"wp:attachment":[{"href":"https:\/\/www2.unifap.br\/nuphce\/wp-json\/wp\/v2\/media?parent=324"}],"curies":[{"name":"wp","href":"https:\/\/api.w.org\/{rel}","templated":true}]}}