{"id":330,"date":"2015-08-04T01:36:07","date_gmt":"2015-08-04T01:36:07","guid":{"rendered":"http:\/\/www2.unifap.br\/nuphce\/?page_id=330"},"modified":"2023-02-15T13:17:39","modified_gmt":"2023-02-15T13:17:39","slug":"ciencia-e-saber-em-foco","status":"publish","type":"page","link":"https:\/\/www2.unifap.br\/nuphce\/producao\/ciencia-e-saber-em-foco\/","title":{"rendered":"Science and Knowledge in Focus"},"content":{"rendered":"<p style=\"text-align: left\"><strong><a href=\"http:\/\/www2.unifap.br\/nuphce\/files\/2019\/05\/Revista-Ci\u00eancia-e-Saber-em-Foco.jpg\"><img decoding=\"async\" class=\"alignleft size-full wp-image-919\" src=\"http:\/\/www2.unifap.br\/nuphce\/files\/2019\/05\/Revista-Ci\u00eancia-e-Saber-em-Foco.jpg\" alt=\"\" width=\"172\" height=\"230\" \/><\/a>Science and Knowledge in Focus <\/strong>(ISSN: 2594-9233) \u00e9 uma revista eletr\u00f4nica especializada em Ensino de Ci\u00eancias, cujas pol\u00edticas de se\u00e7\u00f5es tratam sobre (Matem\u00e1tica, Contexto Escolar e Ensino; Povo Ind\u00edgena, Ci\u00eancia e Saber;\u00a0 e ainda a se\u00e7\u00e3o Tem\u00e1tica em Foco).\u00a0\u00a0Esta aberta\u00a0 \u00e0 colabora\u00e7\u00e3o de professores, estudantes, pesquisadores de Cursos de Gradua\u00e7\u00e3o e Programas de P\u00f3s-Gradua\u00e7\u00e3o,\u00a0com objetivo de promover\u00a0 espa\u00e7o para produ\u00e7\u00e3o e difus\u00e3o das ci\u00eancias, saberes e culturas \u00e0 Comunidade\u00a0 Cient\u00edfica, Acad\u00eamica e Externa.<\/p>\n<p style=\"text-align: left\">Editora-chefe: Eliane Leal Vasquez;\u00a0Editora executiva: Simone Almeida Delphim Leal, com publica\u00e7\u00e3o em: Julho e Dezembro.<\/p>\n<p>Para conhecer\u00a0 a revista eletr\u00f4nica, acesse: <strong><a href=\"https:\/\/periodicos.unifap.br\/index.php\/scienceinfocus\">https:\/\/periodicos.unifap.br\/index.php\/scienceinfocus<\/a><\/strong><\/p>\n<p>&nbsp;<\/p>\n","protected":false},"excerpt":{"rendered":"<p>Science and Knowledge in Focus (ISSN: 2594-9233) \u00e9 uma revista eletr\u00f4nica especializada em Ensino de Ci\u00eancias, cujas pol\u00edticas de se\u00e7\u00f5es tratam sobre (Matem\u00e1tica, Contexto Escolar e Ensino; Povo Ind\u00edgena, Ci\u00eancia e Saber;\u00a0 e ainda a se\u00e7\u00e3o Tem\u00e1tica em Foco).\u00a0\u00a0Esta aberta\u00a0&hellip; <\/p>\n<p><a href=\"https:\/\/www2.unifap.br\/nuphce\/producao\/ciencia-e-saber-em-foco\/\" class=\"readmore-button\">Continue Reading<\/a><\/p>\n","protected":false},"author":606,"featured_media":0,"parent":197,"menu_order":0,"comment_status":"open","ping_status":"open","template":"","meta":{"inline_featured_image":false,"ngg_post_thumbnail":0,"footnotes":""},"class_list":["post-330","page","type-page","status-publish","hentry"],"_links":{"self":[{"href":"https:\/\/www2.unifap.br\/nuphce\/wp-json\/wp\/v2\/pages\/330","targetHints":{"allow":["GET"]}}],"collection":[{"href":"https:\/\/www2.unifap.br\/nuphce\/wp-json\/wp\/v2\/pages"}],"about":[{"href":"https:\/\/www2.unifap.br\/nuphce\/wp-json\/wp\/v2\/types\/page"}],"author":[{"embeddable":true,"href":"https:\/\/www2.unifap.br\/nuphce\/wp-json\/wp\/v2\/users\/606"}],"replies":[{"embeddable":true,"href":"https:\/\/www2.unifap.br\/nuphce\/wp-json\/wp\/v2\/comments?post=330"}],"version-history":[{"count":11,"href":"https:\/\/www2.unifap.br\/nuphce\/wp-json\/wp\/v2\/pages\/330\/revisions"}],"predecessor-version":[{"id":1506,"href":"https:\/\/www2.unifap.br\/nuphce\/wp-json\/wp\/v2\/pages\/330\/revisions\/1506"}],"up":[{"embeddable":true,"href":"https:\/\/www2.unifap.br\/nuphce\/wp-json\/wp\/v2\/pages\/197"}],"wp:attachment":[{"href":"https:\/\/www2.unifap.br\/nuphce\/wp-json\/wp\/v2\/media?parent=330"}],"curies":[{"name":"wp","href":"https:\/\/api.w.org\/{rel}","templated":true}]}}