{"id":336,"date":"2015-08-04T04:29:31","date_gmt":"2015-08-04T04:29:31","guid":{"rendered":"http:\/\/www2.unifap.br\/nuphce\/?page_id=336"},"modified":"2023-10-28T14:30:35","modified_gmt":"2023-10-28T14:30:35","slug":"historico","status":"publish","type":"page","link":"https:\/\/www2.unifap.br\/nuphce\/pagina-exemplo\/historico\/","title":{"rendered":"Apresenta\u00e7\u00e3o"},"content":{"rendered":"<p style=\"text-align: left\"><a href=\"http:\/\/www2.unifap.br\/nuphce\/files\/2021\/11\/Foto16.png\"><img decoding=\"async\" class=\"wp-image-1656 alignleft\" src=\"http:\/\/www2.unifap.br\/nuphce\/files\/2021\/11\/Foto16-150x150.png\" alt=\"\" width=\"129\" height=\"129\" srcset=\"https:\/\/www2.unifap.br\/nuphce\/files\/2021\/11\/Foto16-150x150.png 150w, https:\/\/www2.unifap.br\/nuphce\/files\/2021\/11\/Foto16-70x70.png 70w\" sizes=\"(max-width: 129px) 100vw, 129px\" \/><\/a>O <em>NUPHCE<\/em> foi criado, em 2013, por Eliane Leal Vasquez ap\u00f3s o seu ingresso como professora efetiva de Matem\u00e1tica do Curso de Licenciatura em Educa\u00e7\u00e3o Escolar Ind\u00edgena na Universidade Federal do Amap\u00e1 (UNIFAP). O n\u00facleo foi certificado pela UNIFAP e pelo Conselho Nacional de Desenvolvimento Cient\u00edfico e Tecnol\u00f3gico, ligado ao Minist\u00e9rio da Ci\u00eancia,\u00a0 Tecnologia, Inova\u00e7\u00e3o e Comunica\u00e7\u00e3o no Brasil (CNPq\/MCTIC).<\/p>\n<p>Inicialmente, a coordenadora instituiu o n\u00facleo, visando construir uma interface da Hist\u00f3ria da Ci\u00eancia e o Ensino Superior Ind\u00edgena, e tamb\u00e9m para apoiar, coordenar e executar projetos de pesquisa e de extens\u00e3o universit\u00e1ria, enfocando temas de interesse de estudantes ind\u00edgenas.<\/p>\n<p>De 2013 at\u00e9 maio de 2014, os integrantes do n\u00facleo dedicaram-se a execu\u00e7\u00e3o de projetos de pesquisa de gradua\u00e7\u00e3o de estudantes ind\u00edgenas. Em junho de 2014, dois projetos foram iniciados pela equipe do n\u00facleo e aprovados pelo Colegiado do Curso de Licenciatura Intercultural Ind\u00edgena, com o fim de cadastr\u00e1-los na Pr\u00f3-Reitoria de Extens\u00e3o e A\u00e7\u00f5es Comunit\u00e1rias, e no\u00a0 Departamento de Pesquisa da UNIFAP.<\/p>\n<p>Os projetos de implanta\u00e7\u00e3o do n\u00facleo foram os seguintes:<\/p>\n<p>\u25cf Projeto de Extens\u00e3o: Cole\u00e7\u00e3o Monografia \u2013 Divulgando a produ\u00e7\u00e3o discente;<\/p>\n<p>\u25cf Projeto de Pesquisa: O Curso de Licenciatura Intercultural Ind\u00edgena da Universidade Federal do Amap\u00e1: Do marco te\u00f3rico e\u00a0 filos\u00f3fico para sua cria\u00e7\u00e3o e implanta\u00e7\u00e3o.<\/p>\n<p>A partir de janeiro de 2015, a professora Eliane Leal Vasquez passou a coordenar os projetos do NUPHCE, na cidade de Macap\u00e1, o que se justificou pela sua remo\u00e7\u00e3o para o Curso de Gradua\u00e7\u00e3o em Matem\u00e1tica da UNIFAP, vinculado ao Departamento de Ci\u00eancias Exatas e Tecnol\u00f3gicas, no Campus Marco Zero do Equador, na cidade de Macap\u00e1.<\/p>\n<p>Com a conclus\u00e3o do doutorado em Hist\u00f3ria da Ci\u00eancia pela professora Jussara de Pinho Barreiros pela PUC\/SP, em 2020, ela assumiu a gest\u00e3o do n\u00facleo como vice coordenadora. Em 2021, a equipe do n\u00facleo desenvolve a\u00e7\u00f5es integradas de pesquisa, ensino e extens\u00e3o nas seguintes linhas:<\/p>\n<p>1) Hist\u00f3ria da Ci\u00eancia e Estudo Penitenci\u00e1rio;<\/p>\n<p>2) Hist\u00f3ria da Matem\u00e1tica na Forma\u00e7\u00e3o de Professores;<\/p>\n<p>3) Ensino de Ci\u00eancias, Qualidade da Vida Escolar e Cultura Ind\u00edgena.<\/p>\n<p>&nbsp;<\/p>\n<p>&nbsp;<\/p>\n<p style=\"text-align: right\">Postagem: <strong>\u00a0\u00a0<\/strong><\/p>\n<p><a href=\"http:\/\/www2.unifap.br\/nuphce\/files\/2020\/09\/Nuphce_salvo.png\"><img decoding=\"async\" class=\" wp-image-1222 alignright\" src=\"http:\/\/www2.unifap.br\/nuphce\/files\/2020\/09\/Nuphce_salvo.png\" alt=\"\" width=\"76\" height=\"76\" srcset=\"https:\/\/www2.unifap.br\/nuphce\/files\/2020\/09\/Nuphce_salvo.png 177w, https:\/\/www2.unifap.br\/nuphce\/files\/2020\/09\/Nuphce_salvo-150x150.png 150w, https:\/\/www2.unifap.br\/nuphce\/files\/2020\/09\/Nuphce_salvo-70x70.png 70w\" sizes=\"(max-width: 76px) 100vw, 76px\" \/><\/a><\/p>\n","protected":false},"excerpt":{"rendered":"<p>O NUPHCE foi criado, em 2013, por Eliane Leal Vasquez ap\u00f3s o seu ingresso como professora efetiva de Matem\u00e1tica do Curso de Licenciatura em Educa\u00e7\u00e3o Escolar Ind\u00edgena na Universidade Federal do Amap\u00e1 (UNIFAP). O n\u00facleo foi certificado pela UNIFAP e&hellip; <\/p>\n<p><a href=\"https:\/\/www2.unifap.br\/nuphce\/pagina-exemplo\/historico\/\" class=\"readmore-button\">Continue Reading<\/a><\/p>\n","protected":false},"author":606,"featured_media":0,"parent":2,"menu_order":1,"comment_status":"open","ping_status":"open","template":"","meta":{"inline_featured_image":false,"ngg_post_thumbnail":0,"footnotes":""},"class_list":["post-336","page","type-page","status-publish","hentry"],"_links":{"self":[{"href":"https:\/\/www2.unifap.br\/nuphce\/wp-json\/wp\/v2\/pages\/336","targetHints":{"allow":["GET"]}}],"collection":[{"href":"https:\/\/www2.unifap.br\/nuphce\/wp-json\/wp\/v2\/pages"}],"about":[{"href":"https:\/\/www2.unifap.br\/nuphce\/wp-json\/wp\/v2\/types\/page"}],"author":[{"embeddable":true,"href":"https:\/\/www2.unifap.br\/nuphce\/wp-json\/wp\/v2\/users\/606"}],"replies":[{"embeddable":true,"href":"https:\/\/www2.unifap.br\/nuphce\/wp-json\/wp\/v2\/comments?post=336"}],"version-history":[{"count":42,"href":"https:\/\/www2.unifap.br\/nuphce\/wp-json\/wp\/v2\/pages\/336\/revisions"}],"predecessor-version":[{"id":1725,"href":"https:\/\/www2.unifap.br\/nuphce\/wp-json\/wp\/v2\/pages\/336\/revisions\/1725"}],"up":[{"embeddable":true,"href":"https:\/\/www2.unifap.br\/nuphce\/wp-json\/wp\/v2\/pages\/2"}],"wp:attachment":[{"href":"https:\/\/www2.unifap.br\/nuphce\/wp-json\/wp\/v2\/media?parent=336"}],"curies":[{"name":"wp","href":"https:\/\/api.w.org\/{rel}","templated":true}]}}