{"id":339,"date":"2015-08-04T04:39:07","date_gmt":"2015-08-04T04:39:07","guid":{"rendered":"http:\/\/www2.unifap.br\/nuphce\/?page_id=339"},"modified":"2021-11-02T02:29:36","modified_gmt":"2021-11-02T02:29:36","slug":"metas-a-longo-prazo","status":"publish","type":"page","link":"https:\/\/www2.unifap.br\/nuphce\/pagina-exemplo\/metas-a-longo-prazo\/","title":{"rendered":"Metas em longo prazo"},"content":{"rendered":"<p><strong>1)<\/strong> Implantar e gerenciar a revista eletr\u00f4nica Science and Knowledge in Focus na Universidade Federal do Amap\u00e1;<\/p>\n<p><strong>2)<\/strong> Fortalecer a hist\u00f3ria da ci\u00eancia e ensino no norte do Brasil;<\/p>\n<p><strong>3)<\/strong> Contribuir no Estado do Amap\u00e1, com a produ\u00e7\u00e3o cient\u00edfica e\u00a0 cria\u00e7\u00e3o de produtos educacionais para a forma\u00e7\u00e3o inicial e continuada de professores de Ci\u00eancias e Matem\u00e1tica, que trabalham na Educa\u00e7\u00e3o Escolar Ind\u00edgena, Educa\u00e7\u00e3o Penitenci\u00e1ria e Educa\u00e7\u00e3o de Jovens e Adultos.<\/p>\n<p style=\"text-align: center\"><a href=\"http:\/\/www2.unifap.br\/nuphce\/files\/2020\/09\/Nuphce_salvo.png\"><img decoding=\"async\" class=\"wp-image-1222 alignright\" src=\"http:\/\/www2.unifap.br\/nuphce\/files\/2020\/09\/Nuphce_salvo.png\" alt=\"\" width=\"86\" height=\"86\" srcset=\"https:\/\/www2.unifap.br\/nuphce\/files\/2020\/09\/Nuphce_salvo.png 177w, https:\/\/www2.unifap.br\/nuphce\/files\/2020\/09\/Nuphce_salvo-150x150.png 150w, https:\/\/www2.unifap.br\/nuphce\/files\/2020\/09\/Nuphce_salvo-70x70.png 70w\" sizes=\"(max-width: 86px) 100vw, 86px\" \/><\/a><\/p>\n","protected":false},"excerpt":{"rendered":"<p>1) Implantar e gerenciar a revista eletr\u00f4nica Science and Knowledge in Focus na Universidade Federal do Amap\u00e1; 2) Fortalecer a hist\u00f3ria da ci\u00eancia e ensino no norte do Brasil; 3) Contribuir no Estado do Amap\u00e1, com a produ\u00e7\u00e3o cient\u00edfica e\u00a0&hellip; <\/p>\n<p><a href=\"https:\/\/www2.unifap.br\/nuphce\/pagina-exemplo\/metas-a-longo-prazo\/\" class=\"readmore-button\">Continue Reading<\/a><\/p>\n","protected":false},"author":606,"featured_media":0,"parent":2,"menu_order":4,"comment_status":"open","ping_status":"open","template":"","meta":{"inline_featured_image":false,"ngg_post_thumbnail":0,"footnotes":""},"class_list":["post-339","page","type-page","status-publish","hentry"],"_links":{"self":[{"href":"https:\/\/www2.unifap.br\/nuphce\/wp-json\/wp\/v2\/pages\/339","targetHints":{"allow":["GET"]}}],"collection":[{"href":"https:\/\/www2.unifap.br\/nuphce\/wp-json\/wp\/v2\/pages"}],"about":[{"href":"https:\/\/www2.unifap.br\/nuphce\/wp-json\/wp\/v2\/types\/page"}],"author":[{"embeddable":true,"href":"https:\/\/www2.unifap.br\/nuphce\/wp-json\/wp\/v2\/users\/606"}],"replies":[{"embeddable":true,"href":"https:\/\/www2.unifap.br\/nuphce\/wp-json\/wp\/v2\/comments?post=339"}],"version-history":[{"count":13,"href":"https:\/\/www2.unifap.br\/nuphce\/wp-json\/wp\/v2\/pages\/339\/revisions"}],"predecessor-version":[{"id":1543,"href":"https:\/\/www2.unifap.br\/nuphce\/wp-json\/wp\/v2\/pages\/339\/revisions\/1543"}],"up":[{"embeddable":true,"href":"https:\/\/www2.unifap.br\/nuphce\/wp-json\/wp\/v2\/pages\/2"}],"wp:attachment":[{"href":"https:\/\/www2.unifap.br\/nuphce\/wp-json\/wp\/v2\/media?parent=339"}],"curies":[{"name":"wp","href":"https:\/\/api.w.org\/{rel}","templated":true}]}}