{"id":341,"date":"2015-08-04T04:44:38","date_gmt":"2015-08-04T04:44:38","guid":{"rendered":"http:\/\/www2.unifap.br\/nuphce\/?page_id=341"},"modified":"2021-11-01T21:55:42","modified_gmt":"2021-11-01T21:55:42","slug":"linhas-de-atuacao","status":"publish","type":"page","link":"https:\/\/www2.unifap.br\/nuphce\/pagina-exemplo\/linhas-de-atuacao\/","title":{"rendered":"Linhas de atua\u00e7\u00e3o"},"content":{"rendered":"<p><strong>1) Hist\u00f3ria da Ci\u00eancia e Estudo Penitenci\u00e1rio\u00a0<\/strong><\/p>\n<p>Desenvolve estudos sobre a ci\u00eancia penitenci\u00e1ria (S\u00e9culo XIX-XX), o ensino de ci\u00eancias e matem\u00e1tica nas escolas instaladas nas pris\u00f5es (S\u00e9culo XXI). E tamb\u00e9m a\u00e7\u00f5es de extens\u00e3o universit\u00e1ria para a forma\u00e7\u00e3o inicial e continuada de professores do norte do Brasil.<\/p>\n<p>&nbsp;<\/p>\n<p><strong>2) Hist\u00f3ria da Matem\u00e1tica na Forma\u00e7\u00e3o de Professores<\/strong><\/p>\n<p>Apoia e realiza projetos visando criar produtos educacionais de matem\u00e1tica, com o uso de fontes prim\u00e1rias e secund\u00e1rias da Hist\u00f3ria da Matem\u00e1tica ou aplica\u00e7\u00e3o de teorias no desenvolvimento da extens\u00e3o universit\u00e1ria, da pesquisa e no ensino no Estado do Amap\u00e1.<\/p>\n<p>&nbsp;<\/p>\n<p><strong>3) Ensino de Ci\u00eancia, Qualidade da Vida Escolar e Cultura Ind\u00edgena<\/strong><\/p>\n<p>Desenvolve projetos enfocando sobre o Ensino de Ci\u00eancias, Arte, Qualidade da Vida Escolar e Cultura Ind\u00edgena no contexto dos Cursos de Licenciatura Intercultural Ind\u00edgena e da Educa\u00e7\u00e3o Escolar Ind\u00edgena no norte do Brasil. E tamb\u00e9m temas relacionados ao Xamanismo, Geometria Sagrada, Rituais Ind\u00edgenas e Urbanos no s\u00e9culo XXI.<\/p>\n<p style=\"text-align: right\">Postagem:<\/p>\n<p><a href=\"http:\/\/www2.unifap.br\/nuphce\/files\/2020\/09\/Nuphce_salvo.png\"><img decoding=\"async\" class=\" wp-image-1222 alignright\" src=\"http:\/\/www2.unifap.br\/nuphce\/files\/2020\/09\/Nuphce_salvo.png\" alt=\"\" width=\"70\" height=\"70\" srcset=\"https:\/\/www2.unifap.br\/nuphce\/files\/2020\/09\/Nuphce_salvo.png 177w, https:\/\/www2.unifap.br\/nuphce\/files\/2020\/09\/Nuphce_salvo-150x150.png 150w, https:\/\/www2.unifap.br\/nuphce\/files\/2020\/09\/Nuphce_salvo-70x70.png 70w\" sizes=\"(max-width: 70px) 100vw, 70px\" \/><\/a><\/p>\n","protected":false},"excerpt":{"rendered":"<p>1) Hist\u00f3ria da Ci\u00eancia e Estudo Penitenci\u00e1rio\u00a0 Desenvolve estudos sobre a ci\u00eancia penitenci\u00e1ria (S\u00e9culo XIX-XX), o ensino de ci\u00eancias e matem\u00e1tica nas escolas instaladas nas pris\u00f5es (S\u00e9culo XXI). E tamb\u00e9m a\u00e7\u00f5es de extens\u00e3o universit\u00e1ria para a forma\u00e7\u00e3o inicial e continuada&hellip; <\/p>\n<p><a href=\"https:\/\/www2.unifap.br\/nuphce\/pagina-exemplo\/linhas-de-atuacao\/\" class=\"readmore-button\">Continue Reading<\/a><\/p>\n","protected":false},"author":606,"featured_media":0,"parent":2,"menu_order":2,"comment_status":"open","ping_status":"open","template":"","meta":{"inline_featured_image":false,"ngg_post_thumbnail":0,"footnotes":""},"class_list":["post-341","page","type-page","status-publish","hentry"],"_links":{"self":[{"href":"https:\/\/www2.unifap.br\/nuphce\/wp-json\/wp\/v2\/pages\/341","targetHints":{"allow":["GET"]}}],"collection":[{"href":"https:\/\/www2.unifap.br\/nuphce\/wp-json\/wp\/v2\/pages"}],"about":[{"href":"https:\/\/www2.unifap.br\/nuphce\/wp-json\/wp\/v2\/types\/page"}],"author":[{"embeddable":true,"href":"https:\/\/www2.unifap.br\/nuphce\/wp-json\/wp\/v2\/users\/606"}],"replies":[{"embeddable":true,"href":"https:\/\/www2.unifap.br\/nuphce\/wp-json\/wp\/v2\/comments?post=341"}],"version-history":[{"count":43,"href":"https:\/\/www2.unifap.br\/nuphce\/wp-json\/wp\/v2\/pages\/341\/revisions"}],"predecessor-version":[{"id":1393,"href":"https:\/\/www2.unifap.br\/nuphce\/wp-json\/wp\/v2\/pages\/341\/revisions\/1393"}],"up":[{"embeddable":true,"href":"https:\/\/www2.unifap.br\/nuphce\/wp-json\/wp\/v2\/pages\/2"}],"wp:attachment":[{"href":"https:\/\/www2.unifap.br\/nuphce\/wp-json\/wp\/v2\/media?parent=341"}],"curies":[{"name":"wp","href":"https:\/\/api.w.org\/{rel}","templated":true}]}}