{"id":689,"date":"2016-02-29T01:07:45","date_gmt":"2016-02-29T01:07:45","guid":{"rendered":"http:\/\/www2.unifap.br\/nuphce\/?page_id=689"},"modified":"2022-01-20T17:16:05","modified_gmt":"2022-01-20T17:16:05","slug":"artigo","status":"publish","type":"page","link":"https:\/\/www2.unifap.br\/nuphce\/producao\/artigo\/","title":{"rendered":"Artigos"},"content":{"rendered":"<h5><\/h5>\n<h5><a href=\"http:\/\/www2.unifap.br\/nuphce\/files\/2022\/01\/SJASCS.png\"><img decoding=\"async\" class=\" wp-image-1700 alignleft\" src=\"http:\/\/www2.unifap.br\/nuphce\/files\/2022\/01\/SJASCS-208x300.png\" alt=\"\" width=\"113\" height=\"163\" srcset=\"https:\/\/www2.unifap.br\/nuphce\/files\/2022\/01\/SJASCS-208x300.png 208w, https:\/\/www2.unifap.br\/nuphce\/files\/2022\/01\/SJASCS-709x1024.png 709w, https:\/\/www2.unifap.br\/nuphce\/files\/2022\/01\/SJASCS-768x1110.png 768w, https:\/\/www2.unifap.br\/nuphce\/files\/2022\/01\/SJASCS.png 1020w\" sizes=\"(max-width: 113px) 100vw, 113px\" \/><\/a><\/h5>\n<h5><\/h5>\n<h5>VASQUEZ, Eliane Leal. Primer Congreso Penitenciario Internacional en el Siglo XIX: La participaci\u00f3n de mujeres y sus trabajos. <strong><a href=\"https:\/\/www.atenaeditora.com.br\/post-artigo\/59670\"><em>Scientific of Journal Applied Social and Clinical<\/em> <em>Science<\/em><\/a><\/strong>. Ponta Grossa, Vol. 2, n. 1, p. 2-10, Jan. 2022.<\/h5>\n<h5><\/h5>\n<h5><\/h5>\n<h5><\/h5>\n<p>&nbsp;<\/p>\n<p>&nbsp;<\/p>\n<p>&nbsp;<\/p>\n<h5><a href=\"http:\/\/www2.unifap.br\/nuphce\/files\/2021\/11\/Revista-Tempo-Amaz\u00f4nico.png\"><img decoding=\"async\" class=\" wp-image-1426 alignleft\" src=\"http:\/\/www2.unifap.br\/nuphce\/files\/2021\/11\/Revista-Tempo-Amaz\u00f4nico-232x300.png\" alt=\"\" width=\"110\" height=\"142\" srcset=\"https:\/\/www2.unifap.br\/nuphce\/files\/2021\/11\/Revista-Tempo-Amaz\u00f4nico-232x300.png 232w, https:\/\/www2.unifap.br\/nuphce\/files\/2021\/11\/Revista-Tempo-Amaz\u00f4nico-791x1024.png 791w, https:\/\/www2.unifap.br\/nuphce\/files\/2021\/11\/Revista-Tempo-Amaz\u00f4nico-768x994.png 768w, https:\/\/www2.unifap.br\/nuphce\/files\/2021\/11\/Revista-Tempo-Amaz\u00f4nico.png 850w\" sizes=\"(max-width: 110px) 100vw, 110px\" \/><\/a><\/h5>\n<h5><\/h5>\n<h5>VASQUEZ, Eliane Leal. Movimento de reforma das pris\u00f5es e ci\u00eancia penitenci\u00e1ria no s\u00e9culo XIX. <span style=\"color: #ff6600\"><em><a style=\"color: #ff6600\" href=\"https:\/\/www.ap.anpuh.org\/download\/download?ID_DOWNLOAD=2103\"><strong>Tempo Amaz\u00f4nico<\/strong><\/a><\/em><\/span>, Macap\u00e1, Vol. 8, n. 1, p. 189-217, Jul.\/Dez. 2020.<\/h5>\n<p>&nbsp;<\/p>\n<p>&nbsp;<\/p>\n<p>&nbsp;<\/p>\n<p>&nbsp;<\/p>\n<h5 style=\"text-align: left\"><a href=\"http:\/\/www2.unifap.br\/nuphce\/files\/2021\/11\/RBPAB.jpg\"><img decoding=\"async\" class=\" wp-image-1430 alignleft\" src=\"http:\/\/www2.unifap.br\/nuphce\/files\/2021\/11\/RBPAB-210x300.jpg\" alt=\"\" width=\"107\" height=\"152\" srcset=\"https:\/\/www2.unifap.br\/nuphce\/files\/2021\/11\/RBPAB-210x300.jpg 210w, https:\/\/www2.unifap.br\/nuphce\/files\/2021\/11\/RBPAB-716x1024.jpg 716w, https:\/\/www2.unifap.br\/nuphce\/files\/2021\/11\/RBPAB-768x1098.jpg 768w, https:\/\/www2.unifap.br\/nuphce\/files\/2021\/11\/RBPAB.jpg 771w\" sizes=\"(max-width: 107px) 100vw, 107px\" \/><\/a><\/h5>\n<h5><\/h5>\n<h5 style=\"text-align: left\">ANDRADE, Cleia Pantoja; DIAS, Alder de Sousa; LEAL VASQUEZ, Eliane; ABREU,\u00a0Waldir Ferreira. Educa\u00e7\u00e3o de Jovens e Adultos em Contexto de Priva\u00e7\u00e3o de Liberdade: An\u00e1lise de narrativas de um sujeito-educando. <a href=\"https:\/\/revistas.uneb.br\/index.php\/rbpab\/article\/view\/5170\/pdf\"><span style=\"color: #cc99ff\"><em><strong>Revista Brasileira de Pesquisa (Auto)biogr\u00e1fica<\/strong><\/em><\/span><\/a>, Salvador, Vol. 4, p. 378-393, Abri.\u00a02019.<\/h5>\n<h5><\/h5>\n<h5><\/h5>\n<p>&nbsp;<\/p>\n<p>&nbsp;<\/p>\n<p>&nbsp;<\/p>\n<h5>MENDES, Myriam Regina Zapaterra; BATISTA, Nildo Aldo; LEAL VASQUEZ, Eliane. Cosmovis\u00e3o ind\u00edgena sobre a tem\u00e1tica sa\u00fade: uma experi\u00eancia de ensino intercultural. <span style=\"color: #339966\"><em><strong>Science and Knowledge in Focus<\/strong><\/em><\/span>, Macap\u00e1, Vol. 1, p. 61-80, 2019.<\/h5>\n<p>&nbsp;<\/p>\n<p>&nbsp;<\/p>\n<p>&nbsp;<\/p>\n<h5><a href=\"http:\/\/www2.unifap.br\/nuphce\/files\/2021\/11\/SKF_2019_Dec.jpg\"><img loading=\"lazy\" decoding=\"async\" class=\"wp-image-1450 alignleft\" src=\"http:\/\/www2.unifap.br\/nuphce\/files\/2021\/11\/SKF_2019_Dec.jpg\" alt=\"\" width=\"109\" height=\"146\" \/><\/a><\/h5>\n<h5><\/h5>\n<h5>SANTOS, Naldos dos; VASQUEZ, Eliane Leal. Marca Galibi-Marworno e Ensino da Matem\u00e1tica: Uma pesquisa em etnomatem\u00e1tica. <strong><a href=\"https:\/\/periodicos.unifap.br\/index.php\/scienceinfocus\/article\/view\/6566\/pdf\"><span style=\"color: #008000\"><em>Science and Knowledge in Focus<\/em><\/span><\/a><\/strong>, Macap\u00e1, Vol. 2, n. 2, p. 51-68, Dec 2019.<\/h5>\n<p>&nbsp;<\/p>\n<p>&nbsp;<\/p>\n<p>&nbsp;<\/p>\n<p>&nbsp;<\/p>\n<p>&nbsp;<\/p>\n<h5><a href=\"http:\/\/www2.unifap.br\/nuphce\/files\/2021\/11\/Redipe.png\"><img loading=\"lazy\" decoding=\"async\" class=\"wp-image-1435 alignleft\" src=\"http:\/\/www2.unifap.br\/nuphce\/files\/2021\/11\/Redipe-208x300.png\" alt=\"\" width=\"111\" height=\"159\" srcset=\"https:\/\/www2.unifap.br\/nuphce\/files\/2021\/11\/Redipe-208x300.png 208w, https:\/\/www2.unifap.br\/nuphce\/files\/2021\/11\/Redipe-709x1024.png 709w, https:\/\/www2.unifap.br\/nuphce\/files\/2021\/11\/Redipe.png 720w\" sizes=\"(max-width: 111px) 100vw, 111px\" \/><\/a><\/h5>\n<h5><\/h5>\n<h5>MONTEIRO, Jaizinho Maur\u00edcio; VASQUEZ, Eliane Leal. Ensino de Poliedro Regular com Uso do Software Poly: Uma experi\u00eancia desenvolvida na educa\u00e7\u00e3o escolar ind\u00edgena. <em><a href=\"https:\/\/periodicos.unifesspa.edu.br\/index.php\/ReDiPE\/article\/view\/794\/476\"><strong><span style=\"color: #0000ff\">Revista Di\u00e1logos e Perspectivas em Educa\u00e7\u00e3o<\/span><\/strong><\/a>,<\/em> Marab\u00e1, Vol.\u00a01, n. 1,\u00a0p.\u00a092-110, Jul.-Dez. 2019.<\/h5>\n<h5><\/h5>\n<h5><\/h5>\n<p>&nbsp;<\/p>\n<p>&nbsp;<\/p>\n<p>&nbsp;<\/p>\n<p>&nbsp;<\/p>\n<h5><a href=\"http:\/\/www2.unifap.br\/nuphce\/files\/2021\/11\/SKF.jpg\"><img loading=\"lazy\" decoding=\"async\" class=\"wp-image-1443 alignleft\" src=\"http:\/\/www2.unifap.br\/nuphce\/files\/2021\/11\/SKF.jpg\" alt=\"\" width=\"117\" height=\"156\" \/><\/a><\/h5>\n<h5><\/h5>\n<h5><a href=\"https:\/\/periodicos.unifap.br\/index.php\/scienceinfocus\/article\/view\/3258\/alarcidiov1n1.pdf\"><span style=\"color: #000000\">NARCISO, Alarcidio Figueiredo; VASQUEZ, Eliane Leal. Pr\u00e1ticas laborais de ind\u00edgenas Galibi-Marworno e modos de medir: pesquisa em etnomatem\u00e1tica. <em><span style=\"color: #339966\"><strong>Science and Knowledge in Focus<\/strong><\/span><\/em>, Macap\u00e1, Vol. 1, n. 1, p. 39-56, Jan. 2018.<\/span><\/a><\/h5>\n<h5><\/h5>\n<p>&nbsp;<\/p>\n<p>&nbsp;<\/p>\n<p>&nbsp;<\/p>\n<p>&nbsp;<\/p>\n<h5><a href=\"http:\/\/www2.unifap.br\/nuphce\/files\/2021\/11\/SKF.jpg\"><img loading=\"lazy\" decoding=\"async\" class=\"alignleft wp-image-1443\" src=\"http:\/\/www2.unifap.br\/nuphce\/files\/2021\/11\/SKF.jpg\" alt=\"\" width=\"115\" height=\"153\" \/><\/a><\/h5>\n<h5><\/h5>\n<h5><span style=\"color: #000000\"><a style=\"color: #000000\" href=\"https:\/\/periodicos.unifap.br\/index.php\/scienceinfocus\/article\/view\/3250\/ereuv1n1.pdf\">APALAI, Ereu; BARREIROS, Jussara de Pinho. Arte Aparai na Educa\u00e7\u00e3o Escolar Ind\u00edgena: o grafismo como recurso visual para o ensino de arte. <em><span style=\"color: #339966\"><strong>Science and Knowledge in Focus<\/strong><\/span><\/em>,\u00a0Macap\u00e1, Vol. 1, n. 1, p. 57-72, Jan. 2018.<\/a><\/span><\/h5>\n<h5><\/h5>\n<p>&nbsp;<\/p>\n<h5><\/h5>\n<p>&nbsp;<\/p>\n<p>&nbsp;<\/p>\n<h5><span style=\"color: #000000\"><a href=\"http:\/\/www2.unifap.br\/nuphce\/files\/2021\/11\/JEHD.jpg\"><img loading=\"lazy\" decoding=\"async\" class=\"wp-image-1438 alignleft\" src=\"http:\/\/www2.unifap.br\/nuphce\/files\/2021\/11\/JEHD-228x300.jpg\" alt=\"\" width=\"120\" height=\"158\" srcset=\"https:\/\/www2.unifap.br\/nuphce\/files\/2021\/11\/JEHD-228x300.jpg 228w, https:\/\/www2.unifap.br\/nuphce\/files\/2021\/11\/JEHD.jpg 713w\" sizes=\"(max-width: 120px) 100vw, 120px\" \/><\/a><\/span><\/h5>\n<h5><\/h5>\n<h5><span style=\"color: #000000\"><a style=\"color: #000000\" href=\"http:\/\/jehdnet.com\/journals\/jehd\/Vol_6_No_2_June_2017\/13.pdf\">LEAL VASQUEZ, Eliane. Ethnomathematics as an Epistemological Booster for investigating Culture and Pedagogical Experience with the Young Offender or Prison School Communities. <span style=\"color: #ff6600\"><strong><em>Journal of Education and Human Development<\/em><\/strong><\/span>, Madison, Vol. 6, n. 2, p. 117-127, Jun. 2017.<\/a><\/span><\/h5>\n<p>&nbsp;<\/p>\n<p style=\"text-align: right\">Postagem:<\/p>\n<p style=\"text-align: right\"><a href=\"http:\/\/www2.unifap.br\/nuphce\/files\/2020\/09\/Nuphce_salvo.png\"><img loading=\"lazy\" decoding=\"async\" class=\" wp-image-1222 alignright\" src=\"http:\/\/www2.unifap.br\/nuphce\/files\/2020\/09\/Nuphce_salvo.png\" alt=\"\" width=\"70\" height=\"70\" srcset=\"https:\/\/www2.unifap.br\/nuphce\/files\/2020\/09\/Nuphce_salvo.png 177w, https:\/\/www2.unifap.br\/nuphce\/files\/2020\/09\/Nuphce_salvo-150x150.png 150w, https:\/\/www2.unifap.br\/nuphce\/files\/2020\/09\/Nuphce_salvo-70x70.png 70w\" sizes=\"(max-width: 70px) 100vw, 70px\" \/><\/a><\/p>\n<h4 style=\"text-align: right\"><\/h4>\n<h4><\/h4>\n","protected":false},"excerpt":{"rendered":"<p>VASQUEZ, Eliane Leal. Primer Congreso Penitenciario Internacional en el Siglo XIX: La participaci\u00f3n de mujeres y sus trabajos. Scientific of Journal Applied Social and Clinical Science. Ponta Grossa, Vol. 2, n. 1, p. 2-10, Jan. 2022. &nbsp; &nbsp; &nbsp; VASQUEZ,&hellip; <\/p>\n<p><a href=\"https:\/\/www2.unifap.br\/nuphce\/producao\/artigo\/\" class=\"readmore-button\">Continue Reading<\/a><\/p>\n","protected":false},"author":606,"featured_media":0,"parent":197,"menu_order":0,"comment_status":"open","ping_status":"open","template":"","meta":{"inline_featured_image":false,"ngg_post_thumbnail":0,"footnotes":""},"class_list":["post-689","page","type-page","status-publish","hentry"],"_links":{"self":[{"href":"https:\/\/www2.unifap.br\/nuphce\/wp-json\/wp\/v2\/pages\/689","targetHints":{"allow":["GET"]}}],"collection":[{"href":"https:\/\/www2.unifap.br\/nuphce\/wp-json\/wp\/v2\/pages"}],"about":[{"href":"https:\/\/www2.unifap.br\/nuphce\/wp-json\/wp\/v2\/types\/page"}],"author":[{"embeddable":true,"href":"https:\/\/www2.unifap.br\/nuphce\/wp-json\/wp\/v2\/users\/606"}],"replies":[{"embeddable":true,"href":"https:\/\/www2.unifap.br\/nuphce\/wp-json\/wp\/v2\/comments?post=689"}],"version-history":[{"count":40,"href":"https:\/\/www2.unifap.br\/nuphce\/wp-json\/wp\/v2\/pages\/689\/revisions"}],"predecessor-version":[{"id":1706,"href":"https:\/\/www2.unifap.br\/nuphce\/wp-json\/wp\/v2\/pages\/689\/revisions\/1706"}],"up":[{"embeddable":true,"href":"https:\/\/www2.unifap.br\/nuphce\/wp-json\/wp\/v2\/pages\/197"}],"wp:attachment":[{"href":"https:\/\/www2.unifap.br\/nuphce\/wp-json\/wp\/v2\/media?parent=689"}],"curies":[{"name":"wp","href":"https:\/\/api.w.org\/{rel}","templated":true}]}}