{"id":778,"date":"2016-04-14T01:14:10","date_gmt":"2016-04-14T01:14:10","guid":{"rendered":"http:\/\/www2.unifap.br\/nuphce\/?page_id=778"},"modified":"2021-11-04T13:19:27","modified_gmt":"2021-11-04T13:19:27","slug":"defesa-de-monografia-seki-wajapi","status":"publish","type":"page","link":"https:\/\/www2.unifap.br\/nuphce\/memoria-visual\/defesa-de-monografia-seki-wajapi\/","title":{"rendered":"Defesa p\u00fablica de Seki Waj\u00e3pi"},"content":{"rendered":"<p>Registro fotogr\u00e1fico da defesa p\u00fablica de monografia de Seki Waj\u00e3pi (estudante do Curso de Licenciatura Intecultural Ind\u00edgena da UNIFAP), com o tema \u201c<strong>O ENSINO E APRENDIZAGEM DE MATEM\u00c1TICA NAS ALDEIAS OKORA\u2019YRY E ARAMIR\u00c3: UMA DISCUSS\u00c3O SOBRE A PROPOSTA CURRICULAR PARA AS ESCOLAS WAJ\u00c3PI<\/strong>\u201d<i>, <\/i>ocorrida em 31 de mar\u00e7o de 2016, na UNIFAP\/Campus Marco Zero do Equador, na idade de Macap\u00e1 e no hor\u00e1rio vespertino.<\/p>\n<p style=\"text-align: center\"><a href=\"http:\/\/www2.unifap.br\/nuphce\/files\/2016\/04\/IMG-20160408-WA0022.jpg\"><img fetchpriority=\"high\" decoding=\"async\" class=\"size-medium wp-image-780 aligncenter\" src=\"http:\/\/www2.unifap.br\/nuphce\/files\/2016\/04\/IMG-20160408-WA0022-300x168.jpg\" alt=\"IMG-20160408-WA0022\" width=\"300\" height=\"168\" srcset=\"https:\/\/www2.unifap.br\/nuphce\/files\/2016\/04\/IMG-20160408-WA0022-300x168.jpg 300w, https:\/\/www2.unifap.br\/nuphce\/files\/2016\/04\/IMG-20160408-WA0022-1024x576.jpg 1024w, https:\/\/www2.unifap.br\/nuphce\/files\/2016\/04\/IMG-20160408-WA0022.jpg 1280w\" sizes=\"(max-width: 300px) 100vw, 300px\" \/><\/a>\u00a0 \u00a0 \u00a0\u00a0<a href=\"http:\/\/www2.unifap.br\/nuphce\/files\/2016\/04\/IMG-20160408-WA0021.jpg\"><img decoding=\"async\" class=\"size-medium wp-image-781 aligncenter\" src=\"http:\/\/www2.unifap.br\/nuphce\/files\/2016\/04\/IMG-20160408-WA0021-300x168.jpg\" alt=\"IMG-20160408-WA0021\" width=\"300\" height=\"168\" srcset=\"https:\/\/www2.unifap.br\/nuphce\/files\/2016\/04\/IMG-20160408-WA0021-300x168.jpg 300w, https:\/\/www2.unifap.br\/nuphce\/files\/2016\/04\/IMG-20160408-WA0021-1024x576.jpg 1024w, https:\/\/www2.unifap.br\/nuphce\/files\/2016\/04\/IMG-20160408-WA0021.jpg 1280w\" sizes=\"(max-width: 300px) 100vw, 300px\" \/><\/a><\/p>\n<p style=\"text-align: left\">Participaram da banca examinadora, \u00a0o professor Jo\u00e3o Socorro Pinheiro Ferreira (orientador), a professora Eliane Leal Vasquez (examinadora), os quais comp\u00f5e o corpo docente do Curso de Licenciatura em Matem\u00e1tica (UNIFAP\/Campus Marco Zero do Equador) e tamb\u00e9m a professora Jusssara de Pinho Barreiros (examinadora), que faz parte do corpo docente do Curso de Licenciatura Intercultural Ind\u00edgena (UNIFAP\/Campus Binacional de Oiapoque).<\/p>\n<p>&nbsp;<\/p>\n<p>Fonte:<\/p>\n<p>Seki Waj\u00e3pi. Fotografias de arquivo pessoal. Macap\u00e1, 2016.<\/p>\n<p>&nbsp;<\/p>\n<p style=\"text-align: right\">Postagem:<\/p>\n<p style=\"text-align: right\"><a href=\"http:\/\/www2.unifap.br\/nuphce\/files\/2021\/11\/NUPHCE-para-canal-2.png\"><img decoding=\"async\" class=\" wp-image-1572 alignright\" src=\"http:\/\/www2.unifap.br\/nuphce\/files\/2021\/11\/NUPHCE-para-canal-2.png\" alt=\"\" width=\"82\" height=\"82\" srcset=\"https:\/\/www2.unifap.br\/nuphce\/files\/2021\/11\/NUPHCE-para-canal-2.png 150w, https:\/\/www2.unifap.br\/nuphce\/files\/2021\/11\/NUPHCE-para-canal-2-70x70.png 70w\" sizes=\"(max-width: 82px) 100vw, 82px\" \/><\/a><\/p>\n<p align=\"center\">\n","protected":false},"excerpt":{"rendered":"<p>Registro fotogr\u00e1fico da defesa p\u00fablica de monografia de Seki Waj\u00e3pi (estudante do Curso de Licenciatura Intecultural Ind\u00edgena da UNIFAP), com o tema \u201cO ENSINO E APRENDIZAGEM DE MATEM\u00c1TICA NAS ALDEIAS OKORA\u2019YRY E ARAMIR\u00c3: UMA DISCUSS\u00c3O SOBRE A PROPOSTA CURRICULAR PARA&hellip; <\/p>\n<p><a href=\"https:\/\/www2.unifap.br\/nuphce\/memoria-visual\/defesa-de-monografia-seki-wajapi\/\" class=\"readmore-button\">Continue Reading<\/a><\/p>\n","protected":false},"author":606,"featured_media":0,"parent":1663,"menu_order":3,"comment_status":"open","ping_status":"open","template":"","meta":{"inline_featured_image":false,"ngg_post_thumbnail":0,"footnotes":""},"class_list":["post-778","page","type-page","status-publish","hentry"],"_links":{"self":[{"href":"https:\/\/www2.unifap.br\/nuphce\/wp-json\/wp\/v2\/pages\/778","targetHints":{"allow":["GET"]}}],"collection":[{"href":"https:\/\/www2.unifap.br\/nuphce\/wp-json\/wp\/v2\/pages"}],"about":[{"href":"https:\/\/www2.unifap.br\/nuphce\/wp-json\/wp\/v2\/types\/page"}],"author":[{"embeddable":true,"href":"https:\/\/www2.unifap.br\/nuphce\/wp-json\/wp\/v2\/users\/606"}],"replies":[{"embeddable":true,"href":"https:\/\/www2.unifap.br\/nuphce\/wp-json\/wp\/v2\/comments?post=778"}],"version-history":[{"count":8,"href":"https:\/\/www2.unifap.br\/nuphce\/wp-json\/wp\/v2\/pages\/778\/revisions"}],"predecessor-version":[{"id":1677,"href":"https:\/\/www2.unifap.br\/nuphce\/wp-json\/wp\/v2\/pages\/778\/revisions\/1677"}],"up":[{"embeddable":true,"href":"https:\/\/www2.unifap.br\/nuphce\/wp-json\/wp\/v2\/pages\/1663"}],"wp:attachment":[{"href":"https:\/\/www2.unifap.br\/nuphce\/wp-json\/wp\/v2\/media?parent=778"}],"curies":[{"name":"wp","href":"https:\/\/api.w.org\/{rel}","templated":true}]}}