{"id":793,"date":"2016-04-14T01:42:15","date_gmt":"2016-04-14T01:42:15","guid":{"rendered":"http:\/\/www2.unifap.br\/nuphce\/?page_id=793"},"modified":"2021-11-04T13:07:21","modified_gmt":"2021-11-04T13:07:21","slug":"gelson-pastana-maciel-em-imagens","status":"publish","type":"page","link":"https:\/\/www2.unifap.br\/nuphce\/memoria-visual\/gelson-pastana-maciel-em-imagens\/","title":{"rendered":"Defesa p\u00fablica de Gelson Pastana Maciel"},"content":{"rendered":"<p>Registro fotogr\u00e1fico da defesa p\u00fablica de monografia de Gelson Pastana Maciel (estudante do Curso de Licenciatura Intercultural Ind\u00edgena da UNIFAP), com o tema \u201c<strong>ADORNOS CORPORAIS UTILIZADOS NA DAN\u00c7A TUR\u00c9 GALIBI-MARWORNO<\/strong>\u201d<i>,\u00a0<\/i>ocorrida em 31 de mar\u00e7o de 2016 &#8211; UNIFAP\/Campus Marco Zero do Equador, na cidade de Macap\u00e1, no hor\u00e1rio matutino.<\/p>\n<p style=\"text-align: left\"><a href=\"http:\/\/www2.unifap.br\/nuphce\/files\/2016\/04\/IMG-20160311-WA0028.jpg\"><img fetchpriority=\"high\" decoding=\"async\" class=\"size-medium wp-image-794 aligncenter\" src=\"http:\/\/www2.unifap.br\/nuphce\/files\/2016\/04\/IMG-20160311-WA0028-168x300.jpg\" alt=\"IMG-20160311-WA0028\" width=\"168\" height=\"300\" srcset=\"https:\/\/www2.unifap.br\/nuphce\/files\/2016\/04\/IMG-20160311-WA0028-168x300.jpg 168w, https:\/\/www2.unifap.br\/nuphce\/files\/2016\/04\/IMG-20160311-WA0028-576x1024.jpg 576w, https:\/\/www2.unifap.br\/nuphce\/files\/2016\/04\/IMG-20160311-WA0028.jpg 720w\" sizes=\"(max-width: 168px) 100vw, 168px\" \/><\/a><\/p>\n<p style=\"text-align: left\"><a href=\"http:\/\/www2.unifap.br\/nuphce\/files\/2016\/04\/IMG-20160311-WA00171.jpg\"><img decoding=\"async\" class=\"size-medium wp-image-798 aligncenter\" src=\"http:\/\/www2.unifap.br\/nuphce\/files\/2016\/04\/IMG-20160311-WA00171-300x168.jpg\" alt=\"IMG-20160311-WA0017\" width=\"300\" height=\"168\" srcset=\"https:\/\/www2.unifap.br\/nuphce\/files\/2016\/04\/IMG-20160311-WA00171-300x168.jpg 300w, https:\/\/www2.unifap.br\/nuphce\/files\/2016\/04\/IMG-20160311-WA00171-1024x576.jpg 1024w, https:\/\/www2.unifap.br\/nuphce\/files\/2016\/04\/IMG-20160311-WA00171.jpg 1280w\" sizes=\"(max-width: 300px) 100vw, 300px\" \/><\/a><\/p>\n<p style=\"text-align: center\"><a href=\"http:\/\/www2.unifap.br\/nuphce\/files\/2016\/04\/IMG-20160408-WA00231.jpg\"><img decoding=\"async\" class=\"alignnone size-medium wp-image-801\" src=\"http:\/\/www2.unifap.br\/nuphce\/files\/2016\/04\/IMG-20160408-WA00231-168x300.jpg\" alt=\"IMG-20160408-WA0023\" width=\"168\" height=\"300\" srcset=\"https:\/\/www2.unifap.br\/nuphce\/files\/2016\/04\/IMG-20160408-WA00231-168x300.jpg 168w, https:\/\/www2.unifap.br\/nuphce\/files\/2016\/04\/IMG-20160408-WA00231-576x1024.jpg 576w, https:\/\/www2.unifap.br\/nuphce\/files\/2016\/04\/IMG-20160408-WA00231.jpg 720w\" sizes=\"(max-width: 168px) 100vw, 168px\" \/><\/a><\/p>\n<p>Participaram da banca examinadora, \u00a0a professora Jusssara de Pinho Barreiros (orientadora), \u00a0o professor Jo\u00e3o Batista Gomes de Oliveira (examinador) e a \u00a0professora Eliane Leal Vasquez (examinadora), os quais fazem parte do corpo docente, respectivamente, dos Cursos de Licenciatura Intercultural Ind\u00edgena (UNIFAP\/Campus Binacional de Oiapoque), \u00a0Licenciatura Plena em Artes Visuais e Licenciatura Plena em Matem\u00e1tica (UNIFAP\/Campus Marco Zero do Equador).<\/p>\n<p>&nbsp;<\/p>\n<p>Fonte:<\/p>\n<p>Gelson Pastana Maciel. Fotografias de arquivo pessoal. Macap\u00e1, 2016.<\/p>\n<p>&nbsp;<\/p>\n<p style=\"text-align: right\">Postagem:<\/p>\n<p style=\"text-align: right\"><a href=\"http:\/\/www2.unifap.br\/nuphce\/files\/2021\/11\/NUPHCE-para-canal-2.png\"><img loading=\"lazy\" decoding=\"async\" class=\" wp-image-1572 alignright\" src=\"http:\/\/www2.unifap.br\/nuphce\/files\/2021\/11\/NUPHCE-para-canal-2.png\" alt=\"\" width=\"71\" height=\"71\" srcset=\"https:\/\/www2.unifap.br\/nuphce\/files\/2021\/11\/NUPHCE-para-canal-2.png 150w, https:\/\/www2.unifap.br\/nuphce\/files\/2021\/11\/NUPHCE-para-canal-2-70x70.png 70w\" sizes=\"(max-width: 71px) 100vw, 71px\" \/><\/a><\/p>\n","protected":false},"excerpt":{"rendered":"<p>Registro fotogr\u00e1fico da defesa p\u00fablica de monografia de Gelson Pastana Maciel (estudante do Curso de Licenciatura Intercultural Ind\u00edgena da UNIFAP), com o tema \u201cADORNOS CORPORAIS UTILIZADOS NA DAN\u00c7A TUR\u00c9 GALIBI-MARWORNO\u201d,\u00a0ocorrida em 31 de mar\u00e7o de 2016 &#8211; UNIFAP\/Campus Marco Zero&hellip; <\/p>\n<p><a href=\"https:\/\/www2.unifap.br\/nuphce\/memoria-visual\/gelson-pastana-maciel-em-imagens\/\" class=\"readmore-button\">Continue Reading<\/a><\/p>\n","protected":false},"author":606,"featured_media":0,"parent":1663,"menu_order":1,"comment_status":"open","ping_status":"open","template":"","meta":{"inline_featured_image":false,"ngg_post_thumbnail":0,"footnotes":""},"class_list":["post-793","page","type-page","status-publish","hentry"],"_links":{"self":[{"href":"https:\/\/www2.unifap.br\/nuphce\/wp-json\/wp\/v2\/pages\/793","targetHints":{"allow":["GET"]}}],"collection":[{"href":"https:\/\/www2.unifap.br\/nuphce\/wp-json\/wp\/v2\/pages"}],"about":[{"href":"https:\/\/www2.unifap.br\/nuphce\/wp-json\/wp\/v2\/types\/page"}],"author":[{"embeddable":true,"href":"https:\/\/www2.unifap.br\/nuphce\/wp-json\/wp\/v2\/users\/606"}],"replies":[{"embeddable":true,"href":"https:\/\/www2.unifap.br\/nuphce\/wp-json\/wp\/v2\/comments?post=793"}],"version-history":[{"count":5,"href":"https:\/\/www2.unifap.br\/nuphce\/wp-json\/wp\/v2\/pages\/793\/revisions"}],"predecessor-version":[{"id":1670,"href":"https:\/\/www2.unifap.br\/nuphce\/wp-json\/wp\/v2\/pages\/793\/revisions\/1670"}],"up":[{"embeddable":true,"href":"https:\/\/www2.unifap.br\/nuphce\/wp-json\/wp\/v2\/pages\/1663"}],"wp:attachment":[{"href":"https:\/\/www2.unifap.br\/nuphce\/wp-json\/wp\/v2\/media?parent=793"}],"curies":[{"name":"wp","href":"https:\/\/api.w.org\/{rel}","templated":true}]}}