{"id":806,"date":"2016-04-14T03:17:36","date_gmt":"2016-04-14T03:17:36","guid":{"rendered":"http:\/\/www2.unifap.br\/nuphce\/?page_id=806"},"modified":"2021-11-04T13:08:40","modified_gmt":"2021-11-04T13:08:40","slug":"alencar-campos-em-joesio-charles-em-imagens","status":"publish","type":"page","link":"https:\/\/www2.unifap.br\/nuphce\/memoria-visual\/alencar-campos-em-joesio-charles-em-imagens\/","title":{"rendered":"Defesa p\u00fablica de Alencar Campos dos Santos e Joesio Charles"},"content":{"rendered":"<p>Registro fotogr\u00e1fico da defesa p\u00fablica de monografia de Alencar Campos dos Santos e Joesio Charles (estudantes do Curso de Licenciatura Intercultural Ind\u00edgena da UNIFAP), com o tema \u201c<strong>M<\/strong><b>ODELAGEM MATEM\u00c1TICA PARA EDUCA\u00c7\u00c3O ESCOLAR INDIGENA: Produ\u00e7\u00e3o de farinha de mandioca como situa\u00e7\u00e3o-problema para aulas de matem\u00e1tica<\/b>\u00a0\/\u00a0<b>MODELASI\u00d5 MATEMATXIK PU EDUCASI\u00d5 DJI LEKOL EDJE: Phoduci\u00f5 dji kuak dji m\u00e3iok ke situaci\u00f5 phoblem pu lekol dji matematxik<\/b>\u201d<i>,\u00a0<\/i>ocorrida em 02 de mar\u00e7o de 2016, na\u00a0 UNIFAP\/Campus Binacional de Oiapoque, no hor\u00e1rio vespertino.<\/p>\n<p><a href=\"http:\/\/www2.unifap.br\/nuphce\/files\/2016\/04\/20160303_143714.jpg\"><img fetchpriority=\"high\" decoding=\"async\" class=\"size-medium wp-image-807 aligncenter\" src=\"http:\/\/www2.unifap.br\/nuphce\/files\/2016\/04\/20160303_143714-300x168.jpg\" alt=\"20160303_143714\" width=\"300\" height=\"168\" srcset=\"https:\/\/www2.unifap.br\/nuphce\/files\/2016\/04\/20160303_143714-300x168.jpg 300w, https:\/\/www2.unifap.br\/nuphce\/files\/2016\/04\/20160303_143714-1024x576.jpg 1024w\" sizes=\"(max-width: 300px) 100vw, 300px\" \/><\/a><\/p>\n<p>&nbsp;<\/p>\n<p style=\"text-align: center\"><a href=\"http:\/\/www2.unifap.br\/nuphce\/files\/2016\/04\/20160303_143855.jpg\"><img decoding=\"async\" class=\"alignnone size-medium wp-image-808\" src=\"http:\/\/www2.unifap.br\/nuphce\/files\/2016\/04\/20160303_143855-300x168.jpg\" alt=\"20160303_143855\" width=\"300\" height=\"168\" srcset=\"https:\/\/www2.unifap.br\/nuphce\/files\/2016\/04\/20160303_143855-300x168.jpg 300w, https:\/\/www2.unifap.br\/nuphce\/files\/2016\/04\/20160303_143855-1024x576.jpg 1024w\" sizes=\"(max-width: 300px) 100vw, 300px\" \/><\/a><\/p>\n<p style=\"text-align: center\"><a href=\"http:\/\/www2.unifap.br\/nuphce\/files\/2016\/04\/20160303_143802.jpg\"><img decoding=\"async\" class=\"alignnone size-medium wp-image-809\" src=\"http:\/\/www2.unifap.br\/nuphce\/files\/2016\/04\/20160303_143802-300x168.jpg\" alt=\"20160303_143802\" width=\"300\" height=\"168\" srcset=\"https:\/\/www2.unifap.br\/nuphce\/files\/2016\/04\/20160303_143802-300x168.jpg 300w, https:\/\/www2.unifap.br\/nuphce\/files\/2016\/04\/20160303_143802-1024x576.jpg 1024w\" sizes=\"(max-width: 300px) 100vw, 300px\" \/><\/a><\/p>\n<p>Participaram da banca examinadora, \u00a0Eliane Leal Vasquez (orientadora), professora do Curso de Licenciatura em Matem\u00e1tica (UNIFAP\/Campus Marco Zero do Equador), Janielle da Silva Melo da Cunha e Myriam Regina Zapaterra Mendes\u00a0\u00a0(examinadoras), professoras do \u00a0Curso de Licenciatura Intercultural Ind\u00edgena (UNIFAP\/Campus Binacional de Oiapoque).<\/p>\n<p>&nbsp;<\/p>\n<p>Fonte:<\/p>\n<p>Alencar Campos dos Santos e Joesio Charles. Fotografias de arquivo pessoal. Oiapoque, 2016.<\/p>\n<p>&nbsp;<\/p>\n<p style=\"text-align: right\">Postagem:<\/p>\n<p style=\"text-align: right\"><a href=\"http:\/\/www2.unifap.br\/nuphce\/files\/2021\/11\/NUPHCE-para-canal.png\"><img loading=\"lazy\" decoding=\"async\" class=\" wp-image-1540 alignright\" src=\"http:\/\/www2.unifap.br\/nuphce\/files\/2021\/11\/NUPHCE-para-canal.png\" alt=\"\" width=\"74\" height=\"74\" srcset=\"https:\/\/www2.unifap.br\/nuphce\/files\/2021\/11\/NUPHCE-para-canal.png 150w, https:\/\/www2.unifap.br\/nuphce\/files\/2021\/11\/NUPHCE-para-canal-70x70.png 70w\" sizes=\"(max-width: 74px) 100vw, 74px\" \/><\/a><\/p>\n","protected":false},"excerpt":{"rendered":"<p>Registro fotogr\u00e1fico da defesa p\u00fablica de monografia de Alencar Campos dos Santos e Joesio Charles (estudantes do Curso de Licenciatura Intercultural Ind\u00edgena da UNIFAP), com o tema \u201cMODELAGEM MATEM\u00c1TICA PARA EDUCA\u00c7\u00c3O ESCOLAR INDIGENA: Produ\u00e7\u00e3o de farinha de mandioca como situa\u00e7\u00e3o-problema&hellip; <\/p>\n<p><a href=\"https:\/\/www2.unifap.br\/nuphce\/memoria-visual\/alencar-campos-em-joesio-charles-em-imagens\/\" class=\"readmore-button\">Continue Reading<\/a><\/p>\n","protected":false},"author":606,"featured_media":0,"parent":1663,"menu_order":0,"comment_status":"open","ping_status":"open","template":"","meta":{"inline_featured_image":false,"ngg_post_thumbnail":0,"footnotes":""},"class_list":["post-806","page","type-page","status-publish","hentry"],"_links":{"self":[{"href":"https:\/\/www2.unifap.br\/nuphce\/wp-json\/wp\/v2\/pages\/806","targetHints":{"allow":["GET"]}}],"collection":[{"href":"https:\/\/www2.unifap.br\/nuphce\/wp-json\/wp\/v2\/pages"}],"about":[{"href":"https:\/\/www2.unifap.br\/nuphce\/wp-json\/wp\/v2\/types\/page"}],"author":[{"embeddable":true,"href":"https:\/\/www2.unifap.br\/nuphce\/wp-json\/wp\/v2\/users\/606"}],"replies":[{"embeddable":true,"href":"https:\/\/www2.unifap.br\/nuphce\/wp-json\/wp\/v2\/comments?post=806"}],"version-history":[{"count":6,"href":"https:\/\/www2.unifap.br\/nuphce\/wp-json\/wp\/v2\/pages\/806\/revisions"}],"predecessor-version":[{"id":1673,"href":"https:\/\/www2.unifap.br\/nuphce\/wp-json\/wp\/v2\/pages\/806\/revisions\/1673"}],"up":[{"embeddable":true,"href":"https:\/\/www2.unifap.br\/nuphce\/wp-json\/wp\/v2\/pages\/1663"}],"wp:attachment":[{"href":"https:\/\/www2.unifap.br\/nuphce\/wp-json\/wp\/v2\/media?parent=806"}],"curies":[{"name":"wp","href":"https:\/\/api.w.org\/{rel}","templated":true}]}}