{"id":838,"date":"2016-08-09T14:25:41","date_gmt":"2016-08-09T14:25:41","guid":{"rendered":"http:\/\/www2.unifap.br\/nuphce\/?page_id=838"},"modified":"2021-11-04T13:12:12","modified_gmt":"2021-11-04T13:12:12","slug":"mauricio-galibis-nunes-em-imagem","status":"publish","type":"page","link":"https:\/\/www2.unifap.br\/nuphce\/memoria-visual\/mauricio-galibis-nunes-em-imagem\/","title":{"rendered":"Defesa p\u00fablica de Maur\u00edcio Galibis Nunes"},"content":{"rendered":"<p>Registro fotogr\u00e1fico da defesa p\u00fablica de monografia de Maur\u00edcio Galibis Nunes (estudante do Curso de Licenciatura Intercultural Ind\u00edgena da UNIFAP), com o tema \u201cARTE GALIBI-MARWORNO: Um estudo da varia\u00e7\u00e3o do grafismo kuahi na aldeia Kumarum\u00e3 na regi\u00e3o do Ua\u00e7\u00e1&#8221;<i>,\u00a0<\/i>ocorrida em 09 de agosto de 2016 na UNIFAP\/Campus Marco do Equador, Bloco de Arte, Laborat\u00f3rio de Artes Visuais, na cidade de Macap\u00e1 e no hor\u00e1rio matutino.<\/p>\n<p style=\"text-align: center\"><a href=\"http:\/\/www2.unifap.br\/nuphce\/files\/2016\/08\/20160809_110931.jpg\"><img fetchpriority=\"high\" decoding=\"async\" class=\"alignnone size-medium wp-image-841\" src=\"http:\/\/www2.unifap.br\/nuphce\/files\/2016\/08\/20160809_110931-225x300.jpg\" alt=\"20160809_110931\" width=\"225\" height=\"300\" srcset=\"https:\/\/www2.unifap.br\/nuphce\/files\/2016\/08\/20160809_110931-225x300.jpg 225w, https:\/\/www2.unifap.br\/nuphce\/files\/2016\/08\/20160809_110931-768x1024.jpg 768w\" sizes=\"(max-width: 225px) 100vw, 225px\" \/><\/a><\/p>\n<p style=\"text-align: center\"><a href=\"http:\/\/www2.unifap.br\/nuphce\/files\/2016\/08\/20160809_1109371.jpg\"><img decoding=\"async\" class=\"alignnone size-medium wp-image-839\" src=\"http:\/\/www2.unifap.br\/nuphce\/files\/2016\/08\/20160809_1109371-300x168.jpg\" alt=\"20160809_110937[1]\" width=\"300\" height=\"168\" srcset=\"https:\/\/www2.unifap.br\/nuphce\/files\/2016\/08\/20160809_1109371-300x168.jpg 300w, https:\/\/www2.unifap.br\/nuphce\/files\/2016\/08\/20160809_1109371-1024x576.jpg 1024w\" sizes=\"(max-width: 300px) 100vw, 300px\" \/><\/a><\/p>\n<p>Participaram da banca examinadora, \u00a0a professora Jussara de Pinho Barreiros (orientadora), \u00a0o professor Jo\u00e3o Batista Gomes de Oliveira (examinador) e a \u00a0professora Eliane Leal Vasquez (examinadora), os quais fazem parte do corpo docente, respectivamente, dos Cursos de Licenciatura Intercultural Ind\u00edgena (UNIFAP\/Campus Binacional de Oiapoque), \u00a0Licenciatura Plena em Artes Visuais e Licenciatura Plena em Matem\u00e1tica (UNIFAP\/Campus Marco Zero do Equador).<\/p>\n<p>&nbsp;<\/p>\n<p>Fonte:<\/p>\n<p>Maur\u00edcio Galibis Nunes. Fotografias de arquivo pessoal. Macap\u00e1, 2016.<\/p>\n<p>&nbsp;<\/p>\n<p style=\"text-align: right\">Postagem:<\/p>\n<p><a href=\"http:\/\/www2.unifap.br\/nuphce\/files\/2021\/11\/NUPHCE-para-canal-1.png\"><img decoding=\"async\" class=\" wp-image-1550 alignright\" src=\"http:\/\/www2.unifap.br\/nuphce\/files\/2021\/11\/NUPHCE-para-canal-1.png\" alt=\"\" width=\"83\" height=\"83\" srcset=\"https:\/\/www2.unifap.br\/nuphce\/files\/2021\/11\/NUPHCE-para-canal-1.png 150w, https:\/\/www2.unifap.br\/nuphce\/files\/2021\/11\/NUPHCE-para-canal-1-70x70.png 70w\" sizes=\"(max-width: 83px) 100vw, 83px\" \/><\/a><\/p>\n","protected":false},"excerpt":{"rendered":"<p>Registro fotogr\u00e1fico da defesa p\u00fablica de monografia de Maur\u00edcio Galibis Nunes (estudante do Curso de Licenciatura Intercultural Ind\u00edgena da UNIFAP), com o tema \u201cARTE GALIBI-MARWORNO: Um estudo da varia\u00e7\u00e3o do grafismo kuahi na aldeia Kumarum\u00e3 na regi\u00e3o do Ua\u00e7\u00e1&#8221;,\u00a0ocorrida em&hellip; <\/p>\n<p><a href=\"https:\/\/www2.unifap.br\/nuphce\/memoria-visual\/mauricio-galibis-nunes-em-imagem\/\" class=\"readmore-button\">Continue Reading<\/a><\/p>\n","protected":false},"author":606,"featured_media":0,"parent":1663,"menu_order":2,"comment_status":"open","ping_status":"open","template":"","meta":{"inline_featured_image":false,"ngg_post_thumbnail":0,"footnotes":""},"class_list":["post-838","page","type-page","status-publish","hentry"],"_links":{"self":[{"href":"https:\/\/www2.unifap.br\/nuphce\/wp-json\/wp\/v2\/pages\/838","targetHints":{"allow":["GET"]}}],"collection":[{"href":"https:\/\/www2.unifap.br\/nuphce\/wp-json\/wp\/v2\/pages"}],"about":[{"href":"https:\/\/www2.unifap.br\/nuphce\/wp-json\/wp\/v2\/types\/page"}],"author":[{"embeddable":true,"href":"https:\/\/www2.unifap.br\/nuphce\/wp-json\/wp\/v2\/users\/606"}],"replies":[{"embeddable":true,"href":"https:\/\/www2.unifap.br\/nuphce\/wp-json\/wp\/v2\/comments?post=838"}],"version-history":[{"count":3,"href":"https:\/\/www2.unifap.br\/nuphce\/wp-json\/wp\/v2\/pages\/838\/revisions"}],"predecessor-version":[{"id":843,"href":"https:\/\/www2.unifap.br\/nuphce\/wp-json\/wp\/v2\/pages\/838\/revisions\/843"}],"up":[{"embeddable":true,"href":"https:\/\/www2.unifap.br\/nuphce\/wp-json\/wp\/v2\/pages\/1663"}],"wp:attachment":[{"href":"https:\/\/www2.unifap.br\/nuphce\/wp-json\/wp\/v2\/media?parent=838"}],"curies":[{"name":"wp","href":"https:\/\/api.w.org\/{rel}","templated":true}]}}