{"id":85,"date":"2015-08-01T19:56:22","date_gmt":"2015-08-01T19:56:22","guid":{"rendered":"http:\/\/www2.unifap.br\/nuphce\/?page_id=85"},"modified":"2019-08-25T13:17:59","modified_gmt":"2019-08-25T13:17:59","slug":"trabalhos-apresentados-em-eventos","status":"publish","type":"page","link":"https:\/\/www2.unifap.br\/nuphce\/producao\/trabalhos-apresentados-em-eventos\/","title":{"rendered":"Apresenta\u00e7\u00e3o de trabalhos"},"content":{"rendered":"<p><strong>* I ENCONTRO NACIONAL DE ESTUDANTES IND\u00cdGENAS: Mestas e Desafios no Caminho do Ensino Superior, promovido pela Universidade Federal de S\u00e3o Carlos, de\u00a002 e 06 de setembro de\u00a02013:<\/strong><\/p>\n<div>\n<div><\/div>\n<div><\/div>\n<div>Apresenta\u00e7\u00e3o de p\u00f4ster:<\/div>\n<div><\/div>\n<div>FERREIRA,, J. S. P.; WAJAPI, S. <strong>Uma abordagem sobre o ensino e aprendizagem de matem\u00e1tica nas Aldeias Okora&#8217;vry e Aramir\u00e3 da Etnia Waj\u00e3pi no Estado do Amap\u00e1<\/strong>.<\/div>\n<\/div>\n<p>&nbsp;<\/p>\n<p><a href=\"http:\/\/www2.unifap.br\/nuphce\/files\/2019\/08\/P\u00f4ster-Narciso-e-Vasquez_2013_I-ENEI-1.pdf\">NARCISO, A. F.; VASQUEZ, E. L. <strong>Medidas de Comprimento da Cultura Galibi-Marworno: Registro para utiliza\u00e7\u00e3o e preserva\u00e7\u00e3o pela escola Ind\u00edgena<\/strong>.<\/a><\/p>\n<p>&nbsp;<\/p>\n<div>SANTOS, I. C.; MONTEIRO, J. M.;\u00a0VASQUEZ, E. L.\u00a0<strong>Geometria Plana e Marcas ind\u00edgenas da Cultura Galibi-Marworno: Proposta de material did\u00e1tico de uma pesquisa em etnomatem\u00e1tica<\/strong>.<\/div>\n<p>&nbsp;<\/p>\n<p><strong>* I SEMIN\u00c1RIO INTERNACIONAL DE PESQUISA &amp; EXTENS\u00c3O DA UNIFAP\/BINACIONAL, promovido pela Universidade Federal do Amap\u00e1, de 21 a 22 de abril de 2015:<\/strong><\/p>\n<p>&nbsp;<\/p>\n<p>Comunica\u00e7\u00e3o oral:<\/p>\n<p>VASQUEZ, E. L.\u00a0; BARREIROS, J. P.; MENDES, A.; BICHO, J. S.; MENDES, M. R.Z.; FONSECA, M. G.\u00a0<strong>Cole\u00e7\u00e3o Monografia: Divulgando a produ\u00e7\u00e3o discente &#8211; Um projeto de extens\u00e3o com foco nos debates da educa\u00e7\u00e3o superior ind\u00edgena<\/strong>.<\/p>\n<p>&nbsp;<\/p>\n<p>* <strong>II ESCOLA DE VER\u00c3O DE MATEM\u00c1TICA, promovido pelo Colegiado de Matem\u00e1tica da Universidade Federal do Amap\u00e1, de 05 a 30 de janeiro de 2015:<\/strong><\/p>\n<p>Comunica\u00e7\u00e3o oral:<\/p>\n<p>VASQUEZ, E. L.\u00a0<strong>Ensino Superior Ind\u00edgena na Universidade Federal do Amap\u00e1: Projetos desenvolvidos pelo N\u00facleo de Pesquisa Hist\u00f3ria da Ci\u00eancia e Ensino<\/strong>.<\/p>\n","protected":false},"excerpt":{"rendered":"<p>* I ENCONTRO NACIONAL DE ESTUDANTES IND\u00cdGENAS: Mestas e Desafios no Caminho do Ensino Superior, promovido pela Universidade Federal de S\u00e3o Carlos, de\u00a002 e 06 de setembro de\u00a02013: Apresenta\u00e7\u00e3o de p\u00f4ster: FERREIRA,, J. S. P.; WAJAPI, S. Uma abordagem sobre&hellip; <\/p>\n<p><a href=\"https:\/\/www2.unifap.br\/nuphce\/producao\/trabalhos-apresentados-em-eventos\/\" class=\"readmore-button\">Continue Reading<\/a><\/p>\n","protected":false},"author":606,"featured_media":0,"parent":197,"menu_order":0,"comment_status":"open","ping_status":"open","template":"","meta":{"inline_featured_image":false,"ngg_post_thumbnail":0,"footnotes":""},"class_list":["post-85","page","type-page","status-publish","hentry"],"_links":{"self":[{"href":"https:\/\/www2.unifap.br\/nuphce\/wp-json\/wp\/v2\/pages\/85","targetHints":{"allow":["GET"]}}],"collection":[{"href":"https:\/\/www2.unifap.br\/nuphce\/wp-json\/wp\/v2\/pages"}],"about":[{"href":"https:\/\/www2.unifap.br\/nuphce\/wp-json\/wp\/v2\/types\/page"}],"author":[{"embeddable":true,"href":"https:\/\/www2.unifap.br\/nuphce\/wp-json\/wp\/v2\/users\/606"}],"replies":[{"embeddable":true,"href":"https:\/\/www2.unifap.br\/nuphce\/wp-json\/wp\/v2\/comments?post=85"}],"version-history":[{"count":22,"href":"https:\/\/www2.unifap.br\/nuphce\/wp-json\/wp\/v2\/pages\/85\/revisions"}],"predecessor-version":[{"id":967,"href":"https:\/\/www2.unifap.br\/nuphce\/wp-json\/wp\/v2\/pages\/85\/revisions\/967"}],"up":[{"embeddable":true,"href":"https:\/\/www2.unifap.br\/nuphce\/wp-json\/wp\/v2\/pages\/197"}],"wp:attachment":[{"href":"https:\/\/www2.unifap.br\/nuphce\/wp-json\/wp\/v2\/media?parent=85"}],"curies":[{"name":"wp","href":"https:\/\/api.w.org\/{rel}","templated":true}]}}