{"id":308,"date":"2015-04-01T12:42:17","date_gmt":"2015-04-01T12:42:17","guid":{"rendered":"http:\/\/www2.unifap.br\/obfron\/?page_id=308"},"modified":"2015-04-01T12:42:17","modified_gmt":"2015-04-01T12:42:17","slug":"pos-graduacao","status":"publish","type":"page","link":"https:\/\/www2.unifap.br\/obfron\/pos-graduacao\/","title":{"rendered":"P\u00d3S-GRADUA\u00c7\u00c3O"},"content":{"rendered":"<p>em constru\u00e7\u00e3o<\/p>\n","protected":false},"excerpt":{"rendered":"<p>em constru\u00e7\u00e3o<\/p>\n","protected":false},"author":710,"featured_media":0,"parent":0,"menu_order":4,"comment_status":"open","ping_status":"open","template":"","meta":{"inline_featured_image":false,"ngg_post_thumbnail":0,"footnotes":""},"class_list":["post-308","page","type-page","status-publish","hentry","entry"],"_links":{"self":[{"href":"https:\/\/www2.unifap.br\/obfron\/wp-json\/wp\/v2\/pages\/308","targetHints":{"allow":["GET"]}}],"collection":[{"href":"https:\/\/www2.unifap.br\/obfron\/wp-json\/wp\/v2\/pages"}],"about":[{"href":"https:\/\/www2.unifap.br\/obfron\/wp-json\/wp\/v2\/types\/page"}],"author":[{"embeddable":true,"href":"https:\/\/www2.unifap.br\/obfron\/wp-json\/wp\/v2\/users\/710"}],"replies":[{"embeddable":true,"href":"https:\/\/www2.unifap.br\/obfron\/wp-json\/wp\/v2\/comments?post=308"}],"version-history":[{"count":1,"href":"https:\/\/www2.unifap.br\/obfron\/wp-json\/wp\/v2\/pages\/308\/revisions"}],"predecessor-version":[{"id":309,"href":"https:\/\/www2.unifap.br\/obfron\/wp-json\/wp\/v2\/pages\/308\/revisions\/309"}],"wp:attachment":[{"href":"https:\/\/www2.unifap.br\/obfron\/wp-json\/wp\/v2\/media?parent=308"}],"curies":[{"name":"wp","href":"https:\/\/api.w.org\/{rel}","templated":true}]}}