{"id":50,"date":"2025-11-14T12:35:50","date_gmt":"2025-11-14T15:35:50","guid":{"rendered":"https:\/\/www2.unifap.br\/observatorioinovasocial\/?page_id=50"},"modified":"2025-12-12T11:20:30","modified_gmt":"2025-12-12T14:20:30","slug":"contato","status":"publish","type":"page","link":"https:\/\/www2.unifap.br\/observatorioinovasocial\/contato\/","title":{"rendered":"CONTATO"},"content":{"rendered":"\t\t<div data-elementor-type=\"wp-page\" data-elementor-id=\"50\" class=\"elementor elementor-50\">\n\t\t\t\t<div class=\"elementor-element elementor-element-9333e6c e-flex e-con-boxed e-con e-parent\" data-id=\"9333e6c\" data-element_type=\"container\" data-e-type=\"container\">\n\t\t\t\t\t<div class=\"e-con-inner\">\n\t\t\t\t<div class=\"elementor-element elementor-element-08792f9 elementor-widget elementor-widget-heading\" data-id=\"08792f9\" data-element_type=\"widget\" data-e-type=\"widget\" data-widget_type=\"heading.default\">\n\t\t\t\t\t<h2 class=\"elementor-heading-title elementor-size-default\">Sugest\u00f5es, cr\u00edticas e d\u00favidas:<\/h2>\t\t\t\t<\/div>\n\t\t\t\t\t<\/div>\n\t\t\t\t<\/div>\n\t\t<div class=\"elementor-element elementor-element-20c9c36 e-flex e-con-boxed e-con e-parent\" data-id=\"20c9c36\" data-element_type=\"container\" data-e-type=\"container\">\n\t\t\t\t\t<div class=\"e-con-inner\">\n\t\t\t\t<div class=\"elementor-element elementor-element-9d971a4 elementor-widget elementor-widget-text-editor\" data-id=\"9d971a4\" data-element_type=\"widget\" data-e-type=\"widget\" data-widget_type=\"text-editor.default\">\n\t\t\t\t\t\t\t\t\t<h3 class=\"elementor-icon-box-title\">Endere\u00e7o : Rod. Josmar Chaves Pinto, km 02 &#8211; Bloco Aranha<br \/>Jardim Marco Zero, Macap\u00e1 &#8211; AP, 68903-419<\/h3><h3 class=\"elementor-icon-box-title\"><strong>E-mail: ppcult@unifap.com.br<\/strong><\/h3><div><b>Site &#8211; Programa de P\u00f3s-Gradua\u00e7\u00e3o em Estudos de Cultura e Pol\u00edtica &#8211; PPCULT\/Unifap<\/b><br \/><a href=\"https:\/\/www2.unifap.br\/ppcult\/\"><b>https:\/\/www2.unifap.br\/ppcult\/<\/b><\/a><br \/><br \/><\/div><p><a href=\"https:\/\/www.instagram.com\/ppcult.unifap\/\"><img decoding=\"async\" class=\" wp-image-625\" src=\"http:\/\/www2.unifap.br\/observatorioinovasocial\/files\/2025\/12\/v982-d3-04-300x300.jpg\" alt=\"\" width=\"133\" height=\"133\" srcset=\"https:\/\/www2.unifap.br\/observatorioinovasocial\/files\/2025\/12\/v982-d3-04-300x300.jpg 300w, https:\/\/www2.unifap.br\/observatorioinovasocial\/files\/2025\/12\/v982-d3-04-1024x1024.jpg 1024w, https:\/\/www2.unifap.br\/observatorioinovasocial\/files\/2025\/12\/v982-d3-04-150x150.jpg 150w, https:\/\/www2.unifap.br\/observatorioinovasocial\/files\/2025\/12\/v982-d3-04-768x768.jpg 768w, https:\/\/www2.unifap.br\/observatorioinovasocial\/files\/2025\/12\/v982-d3-04-1536x1536.jpg 1536w, https:\/\/www2.unifap.br\/observatorioinovasocial\/files\/2025\/12\/v982-d3-04-2048x2048.jpg 2048w, https:\/\/www2.unifap.br\/observatorioinovasocial\/files\/2025\/12\/v982-d3-04-600x600.jpg 600w\" sizes=\"(max-width: 133px) 100vw, 133px\" \/><\/a><\/p><h3 class=\"elementor-icon-box-title\">@ppcult.unifap<\/h3>\t\t\t\t\t\t\t\t<\/div>\n\t\t\t\t\t<\/div>\n\t\t\t\t<\/div>\n\t\t\t\t<\/div>\n\t\t","protected":false},"excerpt":{"rendered":"<p>Sugest\u00f5es, cr\u00edticas e d\u00favidas: Endere\u00e7o : Rod. Josmar Chaves Pinto, km 02 &#8211; Bloco AranhaJardim Marco Zero, Macap\u00e1 &#8211; AP, 68903-419 E-mail: ppcult@unifap.com.br Site &#8211; Programa de P\u00f3s-Gradua\u00e7\u00e3o em Estudos de Cultura e Pol\u00edtica &#8211; PPCULT\/Unifaphttps:\/\/www2.unifap.br\/ppcult\/ @ppcult.unifap<\/p>\n","protected":false},"author":4061,"featured_media":0,"parent":0,"menu_order":0,"comment_status":"closed","ping_status":"closed","template":"","meta":{"inline_featured_image":false,"footnotes":""},"class_list":["post-50","page","type-page","status-publish","hentry","entry"],"_links":{"self":[{"href":"https:\/\/www2.unifap.br\/observatorioinovasocial\/wp-json\/wp\/v2\/pages\/50","targetHints":{"allow":["GET"]}}],"collection":[{"href":"https:\/\/www2.unifap.br\/observatorioinovasocial\/wp-json\/wp\/v2\/pages"}],"about":[{"href":"https:\/\/www2.unifap.br\/observatorioinovasocial\/wp-json\/wp\/v2\/types\/page"}],"author":[{"embeddable":true,"href":"https:\/\/www2.unifap.br\/observatorioinovasocial\/wp-json\/wp\/v2\/users\/4061"}],"replies":[{"embeddable":true,"href":"https:\/\/www2.unifap.br\/observatorioinovasocial\/wp-json\/wp\/v2\/comments?post=50"}],"version-history":[{"count":10,"href":"https:\/\/www2.unifap.br\/observatorioinovasocial\/wp-json\/wp\/v2\/pages\/50\/revisions"}],"predecessor-version":[{"id":634,"href":"https:\/\/www2.unifap.br\/observatorioinovasocial\/wp-json\/wp\/v2\/pages\/50\/revisions\/634"}],"wp:attachment":[{"href":"https:\/\/www2.unifap.br\/observatorioinovasocial\/wp-json\/wp\/v2\/media?parent=50"}],"curies":[{"name":"wp","href":"https:\/\/api.w.org\/{rel}","templated":true}]}}