{"id":521,"date":"2025-12-04T17:27:10","date_gmt":"2025-12-04T20:27:10","guid":{"rendered":"https:\/\/www2.unifap.br\/observatorioinovasocial\/?page_id=521"},"modified":"2025-12-04T17:34:55","modified_gmt":"2025-12-04T20:34:55","slug":"elementor-521","status":"publish","type":"page","link":"https:\/\/www2.unifap.br\/observatorioinovasocial\/elementor-521\/","title":{"rendered":"Elementor #521"},"content":{"rendered":"\t\t<div data-elementor-type=\"wp-page\" data-elementor-id=\"521\" class=\"elementor elementor-521\">\n\t\t\t\t<div class=\"elementor-element elementor-element-j30970l e-flex e-con-boxed e-con e-parent\" data-id=\"j30970l\" data-element_type=\"container\" data-e-type=\"container\">\n\t\t\t\t\t<div class=\"e-con-inner\">\n\t\t<div class=\"elementor-element elementor-element-9741bfd e-con-full e-flex e-con e-child\" data-id=\"9741bfd\" data-element_type=\"container\" data-e-type=\"container\">\n\t\t\t\t<div class=\"elementor-element elementor-element-d90ef00 elementor-widget elementor-widget-image\" data-id=\"d90ef00\" data-element_type=\"widget\" data-e-type=\"widget\" data-widget_type=\"image.default\">\n\t\t\t\t\t\t\t\t\t\t\t\t\t\t\t<img fetchpriority=\"high\" decoding=\"async\" width=\"373\" height=\"525\" src=\"https:\/\/www2.unifap.br\/observatorioinovasocial\/files\/2025\/12\/Captura-de-tela-2025-12-04-153344.png\" class=\"attachment-full size-full wp-image-500\" alt=\"\" srcset=\"https:\/\/www2.unifap.br\/observatorioinovasocial\/files\/2025\/12\/Captura-de-tela-2025-12-04-153344.png 373w, https:\/\/www2.unifap.br\/observatorioinovasocial\/files\/2025\/12\/Captura-de-tela-2025-12-04-153344-213x300.png 213w\" sizes=\"(max-width: 373px) 100vw, 373px\" \/>\t\t\t\t\t\t\t\t\t\t\t\t\t\t\t<\/div>\n\t\t\t\t<\/div>\n\t\t<div class=\"elementor-element elementor-element-458f621 e-con-full e-flex e-con e-child\" data-id=\"458f621\" data-element_type=\"container\" data-e-type=\"container\">\n\t\t\t\t<div class=\"elementor-element elementor-element-57ee7d9 elementor-widget elementor-widget-heading\" data-id=\"57ee7d9\" data-element_type=\"widget\" data-e-type=\"widget\" data-widget_type=\"heading.default\">\n\t\t\t\t\t<h4 class=\"elementor-heading-title elementor-size-default\">Cat\u00e1logo Mem\u00f3rias Ancestrais<\/h4>\t\t\t\t<\/div>\n\t\t\t\t<div class=\"elementor-element elementor-element-9dbc1b1 elementor-widget elementor-widget-text-editor\" data-id=\"9dbc1b1\" data-element_type=\"widget\" data-e-type=\"widget\" data-widget_type=\"text-editor.default\">\n\t\t\t\t\t\t\t\t\t<h6>Este cat\u00e1logo de exposi\u00e7\u00e3o apresenta-se como uma iniciativa de interc\u00e2mbio socio-cultural a respeito das plantas amaz\u00f4nicas, produtos artesanais e alimentos oriundos da flora amaz\u00f4nica com car\u00e1ter medicinal fundamentados em saberes afro-ind\u00edgenas. Explora-se, por meio de fotografias, informa\u00e7\u00f5es cient\u00edficas e mem\u00f3rias ancestrais, o poder da cura presente nos conhecimentos de povos origin\u00e1rios e comunidades quilombolas.<\/h6><h6>Elabora\u00e7\u00e3o:<br \/>Alcimara Anic\u00e1 dos Santos e Joana Ingledy Ferreira Dias<\/h6>\t\t\t\t\t\t\t\t<\/div>\n\t\t\t\t<div class=\"elementor-element elementor-element-7179690 elementor-widget elementor-widget-button\" data-id=\"7179690\" data-element_type=\"widget\" data-e-type=\"widget\" data-widget_type=\"button.default\">\n\t\t\t\t\t\t\t\t\t\t<a class=\"elementor-button elementor-button-link elementor-size-sm\" href=\"https:\/\/www2.unifap.br\/observatorioinovasocial\/baixar-arquivo\/\">\n\t\t\t\t\t\t<span class=\"elementor-button-content-wrapper\">\n\t\t\t\t\t\t\t\t\t<span class=\"elementor-button-text\">DOWNLOAD<\/span>\n\t\t\t\t\t<\/span>\n\t\t\t\t\t<\/a>\n\t\t\t\t\t\t\t\t<\/div>\n\t\t\t\t<\/div>\n\t\t\t\t\t<\/div>\n\t\t\t\t<\/div>\n\t\t\t\t<\/div>\n\t\t","protected":false},"excerpt":{"rendered":"<p>Cat\u00e1logo Mem\u00f3rias Ancestrais Este cat\u00e1logo de exposi\u00e7\u00e3o apresenta-se como uma iniciativa de interc\u00e2mbio socio-cultural a respeito das plantas amaz\u00f4nicas, produtos artesanais e alimentos oriundos da flora amaz\u00f4nica com car\u00e1ter medicinal fundamentados em saberes afro-ind\u00edgenas. Explora-se, por meio de fotografias, informa\u00e7\u00f5es cient\u00edficas e mem\u00f3rias ancestrais, o poder da cura presente nos conhecimentos de povos origin\u00e1rios e&#8230;<\/p>\n","protected":false},"author":4061,"featured_media":0,"parent":0,"menu_order":0,"comment_status":"closed","ping_status":"closed","template":"","meta":{"inline_featured_image":false,"footnotes":""},"class_list":["post-521","page","type-page","status-publish","hentry","entry"],"_links":{"self":[{"href":"https:\/\/www2.unifap.br\/observatorioinovasocial\/wp-json\/wp\/v2\/pages\/521","targetHints":{"allow":["GET"]}}],"collection":[{"href":"https:\/\/www2.unifap.br\/observatorioinovasocial\/wp-json\/wp\/v2\/pages"}],"about":[{"href":"https:\/\/www2.unifap.br\/observatorioinovasocial\/wp-json\/wp\/v2\/types\/page"}],"author":[{"embeddable":true,"href":"https:\/\/www2.unifap.br\/observatorioinovasocial\/wp-json\/wp\/v2\/users\/4061"}],"replies":[{"embeddable":true,"href":"https:\/\/www2.unifap.br\/observatorioinovasocial\/wp-json\/wp\/v2\/comments?post=521"}],"version-history":[{"count":3,"href":"https:\/\/www2.unifap.br\/observatorioinovasocial\/wp-json\/wp\/v2\/pages\/521\/revisions"}],"predecessor-version":[{"id":549,"href":"https:\/\/www2.unifap.br\/observatorioinovasocial\/wp-json\/wp\/v2\/pages\/521\/revisions\/549"}],"wp:attachment":[{"href":"https:\/\/www2.unifap.br\/observatorioinovasocial\/wp-json\/wp\/v2\/media?parent=521"}],"curies":[{"name":"wp","href":"https:\/\/api.w.org\/{rel}","templated":true}]}}