{"id":681,"date":"2025-12-14T21:51:12","date_gmt":"2025-12-15T00:51:12","guid":{"rendered":"https:\/\/www2.unifap.br\/observatorioinovasocial\/?page_id=681"},"modified":"2025-12-14T21:54:45","modified_gmt":"2025-12-15T00:54:45","slug":"elementor-521-copy","status":"publish","type":"page","link":"https:\/\/www2.unifap.br\/observatorioinovasocial\/elementor-521-copy\/","title":{"rendered":""},"content":{"rendered":"\t\t<div data-elementor-type=\"wp-page\" data-elementor-id=\"681\" class=\"elementor elementor-681\">\n\t\t\t\t<div class=\"elementor-element elementor-element-j30970l e-flex e-con-boxed e-con e-parent\" data-id=\"j30970l\" data-element_type=\"container\" data-e-type=\"container\">\n\t\t\t\t\t<div class=\"e-con-inner\">\n\t\t<div class=\"elementor-element elementor-element-9741bfd e-con-full e-flex e-con e-child\" data-id=\"9741bfd\" data-element_type=\"container\" data-e-type=\"container\">\n\t\t\t\t<div class=\"elementor-element elementor-element-d90ef00 elementor-widget elementor-widget-image\" data-id=\"d90ef00\" data-element_type=\"widget\" data-e-type=\"widget\" data-widget_type=\"image.default\">\n\t\t\t\t\t\t\t\t\t\t\t\t\t\t\t<img fetchpriority=\"high\" decoding=\"async\" width=\"489\" height=\"690\" src=\"https:\/\/www2.unifap.br\/observatorioinovasocial\/files\/2025\/11\/Captura-de-tela-2025-11-26-195941.png\" class=\"attachment-full size-full wp-image-242\" alt=\"\" srcset=\"https:\/\/www2.unifap.br\/observatorioinovasocial\/files\/2025\/11\/Captura-de-tela-2025-11-26-195941.png 489w, https:\/\/www2.unifap.br\/observatorioinovasocial\/files\/2025\/11\/Captura-de-tela-2025-11-26-195941-213x300.png 213w\" sizes=\"(max-width: 489px) 100vw, 489px\" \/>\t\t\t\t\t\t\t\t\t\t\t\t\t\t\t<\/div>\n\t\t\t\t<\/div>\n\t\t<div class=\"elementor-element elementor-element-458f621 e-con-full e-flex e-con e-child\" data-id=\"458f621\" data-element_type=\"container\" data-e-type=\"container\">\n\t\t\t\t<div class=\"elementor-element elementor-element-57ee7d9 elementor-widget elementor-widget-heading\" data-id=\"57ee7d9\" data-element_type=\"widget\" data-e-type=\"widget\" data-widget_type=\"heading.default\">\n\t\t\t\t\t<h4 class=\"elementor-heading-title elementor-size-default\">Disserta\u00e7\u00e3o \"O Racismo Sutil Por Tr\u00e1s das Palavras\"<\/h4>\t\t\t\t<\/div>\n\t\t\t\t<div class=\"elementor-element elementor-element-db79658 elementor-widget elementor-widget-toggle\" data-id=\"db79658\" data-element_type=\"widget\" data-e-type=\"widget\" data-widget_type=\"toggle.default\">\n\t\t\t\t\t\t\t<div class=\"elementor-toggle\">\n\t\t\t\t\t\t\t<div class=\"elementor-toggle-item\">\n\t\t\t\t\t<div id=\"elementor-tab-title-2301\" class=\"elementor-tab-title\" data-tab=\"1\" role=\"button\" aria-controls=\"elementor-tab-content-2301\" aria-expanded=\"false\">\n\t\t\t\t\t\t\t\t\t\t\t\t<span class=\"elementor-toggle-icon elementor-toggle-icon-right\" aria-hidden=\"true\">\n\t\t\t\t\t\t\t\t\t\t\t\t\t\t\t<span class=\"elementor-toggle-icon-closed\"><svg class=\"e-font-icon-svg e-fas-chevron-down\" viewBox=\"0 0 448 512\" xmlns=\"http:\/\/www.w3.org\/2000\/svg\"><path d=\"M207.029 381.476L12.686 187.132c-9.373-9.373-9.373-24.569 0-33.941l22.667-22.667c9.357-9.357 24.522-9.375 33.901-.04L224 284.505l154.745-154.021c9.379-9.335 24.544-9.317 33.901.04l22.667 22.667c9.373 9.373 9.373 24.569 0 33.941L240.971 381.476c-9.373 9.372-24.569 9.372-33.942 0z\"><\/path><\/svg><\/span>\n\t\t\t\t\t\t\t\t<span class=\"elementor-toggle-icon-opened\"><svg class=\"elementor-toggle-icon-opened e-font-icon-svg e-fas-caret-up\" viewBox=\"0 0 320 512\" xmlns=\"http:\/\/www.w3.org\/2000\/svg\"><path d=\"M288.662 352H31.338c-17.818 0-26.741-21.543-14.142-34.142l128.662-128.662c7.81-7.81 20.474-7.81 28.284 0l128.662 128.662c12.6 12.599 3.676 34.142-14.142 34.142z\"><\/path><\/svg><\/span>\n\t\t\t\t\t\t\t\t\t\t\t\t\t<\/span>\n\t\t\t\t\t\t\t\t\t\t\t\t<a class=\"elementor-toggle-title\" tabindex=\"0\">LEIA MAIS<\/a>\n\t\t\t\t\t<\/div>\n\n\t\t\t\t\t<div id=\"elementor-tab-content-2301\" class=\"elementor-tab-content elementor-clearfix\" data-tab=\"1\" role=\"region\" aria-labelledby=\"elementor-tab-title-2301\"><h6>Este cat\u00e1logo de exposi\u00e7\u00e3o apresenta-se como uma iniciativa de interc\u00e2mbio socio-cultural a respeito das plantas amaz\u00f4nicas, produtos artesanais e alimentos oriundos da flora amaz\u00f4nica com car\u00e1ter medicinal fundamentados em saberes afro-ind\u00edgenas. Explora-se, por meio de fotografias, informa\u00e7\u00f5es cient\u00edficas e mem\u00f3rias ancestrais, o poder da cura presente nos conhecimentos de povos origin\u00e1rios e comunidades quilombolas.<\/h6><h6>Elabora\u00e7\u00e3o:<br \/>Alcimara Anic\u00e1 dos Santos e Joana Ingledy Ferreira Dias<\/h6><\/div>\n\t\t\t\t<\/div>\n\t\t\t\t\t\t\t\t<\/div>\n\t\t\t\t\t\t<\/div>\n\t\t\t\t<div class=\"elementor-element elementor-element-7179690 elementor-widget elementor-widget-button\" data-id=\"7179690\" data-element_type=\"widget\" data-e-type=\"widget\" data-widget_type=\"button.default\">\n\t\t\t\t\t\t\t\t\t\t<a class=\"elementor-button elementor-button-link elementor-size-sm\" href=\"https:\/\/www2.unifap.br\/observatorioinovasocial\/baixar-arquivo\/\">\n\t\t\t\t\t\t<span class=\"elementor-button-content-wrapper\">\n\t\t\t\t\t\t\t\t\t<span class=\"elementor-button-text\">DOWNLOAD<\/span>\n\t\t\t\t\t<\/span>\n\t\t\t\t\t<\/a>\n\t\t\t\t\t\t\t\t<\/div>\n\t\t\t\t<\/div>\n\t\t\t\t\t<\/div>\n\t\t\t\t<\/div>\n\t\t\t\t<\/div>\n\t\t","protected":false},"excerpt":{"rendered":"<p>Disserta\u00e7\u00e3o &#8220;O Racismo Sutil Por Tr\u00e1s das Palavras&#8221; LEIA MAIS Este cat\u00e1logo de exposi\u00e7\u00e3o apresenta-se como uma iniciativa de interc\u00e2mbio socio-cultural a respeito das plantas amaz\u00f4nicas, produtos artesanais e alimentos oriundos da flora amaz\u00f4nica com car\u00e1ter medicinal fundamentados em saberes afro-ind\u00edgenas. Explora-se, por meio de fotografias, informa\u00e7\u00f5es cient\u00edficas e mem\u00f3rias ancestrais, o poder da cura&#8230;<\/p>\n","protected":false},"author":4061,"featured_media":0,"parent":0,"menu_order":0,"comment_status":"closed","ping_status":"closed","template":"","meta":{"inline_featured_image":false,"footnotes":""},"class_list":["post-681","page","type-page","status-publish","hentry","entry"],"_links":{"self":[{"href":"https:\/\/www2.unifap.br\/observatorioinovasocial\/wp-json\/wp\/v2\/pages\/681","targetHints":{"allow":["GET"]}}],"collection":[{"href":"https:\/\/www2.unifap.br\/observatorioinovasocial\/wp-json\/wp\/v2\/pages"}],"about":[{"href":"https:\/\/www2.unifap.br\/observatorioinovasocial\/wp-json\/wp\/v2\/types\/page"}],"author":[{"embeddable":true,"href":"https:\/\/www2.unifap.br\/observatorioinovasocial\/wp-json\/wp\/v2\/users\/4061"}],"replies":[{"embeddable":true,"href":"https:\/\/www2.unifap.br\/observatorioinovasocial\/wp-json\/wp\/v2\/comments?post=681"}],"version-history":[{"count":4,"href":"https:\/\/www2.unifap.br\/observatorioinovasocial\/wp-json\/wp\/v2\/pages\/681\/revisions"}],"predecessor-version":[{"id":685,"href":"https:\/\/www2.unifap.br\/observatorioinovasocial\/wp-json\/wp\/v2\/pages\/681\/revisions\/685"}],"wp:attachment":[{"href":"https:\/\/www2.unifap.br\/observatorioinovasocial\/wp-json\/wp\/v2\/media?parent=681"}],"curies":[{"name":"wp","href":"https:\/\/api.w.org\/{rel}","templated":true}]}}