{"id":82,"date":"2025-11-15T10:09:17","date_gmt":"2025-11-15T13:09:17","guid":{"rendered":"https:\/\/www2.unifap.br\/observatorioinovasocial\/?page_id=82"},"modified":"2025-12-14T21:17:54","modified_gmt":"2025-12-15T00:17:54","slug":"noticias","status":"publish","type":"page","link":"https:\/\/www2.unifap.br\/observatorioinovasocial\/noticias\/","title":{"rendered":"NOT\u00cdCIAS"},"content":{"rendered":"\t\t<div data-elementor-type=\"wp-page\" data-elementor-id=\"82\" class=\"elementor elementor-82\">\n\t\t\t\t<div class=\"elementor-element elementor-element-e7097cc e-flex e-con-boxed e-con e-parent\" data-id=\"e7097cc\" data-element_type=\"container\" data-e-type=\"container\">\n\t\t\t\t\t<div class=\"e-con-inner\">\n\t\t\t\t<div class=\"elementor-element elementor-element-209c17c elementor-widget elementor-widget-contentviews_widget_list1\" data-id=\"209c17c\" data-element_type=\"widget\" data-e-type=\"widget\" data-widget_type=\"contentviews_widget_list1.default\">\n\t\t\t\t<div class=\"elementor-widget-container\">\n\t\t\t\t\t<div class='pt-cv-wrapper'> <div class=\"pt-cv-view pt-cv-blockgrid iscvblock iscvelementor list1 layout1\" id=\"pt-cv-view-209c17c\"><div data-id=\"pt-cv-page-1\" class=\"pt-cv-page\" data-cvc=\"1\"><div class=\" pt-cv-content-item pt-cv-2-col\" ><div class=\"pt-cv-thumb-wrapper pull-left \"><a href=\"https:\/\/www2.unifap.br\/observatorioinovasocial\/2025\/12\/04\/capes-aprova-mestrado-profissional-interdisciplinar-em-estudos-de-cultura-e-politica-da-unifap\/\" class=\"_self pt-cv-href-thumbnail pt-cv-thumb-left\" target=\"_self\" ><img fetchpriority=\"high\" decoding=\"async\" width=\"1024\" height=\"686\" src=\"https:\/\/www2.unifap.br\/observatorioinovasocial\/files\/2025\/12\/Aprovacao_Mestrado_Cultura_Politica-2-1024x686.jpeg\" class=\"pt-cv-thumbnail pull-left\" alt=\"\" \/><\/a><\/div>\n<div class=\"pt-cv-colwrap\"><div class=\"pt-cv-taxoterm above_title\"><a href='https:\/\/www2.unifap.br\/observatorioinovasocial\/category\/noticias\/' title='Not\u00edcias' class='pt-cv-tax-noticias'>Not\u00edcias<\/a><\/div><h4 class=\"pt-cv-title\"><a href=\"https:\/\/www2.unifap.br\/observatorioinovasocial\/2025\/12\/04\/capes-aprova-mestrado-profissional-interdisciplinar-em-estudos-de-cultura-e-politica-da-unifap\/\" class=\"_self\" target=\"_self\" >Capes aprova Mestrado Profissional Interdisciplinar em Estudos de Cultura e Pol\u00edtica da Unifap<\/a><\/h4><div class=\"pt-cv-content\">Foi publicada na \u00faltima quarta-feira, 07, os resultados do primeiro conjunto da Avalia\u00e7\u00e3o de Cursos Novos (APCN) pela Coordena\u00e7\u00e3o de ...<\/div><div class=\"pt-cv-rmwrap\"><a href=\"https:\/\/www2.unifap.br\/observatorioinovasocial\/2025\/12\/04\/capes-aprova-mestrado-profissional-interdisciplinar-em-estudos-de-cultura-e-politica-da-unifap\/\" class=\"_self pt-cv-readmore btn btn-success\" target=\"_self\" >Leia Mais<\/a><\/div><div class=\"pt-cv-meta-fields\"><span class=\"entry-date\"> <time datetime=\"2025-12-04T12:18:43-03:00\">4 de dezembro de 2025<\/time><\/span><span> \/ <\/span><span class=\"author\"> <a href=\"https:\/\/www2.unifap.br\/observatorioinovasocial\/author\/evertontelless\/\" rel=\"author\">evertontelless<\/a><\/span><\/div><\/div><\/div>\n<div class=\" pt-cv-content-item pt-cv-2-col\" ><div class=\"pt-cv-thumb-wrapper pull-left \"><a href=\"https:\/\/www2.unifap.br\/observatorioinovasocial\/2025\/10\/23\/ola-mundo\/\" class=\"_self pt-cv-href-thumbnail pt-cv-thumb-left\" target=\"_self\" ><img decoding=\"async\" width=\"1024\" height=\"1024\" src=\"https:\/\/www2.unifap.br\/observatorioinovasocial\/files\/2025\/12\/cropped-Gemini_Generated_Image_c3xanbc3xanbc3xa-6-1.png\" class=\"pt-cv-thumbnail pull-left\" alt=\"\" \/><\/a><\/div>\n<div class=\"pt-cv-colwrap\"><div class=\"pt-cv-taxoterm above_title\"><a href='https:\/\/www2.unifap.br\/observatorioinovasocial\/category\/noticias\/' title='Not\u00edcias' class='pt-cv-tax-noticias'>Not\u00edcias<\/a><\/div><h4 class=\"pt-cv-title\"><a href=\"https:\/\/www2.unifap.br\/observatorioinovasocial\/2025\/10\/23\/ola-mundo\/\" class=\"_self\" target=\"_self\" >Bem vindo ao Observat\u00f3rio Inova Social<\/a><\/h4><div class=\"pt-cv-content\">Bem-vindo ao Observat\u00f3rio Inova Social! Aqui, inova\u00e7\u00e3o e impacto caminham juntos. Nosso objetivo \u00e9 acompanhar, analisar e divulgar iniciativas que ...<\/div><div class=\"pt-cv-rmwrap\"><a href=\"https:\/\/www2.unifap.br\/observatorioinovasocial\/2025\/10\/23\/ola-mundo\/\" class=\"_self pt-cv-readmore btn btn-success\" target=\"_self\" >Leia Mais<\/a><\/div><div class=\"pt-cv-meta-fields\"><span class=\"entry-date\"> <time datetime=\"2025-10-23T10:13:42-03:00\">23 de outubro de 2025<\/time><\/span><span> \/ <\/span><span class=\"author\"> <a href=\"https:\/\/www2.unifap.br\/observatorioinovasocial\/author\/felipi\/\" rel=\"author\">Felipi Rodrigues<\/a><\/span><\/div><\/div><\/div><\/div><\/div> <\/div> \t\t\t\t<\/div>\n\t\t\t\t<\/div>\n\t\t\t\t\t<\/div>\n\t\t\t\t<\/div>\n\t\t\t\t<\/div>\n\t\t","protected":false},"excerpt":{"rendered":"<p>Not\u00edcias Capes aprova Mestrado Profissional Interdisciplinar em Estudos de Cultura e Pol\u00edtica da Unifap Foi publicada na \u00faltima quarta-feira, 07, os resultados do primeiro conjunto da Avalia\u00e7\u00e3o de Cursos Novos (APCN) pela Coordena\u00e7\u00e3o de &#8230;Leia Mais 4 de dezembro de 2025 \/ evertontelless Not\u00edcias Bem vindo ao Observat\u00f3rio Inova Social Bem-vindo ao Observat\u00f3rio Inova Social!&#8230;<\/p>\n","protected":false},"author":4061,"featured_media":0,"parent":0,"menu_order":0,"comment_status":"closed","ping_status":"closed","template":"","meta":{"inline_featured_image":false,"footnotes":""},"class_list":["post-82","page","type-page","status-publish","hentry","entry","has-media"],"_links":{"self":[{"href":"https:\/\/www2.unifap.br\/observatorioinovasocial\/wp-json\/wp\/v2\/pages\/82","targetHints":{"allow":["GET"]}}],"collection":[{"href":"https:\/\/www2.unifap.br\/observatorioinovasocial\/wp-json\/wp\/v2\/pages"}],"about":[{"href":"https:\/\/www2.unifap.br\/observatorioinovasocial\/wp-json\/wp\/v2\/types\/page"}],"author":[{"embeddable":true,"href":"https:\/\/www2.unifap.br\/observatorioinovasocial\/wp-json\/wp\/v2\/users\/4061"}],"replies":[{"embeddable":true,"href":"https:\/\/www2.unifap.br\/observatorioinovasocial\/wp-json\/wp\/v2\/comments?post=82"}],"version-history":[{"count":10,"href":"https:\/\/www2.unifap.br\/observatorioinovasocial\/wp-json\/wp\/v2\/pages\/82\/revisions"}],"predecessor-version":[{"id":677,"href":"https:\/\/www2.unifap.br\/observatorioinovasocial\/wp-json\/wp\/v2\/pages\/82\/revisions\/677"}],"wp:attachment":[{"href":"https:\/\/www2.unifap.br\/observatorioinovasocial\/wp-json\/wp\/v2\/media?parent=82"}],"curies":[{"name":"wp","href":"https:\/\/api.w.org\/{rel}","templated":true}]}}