{"id":14165,"date":"2023-02-10T14:14:02","date_gmt":"2023-02-10T14:14:02","guid":{"rendered":"https:\/\/www2.unifap.br\/oiapoque\/?page_id=14165"},"modified":"2023-07-05T18:08:13","modified_gmt":"2023-07-05T18:08:13","slug":"dinfra","status":"publish","type":"page","link":"https:\/\/www2.unifap.br\/oiapoque\/administrativo\/coordecacao-adminstracao-planejamento\/dinfra\/","title":{"rendered":"DIAF"},"content":{"rendered":"<h4><strong>DIVIS\u00c3O DE ADMINISTRA\u00c7\u00c3O E FINAN\u00c7AS (DIAF)<\/strong><\/h4>\n<h4><span lang=\"PT\" style=\"font-size: 12.0pt;font-family: 'Times New Roman','serif'\">Paulo Roberto Campos De Souza<\/span><\/h4>\n<h4 style=\"text-align: justify\"><strong>A DIAF coordena as atividades que envolvem os servi\u00e7os de material, patrim\u00f4nio, arquivo geral, almoxarifado e protocolo; supervisionar, coordenar e executar as atividades or\u00e7ament\u00e1rias, financeiras e cont\u00e1beis no \u00e2mbito do Campus; controlar processos para fins de pagamento, obedecendo \u00e0s disposi\u00e7\u00f5es que regulam o assunto e \u00e0s limita\u00e7\u00f5es de compet\u00eancia e or\u00e7ament\u00e1rias.<\/strong><\/h4>\n","protected":false},"excerpt":{"rendered":"<p>DIVIS\u00c3O DE ADMINISTRA\u00c7\u00c3O E FINAN\u00c7AS (DIAF) Paulo Roberto Campos De Souza A DIAF coordena as atividades que envolvem os servi\u00e7os de material, patrim\u00f4nio, arquivo geral, almoxarifado e protocolo; supervisionar, coordenar e executar as atividades or\u00e7ament\u00e1rias, financeiras e cont\u00e1beis no \u00e2mbito do Campus; controlar processos para fins de pagamento, obedecendo \u00e0s disposi\u00e7\u00f5es que regulam o assunto&#8230;<\/p>\n","protected":false},"author":527,"featured_media":0,"parent":4473,"menu_order":0,"comment_status":"closed","ping_status":"closed","template":"","meta":{"inline_featured_image":false,"ngg_post_thumbnail":0,"ocean_post_layout":"","ocean_both_sidebars_style":"","ocean_both_sidebars_content_width":0,"ocean_both_sidebars_sidebars_width":0,"ocean_sidebar":"0","ocean_second_sidebar":"0","ocean_disable_margins":"enable","ocean_add_body_class":"","ocean_shortcode_before_top_bar":"","ocean_shortcode_after_top_bar":"","ocean_shortcode_before_header":"","ocean_shortcode_after_header":"","ocean_has_shortcode":"","ocean_shortcode_after_title":"","ocean_shortcode_before_footer_widgets":"","ocean_shortcode_after_footer_widgets":"","ocean_shortcode_before_footer_bottom":"","ocean_shortcode_after_footer_bottom":"","ocean_display_top_bar":"default","ocean_display_header":"default","ocean_header_style":"","ocean_center_header_left_menu":"0","ocean_custom_header_template":"0","ocean_custom_logo":0,"ocean_custom_retina_logo":0,"ocean_custom_logo_max_width":0,"ocean_custom_logo_tablet_max_width":0,"ocean_custom_logo_mobile_max_width":0,"ocean_custom_logo_max_height":0,"ocean_custom_logo_tablet_max_height":0,"ocean_custom_logo_mobile_max_height":0,"ocean_header_custom_menu":"0","ocean_menu_typo_font_family":"0","ocean_menu_typo_font_subset":"","ocean_menu_typo_font_size":0,"ocean_menu_typo_font_size_tablet":0,"ocean_menu_typo_font_size_mobile":0,"ocean_menu_typo_font_size_unit":"px","ocean_menu_typo_font_weight":"","ocean_menu_typo_font_weight_tablet":"","ocean_menu_typo_font_weight_mobile":"","ocean_menu_typo_transform":"","ocean_menu_typo_transform_tablet":"","ocean_menu_typo_transform_mobile":"","ocean_menu_typo_line_height":0,"ocean_menu_typo_line_height_tablet":0,"ocean_menu_typo_line_height_mobile":0,"ocean_menu_typo_line_height_unit":"","ocean_menu_typo_spacing":0,"ocean_menu_typo_spacing_tablet":0,"ocean_menu_typo_spacing_mobile":0,"ocean_menu_typo_spacing_unit":"","ocean_menu_link_color":"","ocean_menu_link_color_hover":"","ocean_menu_link_color_active":"","ocean_menu_link_background":"","ocean_menu_link_hover_background":"","ocean_menu_link_active_background":"","ocean_menu_social_links_bg":"","ocean_menu_social_hover_links_bg":"","ocean_menu_social_links_color":"","ocean_menu_social_hover_links_color":"","ocean_disable_title":"default","ocean_disable_heading":"default","ocean_post_title":"","ocean_post_subheading":"","ocean_post_title_style":"","ocean_post_title_background_color":"","ocean_post_title_background":0,"ocean_post_title_bg_image_position":"","ocean_post_title_bg_image_attachment":"","ocean_post_title_bg_image_repeat":"","ocean_post_title_bg_image_size":"","ocean_post_title_height":0,"ocean_post_title_bg_overlay":0.5,"ocean_post_title_bg_overlay_color":"","ocean_disable_breadcrumbs":"default","ocean_breadcrumbs_color":"","ocean_breadcrumbs_separator_color":"","ocean_breadcrumbs_links_color":"","ocean_breadcrumbs_links_hover_color":"","ocean_display_footer_widgets":"default","ocean_display_footer_bottom":"default","ocean_custom_footer_template":"0","footnotes":""},"class_list":["post-14165","page","type-page","status-publish","hentry","entry"],"_links":{"self":[{"href":"https:\/\/www2.unifap.br\/oiapoque\/wp-json\/wp\/v2\/pages\/14165","targetHints":{"allow":["GET"]}}],"collection":[{"href":"https:\/\/www2.unifap.br\/oiapoque\/wp-json\/wp\/v2\/pages"}],"about":[{"href":"https:\/\/www2.unifap.br\/oiapoque\/wp-json\/wp\/v2\/types\/page"}],"author":[{"embeddable":true,"href":"https:\/\/www2.unifap.br\/oiapoque\/wp-json\/wp\/v2\/users\/527"}],"replies":[{"embeddable":true,"href":"https:\/\/www2.unifap.br\/oiapoque\/wp-json\/wp\/v2\/comments?post=14165"}],"version-history":[{"count":9,"href":"https:\/\/www2.unifap.br\/oiapoque\/wp-json\/wp\/v2\/pages\/14165\/revisions"}],"predecessor-version":[{"id":14960,"href":"https:\/\/www2.unifap.br\/oiapoque\/wp-json\/wp\/v2\/pages\/14165\/revisions\/14960"}],"up":[{"embeddable":true,"href":"https:\/\/www2.unifap.br\/oiapoque\/wp-json\/wp\/v2\/pages\/4473"}],"wp:attachment":[{"href":"https:\/\/www2.unifap.br\/oiapoque\/wp-json\/wp\/v2\/media?parent=14165"}],"curies":[{"name":"wp","href":"https:\/\/api.w.org\/{rel}","templated":true}]}}