{"id":14177,"date":"2023-02-10T14:24:51","date_gmt":"2023-02-10T14:24:51","guid":{"rendered":"https:\/\/www2.unifap.br\/oiapoque\/?page_id=14177"},"modified":"2023-06-10T18:33:46","modified_gmt":"2023-06-10T18:33:46","slug":"dinfra","status":"publish","type":"page","link":"https:\/\/www2.unifap.br\/oiapoque\/dinfra\/","title":{"rendered":"DINFRA"},"content":{"rendered":"<p><strong>DIVIS\u00c3O DE INFRAESTRUTURA<\/strong><strong> (DINFRA)<\/strong><\/p>\n<p style=\"text-align: justify\">Tem a fun\u00e7\u00e3o de elaborar o plano anual de trabalho para pequenas obras e servi\u00e7os necess\u00e1rios \u00e0 manuten\u00e7\u00e3o, reparo, conserva\u00e7\u00e3o e limpeza dos im\u00f3veis; fornecer ao \u00f3rg\u00e3o central de planejamento, todas as informa\u00e7\u00f5es que forem solicitadas, visando a subsidiar o plano de expans\u00e3o f\u00edsica do campus; responsabilizar-se pelo bom funcionamento das instala\u00e7\u00f5es da infraestrutura; zelar pela limpeza, seguran\u00e7a e conserva\u00e7\u00e3o do campus; responsabilizar-se pela manuten\u00e7\u00e3o e conserva\u00e7\u00e3o das edifica\u00e7\u00f5es e ve\u00edculos.<\/p>\n","protected":false},"excerpt":{"rendered":"<p>DIVIS\u00c3O DE INFRAESTRUTURA (DINFRA) Tem a fun\u00e7\u00e3o de elaborar o plano anual de trabalho para pequenas obras e servi\u00e7os necess\u00e1rios \u00e0 manuten\u00e7\u00e3o, reparo, conserva\u00e7\u00e3o e limpeza dos im\u00f3veis; fornecer ao \u00f3rg\u00e3o central de planejamento, todas as informa\u00e7\u00f5es que forem solicitadas, visando a subsidiar o plano de expans\u00e3o f\u00edsica do campus; responsabilizar-se pelo bom funcionamento das&#8230;<\/p>\n","protected":false},"author":527,"featured_media":0,"parent":0,"menu_order":0,"comment_status":"closed","ping_status":"closed","template":"","meta":{"inline_featured_image":false,"ngg_post_thumbnail":0,"ocean_post_layout":"","ocean_both_sidebars_style":"","ocean_both_sidebars_content_width":0,"ocean_both_sidebars_sidebars_width":0,"ocean_sidebar":"0","ocean_second_sidebar":"0","ocean_disable_margins":"enable","ocean_add_body_class":"","ocean_shortcode_before_top_bar":"","ocean_shortcode_after_top_bar":"","ocean_shortcode_before_header":"","ocean_shortcode_after_header":"","ocean_has_shortcode":"","ocean_shortcode_after_title":"","ocean_shortcode_before_footer_widgets":"","ocean_shortcode_after_footer_widgets":"","ocean_shortcode_before_footer_bottom":"","ocean_shortcode_after_footer_bottom":"","ocean_display_top_bar":"default","ocean_display_header":"default","ocean_header_style":"","ocean_center_header_left_menu":"0","ocean_custom_header_template":"0","ocean_custom_logo":0,"ocean_custom_retina_logo":0,"ocean_custom_logo_max_width":0,"ocean_custom_logo_tablet_max_width":0,"ocean_custom_logo_mobile_max_width":0,"ocean_custom_logo_max_height":0,"ocean_custom_logo_tablet_max_height":0,"ocean_custom_logo_mobile_max_height":0,"ocean_header_custom_menu":"0","ocean_menu_typo_font_family":"0","ocean_menu_typo_font_subset":"","ocean_menu_typo_font_size":0,"ocean_menu_typo_font_size_tablet":0,"ocean_menu_typo_font_size_mobile":0,"ocean_menu_typo_font_size_unit":"px","ocean_menu_typo_font_weight":"","ocean_menu_typo_font_weight_tablet":"","ocean_menu_typo_font_weight_mobile":"","ocean_menu_typo_transform":"","ocean_menu_typo_transform_tablet":"","ocean_menu_typo_transform_mobile":"","ocean_menu_typo_line_height":0,"ocean_menu_typo_line_height_tablet":0,"ocean_menu_typo_line_height_mobile":0,"ocean_menu_typo_line_height_unit":"","ocean_menu_typo_spacing":0,"ocean_menu_typo_spacing_tablet":0,"ocean_menu_typo_spacing_mobile":0,"ocean_menu_typo_spacing_unit":"","ocean_menu_link_color":"","ocean_menu_link_color_hover":"","ocean_menu_link_color_active":"","ocean_menu_link_background":"","ocean_menu_link_hover_background":"","ocean_menu_link_active_background":"","ocean_menu_social_links_bg":"","ocean_menu_social_hover_links_bg":"","ocean_menu_social_links_color":"","ocean_menu_social_hover_links_color":"","ocean_disable_title":"default","ocean_disable_heading":"default","ocean_post_title":"","ocean_post_subheading":"","ocean_post_title_style":"","ocean_post_title_background_color":"","ocean_post_title_background":0,"ocean_post_title_bg_image_position":"","ocean_post_title_bg_image_attachment":"","ocean_post_title_bg_image_repeat":"","ocean_post_title_bg_image_size":"","ocean_post_title_height":0,"ocean_post_title_bg_overlay":0.5,"ocean_post_title_bg_overlay_color":"","ocean_disable_breadcrumbs":"default","ocean_breadcrumbs_color":"","ocean_breadcrumbs_separator_color":"","ocean_breadcrumbs_links_color":"","ocean_breadcrumbs_links_hover_color":"","ocean_display_footer_widgets":"default","ocean_display_footer_bottom":"default","ocean_custom_footer_template":"0","footnotes":""},"class_list":["post-14177","page","type-page","status-publish","hentry","entry"],"_links":{"self":[{"href":"https:\/\/www2.unifap.br\/oiapoque\/wp-json\/wp\/v2\/pages\/14177","targetHints":{"allow":["GET"]}}],"collection":[{"href":"https:\/\/www2.unifap.br\/oiapoque\/wp-json\/wp\/v2\/pages"}],"about":[{"href":"https:\/\/www2.unifap.br\/oiapoque\/wp-json\/wp\/v2\/types\/page"}],"author":[{"embeddable":true,"href":"https:\/\/www2.unifap.br\/oiapoque\/wp-json\/wp\/v2\/users\/527"}],"replies":[{"embeddable":true,"href":"https:\/\/www2.unifap.br\/oiapoque\/wp-json\/wp\/v2\/comments?post=14177"}],"version-history":[{"count":5,"href":"https:\/\/www2.unifap.br\/oiapoque\/wp-json\/wp\/v2\/pages\/14177\/revisions"}],"predecessor-version":[{"id":14848,"href":"https:\/\/www2.unifap.br\/oiapoque\/wp-json\/wp\/v2\/pages\/14177\/revisions\/14848"}],"wp:attachment":[{"href":"https:\/\/www2.unifap.br\/oiapoque\/wp-json\/wp\/v2\/media?parent=14177"}],"curies":[{"name":"wp","href":"https:\/\/api.w.org\/{rel}","templated":true}]}}