{"id":14226,"date":"2023-02-10T17:28:02","date_gmt":"2023-02-10T17:28:02","guid":{"rendered":"https:\/\/www2.unifap.br\/oiapoque\/?page_id=14226"},"modified":"2023-07-05T18:03:49","modified_gmt":"2023-07-05T18:03:49","slug":"dieg","status":"publish","type":"page","link":"https:\/\/www2.unifap.br\/oiapoque\/administrativo\/coordenacao-de-gestao-academico-pedagogica\/dieg\/","title":{"rendered":"DIEG"},"content":{"rendered":"<h4>DIVIS\u00c3O DE ENSINO DE GRADUA\u00c7\u00c3O (DIEG)<\/h4>\n<p>M\u00f4nica Thaynara Dos Santos Vales<\/p>\n<h4>Hor\u00e1rio de trabalho: 08 h \u00e0s 12 h e 14h \u00e0s 18 h<\/h4>\n<h4 style=\"text-align: justify\">Assessorar no planejamento de a\u00e7\u00f5es, programas e projetos institucionais que conduzam \u00e0 melhoria do ensino de gradua\u00e7\u00e3o; estabelecer diretrizes gerais para an\u00e1lise e reformula\u00e7\u00e3o dos cursos de gradua\u00e7\u00e3o; orientar e supervisionar os coordenadores de cursos quanto \u00e0s modifica\u00e7\u00f5es curriculares; manter atualizado o fluxograma dos cursos de gradua\u00e7\u00e3o e seus respectivos curr\u00edculos plenos e outros na sua \u00e1rea de abrang\u00eancia.<\/h4>\n","protected":false},"excerpt":{"rendered":"<p>DIVIS\u00c3O DE ENSINO DE GRADUA\u00c7\u00c3O (DIEG) M\u00f4nica Thaynara Dos Santos Vales Hor\u00e1rio de trabalho: 08 h \u00e0s 12 h e 14h \u00e0s 18 h Assessorar no planejamento de a\u00e7\u00f5es, programas e projetos institucionais que conduzam \u00e0 melhoria do ensino de gradua\u00e7\u00e3o; estabelecer diretrizes gerais para an\u00e1lise e reformula\u00e7\u00e3o dos cursos de gradua\u00e7\u00e3o; orientar e supervisionar&#8230;<\/p>\n","protected":false},"author":527,"featured_media":0,"parent":4475,"menu_order":0,"comment_status":"closed","ping_status":"closed","template":"","meta":{"inline_featured_image":false,"ngg_post_thumbnail":0,"ocean_post_layout":"","ocean_both_sidebars_style":"","ocean_both_sidebars_content_width":0,"ocean_both_sidebars_sidebars_width":0,"ocean_sidebar":"0","ocean_second_sidebar":"0","ocean_disable_margins":"enable","ocean_add_body_class":"","ocean_shortcode_before_top_bar":"","ocean_shortcode_after_top_bar":"","ocean_shortcode_before_header":"","ocean_shortcode_after_header":"","ocean_has_shortcode":"","ocean_shortcode_after_title":"","ocean_shortcode_before_footer_widgets":"","ocean_shortcode_after_footer_widgets":"","ocean_shortcode_before_footer_bottom":"","ocean_shortcode_after_footer_bottom":"","ocean_display_top_bar":"default","ocean_display_header":"default","ocean_header_style":"","ocean_center_header_left_menu":"0","ocean_custom_header_template":"0","ocean_custom_logo":0,"ocean_custom_retina_logo":0,"ocean_custom_logo_max_width":0,"ocean_custom_logo_tablet_max_width":0,"ocean_custom_logo_mobile_max_width":0,"ocean_custom_logo_max_height":0,"ocean_custom_logo_tablet_max_height":0,"ocean_custom_logo_mobile_max_height":0,"ocean_header_custom_menu":"0","ocean_menu_typo_font_family":"0","ocean_menu_typo_font_subset":"","ocean_menu_typo_font_size":0,"ocean_menu_typo_font_size_tablet":0,"ocean_menu_typo_font_size_mobile":0,"ocean_menu_typo_font_size_unit":"px","ocean_menu_typo_font_weight":"","ocean_menu_typo_font_weight_tablet":"","ocean_menu_typo_font_weight_mobile":"","ocean_menu_typo_transform":"","ocean_menu_typo_transform_tablet":"","ocean_menu_typo_transform_mobile":"","ocean_menu_typo_line_height":0,"ocean_menu_typo_line_height_tablet":0,"ocean_menu_typo_line_height_mobile":0,"ocean_menu_typo_line_height_unit":"","ocean_menu_typo_spacing":0,"ocean_menu_typo_spacing_tablet":0,"ocean_menu_typo_spacing_mobile":0,"ocean_menu_typo_spacing_unit":"","ocean_menu_link_color":"","ocean_menu_link_color_hover":"","ocean_menu_link_color_active":"","ocean_menu_link_background":"","ocean_menu_link_hover_background":"","ocean_menu_link_active_background":"","ocean_menu_social_links_bg":"","ocean_menu_social_hover_links_bg":"","ocean_menu_social_links_color":"","ocean_menu_social_hover_links_color":"","ocean_disable_title":"default","ocean_disable_heading":"default","ocean_post_title":"","ocean_post_subheading":"","ocean_post_title_style":"","ocean_post_title_background_color":"","ocean_post_title_background":0,"ocean_post_title_bg_image_position":"","ocean_post_title_bg_image_attachment":"","ocean_post_title_bg_image_repeat":"","ocean_post_title_bg_image_size":"","ocean_post_title_height":0,"ocean_post_title_bg_overlay":0.5,"ocean_post_title_bg_overlay_color":"","ocean_disable_breadcrumbs":"default","ocean_breadcrumbs_color":"","ocean_breadcrumbs_separator_color":"","ocean_breadcrumbs_links_color":"","ocean_breadcrumbs_links_hover_color":"","ocean_display_footer_widgets":"default","ocean_display_footer_bottom":"default","ocean_custom_footer_template":"0","footnotes":""},"class_list":["post-14226","page","type-page","status-publish","hentry","entry"],"_links":{"self":[{"href":"https:\/\/www2.unifap.br\/oiapoque\/wp-json\/wp\/v2\/pages\/14226","targetHints":{"allow":["GET"]}}],"collection":[{"href":"https:\/\/www2.unifap.br\/oiapoque\/wp-json\/wp\/v2\/pages"}],"about":[{"href":"https:\/\/www2.unifap.br\/oiapoque\/wp-json\/wp\/v2\/types\/page"}],"author":[{"embeddable":true,"href":"https:\/\/www2.unifap.br\/oiapoque\/wp-json\/wp\/v2\/users\/527"}],"replies":[{"embeddable":true,"href":"https:\/\/www2.unifap.br\/oiapoque\/wp-json\/wp\/v2\/comments?post=14226"}],"version-history":[{"count":9,"href":"https:\/\/www2.unifap.br\/oiapoque\/wp-json\/wp\/v2\/pages\/14226\/revisions"}],"predecessor-version":[{"id":14959,"href":"https:\/\/www2.unifap.br\/oiapoque\/wp-json\/wp\/v2\/pages\/14226\/revisions\/14959"}],"up":[{"embeddable":true,"href":"https:\/\/www2.unifap.br\/oiapoque\/wp-json\/wp\/v2\/pages\/4475"}],"wp:attachment":[{"href":"https:\/\/www2.unifap.br\/oiapoque\/wp-json\/wp\/v2\/media?parent=14226"}],"curies":[{"name":"wp","href":"https:\/\/api.w.org\/{rel}","templated":true}]}}