{"id":14583,"date":"2023-03-09T20:44:46","date_gmt":"2023-03-09T20:44:46","guid":{"rendered":"https:\/\/www2.unifap.br\/oiapoque\/?page_id=14583"},"modified":"2023-05-16T13:31:50","modified_gmt":"2023-05-16T13:31:50","slug":"pgd-dirg","status":"publish","type":"page","link":"https:\/\/www2.unifap.br\/oiapoque\/programa-de-gestao\/pgd-dirg\/","title":{"rendered":"PGD-DIRG"},"content":{"rendered":"<p style=\"text-align: justify\"><strong>PROGRAMA DE GEST\u00c3O \u2013 DIRG<\/strong><\/p>\n<p style=\"text-align: justify\">O Programa de Gest\u00e3o est\u00e1 institu\u00eddo na UNIFAP atrav\u00e9s da Portaria n\u00ba 0818\/2022-UNIFAP.&nbsp; A Dire\u00e7\u00e3o Geral do Campus Oiapoque \u2013 DIRG aderiu ao PGD atrav\u00e9s do Processo n\u00ba 23125.004856\/2023-48.<\/p>\n<p style=\"text-align: justify\"><strong>07\/03\/2023<\/strong> \u2013 EDITAL DO PROGRAMA DE GEST\u00c3O \u2013 DIRG<\/p>\n<p><span style=\"color: #008000\"><a style=\"color: #008000\" href=\"http:\/\/www2.unifap.br\/oiapoque\/files\/2023\/03\/EDITAL-PGD-UNIFAP-INDICACAO-DIRG.pdf\">EDITAL-PGD-UNIFAP-INDICACAO &#8211; DIRG<\/a><\/span><\/p>\n<p style=\"text-align: justify\"><strong>13\/04\/2023<\/strong> &#8211; DISTRIBUI\u00c7\u00d5ES DE CARGA HOR\u00c1RIA: TELETRABALHO\/PRESENCIAL (COGRAD\/COAP\/COGEP\/ASSCOM\/SECCAMP)<\/p>\n<p><span style=\"color: #008080\"><a style=\"color: #008080\" href=\"http:\/\/www2.unifap.br\/oiapoque\/files\/2023\/04\/DISTRIBUICAO_DE_CARGA_HORRIA_-_TELETRAB_-DIRG.pdf\">DISTRIBUI\u00c7\u00c3O_DE_CARGA_HOR\u00c1RIA &#8211; TELE-TRABALHO_ DIRG&nbsp;<\/a><\/span><\/p>\n<p><img fetchpriority=\"high\" decoding=\"async\" class=\"alignnone size-full wp-image-14677\" src=\"http:\/\/www2.unifap.br\/oiapoque\/files\/2023\/05\/DIRG.png\" alt=\"\" width=\"1120\" height=\"690\" srcset=\"https:\/\/www2.unifap.br\/oiapoque\/files\/2023\/05\/DIRG.png 1120w, https:\/\/www2.unifap.br\/oiapoque\/files\/2023\/05\/DIRG-300x185.png 300w, https:\/\/www2.unifap.br\/oiapoque\/files\/2023\/05\/DIRG-1024x631.png 1024w, https:\/\/www2.unifap.br\/oiapoque\/files\/2023\/05\/DIRG-150x92.png 150w, https:\/\/www2.unifap.br\/oiapoque\/files\/2023\/05\/DIRG-768x473.png 768w\" sizes=\"(max-width: 1120px) 100vw, 1120px\" \/><\/p>\n<p>&nbsp;<\/p>\n<p style=\"text-align: justify\"><strong>14\/04\/2023 <\/strong>\u2013&nbsp;<span style=\"color: #008080\"><a style=\"color: #008080\" href=\"http:\/\/www2.unifap.br\/oiapoque\/files\/2023\/04\/DECISAO-ADMINISTRATIVA-DIRG.pdf\">DECIS\u00c3O ADMINISTRATIVA &#8211; DIRG<\/a><\/span><\/p>\n<p style=\"text-align: justify\"><strong>LEGISLA\u00c7\u00c3O E NORMAS <\/strong><\/p>\n<p style=\"text-align: justify\"><strong>Portaria n\u00ba 0818-2022-UNIFAP<\/strong>&nbsp; (http:\/\/www2.unifap.br\/audint\/files\/2023\/01\/PORTARIA-0818-2022- UNIFAP.pdf)\u2013 Autoriza e estabelece crit\u00e9rios e procedimentos, no \u00e2mbito da Universidade Federal do Amap\u00e1 \u2013 UNIFAP, para a ades\u00e3o ao Programa de Gest\u00e3o.<\/p>\n<p><span style=\"color: #008080\"><a style=\"color: #008080\" href=\"http:\/\/www2.unifap.br\/oiapoque\/files\/2023\/04\/PORTARIA-0818-2022-UNIFAP.pdf\">PORTARIA-0818-2022-UNIFAP<\/a><\/span><\/p>\n<p style=\"text-align: justify\"><strong>Decreto n\u00ba 11.072, de 17 de maio de 2022<\/strong> (http:\/\/www.planalto.gov.br\/ccivil_03\/_ato2019- 2022\/2022\/decreto\/D11072.htm)&nbsp;\u2013 Disp\u00f5e sobre o Programa de Gest\u00e3o e Desempenho \u2013 PGD da administra\u00e7\u00e3o p\u00fablica federal direta, aut\u00e1rquica e fundacional.<\/p>\n<p><span style=\"color: #008080\"><a style=\"color: #008080\" href=\"http:\/\/www2.unifap.br\/oiapoque\/files\/2023\/04\/DECRETO-No-11.072-DE-17-DE-MAIO-DE-2022.pdf\">DECRETO N\u00ba 11.072, DE 17 DE MAIO DE 2022<\/a><\/span><\/p>\n","protected":false},"excerpt":{"rendered":"<p>PROGRAMA DE GEST\u00c3O \u2013 DIRG O Programa de Gest\u00e3o est\u00e1 institu\u00eddo na UNIFAP atrav\u00e9s da Portaria n\u00ba 0818\/2022-UNIFAP.&nbsp; A Dire\u00e7\u00e3o Geral do Campus Oiapoque \u2013 DIRG aderiu ao PGD atrav\u00e9s do Processo n\u00ba 23125.004856\/2023-48. 07\/03\/2023 \u2013 EDITAL DO PROGRAMA DE GEST\u00c3O \u2013 DIRG EDITAL-PGD-UNIFAP-INDICACAO &#8211; DIRG 13\/04\/2023 &#8211; DISTRIBUI\u00c7\u00d5ES DE CARGA HOR\u00c1RIA: TELETRABALHO\/PRESENCIAL (COGRAD\/COAP\/COGEP\/ASSCOM\/SECCAMP) DISTRIBUI\u00c7\u00c3O_DE_CARGA_HOR\u00c1RIA&#8230;<\/p>\n","protected":false},"author":527,"featured_media":0,"parent":14574,"menu_order":0,"comment_status":"closed","ping_status":"closed","template":"","meta":{"inline_featured_image":false,"ngg_post_thumbnail":0,"ocean_post_layout":"","ocean_both_sidebars_style":"","ocean_both_sidebars_content_width":0,"ocean_both_sidebars_sidebars_width":0,"ocean_sidebar":"0","ocean_second_sidebar":"0","ocean_disable_margins":"enable","ocean_add_body_class":"","ocean_shortcode_before_top_bar":"","ocean_shortcode_after_top_bar":"","ocean_shortcode_before_header":"","ocean_shortcode_after_header":"","ocean_has_shortcode":"","ocean_shortcode_after_title":"","ocean_shortcode_before_footer_widgets":"","ocean_shortcode_after_footer_widgets":"","ocean_shortcode_before_footer_bottom":"","ocean_shortcode_after_footer_bottom":"","ocean_display_top_bar":"default","ocean_display_header":"default","ocean_header_style":"","ocean_center_header_left_menu":"0","ocean_custom_header_template":"0","ocean_custom_logo":0,"ocean_custom_retina_logo":0,"ocean_custom_logo_max_width":0,"ocean_custom_logo_tablet_max_width":0,"ocean_custom_logo_mobile_max_width":0,"ocean_custom_logo_max_height":0,"ocean_custom_logo_tablet_max_height":0,"ocean_custom_logo_mobile_max_height":0,"ocean_header_custom_menu":"0","ocean_menu_typo_font_family":"0","ocean_menu_typo_font_subset":"","ocean_menu_typo_font_size":0,"ocean_menu_typo_font_size_tablet":0,"ocean_menu_typo_font_size_mobile":0,"ocean_menu_typo_font_size_unit":"px","ocean_menu_typo_font_weight":"","ocean_menu_typo_font_weight_tablet":"","ocean_menu_typo_font_weight_mobile":"","ocean_menu_typo_transform":"","ocean_menu_typo_transform_tablet":"","ocean_menu_typo_transform_mobile":"","ocean_menu_typo_line_height":0,"ocean_menu_typo_line_height_tablet":0,"ocean_menu_typo_line_height_mobile":0,"ocean_menu_typo_line_height_unit":"","ocean_menu_typo_spacing":0,"ocean_menu_typo_spacing_tablet":0,"ocean_menu_typo_spacing_mobile":0,"ocean_menu_typo_spacing_unit":"","ocean_menu_link_color":"","ocean_menu_link_color_hover":"","ocean_menu_link_color_active":"","ocean_menu_link_background":"","ocean_menu_link_hover_background":"","ocean_menu_link_active_background":"","ocean_menu_social_links_bg":"","ocean_menu_social_hover_links_bg":"","ocean_menu_social_links_color":"","ocean_menu_social_hover_links_color":"","ocean_disable_title":"default","ocean_disable_heading":"default","ocean_post_title":"","ocean_post_subheading":"","ocean_post_title_style":"","ocean_post_title_background_color":"","ocean_post_title_background":0,"ocean_post_title_bg_image_position":"","ocean_post_title_bg_image_attachment":"","ocean_post_title_bg_image_repeat":"","ocean_post_title_bg_image_size":"","ocean_post_title_height":0,"ocean_post_title_bg_overlay":0.5,"ocean_post_title_bg_overlay_color":"","ocean_disable_breadcrumbs":"default","ocean_breadcrumbs_color":"","ocean_breadcrumbs_separator_color":"","ocean_breadcrumbs_links_color":"","ocean_breadcrumbs_links_hover_color":"","ocean_display_footer_widgets":"default","ocean_display_footer_bottom":"default","ocean_custom_footer_template":"0","footnotes":""},"class_list":["post-14583","page","type-page","status-publish","hentry","entry"],"_links":{"self":[{"href":"https:\/\/www2.unifap.br\/oiapoque\/wp-json\/wp\/v2\/pages\/14583","targetHints":{"allow":["GET"]}}],"collection":[{"href":"https:\/\/www2.unifap.br\/oiapoque\/wp-json\/wp\/v2\/pages"}],"about":[{"href":"https:\/\/www2.unifap.br\/oiapoque\/wp-json\/wp\/v2\/types\/page"}],"author":[{"embeddable":true,"href":"https:\/\/www2.unifap.br\/oiapoque\/wp-json\/wp\/v2\/users\/527"}],"replies":[{"embeddable":true,"href":"https:\/\/www2.unifap.br\/oiapoque\/wp-json\/wp\/v2\/comments?post=14583"}],"version-history":[{"count":7,"href":"https:\/\/www2.unifap.br\/oiapoque\/wp-json\/wp\/v2\/pages\/14583\/revisions"}],"predecessor-version":[{"id":14678,"href":"https:\/\/www2.unifap.br\/oiapoque\/wp-json\/wp\/v2\/pages\/14583\/revisions\/14678"}],"up":[{"embeddable":true,"href":"https:\/\/www2.unifap.br\/oiapoque\/wp-json\/wp\/v2\/pages\/14574"}],"wp:attachment":[{"href":"https:\/\/www2.unifap.br\/oiapoque\/wp-json\/wp\/v2\/media?parent=14583"}],"curies":[{"name":"wp","href":"https:\/\/api.w.org\/{rel}","templated":true}]}}