{"id":4183,"date":"2014-04-03T19:25:17","date_gmt":"2014-04-03T19:25:17","guid":{"rendered":"http:\/\/www2.unifap.br\/oiapoque\/?page_id=4183"},"modified":"2023-06-26T18:12:30","modified_gmt":"2023-06-26T18:12:30","slug":"diretoria-geral","status":"publish","type":"page","link":"https:\/\/www2.unifap.br\/oiapoque\/administrativo\/diretoria-geral\/","title":{"rendered":"DIRE\u00c7\u00c3O GERAL"},"content":{"rendered":"<p style=\"text-align: justify\"><strong>DIRE\u00c7\u00c3O GERAL DO CAMPUS BINACIONAL &#8211; <\/strong><a href=\"mailto:otavilandim@unifap.br\">campusbinacionaloiapoque@gmail.com<\/a><\/p>\n<p style=\"text-align: justify\">\u00c9 compet\u00eancia da dire\u00e7\u00e3o do Campus presidir, dirigir, coordenar e supervisionar as atividades de ensino, pesquisa, extens\u00e3o e administrativas.<\/p>\n<p style=\"text-align: justify\"><strong>DIRETOR DO CAMPUS BINACIONAL<\/strong><\/p>\n<p style=\"text-align: justify\">FRANCISCO OT\u00c1VIO LANDIM NETO &#8211; <a href=\"mailto:otavilandim@unifap.br\">otaviolandim@unifap.br<\/a><\/p>\n<p><strong>VICE-DIRETORA DO CAMPUS BINACIONAL&nbsp;<\/strong><\/p>\n<p>ANA FL\u00c1VIA DE ALBUQUERQUE<\/p>\n<p>&nbsp;<\/p>\n<p><strong>SECRETARIA EXECUTIVA DO CAMPUS BINACIONAL<\/strong><\/p>\n<p>S\u00e3o atribui\u00e7\u00f5es da secretaria executiva, organizar, coordenar e executar os servi\u00e7os de secretaria; manter a organiza\u00e7\u00e3o da agenda e compromissos da chefia imediata; produzir documentos diversos e outros expedientes (of\u00edcios, ATAS de reuni\u00f5es e memorandos).<\/p>\n<p><strong>SECRET\u00c1RIA:<\/strong><\/p>\n<h4 style=\"text-align: justify\">KISEANE SILVA MACHADO &#8211; kisemachado@unifap.br<\/h4>\n<h4 style=\"text-align: justify\">&nbsp;<\/h4>\n<h4 style=\"text-align: justify\">ASSESSORIA DE COMUNICA\u00c7\u00c3O DO CAMPUS BINACIONAL &#8211; asscombinacional@unifap.br<\/h4>\n<h4 style=\"text-align: justify\">Compete a assessoria de comunica\u00e7\u00e3o organizar os eventos e promover os respectivos cerimoniais; planejar, coordenar e executar programas e projetos de divulga\u00e7\u00e3o do Campus; promover a cobertura jornal\u00edstica de eventos e solenidades referentes ao Campus Binacional; abertura de processos administrativos de servidores.<\/h4>\n<h4 style=\"text-align: justify\"><strong>ASSESSOR:<\/strong><\/h4>\n<h4 style=\"text-align: justify\">ROBERTO VEIGA DA SILVA &#8211; <a href=\"mailto:roberto.veiga@unifap.br\">roberto.veiga@unifap.br<\/a><\/h4>\n","protected":false},"excerpt":{"rendered":"<p>DIRE\u00c7\u00c3O GERAL DO CAMPUS BINACIONAL &#8211; campusbinacionaloiapoque@gmail.com \u00c9 compet\u00eancia da dire\u00e7\u00e3o do Campus presidir, dirigir, coordenar e supervisionar as atividades de ensino, pesquisa, extens\u00e3o e administrativas. DIRETOR DO CAMPUS BINACIONAL FRANCISCO OT\u00c1VIO LANDIM NETO &#8211; otaviolandim@unifap.br VICE-DIRETORA DO CAMPUS BINACIONAL&nbsp; ANA FL\u00c1VIA DE ALBUQUERQUE &nbsp; SECRETARIA EXECUTIVA DO CAMPUS BINACIONAL S\u00e3o atribui\u00e7\u00f5es da secretaria executiva,&#8230;<\/p>\n","protected":false},"author":167,"featured_media":0,"parent":4181,"menu_order":1,"comment_status":"closed","ping_status":"closed","template":"","meta":{"inline_featured_image":false,"ngg_post_thumbnail":0,"ocean_post_layout":"","ocean_both_sidebars_style":"","ocean_both_sidebars_content_width":0,"ocean_both_sidebars_sidebars_width":0,"ocean_sidebar":"0","ocean_second_sidebar":"0","ocean_disable_margins":"enable","ocean_add_body_class":"","ocean_shortcode_before_top_bar":"","ocean_shortcode_after_top_bar":"","ocean_shortcode_before_header":"","ocean_shortcode_after_header":"","ocean_has_shortcode":"","ocean_shortcode_after_title":"","ocean_shortcode_before_footer_widgets":"","ocean_shortcode_after_footer_widgets":"","ocean_shortcode_before_footer_bottom":"","ocean_shortcode_after_footer_bottom":"","ocean_display_top_bar":"default","ocean_display_header":"default","ocean_header_style":"","ocean_center_header_left_menu":"0","ocean_custom_header_template":"0","ocean_custom_logo":0,"ocean_custom_retina_logo":0,"ocean_custom_logo_max_width":0,"ocean_custom_logo_tablet_max_width":0,"ocean_custom_logo_mobile_max_width":0,"ocean_custom_logo_max_height":0,"ocean_custom_logo_tablet_max_height":0,"ocean_custom_logo_mobile_max_height":0,"ocean_header_custom_menu":"0","ocean_menu_typo_font_family":"0","ocean_menu_typo_font_subset":"","ocean_menu_typo_font_size":0,"ocean_menu_typo_font_size_tablet":0,"ocean_menu_typo_font_size_mobile":0,"ocean_menu_typo_font_size_unit":"px","ocean_menu_typo_font_weight":"","ocean_menu_typo_font_weight_tablet":"","ocean_menu_typo_font_weight_mobile":"","ocean_menu_typo_transform":"","ocean_menu_typo_transform_tablet":"","ocean_menu_typo_transform_mobile":"","ocean_menu_typo_line_height":0,"ocean_menu_typo_line_height_tablet":0,"ocean_menu_typo_line_height_mobile":0,"ocean_menu_typo_line_height_unit":"","ocean_menu_typo_spacing":0,"ocean_menu_typo_spacing_tablet":0,"ocean_menu_typo_spacing_mobile":0,"ocean_menu_typo_spacing_unit":"","ocean_menu_link_color":"","ocean_menu_link_color_hover":"","ocean_menu_link_color_active":"","ocean_menu_link_background":"","ocean_menu_link_hover_background":"","ocean_menu_link_active_background":"","ocean_menu_social_links_bg":"","ocean_menu_social_hover_links_bg":"","ocean_menu_social_links_color":"","ocean_menu_social_hover_links_color":"","ocean_disable_title":"default","ocean_disable_heading":"default","ocean_post_title":"","ocean_post_subheading":"","ocean_post_title_style":"","ocean_post_title_background_color":"","ocean_post_title_background":0,"ocean_post_title_bg_image_position":"","ocean_post_title_bg_image_attachment":"","ocean_post_title_bg_image_repeat":"","ocean_post_title_bg_image_size":"","ocean_post_title_height":0,"ocean_post_title_bg_overlay":0.5,"ocean_post_title_bg_overlay_color":"","ocean_disable_breadcrumbs":"default","ocean_breadcrumbs_color":"","ocean_breadcrumbs_separator_color":"","ocean_breadcrumbs_links_color":"","ocean_breadcrumbs_links_hover_color":"","ocean_display_footer_widgets":"default","ocean_display_footer_bottom":"default","ocean_custom_footer_template":"0","footnotes":""},"class_list":["post-4183","page","type-page","status-publish","hentry","entry"],"_links":{"self":[{"href":"https:\/\/www2.unifap.br\/oiapoque\/wp-json\/wp\/v2\/pages\/4183","targetHints":{"allow":["GET"]}}],"collection":[{"href":"https:\/\/www2.unifap.br\/oiapoque\/wp-json\/wp\/v2\/pages"}],"about":[{"href":"https:\/\/www2.unifap.br\/oiapoque\/wp-json\/wp\/v2\/types\/page"}],"author":[{"embeddable":true,"href":"https:\/\/www2.unifap.br\/oiapoque\/wp-json\/wp\/v2\/users\/167"}],"replies":[{"embeddable":true,"href":"https:\/\/www2.unifap.br\/oiapoque\/wp-json\/wp\/v2\/comments?post=4183"}],"version-history":[{"count":36,"href":"https:\/\/www2.unifap.br\/oiapoque\/wp-json\/wp\/v2\/pages\/4183\/revisions"}],"predecessor-version":[{"id":14919,"href":"https:\/\/www2.unifap.br\/oiapoque\/wp-json\/wp\/v2\/pages\/4183\/revisions\/14919"}],"up":[{"embeddable":true,"href":"https:\/\/www2.unifap.br\/oiapoque\/wp-json\/wp\/v2\/pages\/4181"}],"wp:attachment":[{"href":"https:\/\/www2.unifap.br\/oiapoque\/wp-json\/wp\/v2\/media?parent=4183"}],"curies":[{"name":"wp","href":"https:\/\/api.w.org\/{rel}","templated":true}]}}