{"id":4195,"date":"2014-04-03T19:33:08","date_gmt":"2014-04-03T19:33:08","guid":{"rendered":"http:\/\/www2.unifap.br\/oiapoque\/?page_id=4195"},"modified":"2023-01-18T12:32:51","modified_gmt":"2023-01-18T12:32:51","slug":"infraestrutura","status":"publish","type":"page","link":"https:\/\/www2.unifap.br\/oiapoque\/portal-administrativo\/infraestrutura\/","title":{"rendered":"INFRAESTRUTURA"},"content":{"rendered":"<p style=\"text-align: justify\">O Campus Binacional possui atualmente 15 salas de aula, 11 laborat\u00f3rios, sendo 7 j\u00e1 implantados e 4 em processo de implanta\u00e7\u00e3o, biblioteca, audit\u00f3rio, diversas salas administrativas e banheiros com acessibilidade. Encontra-se em constru\u00e7\u00e3o 2 novos blocos, com 3 pavimentos cada, que ampliar\u00e3o ainda mais a disponibilidade de infraestrutura do campus. Confira abaixo algumas fotos:<\/p>\n<p style=\"text-align: center\"><strong><a href=\"http:\/\/www2.unifap.br\/oiapoque\/files\/2015\/05\/IMG_0259.jpg\"><img fetchpriority=\"high\" decoding=\"async\" class=\"size-large wp-image-5898 aligncenter\" src=\"http:\/\/www2.unifap.br\/oiapoque\/files\/2015\/05\/IMG_0259-1024x764.jpg\" alt=\"SALA DE AULA\" width=\"640\" height=\"477\" srcset=\"https:\/\/www2.unifap.br\/oiapoque\/files\/2015\/05\/IMG_0259-1024x764.jpg 1024w, https:\/\/www2.unifap.br\/oiapoque\/files\/2015\/05\/IMG_0259-300x224.jpg 300w\" sizes=\"(max-width: 640px) 100vw, 640px\" \/><\/a>SALA DE AULA<\/strong><\/p>\n<p style=\"text-align: center\"><strong><a href=\"http:\/\/www2.unifap.br\/oiapoque\/files\/2014\/04\/IMG_5889.jpg\"><img decoding=\"async\" class=\"aligncenter\" src=\"http:\/\/www2.unifap.br\/oiapoque\/files\/2014\/04\/IMG_5889-1024x768.jpg\" alt=\"IMG_5889\" width=\"640\" height=\"480\" \/><\/a> BIBLIOTECA<\/strong><\/p>\n<p style=\"text-align: center\"><strong><a href=\"http:\/\/www2.unifap.br\/oiapoque\/files\/2014\/04\/IMG_5862.jpg\"><img decoding=\"async\" class=\"size-large wp-image-6188 aligncenter\" src=\"http:\/\/www2.unifap.br\/oiapoque\/files\/2014\/04\/IMG_5862-1024x768.jpg\" alt=\"IMG_5862\" width=\"640\" height=\"480\" srcset=\"https:\/\/www2.unifap.br\/oiapoque\/files\/2014\/04\/IMG_5862-1024x768.jpg 1024w, https:\/\/www2.unifap.br\/oiapoque\/files\/2014\/04\/IMG_5862-300x225.jpg 300w\" sizes=\"(max-width: 640px) 100vw, 640px\" \/><\/a><strong>LABORAT\u00d3RIO DE INFORM\u00c1TICA<\/strong><br \/>\n<\/strong><\/p>\n<p style=\"text-align: center\"><a href=\"http:\/\/www2.unifap.br\/oiapoque\/files\/2015\/10\/IMG_1163.jpg\"><img loading=\"lazy\" decoding=\"async\" class=\"size-large wp-image-6478 aligncenter\" src=\"http:\/\/www2.unifap.br\/oiapoque\/files\/2015\/10\/IMG_1163-1024x764.jpg\" alt=\"IMG_1163\" width=\"640\" height=\"477\" srcset=\"https:\/\/www2.unifap.br\/oiapoque\/files\/2015\/10\/IMG_1163-1024x764.jpg 1024w, https:\/\/www2.unifap.br\/oiapoque\/files\/2015\/10\/IMG_1163-300x224.jpg 300w\" sizes=\"(max-width: 640px) 100vw, 640px\" \/><\/a> <strong>AUDIT\u00d3RIO<\/strong><\/p>\n<p style=\"text-align: center\"><a href=\"http:\/\/www2.unifap.br\/oiapoque\/files\/2014\/04\/IMG_1992.jpg\"><img loading=\"lazy\" decoding=\"async\" class=\"size-large wp-image-7344 aligncenter\" src=\"http:\/\/www2.unifap.br\/oiapoque\/files\/2014\/04\/IMG_1992-1024x764.jpg\" alt=\"IMG_1992\" width=\"640\" height=\"477\" srcset=\"https:\/\/www2.unifap.br\/oiapoque\/files\/2014\/04\/IMG_1992-1024x764.jpg 1024w, https:\/\/www2.unifap.br\/oiapoque\/files\/2014\/04\/IMG_1992-300x224.jpg 300w\" sizes=\"(max-width: 640px) 100vw, 640px\" \/><\/a><\/p>\n<p style=\"text-align: center\"><strong>\u00d4NIBUS DO CAMPUS BINACIONAL<br \/>\n<\/strong><\/p>\n<p style=\"text-align: center\"><a href=\"http:\/\/www2.unifap.br\/oiapoque\/files\/2015\/10\/Imagem1.jpg\"><img loading=\"lazy\" decoding=\"async\" class=\"size-large wp-image-6532 aligncenter\" src=\"http:\/\/www2.unifap.br\/oiapoque\/files\/2015\/10\/Imagem1-1024x439.jpg\" alt=\"Imagem1\" width=\"640\" height=\"274\" srcset=\"https:\/\/www2.unifap.br\/oiapoque\/files\/2015\/10\/Imagem1-1024x439.jpg 1024w, https:\/\/www2.unifap.br\/oiapoque\/files\/2015\/10\/Imagem1-300x128.jpg 300w, https:\/\/www2.unifap.br\/oiapoque\/files\/2015\/10\/Imagem1.jpg 1507w\" sizes=\"(max-width: 640px) 100vw, 640px\" \/><\/a><\/p>\n<p style=\"text-align: center\"><strong><strong>PROJETO DE URBANIZA\u00c7\u00c3O<\/strong><\/strong><\/p>\n<p style=\"text-align: center\"><a href=\"http:\/\/www2.unifap.br\/oiapoque\/files\/2014\/04\/PLANTA-BAIXA-BLOCO-C.jpg\"><img loading=\"lazy\" decoding=\"async\" class=\"wp-image-7310 aligncenter\" src=\"http:\/\/www2.unifap.br\/oiapoque\/files\/2014\/04\/PLANTA-BAIXA-BLOCO-C-300x215.jpg\" alt=\"PLANTA BAIXA BLOCO C\" width=\"319\" height=\"215\" \/><strong>PLANTA BAIXA DO BLOCO B \u00a0\u00a0\u00a0\u00a0\u00a0\u00a0\u00a0\u00a0\u00a0\u00a0<\/strong><\/a><\/p>\n<p style=\"text-align: center\"><a href=\"http:\/\/www2.unifap.br\/oiapoque\/files\/2014\/04\/PLANTA-BAIXA-BLOCO-C.jpg\"><img loading=\"lazy\" decoding=\"async\" class=\"wp-image-7310 aligncenter\" src=\"http:\/\/www2.unifap.br\/oiapoque\/files\/2014\/04\/PLANTA-BAIXA-BLOCO-C-300x215.jpg\" alt=\"PLANTA BAIXA BLOCO C\" width=\"319\" height=\"215\" data-wp-editing=\"1\" \/><\/a><strong><strong>PLANTA BAIXA DO BLOCO C<\/strong><\/strong><\/p>\n<p style=\"text-align: justify\">Acesse a planta baixa dos novos pr\u00e9dios em constru\u00e7\u00e3o:\u00a0 <a href=\"http:\/\/www2.unifap.br\/oiapoque\/files\/2014\/04\/ARQUITETURA_Blocos-B-Planta-Baixa.pdf\">ARQUITETURA_Blocos B Planta Baixa<\/a> \u00a0 <a href=\"http:\/\/www2.unifap.br\/oiapoque\/files\/2014\/04\/ARQUITETURA_Bloco-C-planta-baixa.pdf\">ARQUITETURA_Bloco C &#8211; planta baixa\u00a0<\/a><\/p>\n<p>&nbsp;<\/p>\n<p style=\"text-align: justify\"><strong><u>Infraestrutura<\/u><\/strong><\/p>\n<p style=\"text-align: justify\">Atualmente, a estrutura f\u00edsica do campus disp\u00f5e de 2 blocos acad\u00eamicos em uso \u2013 Bloco A e Bloco D -, 1 bloco em constru\u00e7\u00e3o \u2013 Bloco B -, e 1 im\u00f3vel alugado onde est\u00e3o localizadas as coordena\u00e7\u00f5es administrativas, conforme a Figura \u00a02.<\/p>\n<p><img loading=\"lazy\" decoding=\"async\" class=\"size-full wp-image-12574 aligncenter\" src=\"http:\/\/www2.unifap.br\/oiapoque\/files\/2021\/04\/03.jpg\" alt=\"\" width=\"742\" height=\"524\" srcset=\"https:\/\/www2.unifap.br\/oiapoque\/files\/2021\/04\/03.jpg 742w, https:\/\/www2.unifap.br\/oiapoque\/files\/2021\/04\/03-300x212.jpg 300w, https:\/\/www2.unifap.br\/oiapoque\/files\/2021\/04\/03-150x106.jpg 150w\" sizes=\"(max-width: 742px) 100vw, 742px\" \/><\/p>\n<p style=\"text-align: justify\">Tamb\u00e9m h\u00e1 espa\u00e7o a ser destinado \u00e0 Lanchonete e Reprografia, em local pr\u00f3ximo \u00e0 \u00e1rea de viv\u00eancia do Bloco D, cujos processos para efetivar a concess\u00e3o encontram-se suspensos em virtude da pandemia COVID-19.<\/p>\n<p style=\"text-align: justify\"><strong><u>GOVERNAN\u00c7A, ESTRAT\u00c9GIA E DESEMPENHO<\/u><\/strong><\/p>\n<p style=\"text-align: justify\">Diante dos enormes desafios voltados a constru\u00e7\u00e3o e ao fortalecimento da Educa\u00e7\u00e3o Superior na Fronteira Franco Brasileira faz-se necess\u00e1rio fornecer melhores condi\u00e7\u00f5es de trabalho que perpassam pela amplia\u00e7\u00e3o da infraestrutura e politicas institucionais de valoriza\u00e7\u00e3o dos servidores.<\/p>\n<p style=\"text-align: justify\">Tendo em vista se garantir as condi\u00e7\u00f5es para o desenvolvimento das a\u00e7\u00f5es de ensino, pesquisa, extens\u00e3o e atividades administrativas faz-se necess\u00e1rio se estabelecer um planejamento estrat\u00e9gico a curto, m\u00e9dio e longo prazo. Nesse sentido apresenta-se os objetivos estrat\u00e9gicos.<\/p>\n<ul style=\"text-align: justify\">\n<li>Melhorias na infraestrutura do Campus com a execu\u00e7\u00e3o das obras dos Blocos B e C;<\/li>\n<li>Efetiva\u00e7\u00e3o de um planejamento estrat\u00e9gico (curto, m\u00e9dio e longo prazo) para a vinda de novos cursos de gradua\u00e7\u00e3o para o campus dentro de uma perspectiva contextualizada com a realidade regional e local;<\/li>\n<li>Realiza\u00e7\u00e3o de estudo de viabilidade dos cursos de gradua\u00e7\u00e3o que est\u00e3o no Campus Binacional de Oiapoque.<\/li>\n<li>Estabelecimento de a\u00e7\u00f5es voltadas \u00e0 valoriza\u00e7\u00e3o dos servidores lotados no Campus Binacional de Oiapoque.<\/li>\n<\/ul>\n<p style=\"text-align: justify\">A seguir s\u00e3o apresentas as a\u00e7\u00f5es priorit\u00e1rias da gest\u00e3o do Campus Oiapoque. O plano de a\u00e7\u00f5es discorre sobre uma escala temporal das atividades administrativas vinculadas a gest\u00e3o do campus Binacional do Oiapoque, sendo que distribu\u00eddas nas seguintes etapas, i) Prioridade 0 \u2013 Resolu\u00e7\u00e3o em at\u00e9 6 meses; ii) Prioridade 1 \u2013 Resolu\u00e7\u00e3o em at\u00e9 18 meses; iii) Prioridade 2 \u2013 Resolu\u00e7\u00e3o em at\u00e9 30 meses, iv) Prioridade 3 \u2013 Resolu\u00e7\u00e3o em at\u00e9 48 meses e Prioridade 4 \u2013 Resolu\u00e7\u00e3o em at\u00e9 60 meses (ver Quadro 1)<\/p>\n<p style=\"text-align: center\"><strong>QUADRO 1: PLANO DE A\u00c7\u00d5ES CONFORME UMA ESCALA TEMPORAL DAS ATIVIDADES ADMINISTRATIVAS<\/strong><\/p>\n<table style=\"height: 880px\" width=\"819\">\n<tbody>\n<tr>\n<td width=\"217\">O qu\u00ea<\/td>\n<td style=\"text-align: center\" width=\"359\">Quem (A\u00e7\u00f5es)<\/td>\n<td width=\"236\">Como<\/td>\n<td width=\"82\">Quando<\/td>\n<\/tr>\n<tr>\n<td rowspan=\"7\" width=\"217\">\n<p style=\"text-align: center\"><strong>Constru\u00e7\u00f5es e aloca\u00e7\u00e3o para turmas ingressantes.<\/strong><\/p>\n<\/td>\n<td width=\"359\"><strong>Bloco B \u00a0(salas de aulas, salas administrativas, \u00e1rea de conviv\u00eancia)<\/strong><\/td>\n<td width=\"236\">Verba pactuada \u2013 emenda parlamentar<\/p>\n<p>(em execu\u00e7\u00e3o)<\/td>\n<td width=\"82\">Prioridade<\/p>\n<p style=\"text-align: center\">0<\/p>\n<\/td>\n<\/tr>\n<tr>\n<td width=\"359\"><strong>Blocos C (laborat\u00f3rios, salas de aula, audit\u00f3rio, \u00e1rea de conviv\u00eancia).<\/strong><\/td>\n<td width=\"236\">Verba pactuada \u2013 emenda parlamentar de Bancada e Emendas individuais<\/p>\n<p>(em fase de planejamento)<\/p>\n<p><strong>\u00a0<\/strong><\/td>\n<td width=\"82\">Prioridade<\/p>\n<p style=\"text-align: center\">1<\/p>\n<\/td>\n<\/tr>\n<tr>\n<td width=\"359\">Restaurante Universit\u00e1rio.<\/td>\n<td width=\"236\">Verbas n\u00e3o pactuadas.<\/td>\n<td width=\"82\">Prioridade<\/p>\n<p style=\"text-align: center\">2<\/p>\n<\/td>\n<\/tr>\n<tr>\n<td width=\"359\">Cria\u00e7\u00e3o de N\u00facleo de Acessibilidade ao aluno com necessidades especiais.<\/td>\n<td width=\"236\">&#8212;<\/td>\n<td width=\"82\">Prioridade<\/p>\n<p style=\"text-align: center\">1<\/p>\n<\/td>\n<\/tr>\n<tr>\n<td width=\"359\">Constru\u00e7\u00e3o casa de estudante.<\/td>\n<td width=\"236\">Verbas n\u00e3o pactuadas.<\/td>\n<td width=\"82\">\n<p style=\"text-align: center\">Prioridade 2<\/p>\n<\/td>\n<\/tr>\n<tr>\n<td width=\"359\">Constru\u00e7\u00e3o casa do servidor (pol\u00edtica de fixa\u00e7\u00e3o de profissionais no interior).<\/td>\n<td width=\"236\">Verbas n\u00e3o pactuadas.<\/td>\n<td width=\"82\">Prioridade<\/p>\n<p style=\"text-align: center\">2<\/p>\n<\/td>\n<\/tr>\n<tr>\n<td width=\"359\">Revitaliza\u00e7\u00e3o e urbaniza\u00e7\u00e3o na entrada do Campus com a institui\u00e7\u00e3o de espa\u00e7os de viv\u00eancias.<\/td>\n<td width=\"236\">Verba pactuada.<\/p>\n<p>(obra executada) .<\/td>\n<td width=\"82\">Prioridade<\/p>\n<p style=\"text-align: center\">0<\/p>\n<\/td>\n<\/tr>\n<\/tbody>\n<\/table>\n<p>&nbsp;<\/p>\n<table style=\"height: 1560px\" width=\"821\">\n<tbody>\n<tr>\n<td colspan=\"4\" width=\"894\"><\/td>\n<\/tr>\n<tr>\n<td rowspan=\"3\" width=\"217\">\n<p style=\"text-align: center\"><strong>Reparos e complementos.<\/strong><\/p>\n<\/td>\n<td width=\"312\">Internet minimamente eficiente e Telefone fixo.<\/td>\n<td width=\"283\">Dar celeridade as articula\u00e7\u00f5es junto a Rede Nacional de Pesquisa \u2013 RNP para a contrata\u00e7\u00e3o de um link de internet para o Campus Binacional.<\/p>\n<p>(Em andamento)<\/td>\n<td width=\"82\">\n<p style=\"text-align: center\">Prioridade 0<\/p>\n<\/td>\n<\/tr>\n<tr>\n<td width=\"312\">Adequa\u00e7\u00e3o dos espa\u00e7os para acessibilidade do aluno ou servidor deficiente.<\/td>\n<td width=\"283\">Alocar recursos espec\u00edficos.<\/td>\n<td width=\"82\">\n<p style=\"text-align: center\">Prioridade 0<\/p>\n<\/td>\n<\/tr>\n<tr>\n<td width=\"312\">Xerox aberta ao p\u00fablico nos hor\u00e1rios de aulas.<\/td>\n<td width=\"283\">Est\u00e1 contemplada na obra de urbaniza\u00e7\u00e3o do Campus \u00a0(concess\u00e3o de uso).<\/td>\n<td width=\"82\">\n<p style=\"text-align: center\">Prioridade 0<\/p>\n<\/td>\n<\/tr>\n<tr>\n<td colspan=\"4\" width=\"894\"><\/td>\n<\/tr>\n<tr>\n<td rowspan=\"3\" width=\"217\"><strong>\u00a0<\/strong><\/p>\n<p><strong>\u00a0<\/strong><\/p>\n<p><strong>\u00a0<\/strong><\/p>\n<p style=\"text-align: center\"><strong>Participa\u00e7\u00e3o ativa.<\/strong><\/p>\n<\/td>\n<td width=\"312\">Possibilidade de organiza\u00e7\u00e3o de Eventos com a comunidade acad\u00eamica e geral. Semana acad\u00eamica, de extens\u00e3o.<\/td>\n<td width=\"283\">Alocar recursos espec\u00edficos.<\/td>\n<td width=\"82\">\n<p style=\"text-align: center\">Prioridade 0<\/p>\n<\/td>\n<\/tr>\n<tr>\n<td width=\"312\">Representa\u00e7\u00e3o no CONSU e de todas as comiss\u00f5es que envolvam o Campus Oiapoque.<\/td>\n<td width=\"283\">Rever Estatuto e Regimento.<\/td>\n<td width=\"82\">\n<p style=\"text-align: center\">Prioridade 0<\/p>\n<\/td>\n<\/tr>\n<tr>\n<td width=\"312\">Rever a estrutura de pessoal &#8211; reposi\u00e7\u00e3o das vagas dos servidores removidos nos \u00faltimos 3 anos.<\/td>\n<td width=\"283\">Reposi\u00e7\u00e3o e amplia\u00e7\u00e3o de contrata\u00e7\u00e3o de pessoal.<\/td>\n<td width=\"82\">\n<p style=\"text-align: center\">Prioridade 0<\/p>\n<\/td>\n<\/tr>\n<tr>\n<td width=\"217\"><strong>\u00a0<\/strong><\/p>\n<p><strong>\u00a0<\/strong><\/p>\n<p style=\"text-align: center\"><strong>Pol\u00edtica de est\u00e1gio cursos \u00a0biologia e enfermagem.<\/strong><\/p>\n<\/td>\n<td width=\"312\">Condi\u00e7\u00f5es para efetiva\u00e7\u00e3o de pr\u00e1ticas de est\u00e1gio em Hospitais da capital \u2013 UTI, entre outros que n\u00e3o tem no Oiapoque.<\/td>\n<td width=\"283\">Por meio de reafirma\u00e7\u00e3o de Termo de Coopera\u00e7\u00e3o espec\u00edficos com Hospitais e cl\u00ednicas de sa\u00fade.<\/p>\n<p>Aloca\u00e7\u00e3o de verba para seguro dos alunos e auxilio de custo para deslocamento para cidade, mediante planejamento anual.<\/td>\n<td width=\"82\">\n<p style=\"text-align: center\">Prioridade 0<\/p>\n<\/td>\n<\/tr>\n<tr>\n<td colspan=\"4\" width=\"894\"><\/td>\n<\/tr>\n<tr>\n<td width=\"217\"><strong>\u00a0<\/strong><\/p>\n<p style=\"text-align: center\"><strong>Pol\u00edtica de incentivo \u00e0 pesquisa e extens\u00e3o.<\/strong><\/p>\n<\/td>\n<td width=\"312\">Aux\u00edlio financeiro para pesquisadores.<\/td>\n<td width=\"283\">Promo\u00e7\u00e3o de editais para professores e t\u00e9cnicos cujo objetivo seja desenvolver a\u00e7\u00f5es de pesquisa e extens\u00e3o.<\/td>\n<td width=\"82\">\n<p style=\"text-align: center\">Prioridade 0<\/p>\n<\/td>\n<\/tr>\n<tr>\n<td colspan=\"4\" width=\"894\">&nbsp;<\/p>\n<p>&nbsp;<\/td>\n<\/tr>\n<tr>\n<td width=\"217\"><strong>\u00a0<\/strong><\/p>\n<p style=\"text-align: center\"><strong>Atendimento \u00e0s pessoas.<\/strong><\/p>\n<\/td>\n<td width=\"312\">Relacionamento e tratamento institucional, com respeito celeridade no atendimento das demandas do Campus.<\/td>\n<td width=\"283\">Qualifica\u00e7\u00e3o focada no tratamento e relacionamento e no bom atendimento geral do Campus e entre o Campus e a SEDE.<\/td>\n<td width=\"82\">\n<p style=\"text-align: center\">Prioridade 0<\/p>\n<\/td>\n<\/tr>\n<tr>\n<td colspan=\"4\" width=\"894\"><\/td>\n<\/tr>\n<tr>\n<td width=\"217\">\n<p style=\"text-align: center\"><strong>Pol\u00edtica de Qualifica\u00e7\u00e3o.<\/strong><\/p>\n<\/td>\n<td width=\"312\">Qualifica\u00e7\u00e3o docente e dos t\u00e9cnicos.<\/td>\n<td width=\"283\">Por meio de Dinter, Minter e especializa\u00e7\u00f5es. Revis\u00e3o de Estatuto para libera\u00e7\u00e3o, mesmo em est\u00e1gio Probat\u00f3rio, considerando planejamento\u00a0 de cada curso e ou setor.<\/td>\n<td width=\"82\">\n<p style=\"text-align: center\">1<\/p>\n<\/td>\n<\/tr>\n<\/tbody>\n<\/table>\n<p>&nbsp;<\/p>\n<table style=\"height: 869px\" width=\"823\">\n<tbody>\n<tr>\n<td colspan=\"4\" width=\"894\"><\/td>\n<\/tr>\n<tr>\n<td width=\"217\">\n<p style=\"text-align: center\"><strong>Pol\u00edtica de bem estar do servidor em parceria com a prefeitura municipal de Oiapoque.<\/strong><\/p>\n<\/td>\n<td width=\"312\">Equipe multidisciplinar (m\u00e9dicos, odont\u00f3logos).<\/p>\n<p>&nbsp;<\/td>\n<td width=\"283\">Mesma pol\u00edtica do Campus Marco Zero, equipe dever\u00e1 se encaminhar para atender os servidores do Campus. Construir regras de atendimento na dire\u00e7\u00e3o da preven\u00e7\u00e3o e promo\u00e7\u00e3o da sa\u00fade geral do servidor.<\/td>\n<td width=\"82\">\n<p style=\"text-align: center\">0<\/p>\n<\/td>\n<\/tr>\n<tr>\n<td colspan=\"4\" width=\"894\"><\/td>\n<\/tr>\n<tr>\n<td rowspan=\"2\" width=\"217\"><\/td>\n<td width=\"312\"><\/td>\n<td width=\"283\"><\/td>\n<td width=\"82\"><\/td>\n<\/tr>\n<tr>\n<td width=\"312\"><\/td>\n<td width=\"283\"><\/td>\n<td width=\"82\">\n<p style=\"text-align: center\">1<\/p>\n<\/td>\n<\/tr>\n<\/tbody>\n<\/table>\n<p>&nbsp;<\/p>\n","protected":false},"excerpt":{"rendered":"<p>O Campus Binacional possui atualmente 15 salas de aula, 11 laborat\u00f3rios, sendo 7 j\u00e1 implantados e 4 em processo de implanta\u00e7\u00e3o, biblioteca, audit\u00f3rio, diversas salas administrativas e banheiros com acessibilidade. Encontra-se em constru\u00e7\u00e3o 2 novos blocos, com 3 pavimentos cada, que ampliar\u00e3o ainda mais a disponibilidade de infraestrutura do campus. Confira abaixo algumas fotos: SALA&#8230;<\/p>\n","protected":false},"author":167,"featured_media":0,"parent":21,"menu_order":4,"comment_status":"closed","ping_status":"closed","template":"","meta":{"inline_featured_image":false,"ngg_post_thumbnail":0,"ocean_post_layout":"full-width","ocean_both_sidebars_style":"","ocean_both_sidebars_content_width":0,"ocean_both_sidebars_sidebars_width":0,"ocean_sidebar":"0","ocean_second_sidebar":"0","ocean_disable_margins":"enable","ocean_add_body_class":"","ocean_shortcode_before_top_bar":"","ocean_shortcode_after_top_bar":"","ocean_shortcode_before_header":"","ocean_shortcode_after_header":"","ocean_has_shortcode":"","ocean_shortcode_after_title":"","ocean_shortcode_before_footer_widgets":"","ocean_shortcode_after_footer_widgets":"","ocean_shortcode_before_footer_bottom":"","ocean_shortcode_after_footer_bottom":"","ocean_display_top_bar":"default","ocean_display_header":"default","ocean_header_style":"","ocean_center_header_left_menu":"0","ocean_custom_header_template":"0","ocean_custom_logo":0,"ocean_custom_retina_logo":0,"ocean_custom_logo_max_width":0,"ocean_custom_logo_tablet_max_width":0,"ocean_custom_logo_mobile_max_width":0,"ocean_custom_logo_max_height":0,"ocean_custom_logo_tablet_max_height":0,"ocean_custom_logo_mobile_max_height":0,"ocean_header_custom_menu":"0","ocean_menu_typo_font_family":"0","ocean_menu_typo_font_subset":"","ocean_menu_typo_font_size":0,"ocean_menu_typo_font_size_tablet":0,"ocean_menu_typo_font_size_mobile":0,"ocean_menu_typo_font_size_unit":"px","ocean_menu_typo_font_weight":"","ocean_menu_typo_font_weight_tablet":"","ocean_menu_typo_font_weight_mobile":"","ocean_menu_typo_transform":"","ocean_menu_typo_transform_tablet":"","ocean_menu_typo_transform_mobile":"","ocean_menu_typo_line_height":0,"ocean_menu_typo_line_height_tablet":0,"ocean_menu_typo_line_height_mobile":0,"ocean_menu_typo_line_height_unit":"","ocean_menu_typo_spacing":0,"ocean_menu_typo_spacing_tablet":0,"ocean_menu_typo_spacing_mobile":0,"ocean_menu_typo_spacing_unit":"","ocean_menu_link_color":"","ocean_menu_link_color_hover":"","ocean_menu_link_color_active":"","ocean_menu_link_background":"","ocean_menu_link_hover_background":"","ocean_menu_link_active_background":"","ocean_menu_social_links_bg":"","ocean_menu_social_hover_links_bg":"","ocean_menu_social_links_color":"","ocean_menu_social_hover_links_color":"","ocean_disable_title":"on","ocean_disable_heading":"default","ocean_post_title":"","ocean_post_subheading":"","ocean_post_title_style":"","ocean_post_title_background_color":"","ocean_post_title_background":0,"ocean_post_title_bg_image_position":"","ocean_post_title_bg_image_attachment":"","ocean_post_title_bg_image_repeat":"","ocean_post_title_bg_image_size":"","ocean_post_title_height":0,"ocean_post_title_bg_overlay":0.5,"ocean_post_title_bg_overlay_color":"","ocean_disable_breadcrumbs":"off","ocean_breadcrumbs_color":"","ocean_breadcrumbs_separator_color":"","ocean_breadcrumbs_links_color":"","ocean_breadcrumbs_links_hover_color":"","ocean_display_footer_widgets":"default","ocean_display_footer_bottom":"default","ocean_custom_footer_template":"0","footnotes":""},"class_list":["post-4195","page","type-page","status-publish","hentry","entry"],"_links":{"self":[{"href":"https:\/\/www2.unifap.br\/oiapoque\/wp-json\/wp\/v2\/pages\/4195","targetHints":{"allow":["GET"]}}],"collection":[{"href":"https:\/\/www2.unifap.br\/oiapoque\/wp-json\/wp\/v2\/pages"}],"about":[{"href":"https:\/\/www2.unifap.br\/oiapoque\/wp-json\/wp\/v2\/types\/page"}],"author":[{"embeddable":true,"href":"https:\/\/www2.unifap.br\/oiapoque\/wp-json\/wp\/v2\/users\/167"}],"replies":[{"embeddable":true,"href":"https:\/\/www2.unifap.br\/oiapoque\/wp-json\/wp\/v2\/comments?post=4195"}],"version-history":[{"count":25,"href":"https:\/\/www2.unifap.br\/oiapoque\/wp-json\/wp\/v2\/pages\/4195\/revisions"}],"predecessor-version":[{"id":14019,"href":"https:\/\/www2.unifap.br\/oiapoque\/wp-json\/wp\/v2\/pages\/4195\/revisions\/14019"}],"up":[{"embeddable":true,"href":"https:\/\/www2.unifap.br\/oiapoque\/wp-json\/wp\/v2\/pages\/21"}],"wp:attachment":[{"href":"https:\/\/www2.unifap.br\/oiapoque\/wp-json\/wp\/v2\/media?parent=4195"}],"curies":[{"name":"wp","href":"https:\/\/api.w.org\/{rel}","templated":true}]}}