{"id":4197,"date":"2014-04-03T19:34:10","date_gmt":"2014-04-03T19:34:10","guid":{"rendered":"http:\/\/www2.unifap.br\/oiapoque\/?page_id=4197"},"modified":"2023-07-05T18:30:40","modified_gmt":"2023-07-05T18:30:40","slug":"biblioteca","status":"publish","type":"page","link":"https:\/\/www2.unifap.br\/oiapoque\/administrativo\/coordenacao-de-gestao-academico-pedagogica\/biblioteca\/","title":{"rendered":"BIBLIOTECA BINACIONAL OIAPOQUE"},"content":{"rendered":"<figure><img fetchpriority=\"high\" decoding=\"async\" class=\"alignleft\" src=\"http:\/\/www2.unifap.br\/oiapoque\/files\/2020\/08\/WhatsApp-Image-2020-08-31-at-12.12.36-768x768.jpeg\" alt=\"logo-binacional\" width=\"303\" height=\"303\"><img decoding=\"async\" class=\"\" src=\"http:\/\/www2.unifap.br\/oiapoque\/files\/2020\/08\/WhatsApp-Image-2020-08-31-at-12.12.551-768x768.jpeg\" alt=\"WhatsApp Image 2020-08-31 at 12.12.55(1)\" width=\"303\" height=\"303\"><\/figure>\n<p>&nbsp;<\/p>\n<figure><\/figure>\n<h4 style=\"text-align: justify\"><strong>DIVIS\u00c3O DE BIBLIOTECA (DIBIB) &#8211; <span style=\"color: #000000\">biblioteca.oiapoque@unifap.br<\/span><\/strong><\/h4>\n<h4 style=\"text-align: justify\">S\u00e3o fun\u00e7\u00f5es da DIBIB, organizar, manter atualizado e divulgar o acervo bibliogr\u00e1fico e de audiovisual sobre assuntos necess\u00e1rios aos programas de ensino, pesquisa e extens\u00e3o do Campus; executar servi\u00e7os bibliogr\u00e1ficos e fornecer informa\u00e7\u00f5es destinadas aos docentes, discentes, pesquisadores e corpo t\u00e9cnico-administrativo; desenvolver programas de treinamento de usu\u00e1rios, com vistas a promover a integra\u00e7\u00e3o entre a biblioteca e a comunidade universit\u00e1ria.<\/h4>\n<h4><strong>CHEFE DA DIVIS\u00c3O DE BIBLIOTECA:<\/strong><\/h4>\n<h4><span style=\"color: #000000\">Vit\u00f3ria Silva Machado &#8211; biblioteca.oiapoque@unifap.br<\/span><\/h4>\n<h4><span style=\"color: #000000\">Edson Moraes Cordovil&nbsp;\u2013 biblioteca.oiapoque@unifap.br<\/span><\/h4>\n<h4 style=\"text-align: justify\">&nbsp;<\/h4>\n<p style=\"text-align: justify\"><strong>ACERVO<\/strong><br \/>\n<strong><a href=\"http:\/\/www.unifap.br\/public\/sigu\/index\" target=\"_blank\" rel=\"noopener noreferrer\">http:\/\/www.unifap.br\/public\/biblioteca<br \/>\n<\/a> E-books:<a href=\"http:\/\/www2.unifap.br\/biblioteca\/ebooks\/\">&nbsp;https:\/\/ebooks.unifap.br\/<\/a><\/strong><\/p>\n<p style=\"text-align: center\"><b>NORMATIVA INTERNA DA BIBLIOTECA BINACIONAL- CAMPUS OIAPOQUE<\/b><\/p>\n<p style=\"text-align: justify\"><strong>CAP\u00cdTULO I Disposi\u00e7\u00f5es Preliminares <\/strong><\/p>\n<p style=\"text-align: justify\"><strong>Art. 1\u00ba<\/strong> Essa normativa tem como objetivo estabelecer regras e orienta\u00e7\u00f5es da rotina e os servi\u00e7os prestados pela Biblioteca Binacional, sua validade se estender\u00e1 at\u00e9 a aprova\u00e7\u00e3o do regulamento das bibliotecas da UNIFAP, garantindo aos seus usu\u00e1rios o funcionamento eficiente e eficaz de suas atividades.<\/p>\n<p style=\"text-align: justify\"><strong>CAP\u00cdTULO II Dos Usu\u00e1rios <\/strong><\/p>\n<p style=\"text-align: justify\"><strong>Art. 2\u00ba<\/strong> S\u00e3o considerados usu\u00e1rios das Bibliotecas: I \u2013 discentes da UNIFAP; II \u2013 t\u00e9cnicos da UNIFAP; III- docentes da UNIFAP; IV \u2013 comunidade externa.<\/p>\n<p style=\"text-align: justify\"><strong>Art. 3\u00ba<\/strong> A comunidade externa poder\u00e1 utilizar os recursos informacionais dispon\u00edveis na biblioteca somente na forma de consulta local.<\/p>\n<p style=\"text-align: justify\"><strong>Art. 4\u00ba<\/strong> O desligamento do usu\u00e1rio consiste na perda do direito ao empr\u00e9stimo domiciliar, ocorrendo nos seguintes casos: I \u2013 conclus\u00e3o do curso; II &#8211; trancamento de matr\u00edcula, abandono ou desligamento do curso; III \u2013 gozo de licen\u00e7a n\u00e3o-remunerada; IV \u2013 transfer\u00eancia para outra institui\u00e7\u00e3o de ensino; V \u2013 demiss\u00e3o, exonera\u00e7\u00e3o ou ainda redistribui\u00e7\u00e3o; VI \u2013 em caso de desligamento ou t\u00e9rmino de contrato de est\u00e1gio, presta\u00e7\u00e3o de servi\u00e7os por t\u00e9cnicos, professores visitantes\/substitutos e alunos.<\/p>\n<p style=\"text-align: justify\"><strong>Art. 5\u00ba<\/strong> S\u00e3o direitos dos usu\u00e1rios: I \u2013 acessar e usar os servi\u00e7os e os recursos oferecidos pela biblioteca respeitando as normas inerentes a cada um deles; II \u2013 utilizar o material bibliogr\u00e1fico pr\u00f3prio nas depend\u00eancias da biblioteca;<br \/>\nIII \u2013 sugerir indica\u00e7\u00f5es bibliogr\u00e1ficas para aquisi\u00e7\u00e3o; IV \u2013 sugerir altera\u00e7\u00f5es nos servi\u00e7os que s\u00e3o prestados, ou, a inclus\u00e3o de novos servi\u00e7os na biblioteca; V \u2013 ser informado sobre as normas de funcionamento da biblioteca e sobre as penalidades.<\/p>\n<p style=\"text-align: justify\"><strong>Art. 6\u00ba<\/strong> S\u00e3o obriga\u00e7\u00f5es dos usu\u00e1rios: I \u2013 Preservar os documentos pertencentes ao acervo da Biblioteca, n\u00e3o podendo efetuar qualquer altera\u00e7\u00e3o, observa\u00e7\u00e3o, registro, suspens\u00e3o ou acr\u00e9scimo nas obras do acervo; II \u2013 Retirar material da Biblioteca somente ap\u00f3s efetivo registro de sa\u00edda do empr\u00e9stimo; III \u2013 Contribuir na conserva\u00e7\u00e3o e manuten\u00e7\u00e3o do acervo, mobili\u00e1rio e equipamentos da Biblioteca; IV \u2013 Manter o sil\u00eancio e a ordem com atitudes compat\u00edveis ao ambiente, sendo vedados o uso de aparelhos sonoros e o consumo de alimentos ou bebidas no recinto da Biblioteca (exceto \u00e1gua), respeitando os demais usu\u00e1rios e servidores; V \u2013 Conservar o ambiente limpo; VI \u2013 Apresentar documento de identifica\u00e7\u00e3o com foto para realiza\u00e7\u00e3o de empr\u00e9stimos; VII \u2013 Comunicar qualquer dano ou extravio verificado em equipamentos e materiais do acervo, para as provid\u00eancias cab\u00edveis; VIII \u2013 Utilizar a sala de estudo, exclusivamente, para atividades de estudo e pesquisa; IX \u2013 Conhecer e cumprir as normas estabelecidas pela biblioteca X \u2013 Notificar a biblioteca sobre qualquer irregularidade presente no ambiente e nos servi\u00e7os prestados. XI- N\u00e3o fumar dentro da Biblioteca XII- Respeitar os servidores e bolsistas que trabalham na Biblioteca, bem como seguir as orienta\u00e7\u00f5es dada por eles.<\/p>\n<p style=\"text-align: justify\"><strong>CAPITULO III Dos Servi\u00e7os <\/strong><\/p>\n<p style=\"text-align: justify\"><strong>Art. 7\u00ba<\/strong> A Biblioteca oferece os seguintes servi\u00e7os: I \u2013 empr\u00e9stimo\/devolu\u00e7\u00e3o, renova\u00e7\u00e3o de recursos informacionais ; II \u2013 consulta ao acervo ; III \u2013 acesso individualizado on-line ao usu\u00e1rio cadastrado para realiza\u00e7\u00e3o de renova\u00e7\u00f5es, de consultas referentes a seus empr\u00e9stimos; IV \u2013 computadores para consulta ao acervo e para pesquisa na Internet; V \u2013 orienta\u00e7\u00e3o para o acesso e o uso dos recursos informacionais dispon\u00edveis; VI \u2013 treinamentos para capacita\u00e7\u00e3o de novos usu\u00e1rios; VII \u2013 cataloga\u00e7\u00e3o na fonte \u2013 ficha catalogr\u00e1fica de obras publicadas pela ou na UNIFAP;<br \/>\nVIII \u2013 guarda-volumes; IX \u2013 servi\u00e7o de alerta sobre novas aquisi\u00e7\u00f5es enviado via memorando a todas as coordena\u00e7\u00f5es de curso do campus Binacional e na p\u00e1gina da Biblioteca no facebook; X \u2013 p\u00e1gina da biblioteca na rede social (facebook) devidamente atualizada;<\/p>\n<p style=\"text-align: justify\"><strong>CAP\u00cdTULO IV Do Acervo <\/strong><\/p>\n<p style=\"text-align: justify\"><strong>Art. <\/strong>8\u00ba O acervo \u00e9 de livre acesso para todos os usu\u00e1rios, respeitando-se as normas vigentes.<\/p>\n<p style=\"text-align: justify\"><strong>Art.<\/strong> 9\u00b0 O acervo da Biblioteca \u00e9 composto de recursos informacionais registrados em diferentes formatos compondo as seguintes cole\u00e7\u00f5es: I \u2013 monografias: livros, folhetos, relat\u00f3rios, trabalhos de conclus\u00e3o de cursos, disserta\u00e7\u00f5es e teses; II \u2013 refer\u00eancia: dicion\u00e1rios, mapas, enciclop\u00e9dias, atlas, guias, normas e outros materiais considerados obras de consulta r\u00e1pida e local; III \u2013 especiais: publica\u00e7\u00f5es com conte\u00fados e\/ou suportes diferenciados tais como: DVD, CD-ROM, recursos em Braille; IV \u2013 consulta local( identificado por uma fita vermelha): documentos que, devido a sua natureza ou quantidade, possuem circula\u00e7\u00e3o preferencial na depend\u00eancia da biblioteca. Geralmente referem-se ao primeiro exemplar das bibliografias b\u00e1sicas dos cursos, e\/ou aquelas indicadas por professores para uso exclusivo, al\u00e9m de possuir uma identifica\u00e7\u00e3o diferenciada; e V \u2013 digitais\/virtuais: e-books, bases de dados, assinaturas de acesso a recursos eletr\u00f4nicos diversificados.<\/p>\n<p style=\"text-align: justify\"><strong>CAP\u00cdTULO V Circula\u00e7\u00e3o de Materiais Se\u00e7\u00e3o I Do Empr\u00e9stimo <\/strong><\/p>\n<p style=\"text-align: justify\"><strong>Art. 10\u00b0<\/strong> A biblioteca Binacional da UNIFAP possui a seguinte modalidade de empr\u00e9stimo: I \u2013 empr\u00e9stimo local; Par\u00e1grafo \u00fanico. Fica automaticamente suspensa qualquer modalidade de empr\u00e9stimo ao aluno que solicitar trancamento ou cancelamento de matr\u00edcula, assim como aos servidores. II &#8211; O usu\u00e1rio n\u00e3o poder\u00e1 levar mais de um exemplar do mesmo t\u00edtulo;<\/p>\n<p style=\"text-align: justify\" align=\"center\">Acesso a normativa na integra:<\/p>\n<p style=\"text-align: justify\" align=\"center\"><a href=\"http:\/\/www2.unifap.br\/oiapoque\/files\/2014\/04\/Normativa-Interna-da-Biblioteca-Binacional.pdf\">Normativa Interna da Biblioteca Binacional<\/a><\/p>\n","protected":false},"excerpt":{"rendered":"<p>&nbsp; DIVIS\u00c3O DE BIBLIOTECA (DIBIB) &#8211; biblioteca.oiapoque@unifap.br S\u00e3o fun\u00e7\u00f5es da DIBIB, organizar, manter atualizado e divulgar o acervo bibliogr\u00e1fico e de audiovisual sobre assuntos necess\u00e1rios aos programas de ensino, pesquisa e extens\u00e3o do Campus; executar servi\u00e7os bibliogr\u00e1ficos e fornecer informa\u00e7\u00f5es destinadas aos docentes, discentes, pesquisadores e corpo t\u00e9cnico-administrativo; desenvolver programas de treinamento de usu\u00e1rios, com&#8230;<\/p>\n","protected":false},"author":167,"featured_media":0,"parent":4475,"menu_order":1,"comment_status":"closed","ping_status":"closed","template":"","meta":{"inline_featured_image":false,"ngg_post_thumbnail":0,"ocean_post_layout":"","ocean_both_sidebars_style":"","ocean_both_sidebars_content_width":0,"ocean_both_sidebars_sidebars_width":0,"ocean_sidebar":"0","ocean_second_sidebar":"0","ocean_disable_margins":"enable","ocean_add_body_class":"","ocean_shortcode_before_top_bar":"","ocean_shortcode_after_top_bar":"","ocean_shortcode_before_header":"","ocean_shortcode_after_header":"","ocean_has_shortcode":"","ocean_shortcode_after_title":"","ocean_shortcode_before_footer_widgets":"","ocean_shortcode_after_footer_widgets":"","ocean_shortcode_before_footer_bottom":"","ocean_shortcode_after_footer_bottom":"","ocean_display_top_bar":"default","ocean_display_header":"default","ocean_header_style":"","ocean_center_header_left_menu":"0","ocean_custom_header_template":"0","ocean_custom_logo":0,"ocean_custom_retina_logo":0,"ocean_custom_logo_max_width":0,"ocean_custom_logo_tablet_max_width":0,"ocean_custom_logo_mobile_max_width":0,"ocean_custom_logo_max_height":0,"ocean_custom_logo_tablet_max_height":0,"ocean_custom_logo_mobile_max_height":0,"ocean_header_custom_menu":"0","ocean_menu_typo_font_family":"0","ocean_menu_typo_font_subset":"","ocean_menu_typo_font_size":0,"ocean_menu_typo_font_size_tablet":0,"ocean_menu_typo_font_size_mobile":0,"ocean_menu_typo_font_size_unit":"px","ocean_menu_typo_font_weight":"","ocean_menu_typo_font_weight_tablet":"","ocean_menu_typo_font_weight_mobile":"","ocean_menu_typo_transform":"","ocean_menu_typo_transform_tablet":"","ocean_menu_typo_transform_mobile":"","ocean_menu_typo_line_height":0,"ocean_menu_typo_line_height_tablet":0,"ocean_menu_typo_line_height_mobile":0,"ocean_menu_typo_line_height_unit":"","ocean_menu_typo_spacing":0,"ocean_menu_typo_spacing_tablet":0,"ocean_menu_typo_spacing_mobile":0,"ocean_menu_typo_spacing_unit":"","ocean_menu_link_color":"","ocean_menu_link_color_hover":"","ocean_menu_link_color_active":"","ocean_menu_link_background":"","ocean_menu_link_hover_background":"","ocean_menu_link_active_background":"","ocean_menu_social_links_bg":"","ocean_menu_social_hover_links_bg":"","ocean_menu_social_links_color":"","ocean_menu_social_hover_links_color":"","ocean_disable_title":"default","ocean_disable_heading":"default","ocean_post_title":"","ocean_post_subheading":"","ocean_post_title_style":"","ocean_post_title_background_color":"","ocean_post_title_background":0,"ocean_post_title_bg_image_position":"","ocean_post_title_bg_image_attachment":"","ocean_post_title_bg_image_repeat":"","ocean_post_title_bg_image_size":"","ocean_post_title_height":0,"ocean_post_title_bg_overlay":0.5,"ocean_post_title_bg_overlay_color":"","ocean_disable_breadcrumbs":"default","ocean_breadcrumbs_color":"","ocean_breadcrumbs_separator_color":"","ocean_breadcrumbs_links_color":"","ocean_breadcrumbs_links_hover_color":"","ocean_display_footer_widgets":"default","ocean_display_footer_bottom":"default","ocean_custom_footer_template":"0","footnotes":""},"class_list":["post-4197","page","type-page","status-publish","hentry","entry"],"_links":{"self":[{"href":"https:\/\/www2.unifap.br\/oiapoque\/wp-json\/wp\/v2\/pages\/4197","targetHints":{"allow":["GET"]}}],"collection":[{"href":"https:\/\/www2.unifap.br\/oiapoque\/wp-json\/wp\/v2\/pages"}],"about":[{"href":"https:\/\/www2.unifap.br\/oiapoque\/wp-json\/wp\/v2\/types\/page"}],"author":[{"embeddable":true,"href":"https:\/\/www2.unifap.br\/oiapoque\/wp-json\/wp\/v2\/users\/167"}],"replies":[{"embeddable":true,"href":"https:\/\/www2.unifap.br\/oiapoque\/wp-json\/wp\/v2\/comments?post=4197"}],"version-history":[{"count":27,"href":"https:\/\/www2.unifap.br\/oiapoque\/wp-json\/wp\/v2\/pages\/4197\/revisions"}],"predecessor-version":[{"id":14965,"href":"https:\/\/www2.unifap.br\/oiapoque\/wp-json\/wp\/v2\/pages\/4197\/revisions\/14965"}],"up":[{"embeddable":true,"href":"https:\/\/www2.unifap.br\/oiapoque\/wp-json\/wp\/v2\/pages\/4475"}],"wp:attachment":[{"href":"https:\/\/www2.unifap.br\/oiapoque\/wp-json\/wp\/v2\/media?parent=4197"}],"curies":[{"name":"wp","href":"https:\/\/api.w.org\/{rel}","templated":true}]}}