{"id":4201,"date":"2014-04-03T19:35:24","date_gmt":"2014-04-03T19:35:24","guid":{"rendered":"http:\/\/www2.unifap.br\/oiapoque\/?page_id=4201"},"modified":"2023-03-03T13:27:42","modified_gmt":"2023-03-03T13:27:42","slug":"editais-e-bolsas","status":"publish","type":"page","link":"https:\/\/www2.unifap.br\/oiapoque\/portal-academico\/editais-e-bolsas\/","title":{"rendered":"EDITAIS E BOLSAS"},"content":{"rendered":"\t\t<div data-elementor-type=\"wp-page\" data-elementor-id=\"4201\" class=\"elementor elementor-4201\">\n\t\t\t\t\t\t<section class=\"elementor-section elementor-top-section elementor-element elementor-element-56408444 elementor-section-boxed elementor-section-height-default elementor-section-height-default\" data-id=\"56408444\" data-element_type=\"section\" data-e-type=\"section\">\n\t\t\t\t\t\t<div class=\"elementor-container elementor-column-gap-default\">\n\t\t\t\t\t<div class=\"elementor-column elementor-col-100 elementor-top-column elementor-element elementor-element-108cf874\" data-id=\"108cf874\" data-element_type=\"column\" data-e-type=\"column\">\n\t\t\t<div class=\"elementor-widget-wrap elementor-element-populated\">\n\t\t\t\t\t\t<div class=\"elementor-element elementor-element-3f37c7ab elementor-widget elementor-widget-text-editor\" data-id=\"3f37c7ab\" data-element_type=\"widget\" data-e-type=\"widget\" data-widget_type=\"text-editor.default\">\n\t\t\t\t<div class=\"elementor-widget-container\">\n\t\t\t\t\t\t\t\t\t<p><strong>Click no link desejado:<\/strong><\/p><ul><li><a href=\"http:\/\/depsec.unifap.br\/concursos\">CONCURSOS E PROCESSOS SELETIVOS<\/a><\/li><li><a title=\"ESPA\u00c7O PARA ORIENTA\u00c7\u00c3O E ESTUDO\" href=\"http:\/\/www2.unifap.br\/dace\/\">BOLSAS E AUX\u00cdLIOS ESTUDANTIS<\/a><\/li><li><a href=\"http:\/\/www2.unifap.br\/procri\/\">MOBILIDADE ACAD\u00caMICA<\/a><\/li><li><a href=\"http:\/\/www.unifap.br\/editais\/\">EDITAIS<\/a><\/li><\/ul>\t\t\t\t\t\t\t\t<\/div>\n\t\t\t\t<\/div>\n\t\t\t\t\t<\/div>\n\t\t<\/div>\n\t\t\t\t\t<\/div>\n\t\t<\/section>\n\t\t\t\t<section class=\"elementor-section elementor-top-section elementor-element elementor-element-aa83b33 elementor-section-boxed elementor-section-height-default elementor-section-height-default\" data-id=\"aa83b33\" data-element_type=\"section\" data-e-type=\"section\">\n\t\t\t\t\t\t<div class=\"elementor-container elementor-column-gap-default\">\n\t\t\t\t\t<div class=\"elementor-column elementor-col-100 elementor-top-column elementor-element elementor-element-86e52fe\" data-id=\"86e52fe\" data-element_type=\"column\" data-e-type=\"column\">\n\t\t\t<div class=\"elementor-widget-wrap elementor-element-populated\">\n\t\t\t\t\t\t<div class=\"elementor-element elementor-element-df7e29d elementor-grid-eael-col-3 elementor-grid-tablet-eael-col-2 elementor-grid-mobile-eael-col-1 elementor-widget elementor-widget-eael-post-grid\" data-id=\"df7e29d\" data-element_type=\"widget\" data-e-type=\"widget\" data-settings=\"{&quot;eael_post_grid_columns&quot;:&quot;eael-col-3&quot;,&quot;eael_post_grid_columns_tablet&quot;:&quot;eael-col-2&quot;,&quot;eael_post_grid_columns_mobile&quot;:&quot;eael-col-1&quot;}\" data-widget_type=\"eael-post-grid.default\">\n\t\t\t\t<div class=\"elementor-widget-container\">\n\t\t\t\t\t<div id=\"eael-post-grid-df7e29d\" class=\"eael-post-grid-container\">\n            <div class=\"eael-post-grid eael-post-appender eael-post-appender-df7e29d eael-post-grid-style-one\" data-layout-mode=\"masonry\"><article class=\"eael-grid-post eael-post-grid-column\" data-id=\"15652\">\n        <div class=\"eael-grid-post-holder\">\n            <div class=\"eael-grid-post-holder-inner\"><div class=\"eael-entry-media\"><div class=\"eael-entry-overlay fade-in\"><i class=\"fas fa-long-arrow-alt-right\" aria-hidden=\"true\"><\/i><a href=\"https:\/\/www2.unifap.br\/oiapoque\/2024\/11\/25\/convocacao-para-habilitacao-dos-candidatos-da-lista-de-espera-do-ps-unifap\/\"><\/a><\/div><div class=\"eael-entry-thumbnail \">\n                <img fetchpriority=\"high\" decoding=\"async\" width=\"300\" height=\"179\" src=\"https:\/\/www2.unifap.br\/oiapoque\/files\/2023\/07\/cropped-background-abstract-line-2462431-300x179.jpg\" class=\"attachment-medium size-medium wp-image-15006\" alt=\"\" srcset=\"https:\/\/www2.unifap.br\/oiapoque\/files\/2023\/07\/cropped-background-abstract-line-2462431-300x179.jpg 300w, https:\/\/www2.unifap.br\/oiapoque\/files\/2023\/07\/cropped-background-abstract-line-2462431-1024x612.jpg 1024w, https:\/\/www2.unifap.br\/oiapoque\/files\/2023\/07\/cropped-background-abstract-line-2462431-150x90.jpg 150w, https:\/\/www2.unifap.br\/oiapoque\/files\/2023\/07\/cropped-background-abstract-line-2462431-768x459.jpg 768w, https:\/\/www2.unifap.br\/oiapoque\/files\/2023\/07\/cropped-background-abstract-line-2462431-1536x919.jpg 1536w, https:\/\/www2.unifap.br\/oiapoque\/files\/2023\/07\/cropped-background-abstract-line-2462431.jpg 2000w\" sizes=\"(max-width: 300px) 100vw, 300px\" \/>\n            <\/div>\n        <\/div><div class=\"eael-entry-wrapper\"><header class=\"eael-entry-header\"><h2 class=\"eael-entry-title\"><a class=\"eael-grid-post-link\" href=\"https:\/\/www2.unifap.br\/oiapoque\/2024\/11\/25\/convocacao-para-habilitacao-dos-candidatos-da-lista-de-espera-do-ps-unifap\/\" title=\"CONVOCA\u00c7\u00c3O PARA HABILITA\u00c7\u00c3O DOS CANDIDATOS DA LISTA DE ESPERA DO PS UNIFAP\">CONVOCA\u00c7\u00c3O PARA HABILITA\u00c7\u00c3O DOS CANDIDATOS DA LISTA DE ESPERA DO PS UNIFAP<\/a><\/h2><\/header><div class=\"eael-entry-content\">\n                        <div class=\"eael-grid-post-excerpt\"><p>CONVOCA\u00c7\u00c3O PARA HABILITA\u00c7\u00c3O DOS CANDIDATOS DA LISTA DE ESPERA DO PROCESSO SELETIVO UNIFAP &#8211; CAMPUS BINACIONAL 2024.2 \u2013 1\u00aa CHAMADA...<\/p><a href=\"https:\/\/www2.unifap.br\/oiapoque\/2024\/11\/25\/convocacao-para-habilitacao-dos-candidatos-da-lista-de-espera-do-ps-unifap\/\" class=\"eael-post-elements-readmore-btn\">Leia Mais<\/a><\/div>\n                    <\/div><div class=\"eael-entry-footer\"><div class=\"eael-author-avatar\"><a href=\"https:\/\/www2.unifap.br\/oiapoque\/author\/eziquiel\/\"><img alt='Eziquiel da Luz Silva' src='https:\/\/secure.gravatar.com\/avatar\/6366b95157127563e657f4768b797b07c81a47d33db012eebfc0990b6770b99f?s=96&#038;r=r' srcset='https:\/\/secure.gravatar.com\/avatar\/6366b95157127563e657f4768b797b07c81a47d33db012eebfc0990b6770b99f?s=192&#038;r=r 2x' class='avatar avatar-96 photo' height='96' width='96' \/><\/a><\/div><div class=\"eael-entry-meta\"><span class=\"eael-posted-by\"><a href=\"https:\/\/www2.unifap.br\/oiapoque\/author\/eziquiel\/\" title=\"Posts de Eziquiel da Luz Silva\" rel=\"author\">Eziquiel da Luz Silva<\/a><\/span><span class=\"eael-posted-on\"><time datetime=\"25 de novembro de 2024\">25 de novembro de 2024<\/time><\/span><\/div><\/div><\/div><\/div>\n        <\/div>\n    <\/article><article class=\"eael-grid-post eael-post-grid-column\" data-id=\"15499\">\n        <div class=\"eael-grid-post-holder\">\n            <div class=\"eael-grid-post-holder-inner\"><div class=\"eael-entry-media\"><div class=\"eael-entry-overlay fade-in\"><i class=\"fas fa-long-arrow-alt-right\" aria-hidden=\"true\"><\/i><a href=\"https:\/\/www2.unifap.br\/oiapoque\/2024\/04\/16\/resultado_definitivo_programa_de_selecao_bolsa_monitoria_2024-1\/\"><\/a><\/div><div class=\"eael-entry-thumbnail \">\n                <img decoding=\"async\" width=\"300\" height=\"188\" src=\"https:\/\/www2.unifap.br\/oiapoque\/files\/2024\/04\/RETIFICACAO-e1713300434459-300x188.png\" class=\"attachment-medium size-medium wp-image-15496\" alt=\"\" srcset=\"https:\/\/www2.unifap.br\/oiapoque\/files\/2024\/04\/RETIFICACAO-e1713300434459-300x188.png 300w, https:\/\/www2.unifap.br\/oiapoque\/files\/2024\/04\/RETIFICACAO-e1713300434459-150x94.png 150w, https:\/\/www2.unifap.br\/oiapoque\/files\/2024\/04\/RETIFICACAO-e1713300434459.png 400w\" sizes=\"(max-width: 300px) 100vw, 300px\" \/>\n            <\/div>\n        <\/div><div class=\"eael-entry-wrapper\"><header class=\"eael-entry-header\"><h2 class=\"eael-entry-title\"><a class=\"eael-grid-post-link\" href=\"https:\/\/www2.unifap.br\/oiapoque\/2024\/04\/16\/resultado_definitivo_programa_de_selecao_bolsa_monitoria_2024-1\/\" title=\"RESULTADO_DEFINITIVO_PROGRAMA_DE_SELECAO_BOLSA_MONITORIA_2024.1\">RESULTADO_DEFINITIVO_PROGRAMA_DE_SELECAO_BOLSA_MONITORIA_2024.1<\/a><\/h2><\/header><div class=\"eael-entry-content\">\n                        <div class=\"eael-grid-post-excerpt\"><p>O Campus Binacional de Oiapoque torna p\u00fablico o resultado final do Programa de Sele\u00e7\u00e3o Bolsa Monitoria 2024.1 e 2023.2, Edital...<\/p><a href=\"https:\/\/www2.unifap.br\/oiapoque\/2024\/04\/16\/resultado_definitivo_programa_de_selecao_bolsa_monitoria_2024-1\/\" class=\"eael-post-elements-readmore-btn\">Leia Mais<\/a><\/div>\n                    <\/div><div class=\"eael-entry-footer\"><div class=\"eael-author-avatar\"><a href=\"https:\/\/www2.unifap.br\/oiapoque\/author\/eziquiel\/\"><img alt='Eziquiel da Luz Silva' src='https:\/\/secure.gravatar.com\/avatar\/6366b95157127563e657f4768b797b07c81a47d33db012eebfc0990b6770b99f?s=96&#038;r=r' srcset='https:\/\/secure.gravatar.com\/avatar\/6366b95157127563e657f4768b797b07c81a47d33db012eebfc0990b6770b99f?s=192&#038;r=r 2x' class='avatar avatar-96 photo' height='96' width='96' \/><\/a><\/div><div class=\"eael-entry-meta\"><span class=\"eael-posted-by\"><a href=\"https:\/\/www2.unifap.br\/oiapoque\/author\/eziquiel\/\" title=\"Posts de Eziquiel da Luz Silva\" rel=\"author\">Eziquiel da Luz Silva<\/a><\/span><span class=\"eael-posted-on\"><time datetime=\"16 de abril de 2024\">16 de abril de 2024<\/time><\/span><\/div><\/div><\/div><\/div>\n        <\/div>\n    <\/article><article class=\"eael-grid-post eael-post-grid-column\" data-id=\"15488\">\n        <div class=\"eael-grid-post-holder\">\n            <div class=\"eael-grid-post-holder-inner\"><div class=\"eael-entry-media\"><div class=\"eael-entry-overlay fade-in\"><i class=\"fas fa-long-arrow-alt-right\" aria-hidden=\"true\"><\/i><a href=\"https:\/\/www2.unifap.br\/oiapoque\/2024\/03\/27\/processo-de-selecao-para-o-programa-de-bolsa-monitoria-edital-01-2024-cograd-dieg-campus-binacional\/\"><\/a><\/div><div class=\"eael-entry-thumbnail \">\n                <img decoding=\"async\" width=\"300\" height=\"300\" src=\"https:\/\/www2.unifap.br\/oiapoque\/files\/2024\/03\/Bolsa_Monitoria_Dicugacao_2024.1-300x300.jpg\" class=\"attachment-medium size-medium wp-image-15490\" alt=\"\" srcset=\"https:\/\/www2.unifap.br\/oiapoque\/files\/2024\/03\/Bolsa_Monitoria_Dicugacao_2024.1-300x300.jpg 300w, https:\/\/www2.unifap.br\/oiapoque\/files\/2024\/03\/Bolsa_Monitoria_Dicugacao_2024.1-1024x1024.jpg 1024w, https:\/\/www2.unifap.br\/oiapoque\/files\/2024\/03\/Bolsa_Monitoria_Dicugacao_2024.1-150x150.jpg 150w, https:\/\/www2.unifap.br\/oiapoque\/files\/2024\/03\/Bolsa_Monitoria_Dicugacao_2024.1-768x768.jpg 768w, https:\/\/www2.unifap.br\/oiapoque\/files\/2024\/03\/Bolsa_Monitoria_Dicugacao_2024.1-600x600.jpg 600w, https:\/\/www2.unifap.br\/oiapoque\/files\/2024\/03\/Bolsa_Monitoria_Dicugacao_2024.1.jpg 1080w\" sizes=\"(max-width: 300px) 100vw, 300px\" \/>\n            <\/div>\n        <\/div><div class=\"eael-entry-wrapper\"><header class=\"eael-entry-header\"><h2 class=\"eael-entry-title\"><a class=\"eael-grid-post-link\" href=\"https:\/\/www2.unifap.br\/oiapoque\/2024\/03\/27\/processo-de-selecao-para-o-programa-de-bolsa-monitoria-edital-01-2024-cograd-dieg-campus-binacional\/\" title=\"PROCESSO DE SELE\u00c7\u00c3O PARA O PROGRAMA DE BOLSA MONITORIA &#8211;  EDITAL 01\/2024- COGRAD\/DIEG\/CAMPUS BINACIONAL\">PROCESSO DE SELE\u00c7\u00c3O PARA O PROGRAMA DE BOLSA MONITORIA &#8211;  EDITAL 01\/2024- COGRAD\/DIEG\/CAMPUS BINACIONAL<\/a><\/h2><\/header><div class=\"eael-entry-content\">\n                        <div class=\"eael-grid-post-excerpt\"><p>A Coordena\u00e7\u00e3o de Gradua\u00e7\u00e3o \u2013 COGRAD do Campus Binacional de Oiapoque vinculado a Universidade Federal do Amap\u00e1 (UNIFAP), torna p\u00fablico...<\/p><a href=\"https:\/\/www2.unifap.br\/oiapoque\/2024\/03\/27\/processo-de-selecao-para-o-programa-de-bolsa-monitoria-edital-01-2024-cograd-dieg-campus-binacional\/\" class=\"eael-post-elements-readmore-btn\">Leia Mais<\/a><\/div>\n                    <\/div><div class=\"eael-entry-footer\"><div class=\"eael-author-avatar\"><a href=\"https:\/\/www2.unifap.br\/oiapoque\/author\/roberto\/\"><img alt='Roberto Veiga' src='https:\/\/secure.gravatar.com\/avatar\/e6bebfd63faa6e6de29482b0a9c25eaeb1dca138fe26cdc014710c973d528edf?s=96&#038;r=r' srcset='https:\/\/secure.gravatar.com\/avatar\/e6bebfd63faa6e6de29482b0a9c25eaeb1dca138fe26cdc014710c973d528edf?s=192&#038;r=r 2x' class='avatar avatar-96 photo' height='96' width='96' \/><\/a><\/div><div class=\"eael-entry-meta\"><span class=\"eael-posted-by\"><a href=\"https:\/\/www2.unifap.br\/oiapoque\/author\/roberto\/\" title=\"Posts de Roberto Veiga\" rel=\"author\">Roberto Veiga<\/a><\/span><span class=\"eael-posted-on\"><time datetime=\"27 de mar\u00e7o de 2024\">27 de mar\u00e7o de 2024<\/time><\/span><\/div><\/div><\/div><\/div>\n        <\/div>\n    <\/article><article class=\"eael-grid-post eael-post-grid-column\" data-id=\"15306\">\n        <div class=\"eael-grid-post-holder\">\n            <div class=\"eael-grid-post-holder-inner\"><div class=\"eael-entry-media\"><div class=\"eael-entry-overlay fade-in\"><i class=\"fas fa-long-arrow-alt-right\" aria-hidden=\"true\"><\/i><a href=\"https:\/\/www2.unifap.br\/oiapoque\/2023\/11\/06\/processo-de-selecao-para-o-programa-bolsa-monitoria-resultado-final\/\"><\/a><\/div><div class=\"eael-entry-thumbnail \">\n                <img loading=\"lazy\" decoding=\"async\" width=\"300\" height=\"300\" src=\"https:\/\/www2.unifap.br\/oiapoque\/files\/2023\/11\/DIVULGACAO-DO-RESULTADO-PROVISORIO-Edital-no-012023-300x300.png\" class=\"attachment-medium size-medium wp-image-15308\" alt=\"\" srcset=\"https:\/\/www2.unifap.br\/oiapoque\/files\/2023\/11\/DIVULGACAO-DO-RESULTADO-PROVISORIO-Edital-no-012023-300x300.png 300w, https:\/\/www2.unifap.br\/oiapoque\/files\/2023\/11\/DIVULGACAO-DO-RESULTADO-PROVISORIO-Edital-no-012023-150x150.png 150w, https:\/\/www2.unifap.br\/oiapoque\/files\/2023\/11\/DIVULGACAO-DO-RESULTADO-PROVISORIO-Edital-no-012023.png 400w\" sizes=\"(max-width: 300px) 100vw, 300px\" \/>\n            <\/div>\n        <\/div><div class=\"eael-entry-wrapper\"><header class=\"eael-entry-header\"><h2 class=\"eael-entry-title\"><a class=\"eael-grid-post-link\" href=\"https:\/\/www2.unifap.br\/oiapoque\/2023\/11\/06\/processo-de-selecao-para-o-programa-bolsa-monitoria-resultado-final\/\" title=\"PROCESSO DE SELE\u00c7\u00c3O PARA O PROGRAMA BOLSA MONITORIA &#8211; RESULTADO FINAL\">PROCESSO DE SELE\u00c7\u00c3O PARA O PROGRAMA BOLSA MONITORIA &#8211; RESULTADO FINAL<\/a><\/h2><\/header><div class=\"eael-entry-content\">\n                        <div class=\"eael-grid-post-excerpt\"><p>O Campus Binacional de Oiapoque torna p\u00fablico o resultado final do Programa de Sele\u00e7\u00e3o Bolsa Monitoria 2023.2 e 2023.1, Edital...<\/p><a href=\"https:\/\/www2.unifap.br\/oiapoque\/2023\/11\/06\/processo-de-selecao-para-o-programa-bolsa-monitoria-resultado-final\/\" class=\"eael-post-elements-readmore-btn\">Leia Mais<\/a><\/div>\n                    <\/div><div class=\"eael-entry-footer\"><div class=\"eael-author-avatar\"><a href=\"https:\/\/www2.unifap.br\/oiapoque\/author\/roberto\/\"><img alt='Roberto Veiga' src='https:\/\/secure.gravatar.com\/avatar\/e6bebfd63faa6e6de29482b0a9c25eaeb1dca138fe26cdc014710c973d528edf?s=96&#038;r=r' srcset='https:\/\/secure.gravatar.com\/avatar\/e6bebfd63faa6e6de29482b0a9c25eaeb1dca138fe26cdc014710c973d528edf?s=192&#038;r=r 2x' class='avatar avatar-96 photo' height='96' width='96' \/><\/a><\/div><div class=\"eael-entry-meta\"><span class=\"eael-posted-by\"><a href=\"https:\/\/www2.unifap.br\/oiapoque\/author\/roberto\/\" title=\"Posts de Roberto Veiga\" rel=\"author\">Roberto Veiga<\/a><\/span><span class=\"eael-posted-on\"><time datetime=\"6 de novembro de 2023\">6 de novembro de 2023<\/time><\/span><\/div><\/div><\/div><\/div>\n        <\/div>\n    <\/article><\/div>\n            <div class=\"clearfix\"><\/div>\n        <\/div>            <div class=\"eael-load-more-button-wrap eael-force-hide\">\n                <button class=\"eael-load-more-button\" id=\"eael-load-more-btn-df7e29d\" data-widget-id=\"df7e29d\" data-widget=\"df7e29d\" data-page-id=\"4201\" data-template=\"{&quot;dir&quot;:&quot;lite&quot;,&quot;file_name&quot;:&quot;one.php&quot;,&quot;name&quot;:&quot;Post-Grid&quot;}\" data-class=\"Essential_Addons_Elementor\\Elements\\Post_Grid\" data-layout=\"masonry\" data-page=\"1\" data-args=\"orderby=date&amp;order=desc&amp;ignore_sticky_posts=1&amp;post_status=publish&amp;posts_per_page=4&amp;offset=0&amp;post_type=post&amp;tax_query%5B0%5D%5Btaxonomy%5D=category&amp;tax_query%5B0%5D%5Bfield%5D=term_id&amp;tax_query%5B0%5D%5Bterms%5D%5B0%5D=38&amp;tax_query%5Brelation%5D=AND\" data-max-page=\"5\">\n                    <span class=\"eael-btn-loader button__loader\"><\/span>\n                    <span class=\"eael_load_more_text\">Load More<\/span>\n                <\/button>\n            <\/div>\n            \t\t\t\t<\/div>\n\t\t\t\t<\/div>\n\t\t\t\t\t<\/div>\n\t\t<\/div>\n\t\t\t\t\t<\/div>\n\t\t<\/section>\n\t\t\t\t<\/div>\n\t\t","protected":false},"excerpt":{"rendered":"<p>Click no link desejado: CONCURSOS E PROCESSOS SELETIVOS BOLSAS E AUX\u00cdLIOS ESTUDANTIS MOBILIDADE ACAD\u00caMICA EDITAIS Edital Interno no 01\/2023 &#8211; P E T- Conex\u00f5es de Saberes \u2013 &#8220;L\u00edngua, Cultura, Identidade e Educa\u00e7\u00e3o Ind\u00edgena&#8221; Sele\u00e7\u00e3o Interna de discentes ind\u00edgenas do Curso de Licenciatura Intercultural Ind\u00edgena &#8211; UNIFAP para participar do P E T&#8211; Conex\u00f5es&#8230; Leia Mais&#8230;<\/p>\n","protected":false},"author":167,"featured_media":0,"parent":4203,"menu_order":3,"comment_status":"closed","ping_status":"closed","template":"","meta":{"inline_featured_image":false,"ngg_post_thumbnail":0,"ocean_post_layout":"","ocean_both_sidebars_style":"","ocean_both_sidebars_content_width":0,"ocean_both_sidebars_sidebars_width":0,"ocean_sidebar":"0","ocean_second_sidebar":"0","ocean_disable_margins":"enable","ocean_add_body_class":"","ocean_shortcode_before_top_bar":"","ocean_shortcode_after_top_bar":"","ocean_shortcode_before_header":"","ocean_shortcode_after_header":"","ocean_has_shortcode":"","ocean_shortcode_after_title":"","ocean_shortcode_before_footer_widgets":"","ocean_shortcode_after_footer_widgets":"","ocean_shortcode_before_footer_bottom":"","ocean_shortcode_after_footer_bottom":"","ocean_display_top_bar":"default","ocean_display_header":"default","ocean_header_style":"","ocean_center_header_left_menu":"0","ocean_custom_header_template":"0","ocean_custom_logo":0,"ocean_custom_retina_logo":0,"ocean_custom_logo_max_width":0,"ocean_custom_logo_tablet_max_width":0,"ocean_custom_logo_mobile_max_width":0,"ocean_custom_logo_max_height":0,"ocean_custom_logo_tablet_max_height":0,"ocean_custom_logo_mobile_max_height":0,"ocean_header_custom_menu":"0","ocean_menu_typo_font_family":"0","ocean_menu_typo_font_subset":"","ocean_menu_typo_font_size":0,"ocean_menu_typo_font_size_tablet":0,"ocean_menu_typo_font_size_mobile":0,"ocean_menu_typo_font_size_unit":"px","ocean_menu_typo_font_weight":"","ocean_menu_typo_font_weight_tablet":"","ocean_menu_typo_font_weight_mobile":"","ocean_menu_typo_transform":"","ocean_menu_typo_transform_tablet":"","ocean_menu_typo_transform_mobile":"","ocean_menu_typo_line_height":0,"ocean_menu_typo_line_height_tablet":0,"ocean_menu_typo_line_height_mobile":0,"ocean_menu_typo_line_height_unit":"","ocean_menu_typo_spacing":0,"ocean_menu_typo_spacing_tablet":0,"ocean_menu_typo_spacing_mobile":0,"ocean_menu_typo_spacing_unit":"","ocean_menu_link_color":"","ocean_menu_link_color_hover":"","ocean_menu_link_color_active":"","ocean_menu_link_background":"","ocean_menu_link_hover_background":"","ocean_menu_link_active_background":"","ocean_menu_social_links_bg":"","ocean_menu_social_hover_links_bg":"","ocean_menu_social_links_color":"","ocean_menu_social_hover_links_color":"","ocean_disable_title":"default","ocean_disable_heading":"default","ocean_post_title":"","ocean_post_subheading":"","ocean_post_title_style":"","ocean_post_title_background_color":"","ocean_post_title_background":0,"ocean_post_title_bg_image_position":"","ocean_post_title_bg_image_attachment":"","ocean_post_title_bg_image_repeat":"","ocean_post_title_bg_image_size":"","ocean_post_title_height":0,"ocean_post_title_bg_overlay":0.5,"ocean_post_title_bg_overlay_color":"","ocean_disable_breadcrumbs":"default","ocean_breadcrumbs_color":"","ocean_breadcrumbs_separator_color":"","ocean_breadcrumbs_links_color":"","ocean_breadcrumbs_links_hover_color":"","ocean_display_footer_widgets":"default","ocean_display_footer_bottom":"default","ocean_custom_footer_template":"0","footnotes":""},"class_list":["post-4201","page","type-page","status-publish","hentry","entry","has-media"],"_links":{"self":[{"href":"https:\/\/www2.unifap.br\/oiapoque\/wp-json\/wp\/v2\/pages\/4201","targetHints":{"allow":["GET"]}}],"collection":[{"href":"https:\/\/www2.unifap.br\/oiapoque\/wp-json\/wp\/v2\/pages"}],"about":[{"href":"https:\/\/www2.unifap.br\/oiapoque\/wp-json\/wp\/v2\/types\/page"}],"author":[{"embeddable":true,"href":"https:\/\/www2.unifap.br\/oiapoque\/wp-json\/wp\/v2\/users\/167"}],"replies":[{"embeddable":true,"href":"https:\/\/www2.unifap.br\/oiapoque\/wp-json\/wp\/v2\/comments?post=4201"}],"version-history":[{"count":20,"href":"https:\/\/www2.unifap.br\/oiapoque\/wp-json\/wp\/v2\/pages\/4201\/revisions"}],"predecessor-version":[{"id":14525,"href":"https:\/\/www2.unifap.br\/oiapoque\/wp-json\/wp\/v2\/pages\/4201\/revisions\/14525"}],"up":[{"embeddable":true,"href":"https:\/\/www2.unifap.br\/oiapoque\/wp-json\/wp\/v2\/pages\/4203"}],"wp:attachment":[{"href":"https:\/\/www2.unifap.br\/oiapoque\/wp-json\/wp\/v2\/media?parent=4201"}],"curies":[{"name":"wp","href":"https:\/\/api.w.org\/{rel}","templated":true}]}}