{"id":5948,"date":"2015-05-21T18:09:05","date_gmt":"2015-05-21T18:09:05","guid":{"rendered":"http:\/\/www2.unifap.br\/oiapoque\/?page_id=5948"},"modified":"2023-01-18T12:35:10","modified_gmt":"2023-01-18T12:35:10","slug":"oiapoque-informacao","status":"publish","type":"page","link":"https:\/\/www2.unifap.br\/oiapoque\/portal-administrativo\/oiapoque-informacao\/","title":{"rendered":"OIAPOQUE"},"content":{"rendered":"<p><span style=\"line-height: 1.5em\">Durante o per\u00edodo colonial, o munic\u00edpio de Oiapoque era parte da Capitania do Cabo Norte. Nos prim\u00f3rdios do s\u00e9culo XVI, os portugueses da Am\u00e9rica travam lutas com outros europeus, para estabelecer dom\u00ednio territorial ao sul do rio Oiapoque &#8211; na \u00e9poca conhecido como Vicente Pinz\u00f3n &#8211; e ao norte do rio Amazonas, para expandir os imp\u00e9rios colonizadores que cada grupo representava.<\/span><\/p>\n<p>Os primitivos habitantes da regi\u00e3o s\u00e3o antepassados dos povos Wai\u00e3pi, que ocupavam a extens\u00e3o territorial do rio Oiapoque, dos Galibi e Palikur, concentrados no vale do rio Ua\u00e7\u00e1 e seus afluentes.<\/p>\n<p>O munic\u00edpio de Oiapoque originou-se da morada de um mesti\u00e7o, em data que n\u00e3o se pode precisar, de nome Emile Martinic, o primeiro habitante n\u00e3o-\u00edndio do munic\u00edpio. Sabe-se que a localidade passou a ser conhecida como &#8220;Martinica&#8221;; e, ainda hoje, n\u00e3o \u00e9 raro ouvir essa designa\u00e7\u00e3o, notadamente de habitantes mais antigos.<\/p>\n<p>Em 1907, o Governo Federal criou o Primeiro Destacamento Militar do munic\u00edpio, que servia de abrigo a presos pol\u00edticos. Alguns anos depois, esse destacamento foi transferido para Santo Ant\u00f4nio, atual distrito de Clevel\u00e2ndia do Norte, com a denomina\u00e7\u00e3o de Col\u00f4nia Militar. Para consolidar a soberania nacional sobre as \u00e1reas lim\u00edtrofes, face ao contestado franco-brasileiro, foi, ent\u00e3o, erguido um monumento \u00e0 p\u00e1tria, indicativo do marco inicial do territ\u00f3rio brasileiro.<\/p>\n<p>A palavra Oiapoque tem origem tupi-guarany, sendo uma deriva\u00e7\u00e3o do termo oiap-oca, que significa casa dos Wai\u00e3pi.<\/p>\n<p>Oiapoque localiza-se\u00a0no extremo norte doestado do Amap\u00e1. Sua \u00e1rea \u00e9 de 22,625 km\u00b2; e sua popula\u00e7\u00e3o, de acordo com as estimativas de 2014, era de 23.628 habitantes.<\/p>\n<p>Fonte: IBGE Cidades.<\/p>\n<p>&nbsp;<\/p>\n<p><strong>COMO CHEGAR<\/strong><\/p>\n<p>Oiapoque fica a aproximadamente 570 quil\u00f4metros por estrada da capital do estado, Macap\u00e1. O caminho \u00e9 feito atrav\u00e9s da Rodovia BR-156, que possui boa parte pavimentada, restando apenas cerca de 100 quil\u00f4metros sem pavimenta\u00e7\u00e3o. O trajeto pode ser percorrido atrav\u00e9s de carro de passeio, ve\u00edculos de cooperativas de trasporte ou atrav\u00e9s das seguintes empresas de \u00f4nibus:<\/p>\n<p>Amazontur e Vale do Amazonas &#8211;\u00a0Fone: (96) 3521-2581 (Oiapoque) e 3251-1536 (Macap\u00e1) &#8211; \u00d4nibus com sa\u00eddas di\u00e1rias<\/p>\n<p>Empresa de Transporte Santanense &#8211;\u00a0Fone: (96) 3521-2225 (Oiapoque) e 3251-2067 (Macap\u00e1)\u00a0&#8211; \u00d4nibus com sa\u00eddas di\u00e1rias<\/p>\n<p>A viagem dura cerca de 8 horas, mas pode sofrer atrasos em per\u00edodos de chuvas intensas, de acordo com as condi\u00e7\u00f5es da rodovia, que em geral, mantem-se trafeg\u00e1vel o ano inteiro.<\/p>\n<p>A condi\u00e7\u00e3o fronteiri\u00e7a com a Guiana Francesa tamb\u00e9m permite o acesso realizado pela travessia do Rio Oiapoque atrav\u00e9s da cidade de Saint Georges, que possui liga\u00e7\u00e3o rodovi\u00e1ria pavimentada com cerca de 200 quil\u00f4metros at\u00e9 a capital Caiena.<\/p>\n<p>&nbsp;<\/p>\n<h3><strong>SERVI\u00c7OS DISPON\u00cdVEIS<\/strong><\/h3>\n<p><span style=\"line-height: 1.5em\">A Cidade de Oiapoque possui agencias dos Correios, INSS, Banco do Brasil, Caixa\u00a0<\/span>Econ\u00f4mica<span style=\"line-height: 1.5em\">\u00a0e Bradesco.<\/span><\/p>\n<p><span style=\"line-height: 1.5em\">H\u00e1 um hospital estadual que atende diversas especialidades e postos de sa\u00fade municipais em v\u00e1rios bairros, al\u00e9m de farm\u00e1cias, cl\u00ednicas e laborat\u00f3rios particulares.<\/span><\/p>\n<p><span style=\"line-height: 1.5em\">O munic\u00edpio possui escolas municipais e estaduais na zona urbana e rural, respons\u00e1veis pela educa\u00e7\u00e3o b\u00e1sica, al\u00e9m de um campus do Instituto Federal de Educa\u00e7\u00e3o do Amap\u00e1 (IFAP).<\/span><\/p>\n<p><span style=\"line-height: 1.5em\">O centro comercial \u00e9 variado e atende de segunda \u00e0 domingo. Existem tamb\u00e9m lojas de artesanatos e produtos regionais.<\/span><\/p>\n<p><span style=\"line-height: 1.5em\">O turismo \u00e9 essencialmente voltado \u00e0s atra\u00e7\u00f5es naturais, como rios, cachoeiras, igarap\u00e9s, trilhas e matas \u00a0nos arredores da cidade ou nas unidades de conserva\u00e7\u00e3o que ocupam boa parte do territ\u00f3rio do munic\u00edpio.<\/span><\/p>\n<p><span style=\"line-height: 1.5em\">O servi\u00e7o de telefonia m\u00f3vel \u00e9 prestado pelas operadoras TIM, Claro e OI.<\/span><\/p>\n<p><span style=\"line-height: 1.5em\">H\u00e1 tamb\u00e9m diversos restaurantes e \u00a0hot\u00e9is, entre eles:<\/span><\/p>\n<p>Hotel Colibri &#8211;\u00a0Br 156 Km 01 \u2013 Universidade &#8211; Fone: (96) 3521-1586 (email:\u00a0<a href=\"mailto:oiapoquefm@hotmail.com\">oiapoquefm@hotmail.com<\/a>)<\/p>\n<p>Hotel Chez Denise &#8211;\u00a0Rua: Onorio Silva n\u00ba 417 &#8211; Centro &#8211; Fone: (96) 3521-3335 (email:\u00a0<a href=\"mailto:hotelchezdenise@gmail.com\">hotelchezdenise@gmail.com<\/a>)<\/p>\n<p>Hotel Filho de Deus &#8211;\u00a0Rua: L\u00e9lio Silva \u00ba 130 \u2013 Centro &#8211; Fone: (96) 3521-2181 ou Fone FAX: 3521-1403 (email:\u00a0<a href=\"mailto:jc.confec\u00e7\u00f5es.ap@hotmail.com\">jc.confec\u00e7\u00f5es.ap@hotmail.com<\/a>)<\/p>\n<p>Hotel Floresta &#8211; Rua Joaquim Caetano da Silva. Fone: (96) 3521-1250 (e-mail: contact@floresta.fr)<\/p>\n<p><span style=\"line-height: 1.5em\">Paris Hotel &#8211;\u00a0Av: Coaracy Nunes n\u00ba 189 \u2013 Centro &#8211; Fone: 3521-2149 (email:\u00a0<\/span><a style=\"line-height: 1.5em\" href=\"mailto:parishotel1@hotmail.com\">parishotel1@hotmail.com<\/a><span style=\"line-height: 1.5em\">)<\/span><\/p>\n<p>Tropical Hotel &#8211;\u00a0Av: L\u00e9lio Silva s\/n \u2013 Centro \u2013 Fone: (96) 3521-2098 ou 99909-8553 (email:\u00a0<a href=\"mailto:relinton@hotmail.com\">relinton@hotmail.com<\/a>)<\/p>\n","protected":false},"excerpt":{"rendered":"<p>Durante o per\u00edodo colonial, o munic\u00edpio de Oiapoque era parte da Capitania do Cabo Norte. Nos prim\u00f3rdios do s\u00e9culo XVI, os portugueses da Am\u00e9rica travam lutas com outros europeus, para estabelecer dom\u00ednio territorial ao sul do rio Oiapoque &#8211; na \u00e9poca conhecido como Vicente Pinz\u00f3n &#8211; e ao norte do rio Amazonas, para expandir os&#8230;<\/p>\n","protected":false},"author":715,"featured_media":0,"parent":21,"menu_order":6,"comment_status":"closed","ping_status":"closed","template":"","meta":{"inline_featured_image":false,"ngg_post_thumbnail":0,"ocean_post_layout":"full-width","ocean_both_sidebars_style":"","ocean_both_sidebars_content_width":0,"ocean_both_sidebars_sidebars_width":0,"ocean_sidebar":"0","ocean_second_sidebar":"0","ocean_disable_margins":"enable","ocean_add_body_class":"","ocean_shortcode_before_top_bar":"","ocean_shortcode_after_top_bar":"","ocean_shortcode_before_header":"","ocean_shortcode_after_header":"","ocean_has_shortcode":"","ocean_shortcode_after_title":"","ocean_shortcode_before_footer_widgets":"","ocean_shortcode_after_footer_widgets":"","ocean_shortcode_before_footer_bottom":"","ocean_shortcode_after_footer_bottom":"","ocean_display_top_bar":"default","ocean_display_header":"default","ocean_header_style":"","ocean_center_header_left_menu":"0","ocean_custom_header_template":"0","ocean_custom_logo":0,"ocean_custom_retina_logo":0,"ocean_custom_logo_max_width":0,"ocean_custom_logo_tablet_max_width":0,"ocean_custom_logo_mobile_max_width":0,"ocean_custom_logo_max_height":0,"ocean_custom_logo_tablet_max_height":0,"ocean_custom_logo_mobile_max_height":0,"ocean_header_custom_menu":"0","ocean_menu_typo_font_family":"0","ocean_menu_typo_font_subset":"","ocean_menu_typo_font_size":0,"ocean_menu_typo_font_size_tablet":0,"ocean_menu_typo_font_size_mobile":0,"ocean_menu_typo_font_size_unit":"px","ocean_menu_typo_font_weight":"","ocean_menu_typo_font_weight_tablet":"","ocean_menu_typo_font_weight_mobile":"","ocean_menu_typo_transform":"","ocean_menu_typo_transform_tablet":"","ocean_menu_typo_transform_mobile":"","ocean_menu_typo_line_height":0,"ocean_menu_typo_line_height_tablet":0,"ocean_menu_typo_line_height_mobile":0,"ocean_menu_typo_line_height_unit":"","ocean_menu_typo_spacing":0,"ocean_menu_typo_spacing_tablet":0,"ocean_menu_typo_spacing_mobile":0,"ocean_menu_typo_spacing_unit":"","ocean_menu_link_color":"","ocean_menu_link_color_hover":"","ocean_menu_link_color_active":"","ocean_menu_link_background":"","ocean_menu_link_hover_background":"","ocean_menu_link_active_background":"","ocean_menu_social_links_bg":"","ocean_menu_social_hover_links_bg":"","ocean_menu_social_links_color":"","ocean_menu_social_hover_links_color":"","ocean_disable_title":"on","ocean_disable_heading":"default","ocean_post_title":"","ocean_post_subheading":"","ocean_post_title_style":"","ocean_post_title_background_color":"","ocean_post_title_background":0,"ocean_post_title_bg_image_position":"","ocean_post_title_bg_image_attachment":"","ocean_post_title_bg_image_repeat":"","ocean_post_title_bg_image_size":"","ocean_post_title_height":0,"ocean_post_title_bg_overlay":0.5,"ocean_post_title_bg_overlay_color":"","ocean_disable_breadcrumbs":"off","ocean_breadcrumbs_color":"","ocean_breadcrumbs_separator_color":"","ocean_breadcrumbs_links_color":"","ocean_breadcrumbs_links_hover_color":"","ocean_display_footer_widgets":"default","ocean_display_footer_bottom":"default","ocean_custom_footer_template":"0","footnotes":""},"class_list":["post-5948","page","type-page","status-publish","hentry","entry"],"_links":{"self":[{"href":"https:\/\/www2.unifap.br\/oiapoque\/wp-json\/wp\/v2\/pages\/5948","targetHints":{"allow":["GET"]}}],"collection":[{"href":"https:\/\/www2.unifap.br\/oiapoque\/wp-json\/wp\/v2\/pages"}],"about":[{"href":"https:\/\/www2.unifap.br\/oiapoque\/wp-json\/wp\/v2\/types\/page"}],"author":[{"embeddable":true,"href":"https:\/\/www2.unifap.br\/oiapoque\/wp-json\/wp\/v2\/users\/715"}],"replies":[{"embeddable":true,"href":"https:\/\/www2.unifap.br\/oiapoque\/wp-json\/wp\/v2\/comments?post=5948"}],"version-history":[{"count":20,"href":"https:\/\/www2.unifap.br\/oiapoque\/wp-json\/wp\/v2\/pages\/5948\/revisions"}],"predecessor-version":[{"id":14022,"href":"https:\/\/www2.unifap.br\/oiapoque\/wp-json\/wp\/v2\/pages\/5948\/revisions\/14022"}],"up":[{"embeddable":true,"href":"https:\/\/www2.unifap.br\/oiapoque\/wp-json\/wp\/v2\/pages\/21"}],"wp:attachment":[{"href":"https:\/\/www2.unifap.br\/oiapoque\/wp-json\/wp\/v2\/media?parent=5948"}],"curies":[{"name":"wp","href":"https:\/\/api.w.org\/{rel}","templated":true}]}}