{"id":7088,"date":"2016-01-26T11:38:07","date_gmt":"2016-01-26T11:38:07","guid":{"rendered":"http:\/\/www2.unifap.br\/oiapoque\/?page_id=7088"},"modified":"2024-12-19T13:56:44","modified_gmt":"2024-12-19T13:56:44","slug":"agenda-laboratorio-informatica","status":"publish","type":"page","link":"https:\/\/www2.unifap.br\/oiapoque\/portal-academico\/agenda-laboratorio-informatica\/","title":{"rendered":"AGENDA &#8211; LABORAT\u00d3RIO DE INFORM\u00c1TICA"},"content":{"rendered":"\t\t<div data-elementor-type=\"wp-page\" data-elementor-id=\"7088\" class=\"elementor elementor-7088\">\n\t\t\t\t\t\t<section class=\"elementor-section elementor-top-section elementor-element elementor-element-f5d7c3a elementor-section-boxed elementor-section-height-default elementor-section-height-default\" data-id=\"f5d7c3a\" data-element_type=\"section\" data-e-type=\"section\">\n\t\t\t\t\t\t<div class=\"elementor-container elementor-column-gap-default\">\n\t\t\t\t\t<div class=\"elementor-column elementor-col-100 elementor-top-column elementor-element elementor-element-212a256c\" data-id=\"212a256c\" data-element_type=\"column\" data-e-type=\"column\">\n\t\t\t<div class=\"elementor-widget-wrap elementor-element-populated\">\n\t\t\t\t\t\t<div class=\"elementor-element elementor-element-16a42373 elementor-widget elementor-widget-text-editor\" data-id=\"16a42373\" data-element_type=\"widget\" data-e-type=\"widget\" data-widget_type=\"text-editor.default\">\n\t\t\t\t<div class=\"elementor-widget-container\">\n\t\t\t\t\t\t\t\t\t<p style=\"text-align: justify\">Para realiza\u00e7\u00e3o o agendamento do Laborat\u00f3rio de Inform\u00e1tica ou V\u00eddeo Confer\u00eancia, \u00e9 necess\u00e1rio preencher o formul\u00e1rio abaixo do calend\u00e1rio com pelo menos <strong>48 horas<\/strong> de anteced\u00eancia para ser analisado e posterior deferimento ou indeferimento, a agenda do laborat\u00f3rio pode ser visualizada logo abaixo no \u00edcone, dessa forma \u00e9 bem \u00fatil fazer a pr\u00e9-visualiza\u00e7\u00e3o na mesma para fazer o seu agendamento.<\/p><p style=\"text-align: justify\">\u00a0<\/p><p style=\"text-align: justify\">\u00a0<\/p>\t\t\t\t\t\t\t\t<\/div>\n\t\t\t\t<\/div>\n\t\t\t\t<div class=\"elementor-element elementor-element-5fdea48 elementor-view-framed elementor-shape-circle elementor-invisible elementor-widget elementor-widget-icon\" data-id=\"5fdea48\" data-element_type=\"widget\" data-e-type=\"widget\" data-settings=\"{&quot;_animation&quot;:&quot;pulse&quot;}\" data-widget_type=\"icon.default\">\n\t\t\t\t<div class=\"elementor-widget-container\">\n\t\t\t\t\t\t\t<div class=\"elementor-icon-wrapper\">\n\t\t\t<a class=\"elementor-icon elementor-animation-pulse\" href=\"https:\/\/calendar.google.com\/calendar\/embed?src=dinfo.oiapoque%40unifap.br&#038;ctz=America%2FBelem\" target=\"_blank\">\n\t\t\t<i aria-hidden=\"true\" class=\"far fa-calendar-alt\"><\/i>\t\t\t<\/a>\n\t\t<\/div>\n\t\t\t\t\t\t<\/div>\n\t\t\t\t<\/div>\n\t\t\t\t<div class=\"elementor-element elementor-element-8749ea6 elementor-widget elementor-widget-text-editor\" data-id=\"8749ea6\" data-element_type=\"widget\" data-e-type=\"widget\" data-widget_type=\"text-editor.default\">\n\t\t\t\t<div class=\"elementor-widget-container\">\n\t\t\t\t\t\t\t\t\t<p><strong>OBS.:\u00a0<\/strong>O laborat\u00f3rio n\u00e3o ser\u00e1 disponibilizado nos feriados nacionais e estaduais.<\/p><h1><strong><a title=\"Clique aqui para fazer o agendamento.\" href=\"https:\/\/docs.google.com\/forms\/d\/e\/1FAIpQLSfd_XO75iYNKL82PbnBQUD-QHtJqqEeOt9iK44XhPmPCHw-aQ\/viewform\" target=\"_blank\" rel=\"noopener\">Clique aqui para fazer o agendamento.<\/a><\/strong><\/h1><p>Para mais informa\u00e7\u00f5es, entre em contato com a\u00a0<strong>DINFO<\/strong>\u00a0pelo e-mail: dinfo.oiapoque@unifap.br<\/p>\t\t\t\t\t\t\t\t<\/div>\n\t\t\t\t<\/div>\n\t\t\t\t\t<\/div>\n\t\t<\/div>\n\t\t\t\t\t<\/div>\n\t\t<\/section>\n\t\t\t\t<section class=\"elementor-section elementor-top-section elementor-element elementor-element-8c144a4 elementor-section-boxed elementor-section-height-default elementor-section-height-default\" data-id=\"8c144a4\" data-element_type=\"section\" data-e-type=\"section\">\n\t\t\t\t\t\t<div class=\"elementor-container elementor-column-gap-default\">\n\t\t\t\t\t<div class=\"elementor-column elementor-col-100 elementor-top-column elementor-element elementor-element-1359aaa\" data-id=\"1359aaa\" data-element_type=\"column\" data-e-type=\"column\">\n\t\t\t<div class=\"elementor-widget-wrap elementor-element-populated\">\n\t\t\t\t\t\t<div class=\"elementor-element elementor-element-07106f9 elementor-widget elementor-widget-html\" data-id=\"07106f9\" data-element_type=\"widget\" data-e-type=\"widget\" data-widget_type=\"html.default\">\n\t\t\t\t<div class=\"elementor-widget-container\">\n\t\t\t\t\t\n\t\t\t\t<\/div>\n\t\t\t\t<\/div>\n\t\t\t\t\t<\/div>\n\t\t<\/div>\n\t\t\t\t\t<\/div>\n\t\t<\/section>\n\t\t\t\t<\/div>\n\t\t","protected":false},"excerpt":{"rendered":"<p>Para realiza\u00e7\u00e3o o agendamento do Laborat\u00f3rio de Inform\u00e1tica ou V\u00eddeo Confer\u00eancia, \u00e9 necess\u00e1rio preencher o formul\u00e1rio abaixo do calend\u00e1rio com pelo menos 48 horas de anteced\u00eancia para ser analisado e posterior deferimento ou indeferimento, a agenda do laborat\u00f3rio pode ser visualizada logo abaixo no \u00edcone, dessa forma \u00e9 bem \u00fatil fazer a pr\u00e9-visualiza\u00e7\u00e3o na mesma&#8230;<\/p>\n","protected":false},"author":527,"featured_media":0,"parent":4203,"menu_order":0,"comment_status":"open","ping_status":"closed","template":"","meta":{"inline_featured_image":false,"ngg_post_thumbnail":0,"ocean_post_layout":"full-width","ocean_both_sidebars_style":"","ocean_both_sidebars_content_width":0,"ocean_both_sidebars_sidebars_width":0,"ocean_sidebar":"0","ocean_second_sidebar":"0","ocean_disable_margins":"enable","ocean_add_body_class":"","ocean_shortcode_before_top_bar":"","ocean_shortcode_after_top_bar":"","ocean_shortcode_before_header":"","ocean_shortcode_after_header":"","ocean_has_shortcode":"","ocean_shortcode_after_title":"","ocean_shortcode_before_footer_widgets":"","ocean_shortcode_after_footer_widgets":"","ocean_shortcode_before_footer_bottom":"","ocean_shortcode_after_footer_bottom":"","ocean_display_top_bar":"default","ocean_display_header":"default","ocean_header_style":"","ocean_center_header_left_menu":"0","ocean_custom_header_template":"0","ocean_custom_logo":0,"ocean_custom_retina_logo":0,"ocean_custom_logo_max_width":0,"ocean_custom_logo_tablet_max_width":0,"ocean_custom_logo_mobile_max_width":0,"ocean_custom_logo_max_height":0,"ocean_custom_logo_tablet_max_height":0,"ocean_custom_logo_mobile_max_height":0,"ocean_header_custom_menu":"0","ocean_menu_typo_font_family":"0","ocean_menu_typo_font_subset":"","ocean_menu_typo_font_size":0,"ocean_menu_typo_font_size_tablet":0,"ocean_menu_typo_font_size_mobile":0,"ocean_menu_typo_font_size_unit":"px","ocean_menu_typo_font_weight":"","ocean_menu_typo_font_weight_tablet":"","ocean_menu_typo_font_weight_mobile":"","ocean_menu_typo_transform":"","ocean_menu_typo_transform_tablet":"","ocean_menu_typo_transform_mobile":"","ocean_menu_typo_line_height":0,"ocean_menu_typo_line_height_tablet":0,"ocean_menu_typo_line_height_mobile":0,"ocean_menu_typo_line_height_unit":"","ocean_menu_typo_spacing":0,"ocean_menu_typo_spacing_tablet":0,"ocean_menu_typo_spacing_mobile":0,"ocean_menu_typo_spacing_unit":"","ocean_menu_link_color":"","ocean_menu_link_color_hover":"","ocean_menu_link_color_active":"","ocean_menu_link_background":"","ocean_menu_link_hover_background":"","ocean_menu_link_active_background":"","ocean_menu_social_links_bg":"","ocean_menu_social_hover_links_bg":"","ocean_menu_social_links_color":"","ocean_menu_social_hover_links_color":"","ocean_disable_title":"default","ocean_disable_heading":"default","ocean_post_title":"","ocean_post_subheading":"","ocean_post_title_style":"","ocean_post_title_background_color":"","ocean_post_title_background":0,"ocean_post_title_bg_image_position":"","ocean_post_title_bg_image_attachment":"","ocean_post_title_bg_image_repeat":"","ocean_post_title_bg_image_size":"","ocean_post_title_height":0,"ocean_post_title_bg_overlay":0.5,"ocean_post_title_bg_overlay_color":"","ocean_disable_breadcrumbs":"default","ocean_breadcrumbs_color":"","ocean_breadcrumbs_separator_color":"","ocean_breadcrumbs_links_color":"","ocean_breadcrumbs_links_hover_color":"","ocean_display_footer_widgets":"default","ocean_display_footer_bottom":"default","ocean_custom_footer_template":"0","footnotes":""},"class_list":["post-7088","page","type-page","status-publish","hentry","entry"],"_links":{"self":[{"href":"https:\/\/www2.unifap.br\/oiapoque\/wp-json\/wp\/v2\/pages\/7088","targetHints":{"allow":["GET"]}}],"collection":[{"href":"https:\/\/www2.unifap.br\/oiapoque\/wp-json\/wp\/v2\/pages"}],"about":[{"href":"https:\/\/www2.unifap.br\/oiapoque\/wp-json\/wp\/v2\/types\/page"}],"author":[{"embeddable":true,"href":"https:\/\/www2.unifap.br\/oiapoque\/wp-json\/wp\/v2\/users\/527"}],"replies":[{"embeddable":true,"href":"https:\/\/www2.unifap.br\/oiapoque\/wp-json\/wp\/v2\/comments?post=7088"}],"version-history":[{"count":193,"href":"https:\/\/www2.unifap.br\/oiapoque\/wp-json\/wp\/v2\/pages\/7088\/revisions"}],"predecessor-version":[{"id":15737,"href":"https:\/\/www2.unifap.br\/oiapoque\/wp-json\/wp\/v2\/pages\/7088\/revisions\/15737"}],"up":[{"embeddable":true,"href":"https:\/\/www2.unifap.br\/oiapoque\/wp-json\/wp\/v2\/pages\/4203"}],"wp:attachment":[{"href":"https:\/\/www2.unifap.br\/oiapoque\/wp-json\/wp\/v2\/media?parent=7088"}],"curies":[{"name":"wp","href":"https:\/\/api.w.org\/{rel}","templated":true}]}}