{"id":7240,"date":"2016-03-04T21:15:00","date_gmt":"2016-03-04T21:15:00","guid":{"rendered":"http:\/\/www2.unifap.br\/oiapoque\/?page_id=7240"},"modified":"2025-02-07T19:38:06","modified_gmt":"2025-02-07T19:38:06","slug":"agenda-gabinete","status":"publish","type":"page","link":"https:\/\/www2.unifap.br\/oiapoque\/portal-academico\/agenda-gabinete\/","title":{"rendered":"AGENDA GABINETES PROFESSORES"},"content":{"rendered":"\t\t<div data-elementor-type=\"wp-page\" data-elementor-id=\"7240\" class=\"elementor elementor-7240\">\n\t\t\t\t\t\t<section class=\"elementor-section elementor-top-section elementor-element elementor-element-3a28d888 elementor-section-boxed elementor-section-height-default elementor-section-height-default\" data-id=\"3a28d888\" data-element_type=\"section\" data-e-type=\"section\">\n\t\t\t\t\t\t<div class=\"elementor-container elementor-column-gap-default\">\n\t\t\t\t\t<div class=\"elementor-column elementor-col-100 elementor-top-column elementor-element elementor-element-131e1bfd\" data-id=\"131e1bfd\" data-element_type=\"column\" data-e-type=\"column\">\n\t\t\t<div class=\"elementor-widget-wrap elementor-element-populated\">\n\t\t\t\t\t\t<div class=\"elementor-element elementor-element-034bb0c elementor-widget elementor-widget-text-editor\" data-id=\"034bb0c\" data-element_type=\"widget\" data-e-type=\"widget\" data-widget_type=\"text-editor.default\">\n\t\t\t\t<div class=\"elementor-widget-container\">\n\t\t\t\t\t\t\t\t\t<p data-sourcepos=\"3:1-3:29\">Prezados(as) Docentes,<\/p><p data-sourcepos=\"5:1-5:73\">A Dire\u00e7\u00e3o informa que <strong>3 gabinetes<\/strong> est\u00e3o dispon\u00edveis para agendamento.<\/p><p data-sourcepos=\"7:1-7:41\">Para agendar, siga o procedimento abaixo:<\/p><ol data-sourcepos=\"9:1-12:0\"><li data-sourcepos=\"9:1-9:107\">Acesse a agenda online: <a href=\"https:\/\/calendar.google.com\/calendar\/embed?src=c_65654e736631165e5e17a7f77d88d07c1752860eb6187e0430c1856cbf1b5728%40group.calendar.google.com&amp;ctz=America%2FBelem\" target=\"_blank\" rel=\"noopener\">AGENDA GABINETES<\/a><\/li><li data-sourcepos=\"10:1-10:42\">Escolha o gabinete e hor\u00e1rio desejados.<\/li><li data-sourcepos=\"11:1-12:0\">Confirme o agendamento.\u00a0<a title=\"AGENDA AUDITORIO\" href=\"https:\/\/forms.gle\/r6VnXeMxpJGp9KXW6\" target=\"_blank\" rel=\"noopener\">AGENDE AQUI<\/a><\/li><\/ol><p data-sourcepos=\"13:1-13:65\">Em caso de d\u00favidas, entre em contato com a secretaria da dire\u00e7\u00e3o.<\/p><p data-sourcepos=\"15:1-15:13\"><strong>A Dire\u00e7\u00e3o<\/strong><\/p>\t\t\t\t\t\t\t\t<\/div>\n\t\t\t\t<\/div>\n\t\t\t\t\t<\/div>\n\t\t<\/div>\n\t\t\t\t\t<\/div>\n\t\t<\/section>\n\t\t\t\t<\/div>\n\t\t","protected":false},"excerpt":{"rendered":"<p>Prezados(as) Docentes, A Dire\u00e7\u00e3o informa que 3 gabinetes est\u00e3o dispon\u00edveis para agendamento. Para agendar, siga o procedimento abaixo: Acesse a agenda online: AGENDA GABINETES Escolha o gabinete e hor\u00e1rio desejados. Confirme o agendamento.\u00a0AGENDE AQUI Em caso de d\u00favidas, entre em contato com a secretaria da dire\u00e7\u00e3o. A Dire\u00e7\u00e3o<\/p>\n","protected":false},"author":527,"featured_media":0,"parent":4203,"menu_order":0,"comment_status":"closed","ping_status":"closed","template":"","meta":{"inline_featured_image":false,"ngg_post_thumbnail":0,"ocean_post_layout":"","ocean_both_sidebars_style":"","ocean_both_sidebars_content_width":0,"ocean_both_sidebars_sidebars_width":0,"ocean_sidebar":"0","ocean_second_sidebar":"0","ocean_disable_margins":"enable","ocean_add_body_class":"","ocean_shortcode_before_top_bar":"","ocean_shortcode_after_top_bar":"","ocean_shortcode_before_header":"","ocean_shortcode_after_header":"","ocean_has_shortcode":"","ocean_shortcode_after_title":"","ocean_shortcode_before_footer_widgets":"","ocean_shortcode_after_footer_widgets":"","ocean_shortcode_before_footer_bottom":"","ocean_shortcode_after_footer_bottom":"","ocean_display_top_bar":"default","ocean_display_header":"default","ocean_header_style":"","ocean_center_header_left_menu":"0","ocean_custom_header_template":"0","ocean_custom_logo":0,"ocean_custom_retina_logo":0,"ocean_custom_logo_max_width":0,"ocean_custom_logo_tablet_max_width":0,"ocean_custom_logo_mobile_max_width":0,"ocean_custom_logo_max_height":0,"ocean_custom_logo_tablet_max_height":0,"ocean_custom_logo_mobile_max_height":0,"ocean_header_custom_menu":"0","ocean_menu_typo_font_family":"0","ocean_menu_typo_font_subset":"","ocean_menu_typo_font_size":0,"ocean_menu_typo_font_size_tablet":0,"ocean_menu_typo_font_size_mobile":0,"ocean_menu_typo_font_size_unit":"px","ocean_menu_typo_font_weight":"","ocean_menu_typo_font_weight_tablet":"","ocean_menu_typo_font_weight_mobile":"","ocean_menu_typo_transform":"","ocean_menu_typo_transform_tablet":"","ocean_menu_typo_transform_mobile":"","ocean_menu_typo_line_height":0,"ocean_menu_typo_line_height_tablet":0,"ocean_menu_typo_line_height_mobile":0,"ocean_menu_typo_line_height_unit":"","ocean_menu_typo_spacing":0,"ocean_menu_typo_spacing_tablet":0,"ocean_menu_typo_spacing_mobile":0,"ocean_menu_typo_spacing_unit":"","ocean_menu_link_color":"","ocean_menu_link_color_hover":"","ocean_menu_link_color_active":"","ocean_menu_link_background":"","ocean_menu_link_hover_background":"","ocean_menu_link_active_background":"","ocean_menu_social_links_bg":"","ocean_menu_social_hover_links_bg":"","ocean_menu_social_links_color":"","ocean_menu_social_hover_links_color":"","ocean_disable_title":"default","ocean_disable_heading":"default","ocean_post_title":"","ocean_post_subheading":"","ocean_post_title_style":"","ocean_post_title_background_color":"","ocean_post_title_background":0,"ocean_post_title_bg_image_position":"","ocean_post_title_bg_image_attachment":"","ocean_post_title_bg_image_repeat":"","ocean_post_title_bg_image_size":"","ocean_post_title_height":0,"ocean_post_title_bg_overlay":0.5,"ocean_post_title_bg_overlay_color":"","ocean_disable_breadcrumbs":"default","ocean_breadcrumbs_color":"","ocean_breadcrumbs_separator_color":"","ocean_breadcrumbs_links_color":"","ocean_breadcrumbs_links_hover_color":"","ocean_display_footer_widgets":"default","ocean_display_footer_bottom":"default","ocean_custom_footer_template":"0","footnotes":""},"class_list":["post-7240","page","type-page","status-publish","hentry","entry"],"_links":{"self":[{"href":"https:\/\/www2.unifap.br\/oiapoque\/wp-json\/wp\/v2\/pages\/7240","targetHints":{"allow":["GET"]}}],"collection":[{"href":"https:\/\/www2.unifap.br\/oiapoque\/wp-json\/wp\/v2\/pages"}],"about":[{"href":"https:\/\/www2.unifap.br\/oiapoque\/wp-json\/wp\/v2\/types\/page"}],"author":[{"embeddable":true,"href":"https:\/\/www2.unifap.br\/oiapoque\/wp-json\/wp\/v2\/users\/527"}],"replies":[{"embeddable":true,"href":"https:\/\/www2.unifap.br\/oiapoque\/wp-json\/wp\/v2\/comments?post=7240"}],"version-history":[{"count":33,"href":"https:\/\/www2.unifap.br\/oiapoque\/wp-json\/wp\/v2\/pages\/7240\/revisions"}],"predecessor-version":[{"id":15769,"href":"https:\/\/www2.unifap.br\/oiapoque\/wp-json\/wp\/v2\/pages\/7240\/revisions\/15769"}],"up":[{"embeddable":true,"href":"https:\/\/www2.unifap.br\/oiapoque\/wp-json\/wp\/v2\/pages\/4203"}],"wp:attachment":[{"href":"https:\/\/www2.unifap.br\/oiapoque\/wp-json\/wp\/v2\/media?parent=7240"}],"curies":[{"name":"wp","href":"https:\/\/api.w.org\/{rel}","templated":true}]}}