{"id":9628,"date":"2018-02-26T15:10:10","date_gmt":"2018-02-26T15:10:10","guid":{"rendered":"http:\/\/www2.unifap.br\/oiapoque\/?page_id=9628"},"modified":"2021-04-19T15:04:00","modified_gmt":"2021-04-19T15:04:00","slug":"conselho-do-campus-de-oiapoque","status":"publish","type":"page","link":"https:\/\/www2.unifap.br\/oiapoque\/conselho-do-campus-de-oiapoque\/","title":{"rendered":"CONSELHO DO CAMPUS BINACIONAL"},"content":{"rendered":"<p><strong>CONSELHO DO CAMPUS:<\/strong><\/p>\n<p style=\"text-align: justify\">O Conselho do Campus Binacional afigura-se num instrumento de participa\u00e7\u00e3o democr\u00e1tica da comunidade acad\u00eamica no que concerne a gest\u00e3o nos \u00e2mbitos administrativos e pedag\u00f3gicos. A seguir s\u00e3o descritas as atribui\u00e7\u00f5es do conselho: Supervisionar a pol\u00edtica universit\u00e1ria no \u00e2mbito do Campus Binacional; Coordenar o trabalho do pessoal docente, visando a unidade, efici\u00eancia, efic\u00e1cia, efetividade e relev\u00e2ncia do ensino, da pesquisa, da extens\u00e3o e dos assuntos comunit\u00e1rios; Encaminhar \u00e0 reitoria da universidade, o plano de atividades elaborado para servir de base ao or\u00e7amento do exerc\u00edcio seguinte, indicando o cronograma financeiro de aplica\u00e7\u00e3o dos recursos previstos; Aprovar relat\u00f3rio apresentado pelo Diretor do Campus sobre as principais ocorr\u00eancias do plano anterior e do plano de atividades para o novo ano letivo e encaminh\u00e1-lo para aprecia\u00e7\u00e3o dos colegiados; Encaminhar a lista tr\u00edplice ap\u00f3s processo de consulta pr\u00e9via do Diretor (a) de Campus eleito pela comunidade universit\u00e1ria, para nomea\u00e7\u00e3o pelo(a) Reitor(a); Solicitar, fundamentadamente ao conselho universit\u00e1rio, por vota\u00e7\u00e3o de 2\/3 (dois ter\u00e7os) dos respectivos membros, a destitui\u00e7\u00e3o do Diretor de Campus, Coordenador de Curso e demais cargos comissionados, antes de findos os seus mandatos; Elaborar e modificar o Regimento do Campus para aprova\u00e7\u00e3o final pelo Conselho Universit\u00e1rio, ap\u00f3s discuss\u00e3o da mat\u00e9ria pelos colegiados; \u00a0Zelar pelo cumprimento das normas relativas ao recrutamento, sele\u00e7\u00e3o e aproveitamento dos monitores de ensino e t\u00e9cnicos administrativos; Solicitar a cria\u00e7\u00e3o de vagas para novos servidores t\u00e9cnicos-administrativos, para aprova\u00e7\u00e3o do Conselho Universit\u00e1rio; Propor ao \u00f3rg\u00e3o competente, ouvindo os colegiados dos cursos, a realiza\u00e7\u00e3o de parcerias interinstitucionais e cria\u00e7\u00e3o de cursos de p\u00f3s-gradua\u00e7\u00e3o (Lato e Stricto Sensu) observando as normativas vigentes da UNIFAP Instituir comiss\u00f5es espec\u00edficas que emitir\u00e1 pareceres em assuntos de ensino, pesquisa, extens\u00e3o e administra\u00e7\u00e3o concernentes ao Campus Binacional; Mediar conflitos relacionados \u00e0s atividades da Unidade Universit\u00e1ria; Exercer todas as atribui\u00e7\u00f5es que lhe sejam conferidas pelo regimento.<\/p>\n","protected":false},"excerpt":{"rendered":"<p>CONSELHO DO CAMPUS: O Conselho do Campus Binacional afigura-se num instrumento de participa\u00e7\u00e3o democr\u00e1tica da comunidade acad\u00eamica no que concerne a gest\u00e3o nos \u00e2mbitos administrativos e pedag\u00f3gicos. A seguir s\u00e3o descritas as atribui\u00e7\u00f5es do conselho: Supervisionar a pol\u00edtica universit\u00e1ria no \u00e2mbito do Campus Binacional; Coordenar o trabalho do pessoal docente, visando a unidade, efici\u00eancia, efic\u00e1cia,&#8230;<\/p>\n","protected":false},"author":715,"featured_media":0,"parent":0,"menu_order":1,"comment_status":"closed","ping_status":"closed","template":"","meta":{"inline_featured_image":false,"ngg_post_thumbnail":0,"ocean_post_layout":"","ocean_both_sidebars_style":"","ocean_both_sidebars_content_width":0,"ocean_both_sidebars_sidebars_width":0,"ocean_sidebar":"","ocean_second_sidebar":"","ocean_disable_margins":"enable","ocean_add_body_class":"","ocean_shortcode_before_top_bar":"","ocean_shortcode_after_top_bar":"","ocean_shortcode_before_header":"","ocean_shortcode_after_header":"","ocean_has_shortcode":"","ocean_shortcode_after_title":"","ocean_shortcode_before_footer_widgets":"","ocean_shortcode_after_footer_widgets":"","ocean_shortcode_before_footer_bottom":"","ocean_shortcode_after_footer_bottom":"","ocean_display_top_bar":"default","ocean_display_header":"default","ocean_header_style":"","ocean_center_header_left_menu":"","ocean_custom_header_template":"","ocean_custom_logo":0,"ocean_custom_retina_logo":0,"ocean_custom_logo_max_width":0,"ocean_custom_logo_tablet_max_width":0,"ocean_custom_logo_mobile_max_width":0,"ocean_custom_logo_max_height":0,"ocean_custom_logo_tablet_max_height":0,"ocean_custom_logo_mobile_max_height":0,"ocean_header_custom_menu":"","ocean_menu_typo_font_family":"","ocean_menu_typo_font_subset":"","ocean_menu_typo_font_size":0,"ocean_menu_typo_font_size_tablet":0,"ocean_menu_typo_font_size_mobile":0,"ocean_menu_typo_font_size_unit":"px","ocean_menu_typo_font_weight":"","ocean_menu_typo_font_weight_tablet":"","ocean_menu_typo_font_weight_mobile":"","ocean_menu_typo_transform":"","ocean_menu_typo_transform_tablet":"","ocean_menu_typo_transform_mobile":"","ocean_menu_typo_line_height":0,"ocean_menu_typo_line_height_tablet":0,"ocean_menu_typo_line_height_mobile":0,"ocean_menu_typo_line_height_unit":"","ocean_menu_typo_spacing":0,"ocean_menu_typo_spacing_tablet":0,"ocean_menu_typo_spacing_mobile":0,"ocean_menu_typo_spacing_unit":"","ocean_menu_link_color":"","ocean_menu_link_color_hover":"","ocean_menu_link_color_active":"","ocean_menu_link_background":"","ocean_menu_link_hover_background":"","ocean_menu_link_active_background":"","ocean_menu_social_links_bg":"","ocean_menu_social_hover_links_bg":"","ocean_menu_social_links_color":"","ocean_menu_social_hover_links_color":"","ocean_disable_title":"default","ocean_disable_heading":"default","ocean_post_title":"","ocean_post_subheading":"","ocean_post_title_style":"","ocean_post_title_background_color":"","ocean_post_title_background":0,"ocean_post_title_bg_image_position":"","ocean_post_title_bg_image_attachment":"","ocean_post_title_bg_image_repeat":"","ocean_post_title_bg_image_size":"","ocean_post_title_height":0,"ocean_post_title_bg_overlay":0.5,"ocean_post_title_bg_overlay_color":"","ocean_disable_breadcrumbs":"default","ocean_breadcrumbs_color":"","ocean_breadcrumbs_separator_color":"","ocean_breadcrumbs_links_color":"","ocean_breadcrumbs_links_hover_color":"","ocean_display_footer_widgets":"default","ocean_display_footer_bottom":"default","ocean_custom_footer_template":"","footnotes":""},"class_list":["post-9628","page","type-page","status-publish","hentry","entry"],"_links":{"self":[{"href":"https:\/\/www2.unifap.br\/oiapoque\/wp-json\/wp\/v2\/pages\/9628","targetHints":{"allow":["GET"]}}],"collection":[{"href":"https:\/\/www2.unifap.br\/oiapoque\/wp-json\/wp\/v2\/pages"}],"about":[{"href":"https:\/\/www2.unifap.br\/oiapoque\/wp-json\/wp\/v2\/types\/page"}],"author":[{"embeddable":true,"href":"https:\/\/www2.unifap.br\/oiapoque\/wp-json\/wp\/v2\/users\/715"}],"replies":[{"embeddable":true,"href":"https:\/\/www2.unifap.br\/oiapoque\/wp-json\/wp\/v2\/comments?post=9628"}],"version-history":[{"count":5,"href":"https:\/\/www2.unifap.br\/oiapoque\/wp-json\/wp\/v2\/pages\/9628\/revisions"}],"predecessor-version":[{"id":12628,"href":"https:\/\/www2.unifap.br\/oiapoque\/wp-json\/wp\/v2\/pages\/9628\/revisions\/12628"}],"wp:attachment":[{"href":"https:\/\/www2.unifap.br\/oiapoque\/wp-json\/wp\/v2\/media?parent=9628"}],"curies":[{"name":"wp","href":"https:\/\/api.w.org\/{rel}","templated":true}]}}