{"id":9910,"date":"2018-04-27T14:19:02","date_gmt":"2018-04-27T14:19:02","guid":{"rendered":"http:\/\/www2.unifap.br\/oiapoque\/?page_id=9910"},"modified":"2023-02-11T14:12:30","modified_gmt":"2023-02-11T14:12:30","slug":"contratos-do-campus-binacional","status":"publish","type":"page","link":"https:\/\/www2.unifap.br\/oiapoque\/portal-da-transparencia\/contratos-do-campus-binacional\/","title":{"rendered":"CONTRATOS DO CAMPUS BINACIONAL"},"content":{"rendered":"<p>Atualmente o Campus Binacional possui em os seguintes contratos em vig\u00eancia,<\/p>\n<p>I)&nbsp; Limpeza<\/p>\n<p><a href=\"http:\/\/www2.unifap.br\/oiapoque\/files\/2021\/03\/CONTRATO_N_03-2021-EMPRESSA-VALLE.pdf\">CONTRATO_N_03-2021 EMPRESA VALLE<\/a><\/p>\n<p>II) Constru\u00e7\u00e3o do Bloco B e Urbaniza\u00e7\u00e3o do Campus Binacional<\/p>\n<p><a href=\"http:\/\/www2.unifap.br\/oiapoque\/files\/2021\/03\/CONTRATO_N_13-2020-EMPRESA-E.F.-ACRIS.pdf\">CONTRATO_N_13-2020 EMPRESA E.F. ACRIS<\/a><\/p>\n<p>III) Apoio Administrativo nos Campi<\/p>\n<p><a href=\"http:\/\/www2.unifap.br\/oiapoque\/files\/2021\/03\/CONTRATO-N\u00b0-005-2016-EPIFANIO-E-MONTEIRO-MOTORISTA.pdf\">CONTRATO-N\u00b0-005-2016-EPIFANIO-E-MONTEIRO-MOTORISTA<\/a><\/p>\n<p><a href=\"http:\/\/www2.unifap.br\/oiapoque\/files\/2021\/03\/MINUTA_DO_8_TERMO_ADITIVO_prazo-EPIFANIO-E-MONTEIRO-MOTORISTA.pdf\">MINUTA_DO_8_TERMO_ADITIVO_prazo EPIFANIO-E-MONTEIRO-MOTORISTA<\/a><\/p>\n<p>IV) Loca\u00e7\u00e3o de Im\u00f3veis<\/p>\n<p><a href=\"http:\/\/www2.unifap.br\/oiapoque\/files\/2021\/03\/contrato-anexo-adm-IMOVEL.pdf\">contrato-anexo adm IMOVEL<\/a><\/p>\n<p>V) Vigil\u00e2ncia<\/p>\n<p><a href=\"http:\/\/www2.unifap.br\/oiapoque\/files\/2021\/03\/CONTRATO_N_32-2020_-_OIAPOQUE-PATENTE-SEGURAN\u00c7A.pdf\">CONTRATO_N_32-2020_-_OIAPOQUE PATENTE SEGURAN\u00c7A<\/a><\/p>\n<p>VI) Manuten\u00e7\u00e3o El\u00e9trica nos Campi<\/p>\n<p><a href=\"http:\/\/www2.unifap.br\/oiapoque\/files\/2021\/03\/CONTRATO_N_38-2020-EFA-CONSTRU\u00c7\u00d5ES.pdf\">CONTRATO_N_38-2020 EFA CONSTRU\u00c7\u00d5ES&nbsp;<\/a><\/p>\n<p>VII) Presta\u00e7\u00e3o de Servi\u00e7o e Manuten\u00e7\u00e3o de Ve\u00edculos do Campus<\/p>\n<p><a href=\"http:\/\/www2.unifap.br\/oiapoque\/files\/2021\/04\/CONTRATO-N\u00b0-008-2017-MATUTEN\u00c7\u00c3O-VEICULAR.pdf\">CONTRATO-N\u00b0-008-2017-MATUTEN\u00c7\u00c3O-VEICULAR<\/a><\/p>\n<table cellspacing=\"0\" cellpadding=\"0\" border=\"0\">\n<tbody>\n<tr>\n<td colspan=\"5\" width=\"937\" valign=\"top\">\n<p align=\"center\"><b>VALORES EM R$ DOS CONTRATOS ADMINISTRATIVOS VIGENTES NO CAMPUS BINACIONAL DE OIAPOQUE<\/b><\/p>\n<\/td>\n<td width=\"162\" valign=\"top\">\n<p align=\"center\"><b>&nbsp;<\/b><\/p>\n<\/td>\n<\/tr>\n<tr>\n<td width=\"36\" valign=\"top\">\n<p align=\"center\"><b>&nbsp;<\/b><\/p>\n<\/td>\n<td width=\"217\" valign=\"top\">\n<p align=\"center\"><b>&nbsp;<\/b><\/p>\n<\/td>\n<td width=\"223\" valign=\"top\">\n<p align=\"center\"><b>&nbsp;<\/b><\/p>\n<\/td>\n<td width=\"176\" valign=\"top\">\n<p align=\"center\"><b>&nbsp;<\/b><\/p>\n<\/td>\n<td width=\"284\" valign=\"top\">\n<p align=\"center\"><b>&nbsp;<\/b><\/p>\n<\/td>\n<td width=\"162\" valign=\"top\">\n<p align=\"center\"><b>&nbsp;<\/b><\/p>\n<\/td>\n<\/tr>\n<tr>\n<td width=\"36\" valign=\"top\">\n<p align=\"center\"><b>Item<\/b><\/p>\n<\/td>\n<td width=\"217\" valign=\"top\">\n<p align=\"center\"><b>N\u00ba CONTRATO<\/b><\/p>\n<\/td>\n<td width=\"223\" valign=\"top\">\n<p align=\"center\"><b>OBJETO<\/b><\/p>\n<\/td>\n<td width=\"176\" valign=\"top\">\n<p align=\"center\"><b>VALOR MENSAL R$ <\/b><\/p>\n<\/td>\n<td width=\"284\" valign=\"top\">\n<p align=\"center\"><b>EMPRESA<\/b><\/p>\n<\/td>\n<td width=\"162\" valign=\"top\">\n<p align=\"center\"><b>OBSERVA\u00c7\u00c3O<\/b><\/p>\n<\/td>\n<\/tr>\n<tr>\n<td width=\"36\" valign=\"top\">\n<p align=\"center\">1<\/p>\n<\/td>\n<td width=\"217\" valign=\"top\">\n<p align=\"center\"><strong>003\/2021<\/strong><\/p>\n<\/td>\n<td width=\"223\" valign=\"top\">\n<p align=\"center\"><strong>Presta\u00e7\u00e3o de servi\u00e7os terceirizados de limpeza e conserva\u00e7\u00e3o predial &#8211; Campus Oiapoque<\/strong><\/p>\n<\/td>\n<td width=\"176\" valign=\"top\">\n<p align=\"center\"><b>R$ 16.163,87<\/b><\/p>\n<\/td>\n<td width=\"284\" valign=\"top\">\n<p align=\"center\"><strong>Valle Servi\u00e7os<\/strong><\/p>\n<p align=\"center\"><strong>EIRELI &#8211; ME<\/strong><\/p>\n<\/td>\n<td width=\"162\" valign=\"top\">\n<p align=\"center\"><strong>Contrato Vigente<\/strong><\/p>\n<\/td>\n<\/tr>\n<tr>\n<td width=\"36\" valign=\"top\">\n<p align=\"center\">2<\/p>\n<\/td>\n<td width=\"217\" valign=\"top\">\n<p align=\"center\"><strong>13\/2020<\/strong><\/p>\n<\/td>\n<td width=\"223\" valign=\"top\">\n<p align=\"center\"><strong>Empresa especializada para execu\u00e7\u00e3o da obra de Constru\u00e7\u00e3o do Bloco B e Urbaniza\u00e7\u00e3o do entorno, no Campus Binacional<\/strong><\/p>\n<\/td>\n<td width=\"176\" valign=\"top\">\n<p align=\"center\"><strong>VALOR TOTAL DA CONTRATA\u00c7\u00c3O<\/strong><\/p>\n<p align=\"center\"><b>R$ 1.017.827,70<\/b><\/p>\n<\/td>\n<td width=\"284\" valign=\"top\">\n<p align=\"center\"><strong>E.F.ACRIS EIRELI<\/strong><\/p>\n<\/td>\n<td width=\"162\" valign=\"top\">\n<p align=\"center\"><strong>Contrato Vigente<\/strong><\/p>\n<\/td>\n<\/tr>\n<tr>\n<td width=\"36\" valign=\"top\">\n<p align=\"center\">3<\/p>\n<\/td>\n<td style=\"text-align: center\" width=\"217\" valign=\"top\"><strong>CONTRATO: 005\/2016<\/strong><\/td>\n<td style=\"text-align: center\" width=\"223\" valign=\"top\"><strong>Presta\u00e7\u00e3o de Servi\u00e7o de apoio administrativo nas depend\u00eancias da reitoria da Universidade Federal do Amap\u00e1 e seus Campi<\/strong><\/td>\n<td style=\"text-align: center\" width=\"176\" valign=\"top\"><strong>R$ 27.000,00<\/strong><\/td>\n<td style=\"text-align: center\" width=\"284\" valign=\"top\"><strong>EPIF\u00c2NIO&nbsp; &amp; MONTEIRO CIA LTDA<\/strong><\/td>\n<td width=\"162\" valign=\"top\">\n<p align=\"center\"><strong>Ressalto que este valor mensal envolve o Campus Marco Zero, Mazag\u00e3o e Oiapoque, visto que \u00e9 um \u00fanico contrato com gest\u00e3o no Campus Marco Zero\/Macap\u00e1.<\/strong><\/p>\n<\/td>\n<\/tr>\n<tr>\n<td width=\"36\" valign=\"top\">\n<p align=\"center\">4<\/p>\n<\/td>\n<td width=\"217\" valign=\"top\">\n<p align=\"center\"><strong>Contrato: 034\/2020<\/strong><\/p>\n<\/td>\n<td width=\"223\" valign=\"top\">\n<p align=\"center\"><strong>Aluguel mensal de im\u00f3vel de propriedade do LOCADOR, situado na Rua Roque Penafort, n\u00ba 131, Bairro Universidade<\/strong><\/p>\n<\/td>\n<td width=\"176\" valign=\"top\">\n<p align=\"center\"><b>R$ 3.400,00<\/b><\/p>\n<\/td>\n<td width=\"284\" valign=\"top\">\n<p align=\"center\"><strong>Locador: Sr. D\u00e1rcio de Oliveira Neves (Casa Administrativa)<\/strong><\/p>\n<\/td>\n<td width=\"162\" valign=\"top\">\n<p align=\"center\"><strong>Contrato Vigente<\/strong><\/p>\n<\/td>\n<\/tr>\n<tr>\n<td width=\"36\" valign=\"top\">\n<p align=\"center\">5<\/p>\n<\/td>\n<td width=\"217\" valign=\"top\">\n<p align=\"center\"><strong>32\/2020<\/strong><\/p>\n<\/td>\n<td colspan=\"2\" width=\"400\" valign=\"top\">\n<p align=\"center\"><strong>Contrata\u00e7\u00e3o de&nbsp; servi\u00e7os de vigil\u00e2ncia armada<\/strong><\/p>\n<p align=\"center\"><strong>VALOR<\/strong><\/p>\n<p align=\"center\"><strong>R$ 39.694,25<\/strong><\/p>\n<\/td>\n<td width=\"284\" valign=\"top\">\n<p align=\"center\"><strong>Patente Empresa de Seguran\u00e7a EIRELI<\/strong><\/p>\n<\/td>\n<td width=\"162\" valign=\"top\">\n<p align=\"center\"><strong>Contrato Vigente<\/strong><\/p>\n<\/td>\n<\/tr>\n<tr>\n<td width=\"36\" valign=\"top\">\n<p align=\"center\">6<\/p>\n<\/td>\n<td width=\"217\" valign=\"top\">\n<p align=\"center\"><strong>Contrato n\u00ba 038\/2020<\/strong><\/p>\n<\/td>\n<td width=\"223\" valign=\"top\">\n<p align=\"center\"><strong>Presta\u00e7\u00e3o de servi\u00e7os de Manuten\u00e7\u00e3o El\u00e9trica nas depend\u00eancias da Universidade Federal do Amap\u00e1 e seus Campi.<\/strong><\/p>\n<\/td>\n<td width=\"176\" valign=\"top\">\n<p align=\"center\"><strong>VALOR TOTAL DA CONTRATA\u00c7\u00c3O<\/strong><\/p>\n<p align=\"center\"><b>R$ <\/b><\/p>\n<p align=\"center\"><b>1.048.000,00<br \/>\n<\/b><\/p>\n<\/td>\n<td width=\"284\" valign=\"top\">\n<p align=\"center\"><strong>EFA Constru\u00e7\u00f5es EIRELI<\/strong><\/p>\n<\/td>\n<td width=\"162\" valign=\"top\">\n<p align=\"center\"><strong>Ressalto que este valor mensal envolve o Campus Amap\u00e1, Cal\u00e7oene, Laranjal do Jari, Marco Zero, Mazag\u00e3o, Oiapoque e Tartarugalzinho, visto que \u00e9 um \u00fanico contrato com gest\u00e3o no Campus Marco Zero\/Macap\u00e1.<\/strong><\/p>\n<\/td>\n<\/tr>\n<tr>\n<td style=\"text-align: center\" width=\"36\" valign=\"top\"><strong>7<\/strong><\/td>\n<td width=\"217\" valign=\"top\">\n<p align=\"center\"><b>Contrato n\u00ba 008\/2017<br \/>\n<\/b><\/p>\n<\/td>\n<td width=\"223\" valign=\"top\">\n<p align=\"center\"><b>Presta\u00e7\u00e3o de servi\u00e7o, especificamente da Frota de Ve\u00edculos do Campus Binacional<br \/>\n<\/b><\/p>\n<\/td>\n<td width=\"176\" valign=\"top\">\n<p align=\"center\"><b><strong>VALOR TOTAL DA CONTRATA\u00c7\u00c3O<\/strong><br \/>\n<\/b><\/p>\n<p align=\"center\"><strong>R$ 635.500,00<\/strong><\/p>\n<\/td>\n<td style=\"text-align: center\" width=\"284\" valign=\"top\"><strong>BRASILCARD ADMINISTRADORA DE CART\u00d5ES LTDA<\/strong><\/td>\n<td style=\"text-align: center\" width=\"162\" valign=\"top\"><strong>Contrato Vigente<\/strong><\/td>\n<\/tr>\n<\/tbody>\n<\/table>\n<p>Para mais informa\u00e7\u00f5es e acesso integral aos contratos acesse o link: http:\/\/www2.unifap.br\/dicont\/contratos\/<\/p>\n<p>&nbsp;<\/p>\n<h2>SERVI\u00c7O DE LIMPEZA<\/h2>\n<h3 style=\"text-align: justify\"><strong>CONTRATO N\u00b0 09\/2022 TERMO DE CONTRATO DE PRESTA\u00c7\u00c3O DE SERVI\u00c7OS QUE FAZEM ENTRE SI A UNI\u00c3O, POR INTERM\u00c9DIO DA FUNDA\u00c7\u00c3O UNIVERSIDADE FEDERAL DO AMAP\u00c1 \u2014 UNIFAP E A EMPRESA BIOCLEAN SERVICOS E CONSTRUCAO EIRELI<\/strong><\/h3>\n<p><img fetchpriority=\"high\" decoding=\"async\" class=\"size-full wp-image-14004 aligncenter\" src=\"http:\/\/www2.unifap.br\/oiapoque\/files\/2023\/01\/01-1.jpg\" alt=\"\" width=\"1086\" height=\"540\"><\/p>\n<p><a href=\"http:\/\/www2.unifap.br\/oiapoque\/files\/2023\/01\/2022-05-02-1.pdf\">Empresa BIOCLEAN SERVICOS E CONSTRUCAO EIRELI &#8211; Processo n2 23125.000460\/2021-35 &#8211; 2022-05-02<\/a><\/p>\n<h3>&nbsp;<\/h3>\n<h2>SERVI\u00c7O DE TRANSPORTE<\/h2>\n<h3>CONTRATO N2 29\/2022-UNIFAP &#8211; TERMO DE CONTRATO DE PRESTA\u00c7\u00c3O DE SERVI\u00c7OS, QUE FAZEM ENTRE SI A FUNDA\u00c7\u00c3O UNIVERSIDADE FEDERAL DO AMAP\u00c1 E A EMPRESA F DE AS GONCALVES EIRELI<\/h3>\n<p><img decoding=\"async\" class=\"size-full wp-image-14007 aligncenter\" src=\"http:\/\/www2.unifap.br\/oiapoque\/files\/2023\/01\/02.jpg\" alt=\"\" width=\"1180\" height=\"408\"><\/p>\n<p><a href=\"http:\/\/www2.unifap.br\/oiapoque\/files\/2023\/01\/2022-09-16-1.pdf\">EMPRESA F DE AS GONCALVES EIRELI &#8211; Processo n\u00b0 23125.028944\/2021-80 &#8211; 2022-09-16<\/a><\/p>\n<p>&nbsp;<\/p>\n<h2>SERVI\u00c7O DE VIGIL\u00c2NCIA<\/h2>\n<h3 style=\"text-align: justify\">CONTRATO N\u00b0 32\/2020 &#8211; TERMO DE CONTRATO DE PRESTA\u00c7\u00c3O DE SERVI\u00c7OS DE VIGIL\u00c2NCIA, QUE FAZEM ENTRE SI A FUNDA\u00c7\u00c3O UNIVERSIDADE FEDERAL DO AMAP\u00c1 E A EMPRESA PATENTE EMPRESA DE SEGURAN\u00c7A EIRELI.<\/h3>\n<p><img decoding=\"async\" class=\"size-full wp-image-14009 aligncenter\" src=\"http:\/\/www2.unifap.br\/oiapoque\/files\/2023\/01\/03-1.jpg\" alt=\"\" width=\"1258\" height=\"248\"><\/p>\n<p><a href=\"http:\/\/www2.unifap.br\/oiapoque\/files\/2023\/01\/2020-10-20-1.pdf\">Empresa PATENTE EMPRESA DE SEGURAN\u00c7A EIRELI &#8211; Processo n2 23125.003838\/2020-12 &#8211; 2020-10-20&nbsp;<\/a><\/p>\n<p>&nbsp;<\/p>\n<p>&nbsp;<\/p>\n<p>&nbsp;<\/p>\n","protected":false},"excerpt":{"rendered":"<p>Atualmente o Campus Binacional possui em os seguintes contratos em vig\u00eancia, I)&nbsp; Limpeza CONTRATO_N_03-2021 EMPRESA VALLE II) Constru\u00e7\u00e3o do Bloco B e Urbaniza\u00e7\u00e3o do Campus Binacional CONTRATO_N_13-2020 EMPRESA E.F. ACRIS III) Apoio Administrativo nos Campi CONTRATO-N\u00b0-005-2016-EPIFANIO-E-MONTEIRO-MOTORISTA MINUTA_DO_8_TERMO_ADITIVO_prazo EPIFANIO-E-MONTEIRO-MOTORISTA IV) Loca\u00e7\u00e3o de Im\u00f3veis contrato-anexo adm IMOVEL V) Vigil\u00e2ncia CONTRATO_N_32-2020_-_OIAPOQUE PATENTE SEGURAN\u00c7A VI) Manuten\u00e7\u00e3o El\u00e9trica nos Campi&#8230;<\/p>\n","protected":false},"author":715,"featured_media":0,"parent":9885,"menu_order":1,"comment_status":"closed","ping_status":"closed","template":"","meta":{"inline_featured_image":false,"ngg_post_thumbnail":0,"ocean_post_layout":"","ocean_both_sidebars_style":"","ocean_both_sidebars_content_width":0,"ocean_both_sidebars_sidebars_width":0,"ocean_sidebar":"0","ocean_second_sidebar":"0","ocean_disable_margins":"enable","ocean_add_body_class":"","ocean_shortcode_before_top_bar":"","ocean_shortcode_after_top_bar":"","ocean_shortcode_before_header":"","ocean_shortcode_after_header":"","ocean_has_shortcode":"","ocean_shortcode_after_title":"","ocean_shortcode_before_footer_widgets":"","ocean_shortcode_after_footer_widgets":"","ocean_shortcode_before_footer_bottom":"","ocean_shortcode_after_footer_bottom":"","ocean_display_top_bar":"default","ocean_display_header":"default","ocean_header_style":"","ocean_center_header_left_menu":"0","ocean_custom_header_template":"0","ocean_custom_logo":0,"ocean_custom_retina_logo":0,"ocean_custom_logo_max_width":0,"ocean_custom_logo_tablet_max_width":0,"ocean_custom_logo_mobile_max_width":0,"ocean_custom_logo_max_height":0,"ocean_custom_logo_tablet_max_height":0,"ocean_custom_logo_mobile_max_height":0,"ocean_header_custom_menu":"0","ocean_menu_typo_font_family":"0","ocean_menu_typo_font_subset":"","ocean_menu_typo_font_size":0,"ocean_menu_typo_font_size_tablet":0,"ocean_menu_typo_font_size_mobile":0,"ocean_menu_typo_font_size_unit":"px","ocean_menu_typo_font_weight":"","ocean_menu_typo_font_weight_tablet":"","ocean_menu_typo_font_weight_mobile":"","ocean_menu_typo_transform":"","ocean_menu_typo_transform_tablet":"","ocean_menu_typo_transform_mobile":"","ocean_menu_typo_line_height":0,"ocean_menu_typo_line_height_tablet":0,"ocean_menu_typo_line_height_mobile":0,"ocean_menu_typo_line_height_unit":"","ocean_menu_typo_spacing":0,"ocean_menu_typo_spacing_tablet":0,"ocean_menu_typo_spacing_mobile":0,"ocean_menu_typo_spacing_unit":"","ocean_menu_link_color":"","ocean_menu_link_color_hover":"","ocean_menu_link_color_active":"","ocean_menu_link_background":"","ocean_menu_link_hover_background":"","ocean_menu_link_active_background":"","ocean_menu_social_links_bg":"","ocean_menu_social_hover_links_bg":"","ocean_menu_social_links_color":"","ocean_menu_social_hover_links_color":"","ocean_disable_title":"default","ocean_disable_heading":"default","ocean_post_title":"","ocean_post_subheading":"","ocean_post_title_style":"","ocean_post_title_background_color":"","ocean_post_title_background":0,"ocean_post_title_bg_image_position":"","ocean_post_title_bg_image_attachment":"","ocean_post_title_bg_image_repeat":"","ocean_post_title_bg_image_size":"","ocean_post_title_height":0,"ocean_post_title_bg_overlay":0.5,"ocean_post_title_bg_overlay_color":"","ocean_disable_breadcrumbs":"default","ocean_breadcrumbs_color":"","ocean_breadcrumbs_separator_color":"","ocean_breadcrumbs_links_color":"","ocean_breadcrumbs_links_hover_color":"","ocean_display_footer_widgets":"default","ocean_display_footer_bottom":"default","ocean_custom_footer_template":"0","footnotes":""},"class_list":["post-9910","page","type-page","status-publish","hentry","entry"],"_links":{"self":[{"href":"https:\/\/www2.unifap.br\/oiapoque\/wp-json\/wp\/v2\/pages\/9910","targetHints":{"allow":["GET"]}}],"collection":[{"href":"https:\/\/www2.unifap.br\/oiapoque\/wp-json\/wp\/v2\/pages"}],"about":[{"href":"https:\/\/www2.unifap.br\/oiapoque\/wp-json\/wp\/v2\/types\/page"}],"author":[{"embeddable":true,"href":"https:\/\/www2.unifap.br\/oiapoque\/wp-json\/wp\/v2\/users\/715"}],"replies":[{"embeddable":true,"href":"https:\/\/www2.unifap.br\/oiapoque\/wp-json\/wp\/v2\/comments?post=9910"}],"version-history":[{"count":21,"href":"https:\/\/www2.unifap.br\/oiapoque\/wp-json\/wp\/v2\/pages\/9910\/revisions"}],"predecessor-version":[{"id":14310,"href":"https:\/\/www2.unifap.br\/oiapoque\/wp-json\/wp\/v2\/pages\/9910\/revisions\/14310"}],"up":[{"embeddable":true,"href":"https:\/\/www2.unifap.br\/oiapoque\/wp-json\/wp\/v2\/pages\/9885"}],"wp:attachment":[{"href":"https:\/\/www2.unifap.br\/oiapoque\/wp-json\/wp\/v2\/media?parent=9910"}],"curies":[{"name":"wp","href":"https:\/\/api.w.org\/{rel}","templated":true}]}}