{"id":1233,"date":"2024-11-01T19:08:19","date_gmt":"2024-11-01T19:08:19","guid":{"rendered":"https:\/\/www2.unifap.br\/ouvidoria\/?page_id=1233"},"modified":"2024-11-01T19:46:05","modified_gmt":"2024-11-01T19:46:05","slug":"2021-2","status":"publish","type":"page","link":"https:\/\/www2.unifap.br\/ouvidoria\/2021-2\/","title":{"rendered":"Relat\u00f3rios 2021"},"content":{"rendered":"\t\t<div data-elementor-type=\"wp-page\" data-elementor-id=\"1233\" class=\"elementor elementor-1233\">\n\t\t\t\t\t\t<section class=\"elementor-section elementor-top-section elementor-element elementor-element-f145e17 elementor-section-boxed elementor-section-height-default elementor-section-height-default\" data-id=\"f145e17\" data-element_type=\"section\" data-e-type=\"section\">\n\t\t\t\t\t\t<div class=\"elementor-container elementor-column-gap-default\">\n\t\t\t\t\t<div class=\"elementor-column elementor-col-100 elementor-top-column elementor-element elementor-element-af49b55\" data-id=\"af49b55\" data-element_type=\"column\" data-e-type=\"column\">\n\t\t\t<div class=\"elementor-widget-wrap elementor-element-populated\">\n\t\t\t\t\t\t<div class=\"elementor-element elementor-element-cc01631 elementor-widget elementor-widget-text-editor\" data-id=\"cc01631\" data-element_type=\"widget\" data-e-type=\"widget\" data-widget_type=\"text-editor.default\">\n\t\t\t\t<div class=\"elementor-widget-container\">\n\t\t\t\t\t\t\t\t\t<h2 style=\"text-align: center\"><span style=\"color: #808080\">Relat\u00f3rios 2021<\/span><\/h2><p><span style=\"text-decoration: underline;color: #3366ff\"><a style=\"color: #3366ff;text-decoration: underline\" href=\"http:\/\/www2.unifap.br\/ouvidoria\/files\/2024\/11\/I-RELATORIO-SIC-2021.pdf\">I RELAT\u00d3RIO SIC 2021<\/a><\/span><\/p><p><span style=\"text-decoration: underline;color: #3366ff\"><a style=\"color: #3366ff;text-decoration: underline\" href=\"http:\/\/www2.unifap.br\/ouvidoria\/files\/2024\/11\/II-RELATORIO-SIC-2021.pdf\">II RELAT\u00d3RIO SIC 2021<\/a><\/span><\/p>\t\t\t\t\t\t\t\t<\/div>\n\t\t\t\t<\/div>\n\t\t\t\t\t<\/div>\n\t\t<\/div>\n\t\t\t\t\t<\/div>\n\t\t<\/section>\n\t\t\t\t<\/div>\n\t\t","protected":false},"excerpt":{"rendered":"<p>Relat\u00f3rios 2021 I RELAT\u00d3RIO SIC 2021 II RELAT\u00d3RIO SIC 2021<\/p>\n","protected":false},"author":3861,"featured_media":0,"parent":0,"menu_order":0,"comment_status":"closed","ping_status":"closed","template":"","meta":{"inline_featured_image":false,"site-sidebar-layout":"no-sidebar","site-content-layout":"page-builder","ast-site-content-layout":"full-width-container","site-content-style":"unboxed","site-sidebar-style":"unboxed","ast-global-header-display":"","ast-banner-title-visibility":"","ast-main-header-display":"","ast-hfb-above-header-display":"","ast-hfb-below-header-display":"","ast-hfb-mobile-header-display":"","site-post-title":"disabled","ast-breadcrumbs-content":"","ast-featured-img":"disabled","footer-sml-layout":"","theme-transparent-header-meta":"default","adv-header-id-meta":"","stick-header-meta":"","header-above-stick-meta":"","header-main-stick-meta":"","header-below-stick-meta":"","astra-migrate-meta-layouts":"set","ast-page-background-enabled":"default","ast-page-background-meta":{"desktop":{"background-color":"var(--ast-global-color-4)","background-image":"","background-repeat":"repeat","background-position":"center center","background-size":"auto","background-attachment":"scroll","background-type":"","background-media":"","overlay-type":"","overlay-color":"","overlay-opacity":"","overlay-gradient":""},"tablet":{"background-color":"","background-image":"","background-repeat":"repeat","background-position":"center center","background-size":"auto","background-attachment":"scroll","background-type":"","background-media":"","overlay-type":"","overlay-color":"","overlay-opacity":"","overlay-gradient":""},"mobile":{"background-color":"","background-image":"","background-repeat":"repeat","background-position":"center center","background-size":"auto","background-attachment":"scroll","background-type":"","background-media":"","overlay-type":"","overlay-color":"","overlay-opacity":"","overlay-gradient":""}},"ast-content-background-meta":{"desktop":{"background-color":"var(--ast-global-color-5)","background-image":"","background-repeat":"repeat","background-position":"center center","background-size":"auto","background-attachment":"scroll","background-type":"","background-media":"","overlay-type":"","overlay-color":"","overlay-opacity":"","overlay-gradient":""},"tablet":{"background-color":"var(--ast-global-color-5)","background-image":"","background-repeat":"repeat","background-position":"center center","background-size":"auto","background-attachment":"scroll","background-type":"","background-media":"","overlay-type":"","overlay-color":"","overlay-opacity":"","overlay-gradient":""},"mobile":{"background-color":"var(--ast-global-color-5)","background-image":"","background-repeat":"repeat","background-position":"center center","background-size":"auto","background-attachment":"scroll","background-type":"","background-media":"","overlay-type":"","overlay-color":"","overlay-opacity":"","overlay-gradient":""}},"ngg_post_thumbnail":0,"footnotes":""},"class_list":["post-1233","page","type-page","status-publish","hentry"],"_links":{"self":[{"href":"https:\/\/www2.unifap.br\/ouvidoria\/wp-json\/wp\/v2\/pages\/1233","targetHints":{"allow":["GET"]}}],"collection":[{"href":"https:\/\/www2.unifap.br\/ouvidoria\/wp-json\/wp\/v2\/pages"}],"about":[{"href":"https:\/\/www2.unifap.br\/ouvidoria\/wp-json\/wp\/v2\/types\/page"}],"author":[{"embeddable":true,"href":"https:\/\/www2.unifap.br\/ouvidoria\/wp-json\/wp\/v2\/users\/3861"}],"replies":[{"embeddable":true,"href":"https:\/\/www2.unifap.br\/ouvidoria\/wp-json\/wp\/v2\/comments?post=1233"}],"version-history":[{"count":13,"href":"https:\/\/www2.unifap.br\/ouvidoria\/wp-json\/wp\/v2\/pages\/1233\/revisions"}],"predecessor-version":[{"id":1302,"href":"https:\/\/www2.unifap.br\/ouvidoria\/wp-json\/wp\/v2\/pages\/1233\/revisions\/1302"}],"wp:attachment":[{"href":"https:\/\/www2.unifap.br\/ouvidoria\/wp-json\/wp\/v2\/media?parent=1233"}],"curies":[{"name":"wp","href":"https:\/\/api.w.org\/{rel}","templated":true}]}}