{"id":283,"date":"2020-02-13T14:38:48","date_gmt":"2020-02-13T14:38:48","guid":{"rendered":"http:\/\/www2.unifap.br\/ouvidoria\/?page_id=283"},"modified":"2020-11-06T14:50:09","modified_gmt":"2020-11-06T14:50:09","slug":"papel-institucional-da-ouvidoria","status":"publish","type":"page","link":"https:\/\/www2.unifap.br\/ouvidoria\/sobre-a-ouvidoria\/papel-institucional-da-ouvidoria\/","title":{"rendered":"Papel Institucional da Ouvidoria"},"content":{"rendered":"<h3>&nbsp;<\/h3>\n<p style=\"text-align: left\"><span style=\"color: #000000\">Atuar na interlocu\u00e7\u00e3o entre a UNIFAP e os usu\u00e1rios internos e externos dos servi\u00e7os p\u00fablicos prestados, de modo a promover a efetiva participa\u00e7\u00e3o social e o controle da Administra\u00e7\u00e3o P\u00fablica, por meio de seus procedimentos internos de tratamentos das informa\u00e7\u00f5es e assim, contribuir para o desenvolvimento de pol\u00edticas institucionais que visem a adequada presta\u00e7\u00e3o dos servi\u00e7os, a boa rela\u00e7\u00e3o social e o aperfei\u00e7oamento da gest\u00e3o de processos e de pessoas da Institui\u00e7\u00e3o.<\/span><\/p>\n<p><a href=\"http:\/\/www2.unifap.br\/ouvidoria\/files\/2020\/02\/p\u00e1gina-do-papel-institucional.png\"><img fetchpriority=\"high\" decoding=\"async\" class=\" wp-image-489 aligncenter\" src=\"http:\/\/www2.unifap.br\/ouvidoria\/files\/2020\/02\/p\u00e1gina-do-papel-institucional-300x232.png\" alt=\"\" width=\"383\" height=\"296\" srcset=\"https:\/\/www2.unifap.br\/ouvidoria\/files\/2020\/02\/p\u00e1gina-do-papel-institucional-300x232.png 300w, https:\/\/www2.unifap.br\/ouvidoria\/files\/2020\/02\/p\u00e1gina-do-papel-institucional.png 570w\" sizes=\"(max-width: 383px) 100vw, 383px\" \/><\/a><\/p>\n","protected":false},"excerpt":{"rendered":"<p>&nbsp; Atuar na interlocu\u00e7\u00e3o entre a UNIFAP e os usu\u00e1rios internos e externos dos servi\u00e7os p\u00fablicos prestados, de modo a promover a efetiva participa\u00e7\u00e3o social e o controle da Administra\u00e7\u00e3o P\u00fablica, por meio de seus procedimentos internos de tratamentos das informa\u00e7\u00f5es e assim, contribuir para o desenvolvimento de pol\u00edticas institucionais que visem a adequada presta\u00e7\u00e3o&#8230;<\/p>\n","protected":false},"author":3861,"featured_media":0,"parent":271,"menu_order":0,"comment_status":"closed","ping_status":"closed","template":"","meta":{"inline_featured_image":false,"site-sidebar-layout":"default","site-content-layout":"","ast-site-content-layout":"default","site-content-style":"default","site-sidebar-style":"default","ast-global-header-display":"","ast-banner-title-visibility":"","ast-main-header-display":"","ast-hfb-above-header-display":"","ast-hfb-below-header-display":"","ast-hfb-mobile-header-display":"","site-post-title":"","ast-breadcrumbs-content":"","ast-featured-img":"","footer-sml-layout":"","theme-transparent-header-meta":"","adv-header-id-meta":"","stick-header-meta":"","header-above-stick-meta":"","header-main-stick-meta":"","header-below-stick-meta":"","astra-migrate-meta-layouts":"default","ast-page-background-enabled":"default","ast-page-background-meta":{"desktop":{"background-color":"var(--ast-global-color-4)","background-image":"","background-repeat":"repeat","background-position":"center center","background-size":"auto","background-attachment":"scroll","background-type":"","background-media":"","overlay-type":"","overlay-color":"","overlay-opacity":"","overlay-gradient":""},"tablet":{"background-color":"","background-image":"","background-repeat":"repeat","background-position":"center center","background-size":"auto","background-attachment":"scroll","background-type":"","background-media":"","overlay-type":"","overlay-color":"","overlay-opacity":"","overlay-gradient":""},"mobile":{"background-color":"","background-image":"","background-repeat":"repeat","background-position":"center center","background-size":"auto","background-attachment":"scroll","background-type":"","background-media":"","overlay-type":"","overlay-color":"","overlay-opacity":"","overlay-gradient":""}},"ast-content-background-meta":{"desktop":{"background-color":"var(--ast-global-color-5)","background-image":"","background-repeat":"repeat","background-position":"center center","background-size":"auto","background-attachment":"scroll","background-type":"","background-media":"","overlay-type":"","overlay-color":"","overlay-opacity":"","overlay-gradient":""},"tablet":{"background-color":"var(--ast-global-color-5)","background-image":"","background-repeat":"repeat","background-position":"center center","background-size":"auto","background-attachment":"scroll","background-type":"","background-media":"","overlay-type":"","overlay-color":"","overlay-opacity":"","overlay-gradient":""},"mobile":{"background-color":"var(--ast-global-color-5)","background-image":"","background-repeat":"repeat","background-position":"center center","background-size":"auto","background-attachment":"scroll","background-type":"","background-media":"","overlay-type":"","overlay-color":"","overlay-opacity":"","overlay-gradient":""}},"ngg_post_thumbnail":0,"footnotes":""},"class_list":["post-283","page","type-page","status-publish","hentry"],"_links":{"self":[{"href":"https:\/\/www2.unifap.br\/ouvidoria\/wp-json\/wp\/v2\/pages\/283","targetHints":{"allow":["GET"]}}],"collection":[{"href":"https:\/\/www2.unifap.br\/ouvidoria\/wp-json\/wp\/v2\/pages"}],"about":[{"href":"https:\/\/www2.unifap.br\/ouvidoria\/wp-json\/wp\/v2\/types\/page"}],"author":[{"embeddable":true,"href":"https:\/\/www2.unifap.br\/ouvidoria\/wp-json\/wp\/v2\/users\/3861"}],"replies":[{"embeddable":true,"href":"https:\/\/www2.unifap.br\/ouvidoria\/wp-json\/wp\/v2\/comments?post=283"}],"version-history":[{"count":11,"href":"https:\/\/www2.unifap.br\/ouvidoria\/wp-json\/wp\/v2\/pages\/283\/revisions"}],"predecessor-version":[{"id":679,"href":"https:\/\/www2.unifap.br\/ouvidoria\/wp-json\/wp\/v2\/pages\/283\/revisions\/679"}],"up":[{"embeddable":true,"href":"https:\/\/www2.unifap.br\/ouvidoria\/wp-json\/wp\/v2\/pages\/271"}],"wp:attachment":[{"href":"https:\/\/www2.unifap.br\/ouvidoria\/wp-json\/wp\/v2\/media?parent=283"}],"curies":[{"name":"wp","href":"https:\/\/api.w.org\/{rel}","templated":true}]}}